{"id":2257,"date":"2023-11-15T08:38:20","date_gmt":"2023-11-15T08:38:20","guid":{"rendered":"https:\/\/canbebe.com\/home\/"},"modified":"2024-06-11T07:22:21","modified_gmt":"2024-06-11T07:22:21","slug":"home","status":"publish","type":"page","link":"https:\/\/canbebe.com\/ru\/","title":{"rendered":"\u0413\u043b\u0430\u0432\u043d\u0430\u044f \u0441\u0442\u0440\u0430\u043d\u0438\u0446\u0430"},"content":{"rendered":"<div class=\"wpb-content-wrapper\"><p>[vc_row row_height_percent=&#187;0&#8243; back_image=&#187;1298&#8243; overlay_alpha=&#187;50&#8243; gutter_size=&#187;3&#8243; column_width_percent=&#187;100&#8243; shift_y=&#187;0&#8243; z_index=&#187;0&#8243; auto_height_device=&#187;yes&#187; uncode_shortcode_id=&#187;123714&#8243; row_height_pixel=&#187;600&#8243; el_class=&#187;header-home header-white-mobile&#187;][vc_column column_width_use_pixel=&#187;yes&#187; position_horizontal=&#187;left&#187; position_vertical=&#187;middle&#187; gutter_size=&#187;2&#8243; overlay_alpha=&#187;50&#8243; shift_x=&#187;0&#8243; shift_y=&#187;0&#8243; shift_y_down=&#187;0&#8243; z_index=&#187;0&#8243; medium_width=&#187;0&#8243; mobile_width=&#187;0&#8243; width=&#187;1\/1&#8243; uncode_shortcode_id=&#187;838722&#8243; column_width_pixel=&#187;680&#8243; mobile_height=&#187;500&#8243;][vc_custom_heading heading_semantic=&#187;h1&#8243; text_size=&#187;&#187; uncode_shortcode_id=&#187;170484&#8243; subheading=&#187;\u041c\u043b\u0430\u0434\u0435\u043d\u0446\u044b, \u043a\u043e\u0442\u043e\u0440\u044b\u0435 \u043f\u043e\u043b\u044c\u0437\u0443\u044e\u0442\u0441\u044f \u043f\u0440\u043e\u0434\u0443\u043a\u0446\u0438\u0435\u0439 Canbebe, \u043d\u0430\u0445\u043e\u0434\u044f\u0442\u0441\u044f \u0432 \u0445\u043e\u0440\u043e\u0448\u0435\u043c \u043d\u0430\u0441\u0442\u0440\u043e\u0435\u043d\u0438\u0438! Canbebe \u0431\u0435\u0440\u0435\u0436\u043d\u043e \u043e\u0442\u043d\u043e\u0441\u0438\u0442\u0441\u044f \u043a \u043a\u043e\u0436\u0435 \u043c\u0430\u043b\u044b\u0448\u0430 \u0431\u043b\u0430\u0433\u043e\u0434\u0430\u0440\u044f \u0444\u043e\u0440\u043c\u0443\u043b\u0435 \u0431\u0435\u0437 \u0431\u0438\u0441\u0444\u0435\u043d\u043e\u043b\u0430, \u043f\u0430\u0440\u0430\u0431\u0435\u043d\u043e\u0432 \u0438 \u043e\u0442\u0434\u0443\u0448\u0435\u043a!&#187; el_class=&#187;no-mobile-scale&#187;]<strong>Canbebe<\/strong> \u0441 \u0432\u0430\u043c\u0438 \u0432 \u043b\u044e\u0431\u043e\u0439 \u0441\u0438\u0442\u0443\u0430\u0446\u0438\u0438![\/vc_custom_heading][vc_button border_width=&#187;0&#8243; scale_mobile=&#187;no&#187; link=&#187;url:https%3A%2F%2Fcanbebe.com%2Fru%2Furunler%2F|title:%C3%BCr%C3%BCnleri|&#187; uncode_shortcode_id=&#187;104578&#8243;]\u041f\u0440\u043e\u0441\u043c\u043e\u0442\u0440\u0435\u0442\u044c \u0432\u0441\u0435 \u043f\u0440\u043e\u0434\u0443\u043a\u0442\u044b[\/vc_button][\/vc_column][\/vc_row][vc_row row_height_percent=&#187;0&#8243; override_padding=&#187;yes&#187; h_padding=&#187;2&#8243; top_padding=&#187;3&#8243; bottom_padding=&#187;1&#8243; overlay_alpha=&#187;50&#8243; gutter_size=&#187;3&#8243; column_width_percent=&#187;100&#8243; shift_y=&#187;0&#8243; z_index=&#187;0&#8243; uncode_shortcode_id=&#187;910775&#8243;][vc_column column_width_use_pixel=&#187;yes&#187; align_horizontal=&#187;align_center&#187; gutter_size=&#187;3&#8243; overlay_alpha=&#187;50&#8243; shift_x=&#187;0&#8243; shift_y=&#187;0&#8243; shift_y_down=&#187;0&#8243; z_index=&#187;0&#8243; medium_width=&#187;0&#8243; mobile_width=&#187;0&#8243; width=&#187;1\/1&#8243; uncode_shortcode_id=&#187;403323&#8243; column_width_pixel=&#187;900&#8243;][vc_custom_heading uncode_shortcode_id=&#187;133717&#8243; subheading=&#187;Canbebe, \u0447\u0442\u043e\u0431\u044b \u0441\u043e\u043d \u0432\u0430\u0448\u0435\u0433\u043e \u043c\u043b\u0430\u0434\u0435\u043d\u0446\u0430 \u043d\u0435 \u043f\u0440\u0435\u0440\u044b\u0432\u0430\u043b\u0441\u044f! \u041a\u043e\u043c\u0444\u043e\u0440\u0442 \u0438 \u0441\u0443\u0445\u043e\u0441\u0442\u044c \u043d\u0430 \u0432\u0435\u0441\u044c \u0434\u0435\u043d\u044c \u043e\u0442 Canbebe!&#187;]\u041e\u0437\u043d\u0430\u043a\u043e\u043c\u044c\u0442\u0435\u0441\u044c \u0441 \u043d\u0430\u0448\u0438\u043c\u0438 <em>\u043f\u0440\u043e\u0434\u0443\u043a\u0442\u0430\u043c\u0438<\/em>[\/vc_custom_heading][\/vc_column][\/vc_row][vc_row row_height_percent=&#187;0&#8243; override_padding=&#187;yes&#187; h_padding=&#187;2&#8243; top_padding=&#187;2&#8243; bottom_padding=&#187;4&#8243; overlay_alpha=&#187;50&#8243; equal_height=&#187;yes&#187; gutter_size=&#187;4&#8243; column_width_percent=&#187;100&#8243; shift_y=&#187;0&#8243; z_index=&#187;0&#8243; uncode_shortcode_id=&#187;123826&#8243;][vc_column column_width_percent=&#187;100&#8243; align_horizontal=&#187;align_center&#187; gutter_size=&#187;2&#8243; overlay_alpha=&#187;50&#8243; shift_x=&#187;0&#8243; shift_y=&#187;0&#8243; shift_y_down=&#187;0&#8243; z_index=&#187;0&#8243; medium_width=&#187;0&#8243; mobile_width=&#187;0&#8243; radius=&#187;lg&#187; width=&#187;1\/2&#8243; uncode_shortcode_id=&#187;130783&#8243; back_color_type=&#187;uncode-solid&#187; back_color_solid=&#187;#f5f0f8&#8243;][vc_single_image media=&#187;594&#8243; media_width_percent=&#187;100&#8243; alignment=&#187;center&#187; uncode_shortcode_id=&#187;514216&#8243;][vc_custom_heading heading_semantic=&#187;h3&#8243; text_size=&#187;&#187; sub_reduced=&#187;yes&#187; uncode_shortcode_id=&#187;959861&#8243; subheading=&#187;\u0414\u0435\u043b\u0438\u043a\u0430\u0442\u043d\u044b\u0439 \u0443\u0445\u043e\u0434 \u0434\u043b\u044f \u0432\u0430\u0448\u0435\u0433\u043e \u043c\u0430\u043b\u044b\u0448\u0430 \u043e\u0442 Canbebe!&#187;]\u041f\u043e\u0434\u0433\u0443\u0437\u043d\u0438\u043a\u0438[\/vc_custom_heading][vc_button border_width=&#187;0&#8243; scale_mobile=&#187;no&#187; link=&#187;url:https%3A%2F%2Fcanbebe.com%2Furunler%2Fcanbebe-yenidogan%2F|title:Yeti%C5%9Fkin%20%C3%9Cr%C3%BCnleri|&#187; uncode_shortcode_id=&#187;194434&#8243;]\u041f\u043e\u0441\u043c\u043e\u0442\u0440\u0435\u0442\u044c \u0432\u0441\u0435 \u043f\u043e\u0434\u0433\u0443\u0437\u043d\u0438\u043a\u0438[\/vc_button][\/vc_column][vc_column column_width_percent=&#187;100&#8243; align_horizontal=&#187;align_center&#187; gutter_size=&#187;2&#8243; back_color=&#187;color-133398&#8243; overlay_alpha=&#187;50&#8243; shift_x=&#187;0&#8243; shift_y=&#187;0&#8243; shift_y_down=&#187;0&#8243; z_index=&#187;0&#8243; medium_width=&#187;0&#8243; mobile_width=&#187;0&#8243; radius=&#187;lg&#187; width=&#187;1\/2&#8243; uncode_shortcode_id=&#187;175763&#8243; back_color_type=&#187;uncode-palette&#187;][vc_single_image media=&#187;595&#8243; media_width_percent=&#187;100&#8243; alignment=&#187;center&#187; uncode_shortcode_id=&#187;489397&#8243;][vc_custom_heading heading_semantic=&#187;h3&#8243; text_size=&#187;&#187; sub_reduced=&#187;yes&#187; uncode_shortcode_id=&#187;143788&#8243; subheading=&#187;\u0421 \u043f\u043e\u043c\u043e\u0449\u044c\u044e \u041f\u0435\u043b\u0435\u043d\u043a\u0438 Canbebe \u0441\u043e\u0437\u0434\u0430\u0439\u0442\u0435 \u043d\u0430\u0434\u0435\u0436\u043d\u043e\u0435 \u043c\u0435\u0441\u0442\u043e \u0434\u043b\u044f \u0432\u0430\u0448\u0435\u0433\u043e \u043c\u043b\u0430\u0434\u0435\u043d\u0446\u0430, \u0433\u0434\u0435 \u0431\u044b \u0432\u044b \u043d\u0438 \u043d\u0430\u0445\u043e\u0434\u0438\u043b\u0438\u0441\u044c. \u0411\u043b\u0430\u0433\u043e\u0434\u0430\u0440\u044f \u0448\u0438\u0440\u043e\u043a\u043e\u043c\u0443 \u0432\u043f\u0438\u0442\u044b\u0432\u0430\u044e\u0449\u0435\u043c\u0443 \u0441\u043b\u043e\u044e.&#187;]\u041f\u0435\u043b\u0435\u043d\u043a\u0438 \u0434\u043b\u044f \u0443\u0445\u043e\u0434\u0430 \u0437\u0430 \u0440\u0435\u0431\u0435\u043d\u043a\u043e\u043c[\/vc_custom_heading][vc_button border_width=&#187;0&#8243; scale_mobile=&#187;no&#187; link=&#187;url:https%3A%2F%2Fcanbebe.com%2Furunler%2Fcanbebe-bakim-ortusu%2F|title:Yeti%C5%9Fkin%20%C3%9Cr%C3%BCnleri|&#187; uncode_shortcode_id=&#187;911644&#8243;]\u041f\u043e\u0441\u043c\u043e\u0442\u0440\u0435\u0442\u044c \u0432\u0441\u0435 \u043d\u0430\u0448\u0438 \u043f\u0440\u043e\u0434\u0443\u043a\u0442\u044b \u0441\u0440\u0435\u0434\u0441\u0442\u0432\u0430 \u043f\u043e \u0443\u0445\u043e\u0434\u0443[\/vc_button][\/vc_column][\/vc_row][vc_row row_height_percent=&#187;0&#8243; override_padding=&#187;yes&#187; h_padding=&#187;2&#8243; top_padding=&#187;3&#8243; bottom_padding=&#187;3&#8243; back_color=&#187;color-180545&#8243; overlay_alpha=&#187;50&#8243; gutter_size=&#187;3&#8243; column_width_percent=&#187;100&#8243; shift_y=&#187;0&#8243; z_index=&#187;0&#8243; uncode_shortcode_id=&#187;683365&#8243; back_color_type=&#187;uncode-palette&#187;][vc_column column_width_percent=&#187;100&#8243; align_horizontal=&#187;align_center&#187; gutter_size=&#187;4&#8243; overlay_alpha=&#187;50&#8243; shift_x=&#187;0&#8243; shift_y=&#187;0&#8243; shift_y_down=&#187;0&#8243; z_index=&#187;0&#8243; medium_width=&#187;0&#8243; mobile_width=&#187;0&#8243; width=&#187;1\/1&#8243; uncode_shortcode_id=&#187;727126&#8243;][vc_custom_heading uncode_shortcode_id=&#187;195633&#8243;]\u0423\u0445\u043e\u0434 \u0437\u0430 \u043c\u043b\u0430\u0434\u0435\u043d\u0446\u0435\u043c[\/vc_custom_heading][uncode_index el_id=&#187;index-104671&#8243; index_type=&#187;css_grid&#187; loop=&#187;size:2|order_by:date|post_type:post|taxonomy_count:10&#8243; grid_items=&#187;2&#8243; screen_lg_items=&#187;2&#8243; screen_lg_breakpoint=&#187;1000&#8243; screen_md_items=&#187;1&#8243; screen_md_breakpoint=&#187;650&#8243; screen_sm_items=&#187;1&#8243; screen_sm_breakpoint=&#187;360&#8243; gutter_size=&#187;3&#8243; post_items=&#187;media|featured|onpost|original,title,category|nobg|relative|display-icon,extra,text|full|180&#8243; css_grid_images_size=&#187;twentyone-nine&#187; single_back_color=&#187;color-xsdn&#187; single_shape=&#187;round&#187; single_overlay_opacity=&#187;50&#8243; single_padding=&#187;2&#8243; single_title_dimension=&#187;h3&#8243; single_title_weight=&#187;800&#8243; single_shadow=&#187;yes&#187; shadow_weight=&#187;sm&#187; uncode_shortcode_id=&#187;361152&#8243;][vc_button button_color=&#187;color-210407&#8243; hover_fx=&#187;full-colored&#187; outline=&#187;yes&#187; border_width=&#187;0&#8243; scale_mobile=&#187;no&#187; link=&#187;url:https%3A%2F%2Fcanbebe.com%2Fru%2Fblog%2F|title:Blog|&#187; uncode_shortcode_id=&#187;673865&#8243; button_color_type=&#187;uncode-palette&#187; el_class=&#187;cta-bg-white&#187;]\u0427\u0438\u0442\u0430\u0442\u044c \u0432\u0441\u0435 \u043d\u0430\u0448\u0438 \u0441\u0442\u0430\u0442\u044c\u0438[\/vc_button][\/vc_column][\/vc_row][vc_row][vc_column width=&#187;1\/1&#8243;][uncode_block id=&#187;597&#8243;][\/vc_column][\/vc_row][vc_row][vc_column width=&#187;1\/1&#8243;][uncode_block id=&#187;1306&#8243;][\/vc_column][\/vc_row][vc_row][vc_column width=&#187;1\/1&#8243;][uncode_block id=&#187;601&#8243;][\/vc_column][\/vc_row]<\/p>\n<\/div>","protected":false},"excerpt":{"rendered":"<p>[vc_row row_height_percent=&#187;0&#8243; back_image=&#187;1298&#8243; overlay_alpha=&#187;50&#8243; gutter_size=&#187;3&#8243; column_width_percent=&#187;100&#8243; shift_y=&#187;0&#8243; z_index=&#187;0&#8243; auto_height_device=&#187;yes&#187; uncode_shortcode_id=&#187;123714&#8243; row_height_pixel=&#187;600&#8243; el_class=&#187;header-home header-white-mobile&#187;][vc_column column_width_use_pixel=&#187;yes&#187; position_horizontal=&#187;left&#187; position_vertical=&#187;middle&#187; gutter_size=&#187;2&#8243; overlay_alpha=&#187;50&#8243; shift_x=&#187;0&#8243; shift_y=&#187;0&#8243; [&hellip;]<\/p>\n","protected":false},"author":2,"featured_media":1387,"parent":0,"menu_order":0,"comment_status":"closed","ping_status":"closed","template":"","meta":{"_monsterinsights_skip_tracking":false,"_monsterinsights_sitenote_active":false,"_monsterinsights_sitenote_note":"","_monsterinsights_sitenote_category":0,"footnotes":""},"class_list":["post-2257","page","type-page","status-publish","has-post-thumbnail","hentry"],"yoast_head":"<!-- This site is optimized with the Yoast SEO plugin v27.4 - https:\/\/yoast.com\/product\/yoast-seo-wordpress\/ -->\n<title>Her durumda Canbebe Yan\u0131n\u0131zda! - Canbebe<\/title>\n<meta name=\"description\" content=\"Canbebe kullanan bebeklerin keyfi yerinde! Canbebe, BPA, Paraben ve Parf\u00fcm i\u00e7ermeyen form\u00fcl\u00fc ile bebe\u011finizin cildine dost!\" \/>\n<meta name=\"robots\" content=\"index, follow, max-snippet:-1, max-image-preview:large, max-video-preview:-1\" \/>\n<link rel=\"canonical\" href=\"https:\/\/canbebe.com\/ru\/\" \/>\n<meta property=\"og:locale\" content=\"ru_RU\" \/>\n<meta property=\"og:type\" content=\"article\" \/>\n<meta property=\"og:title\" content=\"Her durumda Canbebe Yan\u0131n\u0131zda! - Canbebe\" \/>\n<meta property=\"og:description\" content=\"Canbebe kullanan bebeklerin keyfi yerinde! Canbebe, BPA, Paraben ve Parf\u00fcm i\u00e7ermeyen form\u00fcl\u00fc ile bebe\u011finizin cildine dost!\" \/>\n<meta property=\"og:url\" content=\"https:\/\/canbebe.com\/ru\/\" \/>\n<meta property=\"og:site_name\" content=\"Canbebe\" \/>\n<meta property=\"article:modified_time\" content=\"2024-06-11T07:22:21+00:00\" \/>\n<meta property=\"og:image\" content=\"https:\/\/canbebe.com\/wp-content\/uploads\/2023\/11\/HERO-scaled.jpg\" \/>\n\t<meta property=\"og:image:width\" content=\"2560\" \/>\n\t<meta property=\"og:image:height\" content=\"1067\" \/>\n\t<meta property=\"og:image:type\" content=\"image\/jpeg\" \/>\n<meta name=\"twitter:card\" content=\"summary_large_image\" \/>\n<meta name=\"twitter:label1\" content=\"\u041f\u0440\u0438\u043c\u0435\u0440\u043d\u043e\u0435 \u0432\u0440\u0435\u043c\u044f \u0434\u043b\u044f \u0447\u0442\u0435\u043d\u0438\u044f\" \/>\n\t<meta name=\"twitter:data1\" content=\"2 \u043c\u0438\u043d\u0443\u0442\u044b\" \/>\n<script type=\"application\/ld+json\" class=\"yoast-schema-graph\">{\"@context\":\"https:\\\/\\\/schema.org\",\"@graph\":[{\"@type\":\"WebPage\",\"@id\":\"https:\\\/\\\/canbebe.com\\\/ru\\\/\",\"url\":\"https:\\\/\\\/canbebe.com\\\/ru\\\/\",\"name\":\"Her durumda Canbebe Yan\u0131n\u0131zda! - Canbebe\",\"isPartOf\":{\"@id\":\"https:\\\/\\\/canbebe.com\\\/ru\\\/#website\"},\"primaryImageOfPage\":{\"@id\":\"https:\\\/\\\/canbebe.com\\\/ru\\\/#primaryimage\"},\"image\":{\"@id\":\"https:\\\/\\\/canbebe.com\\\/ru\\\/#primaryimage\"},\"thumbnailUrl\":\"https:\\\/\\\/canbebe.com\\\/wp-content\\\/uploads\\\/2023\\\/11\\\/HERO-scaled.jpg\",\"datePublished\":\"2023-11-15T08:38:20+00:00\",\"dateModified\":\"2024-06-11T07:22:21+00:00\",\"description\":\"Canbebe kullanan bebeklerin keyfi yerinde! Canbebe, BPA, Paraben ve Parf\u00fcm i\u00e7ermeyen form\u00fcl\u00fc ile bebe\u011finizin cildine dost!\",\"breadcrumb\":{\"@id\":\"https:\\\/\\\/canbebe.com\\\/ru\\\/#breadcrumb\"},\"inLanguage\":\"ru-RU\",\"potentialAction\":[{\"@type\":\"ReadAction\",\"target\":[\"https:\\\/\\\/canbebe.com\\\/ru\\\/\"]}]},{\"@type\":\"ImageObject\",\"inLanguage\":\"ru-RU\",\"@id\":\"https:\\\/\\\/canbebe.com\\\/ru\\\/#primaryimage\",\"url\":\"https:\\\/\\\/canbebe.com\\\/wp-content\\\/uploads\\\/2023\\\/11\\\/HERO-scaled.jpg\",\"contentUrl\":\"https:\\\/\\\/canbebe.com\\\/wp-content\\\/uploads\\\/2023\\\/11\\\/HERO-scaled.jpg\",\"width\":2560,\"height\":1067},{\"@type\":\"BreadcrumbList\",\"@id\":\"https:\\\/\\\/canbebe.com\\\/ru\\\/#breadcrumb\",\"itemListElement\":[{\"@type\":\"ListItem\",\"position\":1,\"name\":\"Accueil\",\"item\":\"https:\\\/\\\/canbebe.com\\\/ru\\\/\"},{\"@type\":\"ListItem\",\"position\":2,\"name\":\"\u0413\u043b\u0430\u0432\u043d\u0430\u044f \u0441\u0442\u0440\u0430\u043d\u0438\u0446\u0430\"}]},{\"@type\":\"WebSite\",\"@id\":\"https:\\\/\\\/canbebe.com\\\/ru\\\/#website\",\"url\":\"https:\\\/\\\/canbebe.com\\\/ru\\\/\",\"name\":\"Canbebe\",\"description\":\"Canbebe\",\"publisher\":{\"@id\":\"https:\\\/\\\/canbebe.com\\\/ru\\\/#organization\"},\"potentialAction\":[{\"@type\":\"SearchAction\",\"target\":{\"@type\":\"EntryPoint\",\"urlTemplate\":\"https:\\\/\\\/canbebe.com\\\/ru\\\/?s={search_term_string}\"},\"query-input\":{\"@type\":\"PropertyValueSpecification\",\"valueRequired\":true,\"valueName\":\"search_term_string\"}}],\"inLanguage\":\"ru-RU\"},{\"@type\":\"Organization\",\"@id\":\"https:\\\/\\\/canbebe.com\\\/ru\\\/#organization\",\"name\":\"Canbebe\",\"url\":\"https:\\\/\\\/canbebe.com\\\/ru\\\/\",\"logo\":{\"@type\":\"ImageObject\",\"inLanguage\":\"ru-RU\",\"@id\":\"https:\\\/\\\/canbebe.com\\\/ru\\\/#\\\/schema\\\/logo\\\/image\\\/\",\"url\":\"https:\\\/\\\/canbebe.com\\\/wp-content\\\/uploads\\\/2023\\\/11\\\/logo-canbebe.png\",\"contentUrl\":\"https:\\\/\\\/canbebe.com\\\/wp-content\\\/uploads\\\/2023\\\/11\\\/logo-canbebe.png\",\"width\":398,\"height\":84,\"caption\":\"Canbebe\"},\"image\":{\"@id\":\"https:\\\/\\\/canbebe.com\\\/ru\\\/#\\\/schema\\\/logo\\\/image\\\/\"}}]}<\/script>\n<!-- \/ Yoast SEO plugin. -->","yoast_head_json":{"title":"Her durumda Canbebe Yan\u0131n\u0131zda! - Canbebe","description":"Canbebe kullanan bebeklerin keyfi yerinde! Canbebe, BPA, Paraben ve Parf\u00fcm i\u00e7ermeyen form\u00fcl\u00fc ile bebe\u011finizin cildine dost!","robots":{"index":"index","follow":"follow","max-snippet":"max-snippet:-1","max-image-preview":"max-image-preview:large","max-video-preview":"max-video-preview:-1"},"canonical":"https:\/\/canbebe.com\/ru\/","og_locale":"ru_RU","og_type":"article","og_title":"Her durumda Canbebe Yan\u0131n\u0131zda! - Canbebe","og_description":"Canbebe kullanan bebeklerin keyfi yerinde! Canbebe, BPA, Paraben ve Parf\u00fcm i\u00e7ermeyen form\u00fcl\u00fc ile bebe\u011finizin cildine dost!","og_url":"https:\/\/canbebe.com\/ru\/","og_site_name":"Canbebe","article_modified_time":"2024-06-11T07:22:21+00:00","og_image":[{"width":2560,"height":1067,"url":"https:\/\/canbebe.com\/wp-content\/uploads\/2023\/11\/HERO-scaled.jpg","type":"image\/jpeg"}],"twitter_card":"summary_large_image","twitter_misc":{"\u041f\u0440\u0438\u043c\u0435\u0440\u043d\u043e\u0435 \u0432\u0440\u0435\u043c\u044f \u0434\u043b\u044f \u0447\u0442\u0435\u043d\u0438\u044f":"2 \u043c\u0438\u043d\u0443\u0442\u044b"},"schema":{"@context":"https:\/\/schema.org","@graph":[{"@type":"WebPage","@id":"https:\/\/canbebe.com\/ru\/","url":"https:\/\/canbebe.com\/ru\/","name":"Her durumda Canbebe Yan\u0131n\u0131zda! - Canbebe","isPartOf":{"@id":"https:\/\/canbebe.com\/ru\/#website"},"primaryImageOfPage":{"@id":"https:\/\/canbebe.com\/ru\/#primaryimage"},"image":{"@id":"https:\/\/canbebe.com\/ru\/#primaryimage"},"thumbnailUrl":"https:\/\/canbebe.com\/wp-content\/uploads\/2023\/11\/HERO-scaled.jpg","datePublished":"2023-11-15T08:38:20+00:00","dateModified":"2024-06-11T07:22:21+00:00","description":"Canbebe kullanan bebeklerin keyfi yerinde! Canbebe, BPA, Paraben ve Parf\u00fcm i\u00e7ermeyen form\u00fcl\u00fc ile bebe\u011finizin cildine dost!","breadcrumb":{"@id":"https:\/\/canbebe.com\/ru\/#breadcrumb"},"inLanguage":"ru-RU","potentialAction":[{"@type":"ReadAction","target":["https:\/\/canbebe.com\/ru\/"]}]},{"@type":"ImageObject","inLanguage":"ru-RU","@id":"https:\/\/canbebe.com\/ru\/#primaryimage","url":"https:\/\/canbebe.com\/wp-content\/uploads\/2023\/11\/HERO-scaled.jpg","contentUrl":"https:\/\/canbebe.com\/wp-content\/uploads\/2023\/11\/HERO-scaled.jpg","width":2560,"height":1067},{"@type":"BreadcrumbList","@id":"https:\/\/canbebe.com\/ru\/#breadcrumb","itemListElement":[{"@type":"ListItem","position":1,"name":"Accueil","item":"https:\/\/canbebe.com\/ru\/"},{"@type":"ListItem","position":2,"name":"\u0413\u043b\u0430\u0432\u043d\u0430\u044f \u0441\u0442\u0440\u0430\u043d\u0438\u0446\u0430"}]},{"@type":"WebSite","@id":"https:\/\/canbebe.com\/ru\/#website","url":"https:\/\/canbebe.com\/ru\/","name":"Canbebe","description":"Canbebe","publisher":{"@id":"https:\/\/canbebe.com\/ru\/#organization"},"potentialAction":[{"@type":"SearchAction","target":{"@type":"EntryPoint","urlTemplate":"https:\/\/canbebe.com\/ru\/?s={search_term_string}"},"query-input":{"@type":"PropertyValueSpecification","valueRequired":true,"valueName":"search_term_string"}}],"inLanguage":"ru-RU"},{"@type":"Organization","@id":"https:\/\/canbebe.com\/ru\/#organization","name":"Canbebe","url":"https:\/\/canbebe.com\/ru\/","logo":{"@type":"ImageObject","inLanguage":"ru-RU","@id":"https:\/\/canbebe.com\/ru\/#\/schema\/logo\/image\/","url":"https:\/\/canbebe.com\/wp-content\/uploads\/2023\/11\/logo-canbebe.png","contentUrl":"https:\/\/canbebe.com\/wp-content\/uploads\/2023\/11\/logo-canbebe.png","width":398,"height":84,"caption":"Canbebe"},"image":{"@id":"https:\/\/canbebe.com\/ru\/#\/schema\/logo\/image\/"}}]}},"_links":{"self":[{"href":"https:\/\/canbebe.com\/ru\/wp-json\/wp\/v2\/pages\/2257","targetHints":{"allow":["GET"]}}],"collection":[{"href":"https:\/\/canbebe.com\/ru\/wp-json\/wp\/v2\/pages"}],"about":[{"href":"https:\/\/canbebe.com\/ru\/wp-json\/wp\/v2\/types\/page"}],"author":[{"embeddable":true,"href":"https:\/\/canbebe.com\/ru\/wp-json\/wp\/v2\/users\/2"}],"replies":[{"embeddable":true,"href":"https:\/\/canbebe.com\/ru\/wp-json\/wp\/v2\/comments?post=2257"}],"version-history":[{"count":0,"href":"https:\/\/canbebe.com\/ru\/wp-json\/wp\/v2\/pages\/2257\/revisions"}],"wp:featuredmedia":[{"embeddable":true,"href":"https:\/\/canbebe.com\/ru\/wp-json\/wp\/v2\/media\/1387"}],"wp:attachment":[{"href":"https:\/\/canbebe.com\/ru\/wp-json\/wp\/v2\/media?parent=2257"}],"curies":[{"name":"wp","href":"https:\/\/api.w.org\/{rel}","templated":true}]}}