{"id":2597,"date":"2023-11-24T10:57:43","date_gmt":"2023-11-24T10:57:43","guid":{"rendered":"https:\/\/canbebe.com\/?page_id=2597"},"modified":"2024-04-08T14:10:46","modified_gmt":"2024-04-08T14:10:46","slug":"1-ay","status":"publish","type":"page","link":"https:\/\/canbebe.com\/fr\/calendrier-de-grossesse\/1-ay\/","title":{"rendered":"1er mois"},"content":{"rendered":"<div class=\"wpb-content-wrapper\"><p>[vc_row row_height_percent=\u00a0\u00bb0&Prime; override_padding=\u00a0\u00bbyes\u00a0\u00bb h_padding=\u00a0\u00bb2&Prime; top_padding=\u00a0\u00bb2&Prime; bottom_padding=\u00a0\u00bb0&Prime; overlay_alpha=\u00a0\u00bb50&Prime; equal_height=\u00a0\u00bbyes\u00a0\u00bb gutter_size=\u00a0\u00bb2&Prime; column_width_percent=\u00a0\u00bb100&Prime; shift_y=\u00a0\u00bb-3&Prime; z_index=\u00a0\u00bb0&Prime; uncode_shortcode_id=\u00a0\u00bb152492&Prime;][vc_column column_width_percent=\u00a0\u00bb100&Prime; position_vertical=\u00a0\u00bbmiddle\u00a0\u00bb align_horizontal=\u00a0\u00bbalign_center\u00a0\u00bb gutter_size=\u00a0\u00bb3&Prime; overlay_alpha=\u00a0\u00bb50&Prime; shift_x=\u00a0\u00bb0&Prime; shift_y=\u00a0\u00bb0&Prime; shift_y_down=\u00a0\u00bb0&Prime; z_index=\u00a0\u00bb0&Prime; medium_width=\u00a0\u00bb0&Prime; mobile_width=\u00a0\u00bb0&Prime; radius=\u00a0\u00bbsm\u00a0\u00bb width=\u00a0\u00bb5\/12&Prime; uncode_shortcode_id=\u00a0\u00bb100228&Prime; mobile_height=\u00a0\u00bb300&Prime; el_class=\u00a0\u00bbimg-rounded\u00a0\u00bb][\/vc_column][vc_column column_width_use_pixel=\u00a0\u00bbyes\u00a0\u00bb position_horizontal=\u00a0\u00bbright\u00a0\u00bb gutter_size=\u00a0\u00bb2&Prime; overlay_alpha=\u00a0\u00bb50&Prime; shift_x=\u00a0\u00bb0&Prime; shift_y=\u00a0\u00bb-5&Prime; shift_y_down=\u00a0\u00bb-5&Prime; z_index=\u00a0\u00bb0&Prime; medium_width=\u00a0\u00bb0&Prime; mobile_width=\u00a0\u00bb0&Prime; width=\u00a0\u00bb7\/12&Prime; uncode_shortcode_id=\u00a0\u00bb133000&Prime; column_width_pixel=\u00a0\u00bb600&Prime; el_id=\u00a0\u00bbhafta-nav\u00a0\u00bb][vc_custom_heading heading_semantic=\u00a0\u00bbh4&Prime; text_size=\u00a0\u00bb\u00a0\u00bb uncode_shortcode_id=\u00a0\u00bb173097&Prime;]La taille du b\u00e9b\u00e9[\/vc_custom_heading][vc_column_text uncode_shortcode_id=\u00a0\u00bb133641&Prime;]La taille du b\u00e9b\u00e9 est d&rsquo;environ 1.5-3 mm \u00e0 la fin du 1er mois. C&rsquo;est \u00e0 peu pr\u00e8s la taille d&rsquo;une graine de pavot.[\/vc_column_text][\/vc_column][\/vc_row][vc_row][vc_column width=\u00a0\u00bb1\/1&Prime;][vc_custom_heading heading_semantic=\u00a0\u00bbh4&Prime; text_size=\u00a0\u00bb\u00a0\u00bb uncode_shortcode_id=\u00a0\u00bb207776&Prime;]Le D\u00e9but de la Grossesse[\/vc_custom_heading][vc_row_inner limit_content=\u00a0\u00bb\u00a0\u00bb][vc_column_inner width=\u00a0\u00bb5\/12&Prime;][vc_single_image media=\u00a0\u00bb709&Prime; media_width_percent=\u00a0\u00bb100&Prime; uncode_shortcode_id=\u00a0\u00bb113744&Prime;][\/vc_column_inner][vc_column_inner width=\u00a0\u00bb7\/12&Prime;][vc_column_text uncode_shortcode_id=\u00a0\u00bb120918&Prime;]Le 1er mois de grossesse couvre les premiers jours du voyage de votre b\u00e9b\u00e9 dans votre ut\u00e9rus, qui se produit en moyenne 3 semaines apr\u00e8s vos derni\u00e8res r\u00e8gles.<\/p>\n<p>\u00ab\u00a0Les jours o\u00f9 l&rsquo;ovulation se produit chez la femme enceinte (en moyenne, 14-3 \u00e0 14 +3 jours \u00e0 partir de la derni\u00e8re p\u00e9riode menstruelle), une cellule appel\u00e9e zygote se forme par f\u00e9condation du sperme et de l&rsquo;ovule et cette cellule commence \u00e0 se diviser. Le zygote continue de se diviser, formant un groupe de cellules appel\u00e9 blastom\u00e8re. Et en environ trois jours, il progresse en direction de l&rsquo;ut\u00e9rus pour finalement s&rsquo;implanter dans la paroi ut\u00e9rine. Cette cellule, qui se divise en trois couches pour former l&rsquo;ensemble du corps du b\u00e9b\u00e9, commence \u00e0 se transformer en embryon entre la 4e et la 5e semaine. Au d\u00e9but de la 5e semaine, il est maintenant un embryon. Lorsque l&#8217;embryon se forme, les bases des organes de votre b\u00e9b\u00e9 sont d\u00e9j\u00e0 \u00e9tablies.[\/vc_column_text][\/vc_column_inner][\/vc_row_inner][vc_column_text uncode_shortcode_id=\u00a0\u00bb953325&Prime;]L&#8217;emplacement de la moelle \u00e9pini\u00e8re est \u00e9galement d\u00e9cid\u00e9. Les cellules qui se forment \u00e0 l&rsquo;arri\u00e8re de l&#8217;embryon forment le tube neural (moelle \u00e9pini\u00e8re) du b\u00e9b\u00e9. Au sommet de ceux-ci, des tissus qui formeront le cerveau se forment. Les bases du syst\u00e8me digestif ont \u00e9galement \u00e9t\u00e9 pos\u00e9es.<\/p>\n<p>Au cours du premier mois de grossesse, les jumeaux et les tripl\u00e9s se forment en jumeaux\/tripl\u00e9s identiques ou s\u00e9par\u00e9s. Un ovule f\u00e9cond\u00e9 par un spermatozo\u00efde, se divisant ensuite en deux ou trois zygotes, donne naissance \u00e0 des jumeaux ou des tripl\u00e9s monozygotes. La lib\u00e9ration de plusieurs ovules et leur f\u00e9condation s\u00e9par\u00e9e donne naissance \u00e0 des jumeaux ou des tripl\u00e9s dizygotes.[\/vc_column_text][vc_custom_heading heading_semantic=\u00a0\u00bbh4&Prime; text_size=\u00a0\u00bb\u00a0\u00bb uncode_shortcode_id=\u00a0\u00bb157408&Prime;]Formation du sexe du b\u00e9b\u00e9 en 1 mois de grossesse[\/vc_custom_heading][vc_column_text uncode_shortcode_id=\u00a0\u00bb100553&Prime;]Les chromosomes sexuels se divisent en deux groupes, X et Y. Les ovules portent uniquement le chromosome X. Les spermatozo\u00efdes, quant \u00e0 eux, portent un nombre \u00e9gal de chromosomes X et Y. La f\u00e9condation de l&rsquo;ovule par un spermatozo\u00efde portant le chromosome X conduit \u00e0 la formation d&rsquo;un f\u0153tus avec une combinaison XX, c&rsquo;est-\u00e0-dire une fille. La f\u00e9condation de l&rsquo;ovule par un spermatozo\u00efde portant le chromosome Y conduit \u00e0 la formation d&rsquo;un f\u0153tus avec une combinaison XY, c&rsquo;est-\u00e0-dire un gar\u00e7on. Par cons\u00e9quent, c&rsquo;est le spermatozo\u00efde qui d\u00e9termine le sexe du b\u00e9b\u00e9 dans ce cas.[\/vc_column_text][vc_custom_heading heading_semantic=\u00a0\u00bbh4&Prime; text_size=\u00a0\u00bb\u00a0\u00bb uncode_shortcode_id=\u00a0\u00bb109536&Prime;]Image \u00e9chographique[\/vc_custom_heading][vc_row_inner limit_content=\u00a0\u00bb\u00a0\u00bb][vc_column_inner width=\u00a0\u00bb5\/12&Prime;][vc_single_image media=\u00a0\u00bb710&Prime; media_width_percent=\u00a0\u00bb100&Prime; uncode_shortcode_id=\u00a0\u00bb132805&Prime;][\/vc_column_inner][vc_column_inner width=\u00a0\u00bb7\/12&Prime;][vc_column_text uncode_shortcode_id=\u00a0\u00bb899821&Prime;]Une \u00e9chographie vaginale est n\u00e9cessaire pour l&rsquo;apparition d&rsquo;un b\u00e9b\u00e9 de 1 mois pendant la grossesse. L&#8217;embryon se pr\u00e9sente sous la forme d&rsquo;une crevette flottant dans une bulle transparente (sac amniotique) contenant du liquide amniotique.<\/p>\n<p>Apr\u00e8s la formation du sac de grossesse, un sac vitellin s&rsquo;est form\u00e9 chez le b\u00e9b\u00e9. Cependant, ce sac n&rsquo;est pas visible lors de l&rsquo;examen de grossesse d&rsquo;un mois. Cette pochette est \u00e9galement appel\u00e9e pochette \u00e0 \u0153ufs. Il joue un r\u00f4le important dans le d\u00e9veloppement de l&#8217;embryon et agit comme un foie en raison de sa structure. Le sac vitellin, qui assure la formation immunitaire, diminue entre 10 et 12 semaines et dispara\u00eet. La longueur du sac de grossesse varie d&rsquo;une femme enceinte \u00e0 l&rsquo;autre, mais elle se situe g\u00e9n\u00e9ralement entre 3 et 5.5 mm. Le sac vitellin, qui appara\u00eet sombre \u00e0 l&rsquo;int\u00e9rieur, peut \u00eatre facilement observ\u00e9 \u00e0 l&rsquo;\u00e9chographie lorsque le b\u00e9b\u00e9 atteint une longueur de 8 \u00e0 10 mm. Le sac vitellin est presque adjacent \u00e0 la paroi du sac de grossesse. \u00c0 mesure que le b\u00e9b\u00e9 grandit, le sac vitellin dispara\u00eet en se comprimant, lorsque l&rsquo;espace chorial entre le sac de grossesse et l&rsquo;ut\u00e9rus diminue.[\/vc_column_text][\/vc_column_inner][\/vc_row_inner][vc_custom_heading heading_semantic=\u00a0\u00bbh4&Prime; text_size=\u00a0\u00bb\u00a0\u00bb uncode_shortcode_id=\u00a0\u00bb532042&Prime;]Changements dans le corps de la m\u00e8re<\/p>\n<p>Sympt\u00f4mes de la grossesse d&rsquo;un mois[\/vc_custom_heading][vc_column_text uncode_shortcode_id=\u00a0\u00bb107652&Prime;]Au cours des premi\u00e8res \u00e9tapes de la formation du b\u00e9b\u00e9, la future m\u00e8re ne ressentira rien. Certaines femmes, cependant, sont tr\u00e8s sensibles et peuvent ressentir qu&rsquo;elles sont enceintes avant la date pr\u00e9vue de leurs r\u00e8gles. \u00c0 la 4e semaine, certaines femmes enceintes peuvent pr\u00e9senter des saignements l\u00e9gers et brun\u00e2tres.<\/p>\n<p>On mentionne que cette d\u00e9coloration pourrait r\u00e9sulter de l&rsquo;implantation de l&#8217;embryon dans la paroi ut\u00e9rine.<br \/>\nLes sympt\u00f4mes de la grossesse d&rsquo;un mois commencent lorsque la femme remarque le retard de ses r\u00e8gles. Les futures mamans d\u00e9couvrent souvent si elles sont enceintes en r\u00e9alisant un test de grossesse urinaire. Il se peut que la grossesse de 3 \u00e0 4 semaines ne soit pas d\u00e9tect\u00e9e par un test d&rsquo;urine, mais certains tests effectu\u00e9s pendant ces semaines peuvent montrer une ligne faible.<\/p>\n<p>La ligne faible indique une grossesse. Si le r\u00e9sultat du test est positif, il est important de consulter un m\u00e9decin sans tarder. Le m\u00e9decin demandera un test sanguin \u00e0 la future maman. Ainsi, les niveaux de l&rsquo;hormone de grossesse, la b\u00eata hCG, peuvent \u00eatre d\u00e9termin\u00e9s dans le sang. Cela donne une id\u00e9e de l&rsquo;\u00e9volution de la grossesse.<\/p>\n<p>\u00c0 1 mois de grossesse, la valeur de la b\u00eata-hCG peut varier chez la future m\u00e8re, mais les valeurs normales se situent entre 3 et 426 (mIU\/L). La valeur de la b\u00eata-hCG augmente d&rsquo;environ un facteur toutes les deux jours. Lors de cette premi\u00e8re consultation, le m\u00e9decin \u00e9value la possibilit\u00e9 de grossesse extra-ut\u00e9rine. La grossesse extra-ut\u00e9rine survient le plus souvent dans les trompes de Fallope, les ovaires et la cavit\u00e9 abdominale.<br \/>\nApr\u00e8s la f\u00e9condation et la formation de l&#8217;embryon, les hormones de grossesse commencent \u00e0 \u00eatre rapidement s\u00e9cr\u00e9t\u00e9es dans le corps de la future m\u00e8re. Au cours du premier mois de grossesse, la future m\u00e8re peut commencer \u00e0 remarquer une accumulation de graisse dans la r\u00e9gion abdominale.<\/p>\n<p>La tendance \u00e0 une prise de poids rapide dans le corps s&rsquo;explique par la pr\u00e9paration du corps \u00e0 toute \u00e9ventuelle p\u00e9nurie.<br \/>\nApr\u00e8s le d\u00e9but de la s\u00e9cr\u00e9tion des hormones de la grossesse, la vitesse m\u00e9tabolique de la future m\u00e8re augmente \u00e9galement. La circulation sanguine s&rsquo;acc\u00e9l\u00e8re et plus de sang est pomp\u00e9 vers les organes.<\/p>\n<p>Parmi les premiers sympt\u00f4mes de grossesse au cours du premier mois, on peut \u00e9galement citer :<\/p>\n<p>\u2013 Fatigue et somnolence,<br \/>\n\u2013 Naus\u00e9es et vomissements,<br \/>\n\u2013 Douleurs abdominales,<br \/>\n\u2013 Douleurs \u00e0 l&rsquo;aine.[\/vc_column_text][vc_custom_heading heading_semantic=\u00a0\u00bbh4&Prime; text_size=\u00a0\u00bb\u00a0\u00bb uncode_shortcode_id=\u00a0\u00bb102477&Prime;]Qu&rsquo;est-ce que la future maman ressent ?[\/vc_custom_heading][vc_column_text uncode_shortcode_id=\u00a0\u00bb528740&Prime;]Surtout s&rsquo;il s&rsquo;agit d&rsquo;une grossesse d\u00e9sir\u00e9e, la future maman ressent une joie et une excitation indescriptibles. Pendant la grossesse, elle commence rapidement \u00e0 rechercher et \u00e0 prendre des mesures pour prendre soin de son b\u00e9b\u00e9 de la meilleure mani\u00e8re possible, guid\u00e9e par son instinct maternel. Elle d\u00e9cide de faire quelques ajustements dans sa vie.<\/p>\n<p>La future maman qui apprend sa grossesse souhaite d&rsquo;abord conna\u00eetre la date pr\u00e9vue d&rsquo;accouchement de son b\u00e9b\u00e9. Des calendriers pr\u00eats \u00e0 l&#8217;emploi peuvent \u00eatre utilis\u00e9s \u00e0 cette fin. Ou la future m\u00e8re peut calculer elle-m\u00eame la date estim\u00e9e de l&rsquo;accouchement en ajoutant 280 jours au premier jour de ses derni\u00e8res r\u00e8gles. Le jour du calendrier peut \u00e9galement \u00eatre calcul\u00e9 en ajoutant 7 jours \u00e0 la derni\u00e8re date des r\u00e8gles, puis en soustrayant 3 du mois.[\/vc_column_text][vc_custom_heading heading_semantic=\u00a0\u00bbh4&Prime; text_size=\u00a0\u00bb\u00a0\u00bb uncode_shortcode_id=\u00a0\u00bb160701&Prime;]Choses \u00e0 prendre en compte[\/vc_custom_heading][vc_column_text uncode_shortcode_id=\u00a0\u00bb610672&Prime;]<\/p>\n<ul>\n<li>\u00a0D\u00e8s la d\u00e9tection de la grossesse, le m\u00e9decin recommande la suppl\u00e9mentation en acide folique \u00e0 la future m\u00e8re. L&rsquo;acide folique est une vitamine essentielle pour le d\u00e9veloppement du tube neural du b\u00e9b\u00e9 (formation de la moelle \u00e9pini\u00e8re). Il est recommand\u00e9 de prendre de l&rsquo;acide folique de mani\u00e8re r\u00e9guli\u00e8re pendant les trois premiers mois de la grossesse. Les femmes qui planifient une grossesse devraient prendre des suppl\u00e9ments d&rsquo;acide folique d\u00e8s les premiers jours de leur planification et continuer pendant les trois premiers mois de la grossesse.<\/li>\n<li>\u00a0Les futures mamans s&rsquo;inqui\u00e8tent surtout de savoir si des facteurs tels que les m\u00e9dicaments, l&rsquo;alcool, etc., peuvent nuire au b\u00e9b\u00e9, surtout pendant la p\u00e9riode de conception. Pendant la p\u00e9riode qui pr\u00e9c\u00e8de la d\u00e9couverte de la grossesse, l&rsquo;opinion dominante est que de tels facteurs ne nuisent pas au b\u00e9b\u00e9. Cependant, cette perspective change radicalement apr\u00e8s la d\u00e9couverte de la grossesse. Les futures mamans doivent \u00eatre particuli\u00e8rement prudentes \u00e0 cet \u00e9gard. D\u00e8s la planification de la grossesse, tous les facteurs qui pourraient \u00eatre pr\u00e9judiciables \u00e0 la sant\u00e9 du b\u00e9b\u00e9 et de la m\u00e8re doivent \u00eatre \u00e9limin\u00e9s.<\/li>\n<li>\u00a0Les futures m\u00e8res ayant d\u00e9j\u00e0 v\u00e9cu une fausse couche, surmont\u00e9 le risque de fausse couche, ou rencontr\u00e9 des probl\u00e8mes tels que la pr\u00e9\u00e9clampsie lors de la grossesse pr\u00e9c\u00e9dente, doivent informer leur m\u00e9decin lors de la premi\u00e8re consultation sur ces questions et autres. Si une fausse couche se produit au cours du premier mois de grossesse, la future m\u00e8re ne ressentira rien de particulier. Elle traversera ce processus de mani\u00e8re similaire \u00e0 un saignement menstruel.<\/li>\n<li>Apr\u00e8s avoir appris qu&rsquo;elle est enceinte, chaque future m\u00e8re devrait abandonner rapidement des habitudes telles que le tabac et l&rsquo;alcool, si elles existent. Il est beaucoup plus id\u00e9al que la future m\u00e8re abandonne ces habitudes d\u00e8s qu&rsquo;elle planifie une grossesse. Si elle prend r\u00e9guli\u00e8rement des antid\u00e9presseurs ou d&rsquo;autres m\u00e9dicaments, elle devrait informer son m\u00e9decin de la sant\u00e9 des femmes d\u00e8s la premi\u00e8re consultation. Aucun m\u00e9dicament ne devrait \u00eatre pris pendant la grossesse sans consulter un m\u00e9decin.<\/li>\n<\/ul>\n<p>[\/vc_column_text][\/vc_column][\/vc_row][vc_row][vc_column width=\u00a0\u00bb1\/1&Prime;][uncode_block id=\u00a0\u00bb989&Prime;][uncode_block id=\u00a0\u00bb601&Prime;][\/vc_column][\/vc_row]<\/p>\n<\/div>","protected":false},"excerpt":{"rendered":"<p>[vc_row row_height_percent=\u00a0\u00bb0&Prime; override_padding=\u00a0\u00bbyes\u00a0\u00bb h_padding=\u00a0\u00bb2&Prime; top_padding=\u00a0\u00bb2&Prime; bottom_padding=\u00a0\u00bb0&Prime; overlay_alpha=\u00a0\u00bb50&Prime; equal_height=\u00a0\u00bbyes\u00a0\u00bb gutter_size=\u00a0\u00bb2&Prime; column_width_percent=\u00a0\u00bb100&Prime; shift_y=\u00a0\u00bb-3&Prime; z_index=\u00a0\u00bb0&Prime; uncode_shortcode_id=\u00a0\u00bb152492&Prime;][vc_column column_width_percent=\u00a0\u00bb100&Prime; position_vertical=\u00a0\u00bbmiddle\u00a0\u00bb align_horizontal=\u00a0\u00bbalign_center\u00a0\u00bb gutter_size=\u00a0\u00bb3&Prime; overlay_alpha=\u00a0\u00bb50&Prime; shift_x=\u00a0\u00bb0&Prime; shift_y=\u00a0\u00bb0&Prime; [&hellip;]<\/p>\n","protected":false},"author":3,"featured_media":1482,"parent":2268,"menu_order":0,"comment_status":"closed","ping_status":"closed","template":"","meta":{"_monsterinsights_skip_tracking":false,"_monsterinsights_sitenote_active":false,"_monsterinsights_sitenote_note":"","_monsterinsights_sitenote_category":0,"footnotes":""},"class_list":["post-2597","page","type-page","status-publish","has-post-thumbnail","hentry","page_category-mois-par-mois"],"yoast_head":"<!-- This site is optimized with the Yoast SEO plugin v27.4 - https:\/\/yoast.com\/product\/yoast-seo-wordpress\/ -->\n<title>1er mois - Canbebe<\/title>\n<meta name=\"robots\" content=\"index, follow, max-snippet:-1, max-image-preview:large, max-video-preview:-1\" \/>\n<link rel=\"canonical\" href=\"https:\/\/canbebe.com\/fr\/calendrier-de-grossesse\/1-ay\/\" \/>\n<meta property=\"og:locale\" content=\"fr_FR\" \/>\n<meta property=\"og:type\" content=\"article\" \/>\n<meta property=\"og:title\" content=\"1er mois - Canbebe\" \/>\n<meta property=\"og:description\" content=\"[vc_row row_height_percent=\u00a0\u00bb0&Prime; override_padding=\u00a0\u00bbyes\u00a0\u00bb h_padding=\u00a0\u00bb2&Prime; top_padding=\u00a0\u00bb2&Prime; bottom_padding=\u00a0\u00bb0&Prime; overlay_alpha=\u00a0\u00bb50&Prime; equal_height=\u00a0\u00bbyes\u00a0\u00bb gutter_size=\u00a0\u00bb2&Prime; column_width_percent=\u00a0\u00bb100&Prime; shift_y=\u00a0\u00bb-3&Prime; z_index=\u00a0\u00bb0&Prime; uncode_shortcode_id=\u00a0\u00bb152492&Prime;][vc_column column_width_percent=\u00a0\u00bb100&Prime; position_vertical=\u00a0\u00bbmiddle\u00a0\u00bb align_horizontal=\u00a0\u00bbalign_center\u00a0\u00bb gutter_size=\u00a0\u00bb3&Prime; overlay_alpha=\u00a0\u00bb50&Prime; shift_x=\u00a0\u00bb0&Prime; shift_y=\u00a0\u00bb0&Prime; [&hellip;]\" \/>\n<meta property=\"og:url\" content=\"https:\/\/canbebe.com\/fr\/calendrier-de-grossesse\/1-ay\/\" \/>\n<meta property=\"og:site_name\" content=\"Canbebe\" \/>\n<meta property=\"article:modified_time\" content=\"2024-04-08T14:10:46+00:00\" \/>\n<meta name=\"twitter:card\" content=\"summary_large_image\" \/>\n<meta name=\"twitter:label1\" content=\"Dur\u00e9e de lecture estim\u00e9e\" \/>\n\t<meta name=\"twitter:data1\" content=\"9 minutes\" \/>\n<script type=\"application\/ld+json\" class=\"yoast-schema-graph\">{\"@context\":\"https:\\\/\\\/schema.org\",\"@graph\":[{\"@type\":\"WebPage\",\"@id\":\"https:\\\/\\\/canbebe.com\\\/fr\\\/calendrier-de-grossesse\\\/1-ay\\\/\",\"url\":\"https:\\\/\\\/canbebe.com\\\/fr\\\/calendrier-de-grossesse\\\/1-ay\\\/\",\"name\":\"1er mois - Canbebe\",\"isPartOf\":{\"@id\":\"https:\\\/\\\/canbebe.com\\\/fr\\\/#website\"},\"primaryImageOfPage\":{\"@id\":\"https:\\\/\\\/canbebe.com\\\/fr\\\/calendrier-de-grossesse\\\/1-ay\\\/#primaryimage\"},\"image\":{\"@id\":\"https:\\\/\\\/canbebe.com\\\/fr\\\/calendrier-de-grossesse\\\/1-ay\\\/#primaryimage\"},\"thumbnailUrl\":\"https:\\\/\\\/canbebe.com\\\/wp-content\\\/uploads\\\/2023\\\/11\\\/Month-by-month.svg\",\"datePublished\":\"2023-11-24T10:57:43+00:00\",\"dateModified\":\"2024-04-08T14:10:46+00:00\",\"breadcrumb\":{\"@id\":\"https:\\\/\\\/canbebe.com\\\/fr\\\/calendrier-de-grossesse\\\/1-ay\\\/#breadcrumb\"},\"inLanguage\":\"fr-FR\",\"potentialAction\":[{\"@type\":\"ReadAction\",\"target\":[\"https:\\\/\\\/canbebe.com\\\/fr\\\/calendrier-de-grossesse\\\/1-ay\\\/\"]}]},{\"@type\":\"ImageObject\",\"inLanguage\":\"fr-FR\",\"@id\":\"https:\\\/\\\/canbebe.com\\\/fr\\\/calendrier-de-grossesse\\\/1-ay\\\/#primaryimage\",\"url\":\"https:\\\/\\\/canbebe.com\\\/wp-content\\\/uploads\\\/2023\\\/11\\\/Month-by-month.svg\",\"contentUrl\":\"https:\\\/\\\/canbebe.com\\\/wp-content\\\/uploads\\\/2023\\\/11\\\/Month-by-month.svg\",\"width\":73,\"height\":72},{\"@type\":\"BreadcrumbList\",\"@id\":\"https:\\\/\\\/canbebe.com\\\/fr\\\/calendrier-de-grossesse\\\/1-ay\\\/#breadcrumb\",\"itemListElement\":[{\"@type\":\"ListItem\",\"position\":1,\"name\":\"Accueil\",\"item\":\"https:\\\/\\\/canbebe.com\\\/fr\\\/\"},{\"@type\":\"ListItem\",\"position\":2,\"name\":\"Calendrier de Grossesse\",\"item\":\"https:\\\/\\\/canbebe.com\\\/fr\\\/calendrier-de-grossesse\\\/\"},{\"@type\":\"ListItem\",\"position\":3,\"name\":\"1er mois\"}]},{\"@type\":\"WebSite\",\"@id\":\"https:\\\/\\\/canbebe.com\\\/fr\\\/#website\",\"url\":\"https:\\\/\\\/canbebe.com\\\/fr\\\/\",\"name\":\"Canbebe\",\"description\":\"Canbebe\",\"publisher\":{\"@id\":\"https:\\\/\\\/canbebe.com\\\/fr\\\/#organization\"},\"potentialAction\":[{\"@type\":\"SearchAction\",\"target\":{\"@type\":\"EntryPoint\",\"urlTemplate\":\"https:\\\/\\\/canbebe.com\\\/fr\\\/?s={search_term_string}\"},\"query-input\":{\"@type\":\"PropertyValueSpecification\",\"valueRequired\":true,\"valueName\":\"search_term_string\"}}],\"inLanguage\":\"fr-FR\"},{\"@type\":\"Organization\",\"@id\":\"https:\\\/\\\/canbebe.com\\\/fr\\\/#organization\",\"name\":\"Canbebe\",\"url\":\"https:\\\/\\\/canbebe.com\\\/fr\\\/\",\"logo\":{\"@type\":\"ImageObject\",\"inLanguage\":\"fr-FR\",\"@id\":\"https:\\\/\\\/canbebe.com\\\/fr\\\/#\\\/schema\\\/logo\\\/image\\\/\",\"url\":\"https:\\\/\\\/canbebe.com\\\/wp-content\\\/uploads\\\/2023\\\/11\\\/logo-canbebe.png\",\"contentUrl\":\"https:\\\/\\\/canbebe.com\\\/wp-content\\\/uploads\\\/2023\\\/11\\\/logo-canbebe.png\",\"width\":398,\"height\":84,\"caption\":\"Canbebe\"},\"image\":{\"@id\":\"https:\\\/\\\/canbebe.com\\\/fr\\\/#\\\/schema\\\/logo\\\/image\\\/\"}}]}<\/script>\n<!-- \/ Yoast SEO plugin. -->","yoast_head_json":{"title":"1er mois - Canbebe","robots":{"index":"index","follow":"follow","max-snippet":"max-snippet:-1","max-image-preview":"max-image-preview:large","max-video-preview":"max-video-preview:-1"},"canonical":"https:\/\/canbebe.com\/fr\/calendrier-de-grossesse\/1-ay\/","og_locale":"fr_FR","og_type":"article","og_title":"1er mois - Canbebe","og_description":"[vc_row row_height_percent=\u00a0\u00bb0&Prime; override_padding=\u00a0\u00bbyes\u00a0\u00bb h_padding=\u00a0\u00bb2&Prime; top_padding=\u00a0\u00bb2&Prime; bottom_padding=\u00a0\u00bb0&Prime; overlay_alpha=\u00a0\u00bb50&Prime; equal_height=\u00a0\u00bbyes\u00a0\u00bb gutter_size=\u00a0\u00bb2&Prime; column_width_percent=\u00a0\u00bb100&Prime; shift_y=\u00a0\u00bb-3&Prime; z_index=\u00a0\u00bb0&Prime; uncode_shortcode_id=\u00a0\u00bb152492&Prime;][vc_column column_width_percent=\u00a0\u00bb100&Prime; position_vertical=\u00a0\u00bbmiddle\u00a0\u00bb align_horizontal=\u00a0\u00bbalign_center\u00a0\u00bb gutter_size=\u00a0\u00bb3&Prime; overlay_alpha=\u00a0\u00bb50&Prime; shift_x=\u00a0\u00bb0&Prime; shift_y=\u00a0\u00bb0&Prime; [&hellip;]","og_url":"https:\/\/canbebe.com\/fr\/calendrier-de-grossesse\/1-ay\/","og_site_name":"Canbebe","article_modified_time":"2024-04-08T14:10:46+00:00","twitter_card":"summary_large_image","twitter_misc":{"Dur\u00e9e de lecture estim\u00e9e":"9 minutes"},"schema":{"@context":"https:\/\/schema.org","@graph":[{"@type":"WebPage","@id":"https:\/\/canbebe.com\/fr\/calendrier-de-grossesse\/1-ay\/","url":"https:\/\/canbebe.com\/fr\/calendrier-de-grossesse\/1-ay\/","name":"1er mois - Canbebe","isPartOf":{"@id":"https:\/\/canbebe.com\/fr\/#website"},"primaryImageOfPage":{"@id":"https:\/\/canbebe.com\/fr\/calendrier-de-grossesse\/1-ay\/#primaryimage"},"image":{"@id":"https:\/\/canbebe.com\/fr\/calendrier-de-grossesse\/1-ay\/#primaryimage"},"thumbnailUrl":"https:\/\/canbebe.com\/wp-content\/uploads\/2023\/11\/Month-by-month.svg","datePublished":"2023-11-24T10:57:43+00:00","dateModified":"2024-04-08T14:10:46+00:00","breadcrumb":{"@id":"https:\/\/canbebe.com\/fr\/calendrier-de-grossesse\/1-ay\/#breadcrumb"},"inLanguage":"fr-FR","potentialAction":[{"@type":"ReadAction","target":["https:\/\/canbebe.com\/fr\/calendrier-de-grossesse\/1-ay\/"]}]},{"@type":"ImageObject","inLanguage":"fr-FR","@id":"https:\/\/canbebe.com\/fr\/calendrier-de-grossesse\/1-ay\/#primaryimage","url":"https:\/\/canbebe.com\/wp-content\/uploads\/2023\/11\/Month-by-month.svg","contentUrl":"https:\/\/canbebe.com\/wp-content\/uploads\/2023\/11\/Month-by-month.svg","width":73,"height":72},{"@type":"BreadcrumbList","@id":"https:\/\/canbebe.com\/fr\/calendrier-de-grossesse\/1-ay\/#breadcrumb","itemListElement":[{"@type":"ListItem","position":1,"name":"Accueil","item":"https:\/\/canbebe.com\/fr\/"},{"@type":"ListItem","position":2,"name":"Calendrier de Grossesse","item":"https:\/\/canbebe.com\/fr\/calendrier-de-grossesse\/"},{"@type":"ListItem","position":3,"name":"1er mois"}]},{"@type":"WebSite","@id":"https:\/\/canbebe.com\/fr\/#website","url":"https:\/\/canbebe.com\/fr\/","name":"Canbebe","description":"Canbebe","publisher":{"@id":"https:\/\/canbebe.com\/fr\/#organization"},"potentialAction":[{"@type":"SearchAction","target":{"@type":"EntryPoint","urlTemplate":"https:\/\/canbebe.com\/fr\/?s={search_term_string}"},"query-input":{"@type":"PropertyValueSpecification","valueRequired":true,"valueName":"search_term_string"}}],"inLanguage":"fr-FR"},{"@type":"Organization","@id":"https:\/\/canbebe.com\/fr\/#organization","name":"Canbebe","url":"https:\/\/canbebe.com\/fr\/","logo":{"@type":"ImageObject","inLanguage":"fr-FR","@id":"https:\/\/canbebe.com\/fr\/#\/schema\/logo\/image\/","url":"https:\/\/canbebe.com\/wp-content\/uploads\/2023\/11\/logo-canbebe.png","contentUrl":"https:\/\/canbebe.com\/wp-content\/uploads\/2023\/11\/logo-canbebe.png","width":398,"height":84,"caption":"Canbebe"},"image":{"@id":"https:\/\/canbebe.com\/fr\/#\/schema\/logo\/image\/"}}]}},"_links":{"self":[{"href":"https:\/\/canbebe.com\/fr\/wp-json\/wp\/v2\/pages\/2597","targetHints":{"allow":["GET"]}}],"collection":[{"href":"https:\/\/canbebe.com\/fr\/wp-json\/wp\/v2\/pages"}],"about":[{"href":"https:\/\/canbebe.com\/fr\/wp-json\/wp\/v2\/types\/page"}],"author":[{"embeddable":true,"href":"https:\/\/canbebe.com\/fr\/wp-json\/wp\/v2\/users\/3"}],"replies":[{"embeddable":true,"href":"https:\/\/canbebe.com\/fr\/wp-json\/wp\/v2\/comments?post=2597"}],"version-history":[{"count":0,"href":"https:\/\/canbebe.com\/fr\/wp-json\/wp\/v2\/pages\/2597\/revisions"}],"up":[{"embeddable":true,"href":"https:\/\/canbebe.com\/fr\/wp-json\/wp\/v2\/pages\/2268"}],"wp:featuredmedia":[{"embeddable":true,"href":"https:\/\/canbebe.com\/fr\/wp-json\/wp\/v2\/media\/1482"}],"wp:attachment":[{"href":"https:\/\/canbebe.com\/fr\/wp-json\/wp\/v2\/media?parent=2597"}],"curies":[{"name":"wp","href":"https:\/\/api.w.org\/{rel}","templated":true}]}}