{"id":2589,"date":"2023-11-24T09:06:19","date_gmt":"2023-11-24T09:06:19","guid":{"rendered":"https:\/\/canbebe.com\/?page_id=2589"},"modified":"2024-04-09T14:57:28","modified_gmt":"2024-04-09T14:57:28","slug":"10-hafta","status":"publish","type":"page","link":"https:\/\/canbebe.com\/fr\/calendrier-de-grossesse\/10-hafta\/","title":{"rendered":"Semaine 10"},"content":{"rendered":"<div class=\"wpb-content-wrapper\"><p>[vc_row row_height_percent=\u00a0\u00bb0&Prime; override_padding=\u00a0\u00bbyes\u00a0\u00bb h_padding=\u00a0\u00bb2&Prime; top_padding=\u00a0\u00bb2&Prime; bottom_padding=\u00a0\u00bb0&Prime; overlay_alpha=\u00a0\u00bb50&Prime; equal_height=\u00a0\u00bbyes\u00a0\u00bb gutter_size=\u00a0\u00bb2&Prime; column_width_percent=\u00a0\u00bb100&Prime; shift_y=\u00a0\u00bb-3&Prime; z_index=\u00a0\u00bb0&Prime; uncode_shortcode_id=\u00a0\u00bb152492&Prime;][vc_column column_width_percent=\u00a0\u00bb100&Prime; position_vertical=\u00a0\u00bbmiddle\u00a0\u00bb align_horizontal=\u00a0\u00bbalign_center\u00a0\u00bb gutter_size=\u00a0\u00bb3&Prime; overlay_alpha=\u00a0\u00bb50&Prime; shift_x=\u00a0\u00bb0&Prime; shift_y=\u00a0\u00bb0&Prime; shift_y_down=\u00a0\u00bb0&Prime; z_index=\u00a0\u00bb0&Prime; medium_width=\u00a0\u00bb0&Prime; mobile_visibility=\u00a0\u00bbyes\u00a0\u00bb mobile_width=\u00a0\u00bb0&Prime; radius=\u00a0\u00bbsm\u00a0\u00bb width=\u00a0\u00bb5\/12&Prime; uncode_shortcode_id=\u00a0\u00bb931234&Prime; el_class=\u00a0\u00bbimg-rounded\u00a0\u00bb][\/vc_column][vc_column column_width_use_pixel=\u00a0\u00bbyes\u00a0\u00bb position_horizontal=\u00a0\u00bbright\u00a0\u00bb gutter_size=\u00a0\u00bb2&Prime; overlay_alpha=\u00a0\u00bb50&Prime; shift_x=\u00a0\u00bb0&Prime; shift_y=\u00a0\u00bb-5&Prime; shift_y_down=\u00a0\u00bb-5&Prime; z_index=\u00a0\u00bb0&Prime; medium_width=\u00a0\u00bb0&Prime; mobile_width=\u00a0\u00bb0&Prime; width=\u00a0\u00bb7\/12&Prime; uncode_shortcode_id=\u00a0\u00bb133000&Prime; column_width_pixel=\u00a0\u00bb600&Prime; el_id=\u00a0\u00bbhafta-nav\u00a0\u00bb][vc_custom_heading heading_semantic=\u00a0\u00bbh4&Prime; text_size=\u00a0\u00bb\u00a0\u00bb uncode_shortcode_id=\u00a0\u00bb873415&Prime;]Taille et poids du b\u00e9b\u00e9[\/vc_custom_heading][vc_column_text uncode_shortcode_id=\u00a0\u00bb395395&Prime;]La taille de votre b\u00e9b\u00e9 \u00e0 la 9e semaine de grossesse est d&rsquo;environ 22 \u00e0 25 mm, soit la taille d&rsquo;une olive verte. Son poids est d&rsquo;environ 2,5 \u00e0 3 grammes.[\/vc_column_text][\/vc_column][\/vc_row][vc_row row_height_percent=\u00a0\u00bb0&Prime; override_padding=\u00a0\u00bbyes\u00a0\u00bb h_padding=\u00a0\u00bb2&Prime; top_padding=\u00a0\u00bb1&Prime; bottom_padding=\u00a0\u00bb2&Prime; overlay_alpha=\u00a0\u00bb50&Prime; gutter_size=\u00a0\u00bb3&Prime; column_width_percent=\u00a0\u00bb100&Prime; shift_y=\u00a0\u00bb0&Prime; z_index=\u00a0\u00bb0&Prime; uncode_shortcode_id=\u00a0\u00bb137824&Prime;][vc_column width=\u00a0\u00bb1\/1&Prime;][vc_custom_heading heading_semantic=\u00a0\u00bbh4&Prime; text_size=\u00a0\u00bb\u00a0\u00bb uncode_shortcode_id=\u00a0\u00bb106028&Prime;]Le D\u00e9veloppement du B\u00e9b\u00e9[\/vc_custom_heading][vc_row_inner limit_content=\u00a0\u00bb\u00a0\u00bb][vc_column_inner width=\u00a0\u00bb5\/12&Prime;][vc_single_image media=\u00a0\u00bb1145&Prime; media_width_percent=\u00a0\u00bb100&Prime; uncode_shortcode_id=\u00a0\u00bb213739&Prime;][\/vc_column_inner][vc_column_inner width=\u00a0\u00bb7\/12&Prime;][vc_column_text uncode_shortcode_id=\u00a0\u00bb218498&Prime;]Votre b\u00e9b\u00e9 continue de grandir gramme par gramme dans votre ventre. Jusqu&rsquo;\u00e0 pr\u00e9sent, votre b\u00e9b\u00e9 a continu\u00e9 son d\u00e9veloppement en tant qu&#8217;embryon, et il ne reste qu&rsquo;une semaine avant qu&rsquo;il ne devienne un f\u0153tus.<\/p>\n<p>\u00c0 la 9e semaine de grossesse, les membres tels que les bras, les jambes et les doigts de votre b\u00e9b\u00e9 continuent de se d\u00e9velopper. Les petits doigts de votre b\u00e9b\u00e9, o\u00f9 les zones tactiles se sont d\u00e9velopp\u00e9es \u00e0 leurs extr\u00e9mit\u00e9s, commencent \u00e0 s&rsquo;allonger. La semaine derni\u00e8re, les orteils \u00e9taient soud\u00e9s avec une structure en membrane, mais \u00e0 partir de cette semaine, les orteils commencent \u00e0 se s\u00e9parer.<\/p>\n<p>\u00c0 la 9e semaine de grossesse, les structures des \u00e9paules et des coudes du b\u00e9b\u00e9 continuent de se former. Les structures cartilagineuses du b\u00e9b\u00e9 commencent progressivement \u00e0 se min\u00e9raliser. Le d\u00e9veloppement osseux soutient le d\u00e9veloppement des articulations. La formation du cr\u00e2ne du b\u00e9b\u00e9 s&rsquo;est am\u00e9lior\u00e9e de mani\u00e8re plus id\u00e9ale. Son cou devient de plus en plus visible. Son dos s&rsquo;est encore aplati davantage.<\/p>\n<p>L&rsquo;extr\u00e9mit\u00e9 du nez, les narines et les oreilles continuent de se d\u00e9velopper de mani\u00e8re plus prononc\u00e9e.<\/p>\n<p>\u00c0 la 9e semaine de grossesse, les yeux de votre b\u00e9b\u00e9 sont toujours situ\u00e9s de chaque c\u00f4t\u00e9 de sa t\u00eate ; au cours des semaines suivantes, ils se d\u00e9placeront vers l&rsquo;avant. Une \u00e9tape passionnante se rapproche ; les paupi\u00e8res se pr\u00e9parent cette semaine aux mouvements d&rsquo;ouverture et de fermeture !<\/p>\n<p>\u00c0 la 9e semaine de grossesse, votre b\u00e9b\u00e9 peut effectuer des mouvements d&rsquo;ouverture et de fermeture de la bouche, ainsi que tourner la t\u00eate. Il peut \u00e9galement bouger ses bras et ses jambes. La future maman ne ressentira pas encore ces mouvements.<\/p>\n<p>\u00c0 9 semaines, presque tous les organes du f\u0153tus ont commenc\u00e9 \u00e0 fonctionner. Le syst\u00e8me digestif commence \u00e0 se former. Le foie commence \u00e0 fonctionner et le pancr\u00e9as commence \u00e0 produire de l&rsquo;insuline. Les intestins commencent \u00e0 prendre leur place dans l&rsquo;abdomen.<\/p>\n<p>Le c\u0153ur de votre b\u00e9b\u00e9, qui bat \u00e0 un rythme de 160 \u00e0 180 battements par minute, soit le double du v\u00f4tre, a d\u00e9velopp\u00e9 ses quatre cavit\u00e9s la semaine derni\u00e8re. Les valves permettant le flux sanguin dans le c\u0153ur ont \u00e9t\u00e9 form\u00e9es.<\/p>\n<p>\u00c0 la 9e semaine de grossesse, votre b\u00e9b\u00e9 n&rsquo;aura plus besoin du sac vitellin pour fournir des cellules sanguines, comme c&rsquo;\u00e9tait le cas auparavant. Car cette fonction sera d\u00e9sormais assum\u00e9e par la moelle osseuse, la rate et le foie.<\/p>\n<p>\u00c0 la 9e semaine de grossesse, le cordon ombilical de votre b\u00e9b\u00e9 continue de m\u00fbrir. Avez-vous envie de conna\u00eetre la fonction vitale du cordon ombilical, qui assure un soutien vital entre vous et votre b\u00e9b\u00e9 ? Le cordon ombilical fournit au b\u00e9b\u00e9 le sang oxyg\u00e9n\u00e9 n\u00e9cessaire \u00e0 sa survie. Gr\u00e2ce au syst\u00e8me de pompage qui transf\u00e8re le sang de la m\u00e8re vers le corps du b\u00e9b\u00e9, celui-ci re\u00e7oit \u00e0 la fois de l&rsquo;oxyg\u00e8ne et des nutriments, et en m\u00eame temps, il \u00e9limine les d\u00e9chets de son propre corps.[\/vc_column_text][\/vc_column_inner][\/vc_row_inner][vc_custom_heading heading_semantic=\u00a0\u00bbh4&Prime; text_size=\u00a0\u00bb\u00a0\u00bb uncode_shortcode_id=\u00a0\u00bb177075&Prime;]Image \u00e9chographique[\/vc_custom_heading][vc_row_inner limit_content=\u00a0\u00bb\u00a0\u00bb][vc_column_inner width=\u00a0\u00bb5\/12&Prime;][vc_single_image media=\u00a0\u00bb1139&Prime; media_width_percent=\u00a0\u00bb100&Prime; uncode_shortcode_id=\u00a0\u00bb122533&Prime;][\/vc_column_inner][vc_column_inner width=\u00a0\u00bb7\/12&Prime;][vc_column_text uncode_shortcode_id=\u00a0\u00bb496039&Prime;]\u00c0 la 9e semaine, les yeux du b\u00e9b\u00e9 sont clairement visibles sur une image d&rsquo;\u00e9chographie.<\/p>\n<p>\u00c0 la 9e semaine, la t\u00eate du b\u00e9b\u00e9 est toujours orient\u00e9e vers sa poitrine et son abdomen lors de l&rsquo;\u00e9chographie. On peut observer que sa t\u00eate a pris une forme l\u00e9g\u00e8rement plus ronde.<\/p>\n<p>\u00c0 la 9e semaine de grossesse, les organes g\u00e9nitaux du b\u00e9b\u00e9 continuent de se d\u00e9velopper, mais le sexe du b\u00e9b\u00e9 ne peut pas encore \u00eatre distingu\u00e9 \u00e0 l&rsquo;\u00e9chographie.<\/p>\n<p>\u00c0 la 9e semaine de grossesse, vous pouvez voir sur l&rsquo;image de l&rsquo;\u00e9chographie que les articulations du b\u00e9b\u00e9 commencent \u00e0 bouger, bien que vous ne puissiez pas le ressentir vous-m\u00eame. Il y a encore du temps pour cela. Les m\u00e9decins peuvent avoir une vision plus claire du sexe du b\u00e9b\u00e9 \u00e0 partir de la 16e semaine de grossesse.[\/vc_column_text][\/vc_column_inner][\/vc_row_inner][vc_custom_heading heading_semantic=\u00a0\u00bbh4&Prime; text_size=\u00a0\u00bb\u00a0\u00bb uncode_shortcode_id=\u00a0\u00bb159031&Prime;]Changements dans le corps de la m\u00e8re[\/vc_custom_heading][vc_column_text uncode_shortcode_id=\u00a0\u00bb811801&Prime;]\u00c0 la 9e semaine de grossesse, le changement le plus notable chez la m\u00e8re est la poursuite de la croissance de l&rsquo;ut\u00e9rus. Cette semaine, votre ut\u00e9rus a atteint la taille d&rsquo;une orange moyenne. Il se trouve toujours derri\u00e8re l&rsquo;os pubien, \u00e9galement appel\u00e9 le pubis. Le facteur le plus crucial favorisant la croissance de l&rsquo;ut\u00e9rus est l&rsquo;augmentation de la circulation sanguine dans le corps de la future maman. Pendant la grossesse, en particulier au cours des trois premiers mois, environ 25 % du sang \u00e9ject\u00e9 par le c\u0153ur est dirig\u00e9 vers l&rsquo;ut\u00e9rus et le placenta.<\/p>\n<p>\u00c0 la 9e semaine de grossesse, en raison de l&rsquo;augmentation du volume sanguin, les vaisseaux sanguins chez la future maman commencent \u00e0 devenir plus visibles.<\/p>\n<p>L&rsquo;augmentation du volume sanguin \u00e0 la 9e semaine de grossesse peut occasionnellement entra\u00eener des saignements de nez.<\/p>\n<p>La quantit\u00e9 accrue de sang dans votre corps offre \u00e9galement une protection contre la perte de sang potentielle lors de l&rsquo;accouchement.<\/p>\n<p>Les mamelons continuent de s&rsquo;assombrir et de grossir.<\/p>\n<p>En raison de la pression accrue exerc\u00e9e par l&rsquo;ut\u00e9rus sur la vessie et de l&rsquo;augmentation du travail des reins, vous pourriez ressentir le besoin d&rsquo;uriner fr\u00e9quemment.<\/p>\n<p>\u00c0 la 9e semaine de grossesse, les naus\u00e9es matinales peuvent persister de mani\u00e8re intense chez certaines futures mamans. Voici les causes des naus\u00e9es matinales pendant la grossesse :<\/p>\n<p>\u2013 L&rsquo;augmentation de l&rsquo;hormone de grossesse, la gonadotrophine chorionique humaine (hCG). \u00c0 partir de la 13e semaine, cette hormone dispara\u00eet. C&rsquo;est pourquoi de nombreuses futures mamans connaissent un soulagement des naus\u00e9es entre la 13e et la 15e semaine,<\/p>\n<p>\u2013 Des baisses soudaines de la glyc\u00e9mie. C&rsquo;est pourquoi les naus\u00e9es matinales sont souvent plus prononc\u00e9es lorsque vous vous r\u00e9veillez \u00e0 jeun le matin. \u00c9tant donn\u00e9 que la glyc\u00e9mie peut \u00e9galement chuter avant d&rsquo;autres repas, des naus\u00e9es peuvent survenir,<\/p>\n<p>\u2013 L&rsquo;augmentation de l&rsquo;hormone progest\u00e9rone ; elle d\u00e9tend les muscles de l&rsquo;estomac et ralentit le passage des aliments dans l&rsquo;intestin. Cela peut entra\u00eener une augmentation de l&rsquo;acidit\u00e9 gastrique et, par cons\u00e9quent, des naus\u00e9es,<\/p>\n<p>En cas de vomissements excessifs, une hospitalisation peut \u00eatre n\u00e9cessaire pour remplacer les pertes en eau, sel et sucre par voie intraveineuse,<\/p>\n<p>\u00c0 la 9e semaine de grossesse, il peut parfois y avoir une l\u00e9g\u00e8re perte de sang vaginal chez certaines futures mamans. Bien que cela puisse ne pas n\u00e9cessairement \u00eatre quelque chose de n\u00e9gatif, il est essentiel de le signaler \u00e0 votre m\u00e9decin.[\/vc_column_text][vc_custom_heading heading_semantic=\u00a0\u00bbh4&Prime; text_size=\u00a0\u00bbh4&Prime; uncode_shortcode_id=\u00a0\u00bb105254&Prime;]Choses \u00e0 prendre en compte[\/vc_custom_heading][vc_column_text uncode_shortcode_id=\u00a0\u00bb196943&Prime;]\u00c0 la neuvi\u00e8me semaine de grossesse, certaines futures mamans peuvent d\u00e9velopper des probl\u00e8mes cutan\u00e9s. Boire beaucoup d&rsquo;eau, manger sainement et utiliser des produits de soins de la peau naturels peuvent aider \u00e0 apaiser votre peau.<\/p>\n<p>Rappelez-vous que les fluctuations \u00e9motionnelles que vous ressentez sont temporaires. Profitez du plaisir de voir votre b\u00e9b\u00e9 grandir chaque jour.<\/p>\n<p>Cela fait \u00e9galement partie des sympt\u00f4mes de la grossesse de 9 semaines, avec le fon\u00e7age de la r\u00e9gion g\u00e9nitale. Il est possible que vous constatiez une augmentation des pertes vaginales. Si ces pertes sont jaunes, ont une odeur d\u00e9sagr\u00e9able et provoquent des d\u00e9mangeaisons, il est important d&rsquo;en informer votre m\u00e9decin.<\/p>\n<p>\u00c0 la 9e semaine de grossesse, il est important de continuer \u00e0 consommer des prot\u00e9ines de mani\u00e8re r\u00e9guli\u00e8re dans votre alimentation. Les besoins en calcium sont \u00e9galement tr\u00e8s importants pendant cette p\u00e9riode. Vous devriez consommer entre 1000 et 1500 mg de calcium par jour \u00e0 partir de sources alimentaires. Si vous ne pouvez pas consommer de lait, vous devriez alors manger du fromage, du yaourt ou du k\u00e9fir. \u00c9vitez les snacks, la restauration rapide et les aliments sucr\u00e9s. Vous pouvez satisfaire votre envie de sucre avec des fruits frais et des fruits secs naturels. Une salade bien lav\u00e9e et des l\u00e9gumes l\u00e9g\u00e8rement cuits sont \u00e9galement de bonnes sources de vitamine C. Lors de l&rsquo;achat d&rsquo;aliments emball\u00e9s, y compris le pain pr\u00eat \u00e0 l&#8217;emploi, lisez attentivement les \u00e9tiquettes et \u00e9vitez de consommer des aliments contenant des conservateurs, de l&rsquo;huile de palme, de l&rsquo;aspartame et du sirop de glucose. Achetez et consommez autant que possible des aliments biologiques et naturels.[\/vc_column_text][\/vc_column][\/vc_row][vc_row][vc_column width=\u00a0\u00bb1\/1&Prime;][uncode_block id=\u00a0\u00bb989&Prime;][\/vc_column][\/vc_row][vc_row][vc_column width=\u00a0\u00bb1\/1&Prime;][uncode_block id=\u00a0\u00bb601&Prime;][\/vc_column][\/vc_row]<\/p>\n<\/div>","protected":false},"excerpt":{"rendered":"<p>[vc_row row_height_percent=\u00a0\u00bb0&Prime; override_padding=\u00a0\u00bbyes\u00a0\u00bb h_padding=\u00a0\u00bb2&Prime; top_padding=\u00a0\u00bb2&Prime; bottom_padding=\u00a0\u00bb0&Prime; overlay_alpha=\u00a0\u00bb50&Prime; equal_height=\u00a0\u00bbyes\u00a0\u00bb gutter_size=\u00a0\u00bb2&Prime; column_width_percent=\u00a0\u00bb100&Prime; shift_y=\u00a0\u00bb-3&Prime; z_index=\u00a0\u00bb0&Prime; uncode_shortcode_id=\u00a0\u00bb152492&Prime;][vc_column column_width_percent=\u00a0\u00bb100&Prime; position_vertical=\u00a0\u00bbmiddle\u00a0\u00bb align_horizontal=\u00a0\u00bbalign_center\u00a0\u00bb gutter_size=\u00a0\u00bb3&Prime; overlay_alpha=\u00a0\u00bb50&Prime; shift_x=\u00a0\u00bb0&Prime; shift_y=\u00a0\u00bb0&Prime; [&hellip;]<\/p>\n","protected":false},"author":3,"featured_media":1105,"parent":2268,"menu_order":0,"comment_status":"closed","ping_status":"closed","template":"","meta":{"_monsterinsights_skip_tracking":false,"_monsterinsights_sitenote_active":false,"_monsterinsights_sitenote_note":"","_monsterinsights_sitenote_category":0,"footnotes":""},"class_list":["post-2589","page","type-page","status-publish","has-post-thumbnail","hentry","page_category-semaine-par-semaine"],"yoast_head":"<!-- This site is optimized with the Yoast SEO plugin v27.4 - https:\/\/yoast.com\/product\/yoast-seo-wordpress\/ -->\n<title>Semaine 10 - Canbebe<\/title>\n<meta name=\"robots\" content=\"index, follow, max-snippet:-1, max-image-preview:large, max-video-preview:-1\" \/>\n<link rel=\"canonical\" href=\"https:\/\/canbebe.com\/fr\/calendrier-de-grossesse\/10-hafta\/\" \/>\n<meta property=\"og:locale\" content=\"fr_FR\" \/>\n<meta property=\"og:type\" content=\"article\" \/>\n<meta property=\"og:title\" content=\"Semaine 10 - Canbebe\" \/>\n<meta property=\"og:description\" content=\"[vc_row row_height_percent=\u00a0\u00bb0&Prime; override_padding=\u00a0\u00bbyes\u00a0\u00bb h_padding=\u00a0\u00bb2&Prime; top_padding=\u00a0\u00bb2&Prime; bottom_padding=\u00a0\u00bb0&Prime; overlay_alpha=\u00a0\u00bb50&Prime; equal_height=\u00a0\u00bbyes\u00a0\u00bb gutter_size=\u00a0\u00bb2&Prime; column_width_percent=\u00a0\u00bb100&Prime; shift_y=\u00a0\u00bb-3&Prime; z_index=\u00a0\u00bb0&Prime; uncode_shortcode_id=\u00a0\u00bb152492&Prime;][vc_column column_width_percent=\u00a0\u00bb100&Prime; position_vertical=\u00a0\u00bbmiddle\u00a0\u00bb align_horizontal=\u00a0\u00bbalign_center\u00a0\u00bb gutter_size=\u00a0\u00bb3&Prime; overlay_alpha=\u00a0\u00bb50&Prime; shift_x=\u00a0\u00bb0&Prime; shift_y=\u00a0\u00bb0&Prime; [&hellip;]\" \/>\n<meta property=\"og:url\" content=\"https:\/\/canbebe.com\/fr\/calendrier-de-grossesse\/10-hafta\/\" \/>\n<meta property=\"og:site_name\" content=\"Canbebe\" \/>\n<meta property=\"article:modified_time\" content=\"2024-04-09T14:57:28+00:00\" \/>\n<meta name=\"twitter:card\" content=\"summary_large_image\" \/>\n<script type=\"application\/ld+json\" class=\"yoast-schema-graph\">{\"@context\":\"https:\\\/\\\/schema.org\",\"@graph\":[{\"@type\":\"WebPage\",\"@id\":\"https:\\\/\\\/canbebe.com\\\/fr\\\/calendrier-de-grossesse\\\/10-hafta\\\/\",\"url\":\"https:\\\/\\\/canbebe.com\\\/fr\\\/calendrier-de-grossesse\\\/10-hafta\\\/\",\"name\":\"Semaine 10 - Canbebe\",\"isPartOf\":{\"@id\":\"https:\\\/\\\/canbebe.com\\\/fr\\\/#website\"},\"primaryImageOfPage\":{\"@id\":\"https:\\\/\\\/canbebe.com\\\/fr\\\/calendrier-de-grossesse\\\/10-hafta\\\/#primaryimage\"},\"image\":{\"@id\":\"https:\\\/\\\/canbebe.com\\\/fr\\\/calendrier-de-grossesse\\\/10-hafta\\\/#primaryimage\"},\"thumbnailUrl\":\"https:\\\/\\\/canbebe.com\\\/wp-content\\\/uploads\\\/2023\\\/12\\\/Fruits-1-2.svg\",\"datePublished\":\"2023-11-24T09:06:19+00:00\",\"dateModified\":\"2024-04-09T14:57:28+00:00\",\"breadcrumb\":{\"@id\":\"https:\\\/\\\/canbebe.com\\\/fr\\\/calendrier-de-grossesse\\\/10-hafta\\\/#breadcrumb\"},\"inLanguage\":\"fr-FR\",\"potentialAction\":[{\"@type\":\"ReadAction\",\"target\":[\"https:\\\/\\\/canbebe.com\\\/fr\\\/calendrier-de-grossesse\\\/10-hafta\\\/\"]}]},{\"@type\":\"ImageObject\",\"inLanguage\":\"fr-FR\",\"@id\":\"https:\\\/\\\/canbebe.com\\\/fr\\\/calendrier-de-grossesse\\\/10-hafta\\\/#primaryimage\",\"url\":\"https:\\\/\\\/canbebe.com\\\/wp-content\\\/uploads\\\/2023\\\/12\\\/Fruits-1-2.svg\",\"contentUrl\":\"https:\\\/\\\/canbebe.com\\\/wp-content\\\/uploads\\\/2023\\\/12\\\/Fruits-1-2.svg\",\"width\":\"72\",\"height\":\"72\"},{\"@type\":\"BreadcrumbList\",\"@id\":\"https:\\\/\\\/canbebe.com\\\/fr\\\/calendrier-de-grossesse\\\/10-hafta\\\/#breadcrumb\",\"itemListElement\":[{\"@type\":\"ListItem\",\"position\":1,\"name\":\"Accueil\",\"item\":\"https:\\\/\\\/canbebe.com\\\/fr\\\/\"},{\"@type\":\"ListItem\",\"position\":2,\"name\":\"Calendrier de Grossesse\",\"item\":\"https:\\\/\\\/canbebe.com\\\/fr\\\/calendrier-de-grossesse\\\/\"},{\"@type\":\"ListItem\",\"position\":3,\"name\":\"Semaine 10\"}]},{\"@type\":\"WebSite\",\"@id\":\"https:\\\/\\\/canbebe.com\\\/fr\\\/#website\",\"url\":\"https:\\\/\\\/canbebe.com\\\/fr\\\/\",\"name\":\"Canbebe\",\"description\":\"Canbebe\",\"publisher\":{\"@id\":\"https:\\\/\\\/canbebe.com\\\/fr\\\/#organization\"},\"potentialAction\":[{\"@type\":\"SearchAction\",\"target\":{\"@type\":\"EntryPoint\",\"urlTemplate\":\"https:\\\/\\\/canbebe.com\\\/fr\\\/?s={search_term_string}\"},\"query-input\":{\"@type\":\"PropertyValueSpecification\",\"valueRequired\":true,\"valueName\":\"search_term_string\"}}],\"inLanguage\":\"fr-FR\"},{\"@type\":\"Organization\",\"@id\":\"https:\\\/\\\/canbebe.com\\\/fr\\\/#organization\",\"name\":\"Canbebe\",\"url\":\"https:\\\/\\\/canbebe.com\\\/fr\\\/\",\"logo\":{\"@type\":\"ImageObject\",\"inLanguage\":\"fr-FR\",\"@id\":\"https:\\\/\\\/canbebe.com\\\/fr\\\/#\\\/schema\\\/logo\\\/image\\\/\",\"url\":\"https:\\\/\\\/canbebe.com\\\/wp-content\\\/uploads\\\/2023\\\/11\\\/logo-canbebe.png\",\"contentUrl\":\"https:\\\/\\\/canbebe.com\\\/wp-content\\\/uploads\\\/2023\\\/11\\\/logo-canbebe.png\",\"width\":398,\"height\":84,\"caption\":\"Canbebe\"},\"image\":{\"@id\":\"https:\\\/\\\/canbebe.com\\\/fr\\\/#\\\/schema\\\/logo\\\/image\\\/\"}}]}<\/script>\n<!-- \/ Yoast SEO plugin. -->","yoast_head_json":{"title":"Semaine 10 - Canbebe","robots":{"index":"index","follow":"follow","max-snippet":"max-snippet:-1","max-image-preview":"max-image-preview:large","max-video-preview":"max-video-preview:-1"},"canonical":"https:\/\/canbebe.com\/fr\/calendrier-de-grossesse\/10-hafta\/","og_locale":"fr_FR","og_type":"article","og_title":"Semaine 10 - Canbebe","og_description":"[vc_row row_height_percent=\u00a0\u00bb0&Prime; override_padding=\u00a0\u00bbyes\u00a0\u00bb h_padding=\u00a0\u00bb2&Prime; top_padding=\u00a0\u00bb2&Prime; bottom_padding=\u00a0\u00bb0&Prime; overlay_alpha=\u00a0\u00bb50&Prime; equal_height=\u00a0\u00bbyes\u00a0\u00bb gutter_size=\u00a0\u00bb2&Prime; column_width_percent=\u00a0\u00bb100&Prime; shift_y=\u00a0\u00bb-3&Prime; z_index=\u00a0\u00bb0&Prime; uncode_shortcode_id=\u00a0\u00bb152492&Prime;][vc_column column_width_percent=\u00a0\u00bb100&Prime; position_vertical=\u00a0\u00bbmiddle\u00a0\u00bb align_horizontal=\u00a0\u00bbalign_center\u00a0\u00bb gutter_size=\u00a0\u00bb3&Prime; overlay_alpha=\u00a0\u00bb50&Prime; shift_x=\u00a0\u00bb0&Prime; shift_y=\u00a0\u00bb0&Prime; [&hellip;]","og_url":"https:\/\/canbebe.com\/fr\/calendrier-de-grossesse\/10-hafta\/","og_site_name":"Canbebe","article_modified_time":"2024-04-09T14:57:28+00:00","twitter_card":"summary_large_image","schema":{"@context":"https:\/\/schema.org","@graph":[{"@type":"WebPage","@id":"https:\/\/canbebe.com\/fr\/calendrier-de-grossesse\/10-hafta\/","url":"https:\/\/canbebe.com\/fr\/calendrier-de-grossesse\/10-hafta\/","name":"Semaine 10 - Canbebe","isPartOf":{"@id":"https:\/\/canbebe.com\/fr\/#website"},"primaryImageOfPage":{"@id":"https:\/\/canbebe.com\/fr\/calendrier-de-grossesse\/10-hafta\/#primaryimage"},"image":{"@id":"https:\/\/canbebe.com\/fr\/calendrier-de-grossesse\/10-hafta\/#primaryimage"},"thumbnailUrl":"https:\/\/canbebe.com\/wp-content\/uploads\/2023\/12\/Fruits-1-2.svg","datePublished":"2023-11-24T09:06:19+00:00","dateModified":"2024-04-09T14:57:28+00:00","breadcrumb":{"@id":"https:\/\/canbebe.com\/fr\/calendrier-de-grossesse\/10-hafta\/#breadcrumb"},"inLanguage":"fr-FR","potentialAction":[{"@type":"ReadAction","target":["https:\/\/canbebe.com\/fr\/calendrier-de-grossesse\/10-hafta\/"]}]},{"@type":"ImageObject","inLanguage":"fr-FR","@id":"https:\/\/canbebe.com\/fr\/calendrier-de-grossesse\/10-hafta\/#primaryimage","url":"https:\/\/canbebe.com\/wp-content\/uploads\/2023\/12\/Fruits-1-2.svg","contentUrl":"https:\/\/canbebe.com\/wp-content\/uploads\/2023\/12\/Fruits-1-2.svg","width":"72","height":"72"},{"@type":"BreadcrumbList","@id":"https:\/\/canbebe.com\/fr\/calendrier-de-grossesse\/10-hafta\/#breadcrumb","itemListElement":[{"@type":"ListItem","position":1,"name":"Accueil","item":"https:\/\/canbebe.com\/fr\/"},{"@type":"ListItem","position":2,"name":"Calendrier de Grossesse","item":"https:\/\/canbebe.com\/fr\/calendrier-de-grossesse\/"},{"@type":"ListItem","position":3,"name":"Semaine 10"}]},{"@type":"WebSite","@id":"https:\/\/canbebe.com\/fr\/#website","url":"https:\/\/canbebe.com\/fr\/","name":"Canbebe","description":"Canbebe","publisher":{"@id":"https:\/\/canbebe.com\/fr\/#organization"},"potentialAction":[{"@type":"SearchAction","target":{"@type":"EntryPoint","urlTemplate":"https:\/\/canbebe.com\/fr\/?s={search_term_string}"},"query-input":{"@type":"PropertyValueSpecification","valueRequired":true,"valueName":"search_term_string"}}],"inLanguage":"fr-FR"},{"@type":"Organization","@id":"https:\/\/canbebe.com\/fr\/#organization","name":"Canbebe","url":"https:\/\/canbebe.com\/fr\/","logo":{"@type":"ImageObject","inLanguage":"fr-FR","@id":"https:\/\/canbebe.com\/fr\/#\/schema\/logo\/image\/","url":"https:\/\/canbebe.com\/wp-content\/uploads\/2023\/11\/logo-canbebe.png","contentUrl":"https:\/\/canbebe.com\/wp-content\/uploads\/2023\/11\/logo-canbebe.png","width":398,"height":84,"caption":"Canbebe"},"image":{"@id":"https:\/\/canbebe.com\/fr\/#\/schema\/logo\/image\/"}}]}},"_links":{"self":[{"href":"https:\/\/canbebe.com\/fr\/wp-json\/wp\/v2\/pages\/2589","targetHints":{"allow":["GET"]}}],"collection":[{"href":"https:\/\/canbebe.com\/fr\/wp-json\/wp\/v2\/pages"}],"about":[{"href":"https:\/\/canbebe.com\/fr\/wp-json\/wp\/v2\/types\/page"}],"author":[{"embeddable":true,"href":"https:\/\/canbebe.com\/fr\/wp-json\/wp\/v2\/users\/3"}],"replies":[{"embeddable":true,"href":"https:\/\/canbebe.com\/fr\/wp-json\/wp\/v2\/comments?post=2589"}],"version-history":[{"count":0,"href":"https:\/\/canbebe.com\/fr\/wp-json\/wp\/v2\/pages\/2589\/revisions"}],"up":[{"embeddable":true,"href":"https:\/\/canbebe.com\/fr\/wp-json\/wp\/v2\/pages\/2268"}],"wp:featuredmedia":[{"embeddable":true,"href":"https:\/\/canbebe.com\/fr\/wp-json\/wp\/v2\/media\/1105"}],"wp:attachment":[{"href":"https:\/\/canbebe.com\/fr\/wp-json\/wp\/v2\/media?parent=2589"}],"curies":[{"name":"wp","href":"https:\/\/api.w.org\/{rel}","templated":true}]}}