{"id":2581,"date":"2023-11-24T09:07:48","date_gmt":"2023-11-24T09:07:48","guid":{"rendered":"https:\/\/canbebe.com\/?page_id=2581"},"modified":"2024-04-09T14:50:58","modified_gmt":"2024-04-09T14:50:58","slug":"12-hafta","status":"publish","type":"page","link":"https:\/\/canbebe.com\/fr\/calendrier-de-grossesse\/12-hafta\/","title":{"rendered":"Semaine 12"},"content":{"rendered":"<div class=\"wpb-content-wrapper\"><p>[vc_row row_height_percent=\u00a0\u00bb0&Prime; override_padding=\u00a0\u00bbyes\u00a0\u00bb h_padding=\u00a0\u00bb2&Prime; top_padding=\u00a0\u00bb2&Prime; bottom_padding=\u00a0\u00bb0&Prime; overlay_alpha=\u00a0\u00bb50&Prime; equal_height=\u00a0\u00bbyes\u00a0\u00bb gutter_size=\u00a0\u00bb2&Prime; column_width_percent=\u00a0\u00bb100&Prime; shift_y=\u00a0\u00bb-3&Prime; z_index=\u00a0\u00bb0&Prime; uncode_shortcode_id=\u00a0\u00bb152492&Prime;][vc_column column_width_percent=\u00a0\u00bb100&Prime; position_vertical=\u00a0\u00bbmiddle\u00a0\u00bb align_horizontal=\u00a0\u00bbalign_center\u00a0\u00bb gutter_size=\u00a0\u00bb3&Prime; overlay_alpha=\u00a0\u00bb50&Prime; shift_x=\u00a0\u00bb0&Prime; shift_y=\u00a0\u00bb0&Prime; shift_y_down=\u00a0\u00bb0&Prime; z_index=\u00a0\u00bb0&Prime; medium_width=\u00a0\u00bb0&Prime; mobile_visibility=\u00a0\u00bbyes\u00a0\u00bb mobile_width=\u00a0\u00bb0&Prime; radius=\u00a0\u00bbsm\u00a0\u00bb width=\u00a0\u00bb5\/12&Prime; uncode_shortcode_id=\u00a0\u00bb931234&Prime; el_class=\u00a0\u00bbimg-rounded\u00a0\u00bb][\/vc_column][vc_column column_width_use_pixel=\u00a0\u00bbyes\u00a0\u00bb position_horizontal=\u00a0\u00bbright\u00a0\u00bb gutter_size=\u00a0\u00bb2&Prime; overlay_alpha=\u00a0\u00bb50&Prime; shift_x=\u00a0\u00bb0&Prime; shift_y=\u00a0\u00bb-5&Prime; shift_y_down=\u00a0\u00bb-5&Prime; z_index=\u00a0\u00bb0&Prime; medium_width=\u00a0\u00bb0&Prime; mobile_width=\u00a0\u00bb0&Prime; width=\u00a0\u00bb7\/12&Prime; uncode_shortcode_id=\u00a0\u00bb133000&Prime; column_width_pixel=\u00a0\u00bb600&Prime; el_id=\u00a0\u00bbhafta-nav\u00a0\u00bb][vc_custom_heading heading_semantic=\u00a0\u00bbh4&Prime; text_size=\u00a0\u00bb\u00a0\u00bb uncode_shortcode_id=\u00a0\u00bb170639&Prime;]Taille et poids du b\u00e9b\u00e9[\/vc_custom_heading][vc_column_text uncode_shortcode_id=\u00a0\u00bb191252&Prime;]Dans la 12\u00e8me semaine de grossesse, la taille du b\u00e9b\u00e9 est d&rsquo;environ 5-6 centim\u00e8tres, la taille d&rsquo;une prune. Son poids est d&rsquo;environ 13-14 grammes.[\/vc_column_text][\/vc_column][\/vc_row][vc_row row_height_percent=\u00a0\u00bb0&Prime; override_padding=\u00a0\u00bbyes\u00a0\u00bb h_padding=\u00a0\u00bb2&Prime; top_padding=\u00a0\u00bb1&Prime; bottom_padding=\u00a0\u00bb2&Prime; overlay_alpha=\u00a0\u00bb50&Prime; gutter_size=\u00a0\u00bb3&Prime; column_width_percent=\u00a0\u00bb100&Prime; shift_y=\u00a0\u00bb0&Prime; z_index=\u00a0\u00bb0&Prime; uncode_shortcode_id=\u00a0\u00bb137824&Prime;][vc_column width=\u00a0\u00bb1\/1&Prime;][vc_custom_heading heading_semantic=\u00a0\u00bbh4&Prime; text_size=\u00a0\u00bb\u00a0\u00bb uncode_shortcode_id=\u00a0\u00bb705345&Prime;]Le D\u00e9veloppement du B\u00e9b\u00e9[\/vc_custom_heading][vc_row_inner limit_content=\u00a0\u00bb\u00a0\u00bb][vc_column_inner width=\u00a0\u00bb5\/12&Prime;][vc_single_image media=\u00a0\u00bb1153&Prime; media_width_percent=\u00a0\u00bb100&Prime; uncode_shortcode_id=\u00a0\u00bb156387&Prime;][\/vc_column_inner][vc_column_inner width=\u00a0\u00bb7\/12&Prime;][vc_column_text uncode_shortcode_id=\u00a0\u00bb307791&Prime;]Laissez-nous annoncer le d\u00e9veloppement passionnant que votre petit b\u00e9b\u00e9 grandit \u00e0 l&rsquo;int\u00e9rieur de vous\u00a0: \u00e0 12 semaines, le b\u00e9b\u00e9 peut effectuer des mouvements acrobatiques dans l&rsquo;ut\u00e9rus. \u00c0 12 semaines, votre b\u00e9b\u00e9 peut grimper \u00e0 l&rsquo;int\u00e9rieur de votre ut\u00e9rus, se tenir \u00e0 l&rsquo;envers, s&rsquo;\u00e9tirer vers l&rsquo;arri\u00e8re ou m\u00eame se retourner. Il peut donner des coups de pied avec ses petites jambes. Il fait des mouvements de boxe avec ses bras. Il s&rsquo;amuse probablement beaucoup \u00e0 l&rsquo;int\u00e9rieur et il est de bonne humeur.<\/p>\n<p>\u00c0 12 semaines de grossesse, les organes de votre b\u00e9b\u00e9 ont d\u00e9j\u00e0 pris leur place et continuent de se d\u00e9velopper. Le placenta et le cordon ombilical maintiennent parfaitement leur fonction. Ses reins fonctionnent tr\u00e8s bien depuis quelques semaines. Votre b\u00e9b\u00e9 avale le liquide amniotique dans lequel il a grandi et le filtre \u00e0 travers ses intestins et ses reins, le lib\u00e9rant dans le sac de grossesse sous forme d&rsquo;urine. Ne vous inqui\u00e9tez pas, puisque le syst\u00e8me r\u00e9nal de votre b\u00e9b\u00e9 n&rsquo;a pas encore de fonction filtrante, il n&rsquo;\u00e9limine pas les d\u00e9chets du corps avec de l&rsquo;urine. Pour cette raison, il ne cause aucun dommage au liquide amniotique. Au contraire, \u00e0 mesure que le sac de grossesse se d\u00e9veloppe, il contribue \u00e0 l&rsquo;augmentation du liquide amniotique pr\u00e9cieux dans le sac. Les d\u00e9chets atteignent le placenta par le cordon ombilical du corps du b\u00e9b\u00e9 et sont transport\u00e9s dans le sang de la m\u00e8re. Le poids du liquide amniotique est de 30-40 millilitres \u00e0 la semaine 12. En milieu de grossesse, cette quantit\u00e9 avoisine le demi-litre. Lorsque la grossesse est termin\u00e9e, elle atteint environ 1 litre.<\/p>\n<p>De plus, le liquide amniotique contient des tissus tels que les cheveux, les cheveux et les ongles qui tombent du corps \u00e0 mesure que votre b\u00e9b\u00e9 grandit. De cette fa\u00e7on, la structure chromosomique des b\u00e9b\u00e9s peut \u00eatre examin\u00e9e avec l&rsquo;application de l&rsquo;amniocent\u00e8se, c&rsquo;est-\u00e0-dire le processus de pr\u00e9l\u00e8vement d&rsquo;\u00e9chantillons du liquide amniotique avec une aiguille.<\/p>\n<p>Au cours de la 12e semaine de grossesse, votre b\u00e9b\u00e9 continue d&rsquo;essayer de respirer de l&rsquo;eau d&rsquo;une mani\u00e8re qui contribue au d\u00e9veloppement de ses poumons, et il peut m\u00eame avoir un hoquet depuis la semaine derni\u00e8re.<\/p>\n<p>Certains des syst\u00e8mes corporels du b\u00e9b\u00e9 fonctionnent depuis quelques semaines. Cette semaine, il pourrait bouger ou m\u00eame recourber ses doigts plus rapidement. Il peut ouvrir et fermer ses doigts plus rapidement. Certains b\u00e9b\u00e9s peuvent m\u00eame sucer leur pouce \u00e0 partir de la 12e semaine. Il peut serrer les yeux.<\/p>\n<p>Bon nombre des mouvements de b\u00e9b\u00e9 de 12 semaines se pr\u00e9sentent sous la forme de r\u00e9flexes. Mais au fur et \u00e0 mesure que leurs muscles se d\u00e9veloppent, ils commenceront progressivement \u00e0 r\u00e9pondre aux signaux c\u00e9r\u00e9braux. Par exemple, lorsque vous touchez votre ventre et appuyez l\u00e9g\u00e8rement dessus, votre b\u00e9b\u00e9 le sentira aussi.<\/p>\n<p>\u00c0 la 12e semaine de grossesse, les organes g\u00e9nitaux et le syst\u00e8me reproducteur du f\u0153tus continuent de se d\u00e9velopper. Les ongles des doigts et des orteils continuent de se d\u00e9velopper.<\/p>\n<p>Ses os cartilagineux avaient commenc\u00e9 \u00e0 durcir sous forme osseuse ces derni\u00e8res semaines. Ce d\u00e9veloppement se poursuivra au cours de la 12e semaine.<\/p>\n<p>\u00c0 la 12e semaine de gestation, une fine couche de poils a commenc\u00e9 \u00e0 se former dans de nombreuses parties du corps de votre b\u00e9b\u00e9.<\/p>\n<p>Pendant la phase embryonnaire, le sac d&rsquo;\u0153ufs qui nourrit d&rsquo;abord le b\u00e9b\u00e9, c&rsquo;est-\u00e0-dire le sac vitellin, dispara\u00eet en 12-13 semaines.[\/vc_column_text][\/vc_column_inner][\/vc_row_inner][vc_custom_heading heading_semantic=\u00a0\u00bbh4&Prime; text_size=\u00a0\u00bb\u00a0\u00bb uncode_shortcode_id=\u00a0\u00bb194058&Prime;]Image \u00e9chographique[\/vc_custom_heading][vc_row_inner limit_content=\u00a0\u00bb\u00a0\u00bb][vc_column_inner width=\u00a0\u00bb5\/12&Prime;][vc_single_image media=\u00a0\u00bb1151&Prime; media_width_percent=\u00a0\u00bb100&Prime; uncode_shortcode_id=\u00a0\u00bb408163&Prime;][\/vc_column_inner][vc_column_inner width=\u00a0\u00bb7\/12&Prime;][vc_column_text uncode_shortcode_id=\u00a0\u00bb148995&Prime;]L&rsquo;image du b\u00e9b\u00e9 de 12 semaines est tr\u00e8s claire comme si elle avait \u00e9t\u00e9 photographi\u00e9e \u00e0 l&rsquo;\u00e9chographie en 4 dimensions. La t\u00eate de votre b\u00e9b\u00e9 n&rsquo;est plus la moiti\u00e9 de la taille de son corps, son corps a donc commenc\u00e9 \u00e0 grandir. Il a maintenant un corps plus proportionn\u00e9\u00a0! Il peut tenir plus raide que sa forme sinueuse, qui ressemble \u00e0 une virgule ces derni\u00e8res semaines.<\/p>\n<p>Vous pouvez voir votre b\u00e9b\u00e9 sangloter dans l&rsquo;\u00e9chographie de grossesse de 12 semaines.<\/p>\n<p>Sur l&rsquo;\u00e9chographie de 12 semaines, on peut voir que le visage de votre b\u00e9b\u00e9 se d\u00e9veloppe beaucoup plus clairement\u00a0; son nez, sa bouche, sa l\u00e8vre sup\u00e9rieure, ses oreilles et ses yeux sont plus pro\u00e9minents. Si vous avez un rendez-vous chez le m\u00e9decin cette semaine et que vous avez vu votre b\u00e9b\u00e9 sur le profil, vous pouvez vous retrouver \u00e0 faire des commentaires sur \u00e0 qui il ressemble&#8230;<\/p>\n<p>Votre m\u00e9decin peut vous faire \u00e9couter le rythme cardiaque sur l&rsquo;image \u00e9chographique du b\u00e9b\u00e9 de 12 semaines. Vous pourriez \u00eatre \u00e9tonn\u00e9 de son rythme cardiaque. La fr\u00e9quence cardiaque des b\u00e9b\u00e9s au cours de ces semaines est de 120\u00e0160 battements.<\/p>\n<p>Lors de l&rsquo;\u00e9chographie r\u00e9alis\u00e9e \u00e0 12 semaines de grossesse, le m\u00e9decin peut dire si les jumeaux sont des jumeaux identiques ou des jumeaux fraternels. Il le fait en regardant l&rsquo;\u00e9paisseur du tissu qui s\u00e9pare la poche les uns des autres. Bien qu&rsquo;il y ait une fine membrane amniotique entre eux au cours de ces semaines, il est indiqu\u00e9 que les b\u00e9b\u00e9s jumeaux se sentent l&rsquo;un l&rsquo;autre par le toucher.[\/vc_column_text][\/vc_column_inner][\/vc_row_inner][vc_custom_heading heading_semantic=\u00a0\u00bbh4&Prime; text_size=\u00a0\u00bb\u00a0\u00bb uncode_shortcode_id=\u00a0\u00bb659170&Prime;]Changements dans le corps de la m\u00e8re[\/vc_custom_heading][vc_column_text uncode_shortcode_id=\u00a0\u00bb103685&Prime;]Vous \u00eates sur le point de terminer le 4\u00e8me mois de votre grossesse.<\/p>\n<p>Au cours de la 12e semaine de grossesse, votre ut\u00e9rus a atteint la taille d&rsquo;un gros pamplemousse. Il est normal de ressentir des douleurs musculaires occasionnelles sur les c\u00f4t\u00e9s \u00e0 mesure que votre ut\u00e9rus grandit.<\/p>\n<p>Parmi les changements chez la m\u00e8re \u00e0 12 semaines de grossesse, voici l&rsquo;un des d\u00e9veloppements positifs\u00a0: depuis la semaine derni\u00e8re, votre ut\u00e9rus s&rsquo;est install\u00e9 un peu plus haut, vous ressentirez un soulagement dans votre vessie.<\/p>\n<p>Pendant la grossesse, vous devriez passer le double test (test 11-14) dans quelques semaines. Dans ce test, l&rsquo;\u00e9paisseur de la nuque de votre b\u00e9b\u00e9 sera examin\u00e9e.<\/p>\n<p>\u00c0 la 12e semaine de grossesse, les naus\u00e9es et la fatigue peuvent diminuer chez certaines femmes enceintes. Cela peut \u00eatre remplac\u00e9 par un sentiment de renouveau et d&rsquo;\u00e9nergie.<\/p>\n<p>Si votre groupe sanguin est Rh n\u00e9gatif et que le groupe sanguin de votre partenaire est Rh positif, vous pouvez avoir des probl\u00e8mes pendant la grossesse et avec votre b\u00e9b\u00e9. Votre m\u00e9decin effectuera les applications n\u00e9cessaires pendant la grossesse et apr\u00e8s la naissance.[\/vc_column_text][vc_custom_heading heading_semantic=\u00a0\u00bbh4&Prime; text_size=\u00a0\u00bbh4&Prime; uncode_shortcode_id=\u00a0\u00bb146382&Prime;]Choses \u00e0 prendre en compte[\/vc_custom_heading][vc_column_text uncode_shortcode_id=\u00a0\u00bb392067&Prime;]Il est important que vous ayez une num\u00e9ration formule sanguine compl\u00e8te \u00e0 douze semaines de grossesse afin de d\u00e9terminer les vitamines et min\u00e9raux manquants dans votre corps.<\/p>\n<p>Si vous n&rsquo;avez pas commenc\u00e9 la semaine derni\u00e8re, vous devriez certainement commencer \u00e0 prendre des comprim\u00e9s de fer \u00e0 la 12e semaine de grossesse. Si votre m\u00e9decin a oubli\u00e9 de vous recommander des suppl\u00e9ments de fer, rappelez-le-lui et consultez-le. Sinon, vous pourriez souffrir d&rsquo;an\u00e9mie. Cela peut vous faire sentir l\u00e9thargique. De plus, avec une suppl\u00e9mentation en fer, vous prenez une grande pr\u00e9caution contre la possibilit\u00e9 de saignements excessifs \u00e0 la naissance.<\/p>\n<p>Au cours de la 12e semaine de grossesse, si vos seins vous font mal, l&rsquo;application quotidienne d&rsquo;une cr\u00e8me pour les mamelons bio sur l&rsquo;ensemble du sein, que vous pouvez utiliser apr\u00e8s la naissance, peut vous aider \u00e0 vous d\u00e9tendre. Ne prolongez pas le temps d&rsquo;application de la cr\u00e8me. Parce qu&rsquo;une application durable sous forme de massage peut provoquer des effets qui d\u00e9clencheront le travail, car cela provoquera une sensation d&rsquo;excitation dans vos seins.<\/p>\n<p>\u00c0 partir de la 12e semaine de grossesse, vous risquez de vous fatiguer rapidement et d&rsquo;\u00eatre essouffl\u00e9e. Cela est d\u00fb \u00e0 la demande accrue en oxyg\u00e8ne du corps. Cela peut \u00eatre d\u00e9clench\u00e9 lorsque vous faites de l&rsquo;exercice. N&rsquo;oubliez pas de vous reposer et de prendre de petites pauses.[\/vc_column_text][\/vc_column][\/vc_row][vc_row][vc_column width=\u00a0\u00bb1\/1&Prime;][uncode_block id=\u00a0\u00bb989&Prime;][\/vc_column][\/vc_row][vc_row][vc_column width=\u00a0\u00bb1\/1&Prime;][uncode_block id=\u00a0\u00bb601&Prime;][\/vc_column][\/vc_row]<\/p>\n<\/div>","protected":false},"excerpt":{"rendered":"<p>[vc_row row_height_percent=\u00a0\u00bb0&Prime; override_padding=\u00a0\u00bbyes\u00a0\u00bb h_padding=\u00a0\u00bb2&Prime; top_padding=\u00a0\u00bb2&Prime; bottom_padding=\u00a0\u00bb0&Prime; overlay_alpha=\u00a0\u00bb50&Prime; equal_height=\u00a0\u00bbyes\u00a0\u00bb gutter_size=\u00a0\u00bb2&Prime; column_width_percent=\u00a0\u00bb100&Prime; shift_y=\u00a0\u00bb-3&Prime; z_index=\u00a0\u00bb0&Prime; uncode_shortcode_id=\u00a0\u00bb152492&Prime;][vc_column column_width_percent=\u00a0\u00bb100&Prime; position_vertical=\u00a0\u00bbmiddle\u00a0\u00bb align_horizontal=\u00a0\u00bbalign_center\u00a0\u00bb gutter_size=\u00a0\u00bb3&Prime; overlay_alpha=\u00a0\u00bb50&Prime; shift_x=\u00a0\u00bb0&Prime; shift_y=\u00a0\u00bb0&Prime; [&hellip;]<\/p>\n","protected":false},"author":3,"featured_media":970,"parent":2268,"menu_order":0,"comment_status":"closed","ping_status":"closed","template":"","meta":{"_monsterinsights_skip_tracking":false,"_monsterinsights_sitenote_active":false,"_monsterinsights_sitenote_note":"","_monsterinsights_sitenote_category":0,"footnotes":""},"class_list":["post-2581","page","type-page","status-publish","has-post-thumbnail","hentry","page_category-semaine-par-semaine"],"yoast_head":"<!-- This site is optimized with the Yoast SEO plugin v27.4 - https:\/\/yoast.com\/product\/yoast-seo-wordpress\/ -->\n<title>Semaine 12 - Canbebe<\/title>\n<meta name=\"robots\" content=\"index, follow, max-snippet:-1, max-image-preview:large, max-video-preview:-1\" \/>\n<link rel=\"canonical\" href=\"https:\/\/canbebe.com\/fr\/calendrier-de-grossesse\/12-hafta\/\" \/>\n<meta property=\"og:locale\" content=\"fr_FR\" \/>\n<meta property=\"og:type\" content=\"article\" \/>\n<meta property=\"og:title\" content=\"Semaine 12 - Canbebe\" \/>\n<meta property=\"og:description\" content=\"[vc_row row_height_percent=\u00a0\u00bb0&Prime; override_padding=\u00a0\u00bbyes\u00a0\u00bb h_padding=\u00a0\u00bb2&Prime; top_padding=\u00a0\u00bb2&Prime; bottom_padding=\u00a0\u00bb0&Prime; overlay_alpha=\u00a0\u00bb50&Prime; equal_height=\u00a0\u00bbyes\u00a0\u00bb gutter_size=\u00a0\u00bb2&Prime; column_width_percent=\u00a0\u00bb100&Prime; shift_y=\u00a0\u00bb-3&Prime; z_index=\u00a0\u00bb0&Prime; uncode_shortcode_id=\u00a0\u00bb152492&Prime;][vc_column column_width_percent=\u00a0\u00bb100&Prime; position_vertical=\u00a0\u00bbmiddle\u00a0\u00bb align_horizontal=\u00a0\u00bbalign_center\u00a0\u00bb gutter_size=\u00a0\u00bb3&Prime; overlay_alpha=\u00a0\u00bb50&Prime; shift_x=\u00a0\u00bb0&Prime; shift_y=\u00a0\u00bb0&Prime; [&hellip;]\" \/>\n<meta property=\"og:url\" content=\"https:\/\/canbebe.com\/fr\/calendrier-de-grossesse\/12-hafta\/\" \/>\n<meta property=\"og:site_name\" content=\"Canbebe\" \/>\n<meta property=\"article:modified_time\" content=\"2024-04-09T14:50:58+00:00\" \/>\n<meta name=\"twitter:card\" content=\"summary_large_image\" \/>\n<script type=\"application\/ld+json\" class=\"yoast-schema-graph\">{\"@context\":\"https:\\\/\\\/schema.org\",\"@graph\":[{\"@type\":\"WebPage\",\"@id\":\"https:\\\/\\\/canbebe.com\\\/fr\\\/calendrier-de-grossesse\\\/12-hafta\\\/\",\"url\":\"https:\\\/\\\/canbebe.com\\\/fr\\\/calendrier-de-grossesse\\\/12-hafta\\\/\",\"name\":\"Semaine 12 - Canbebe\",\"isPartOf\":{\"@id\":\"https:\\\/\\\/canbebe.com\\\/fr\\\/#website\"},\"primaryImageOfPage\":{\"@id\":\"https:\\\/\\\/canbebe.com\\\/fr\\\/calendrier-de-grossesse\\\/12-hafta\\\/#primaryimage\"},\"image\":{\"@id\":\"https:\\\/\\\/canbebe.com\\\/fr\\\/calendrier-de-grossesse\\\/12-hafta\\\/#primaryimage\"},\"thumbnailUrl\":\"https:\\\/\\\/canbebe.com\\\/wp-content\\\/uploads\\\/2023\\\/12\\\/Plum.svg\",\"datePublished\":\"2023-11-24T09:07:48+00:00\",\"dateModified\":\"2024-04-09T14:50:58+00:00\",\"breadcrumb\":{\"@id\":\"https:\\\/\\\/canbebe.com\\\/fr\\\/calendrier-de-grossesse\\\/12-hafta\\\/#breadcrumb\"},\"inLanguage\":\"fr-FR\",\"potentialAction\":[{\"@type\":\"ReadAction\",\"target\":[\"https:\\\/\\\/canbebe.com\\\/fr\\\/calendrier-de-grossesse\\\/12-hafta\\\/\"]}]},{\"@type\":\"ImageObject\",\"inLanguage\":\"fr-FR\",\"@id\":\"https:\\\/\\\/canbebe.com\\\/fr\\\/calendrier-de-grossesse\\\/12-hafta\\\/#primaryimage\",\"url\":\"https:\\\/\\\/canbebe.com\\\/wp-content\\\/uploads\\\/2023\\\/12\\\/Plum.svg\",\"contentUrl\":\"https:\\\/\\\/canbebe.com\\\/wp-content\\\/uploads\\\/2023\\\/12\\\/Plum.svg\",\"width\":72,\"height\":72},{\"@type\":\"BreadcrumbList\",\"@id\":\"https:\\\/\\\/canbebe.com\\\/fr\\\/calendrier-de-grossesse\\\/12-hafta\\\/#breadcrumb\",\"itemListElement\":[{\"@type\":\"ListItem\",\"position\":1,\"name\":\"Accueil\",\"item\":\"https:\\\/\\\/canbebe.com\\\/fr\\\/\"},{\"@type\":\"ListItem\",\"position\":2,\"name\":\"Calendrier de Grossesse\",\"item\":\"https:\\\/\\\/canbebe.com\\\/fr\\\/calendrier-de-grossesse\\\/\"},{\"@type\":\"ListItem\",\"position\":3,\"name\":\"Semaine 12\"}]},{\"@type\":\"WebSite\",\"@id\":\"https:\\\/\\\/canbebe.com\\\/fr\\\/#website\",\"url\":\"https:\\\/\\\/canbebe.com\\\/fr\\\/\",\"name\":\"Canbebe\",\"description\":\"Canbebe\",\"publisher\":{\"@id\":\"https:\\\/\\\/canbebe.com\\\/fr\\\/#organization\"},\"potentialAction\":[{\"@type\":\"SearchAction\",\"target\":{\"@type\":\"EntryPoint\",\"urlTemplate\":\"https:\\\/\\\/canbebe.com\\\/fr\\\/?s={search_term_string}\"},\"query-input\":{\"@type\":\"PropertyValueSpecification\",\"valueRequired\":true,\"valueName\":\"search_term_string\"}}],\"inLanguage\":\"fr-FR\"},{\"@type\":\"Organization\",\"@id\":\"https:\\\/\\\/canbebe.com\\\/fr\\\/#organization\",\"name\":\"Canbebe\",\"url\":\"https:\\\/\\\/canbebe.com\\\/fr\\\/\",\"logo\":{\"@type\":\"ImageObject\",\"inLanguage\":\"fr-FR\",\"@id\":\"https:\\\/\\\/canbebe.com\\\/fr\\\/#\\\/schema\\\/logo\\\/image\\\/\",\"url\":\"https:\\\/\\\/canbebe.com\\\/wp-content\\\/uploads\\\/2023\\\/11\\\/logo-canbebe.png\",\"contentUrl\":\"https:\\\/\\\/canbebe.com\\\/wp-content\\\/uploads\\\/2023\\\/11\\\/logo-canbebe.png\",\"width\":398,\"height\":84,\"caption\":\"Canbebe\"},\"image\":{\"@id\":\"https:\\\/\\\/canbebe.com\\\/fr\\\/#\\\/schema\\\/logo\\\/image\\\/\"}}]}<\/script>\n<!-- \/ Yoast SEO plugin. -->","yoast_head_json":{"title":"Semaine 12 - Canbebe","robots":{"index":"index","follow":"follow","max-snippet":"max-snippet:-1","max-image-preview":"max-image-preview:large","max-video-preview":"max-video-preview:-1"},"canonical":"https:\/\/canbebe.com\/fr\/calendrier-de-grossesse\/12-hafta\/","og_locale":"fr_FR","og_type":"article","og_title":"Semaine 12 - Canbebe","og_description":"[vc_row row_height_percent=\u00a0\u00bb0&Prime; override_padding=\u00a0\u00bbyes\u00a0\u00bb h_padding=\u00a0\u00bb2&Prime; top_padding=\u00a0\u00bb2&Prime; bottom_padding=\u00a0\u00bb0&Prime; overlay_alpha=\u00a0\u00bb50&Prime; equal_height=\u00a0\u00bbyes\u00a0\u00bb gutter_size=\u00a0\u00bb2&Prime; column_width_percent=\u00a0\u00bb100&Prime; shift_y=\u00a0\u00bb-3&Prime; z_index=\u00a0\u00bb0&Prime; uncode_shortcode_id=\u00a0\u00bb152492&Prime;][vc_column column_width_percent=\u00a0\u00bb100&Prime; position_vertical=\u00a0\u00bbmiddle\u00a0\u00bb align_horizontal=\u00a0\u00bbalign_center\u00a0\u00bb gutter_size=\u00a0\u00bb3&Prime; overlay_alpha=\u00a0\u00bb50&Prime; shift_x=\u00a0\u00bb0&Prime; shift_y=\u00a0\u00bb0&Prime; [&hellip;]","og_url":"https:\/\/canbebe.com\/fr\/calendrier-de-grossesse\/12-hafta\/","og_site_name":"Canbebe","article_modified_time":"2024-04-09T14:50:58+00:00","twitter_card":"summary_large_image","schema":{"@context":"https:\/\/schema.org","@graph":[{"@type":"WebPage","@id":"https:\/\/canbebe.com\/fr\/calendrier-de-grossesse\/12-hafta\/","url":"https:\/\/canbebe.com\/fr\/calendrier-de-grossesse\/12-hafta\/","name":"Semaine 12 - Canbebe","isPartOf":{"@id":"https:\/\/canbebe.com\/fr\/#website"},"primaryImageOfPage":{"@id":"https:\/\/canbebe.com\/fr\/calendrier-de-grossesse\/12-hafta\/#primaryimage"},"image":{"@id":"https:\/\/canbebe.com\/fr\/calendrier-de-grossesse\/12-hafta\/#primaryimage"},"thumbnailUrl":"https:\/\/canbebe.com\/wp-content\/uploads\/2023\/12\/Plum.svg","datePublished":"2023-11-24T09:07:48+00:00","dateModified":"2024-04-09T14:50:58+00:00","breadcrumb":{"@id":"https:\/\/canbebe.com\/fr\/calendrier-de-grossesse\/12-hafta\/#breadcrumb"},"inLanguage":"fr-FR","potentialAction":[{"@type":"ReadAction","target":["https:\/\/canbebe.com\/fr\/calendrier-de-grossesse\/12-hafta\/"]}]},{"@type":"ImageObject","inLanguage":"fr-FR","@id":"https:\/\/canbebe.com\/fr\/calendrier-de-grossesse\/12-hafta\/#primaryimage","url":"https:\/\/canbebe.com\/wp-content\/uploads\/2023\/12\/Plum.svg","contentUrl":"https:\/\/canbebe.com\/wp-content\/uploads\/2023\/12\/Plum.svg","width":72,"height":72},{"@type":"BreadcrumbList","@id":"https:\/\/canbebe.com\/fr\/calendrier-de-grossesse\/12-hafta\/#breadcrumb","itemListElement":[{"@type":"ListItem","position":1,"name":"Accueil","item":"https:\/\/canbebe.com\/fr\/"},{"@type":"ListItem","position":2,"name":"Calendrier de Grossesse","item":"https:\/\/canbebe.com\/fr\/calendrier-de-grossesse\/"},{"@type":"ListItem","position":3,"name":"Semaine 12"}]},{"@type":"WebSite","@id":"https:\/\/canbebe.com\/fr\/#website","url":"https:\/\/canbebe.com\/fr\/","name":"Canbebe","description":"Canbebe","publisher":{"@id":"https:\/\/canbebe.com\/fr\/#organization"},"potentialAction":[{"@type":"SearchAction","target":{"@type":"EntryPoint","urlTemplate":"https:\/\/canbebe.com\/fr\/?s={search_term_string}"},"query-input":{"@type":"PropertyValueSpecification","valueRequired":true,"valueName":"search_term_string"}}],"inLanguage":"fr-FR"},{"@type":"Organization","@id":"https:\/\/canbebe.com\/fr\/#organization","name":"Canbebe","url":"https:\/\/canbebe.com\/fr\/","logo":{"@type":"ImageObject","inLanguage":"fr-FR","@id":"https:\/\/canbebe.com\/fr\/#\/schema\/logo\/image\/","url":"https:\/\/canbebe.com\/wp-content\/uploads\/2023\/11\/logo-canbebe.png","contentUrl":"https:\/\/canbebe.com\/wp-content\/uploads\/2023\/11\/logo-canbebe.png","width":398,"height":84,"caption":"Canbebe"},"image":{"@id":"https:\/\/canbebe.com\/fr\/#\/schema\/logo\/image\/"}}]}},"_links":{"self":[{"href":"https:\/\/canbebe.com\/fr\/wp-json\/wp\/v2\/pages\/2581","targetHints":{"allow":["GET"]}}],"collection":[{"href":"https:\/\/canbebe.com\/fr\/wp-json\/wp\/v2\/pages"}],"about":[{"href":"https:\/\/canbebe.com\/fr\/wp-json\/wp\/v2\/types\/page"}],"author":[{"embeddable":true,"href":"https:\/\/canbebe.com\/fr\/wp-json\/wp\/v2\/users\/3"}],"replies":[{"embeddable":true,"href":"https:\/\/canbebe.com\/fr\/wp-json\/wp\/v2\/comments?post=2581"}],"version-history":[{"count":0,"href":"https:\/\/canbebe.com\/fr\/wp-json\/wp\/v2\/pages\/2581\/revisions"}],"up":[{"embeddable":true,"href":"https:\/\/canbebe.com\/fr\/wp-json\/wp\/v2\/pages\/2268"}],"wp:featuredmedia":[{"embeddable":true,"href":"https:\/\/canbebe.com\/fr\/wp-json\/wp\/v2\/media\/970"}],"wp:attachment":[{"href":"https:\/\/canbebe.com\/fr\/wp-json\/wp\/v2\/media?parent=2581"}],"curies":[{"name":"wp","href":"https:\/\/api.w.org\/{rel}","templated":true}]}}