{"id":2561,"date":"2023-11-24T10:03:20","date_gmt":"2023-11-24T10:03:20","guid":{"rendered":"https:\/\/canbebe.com\/?page_id=2561"},"modified":"2024-04-09T14:56:39","modified_gmt":"2024-04-09T14:56:39","slug":"16-hafta","status":"publish","type":"page","link":"https:\/\/canbebe.com\/fr\/calendrier-de-grossesse\/16-hafta\/","title":{"rendered":"Semaine 16"},"content":{"rendered":"<div class=\"wpb-content-wrapper\"><p>[vc_row row_height_percent=\u00a0\u00bb0&Prime; override_padding=\u00a0\u00bbyes\u00a0\u00bb h_padding=\u00a0\u00bb2&Prime; top_padding=\u00a0\u00bb2&Prime; bottom_padding=\u00a0\u00bb0&Prime; overlay_alpha=\u00a0\u00bb50&Prime; equal_height=\u00a0\u00bbyes\u00a0\u00bb gutter_size=\u00a0\u00bb2&Prime; column_width_percent=\u00a0\u00bb100&Prime; shift_y=\u00a0\u00bb-3&Prime; z_index=\u00a0\u00bb0&Prime; uncode_shortcode_id=\u00a0\u00bb152492&Prime;][vc_column column_width_percent=\u00a0\u00bb100&Prime; position_vertical=\u00a0\u00bbmiddle\u00a0\u00bb align_horizontal=\u00a0\u00bbalign_center\u00a0\u00bb gutter_size=\u00a0\u00bb3&Prime; overlay_alpha=\u00a0\u00bb50&Prime; shift_x=\u00a0\u00bb0&Prime; shift_y=\u00a0\u00bb0&Prime; shift_y_down=\u00a0\u00bb0&Prime; z_index=\u00a0\u00bb0&Prime; medium_width=\u00a0\u00bb0&Prime; mobile_visibility=\u00a0\u00bbyes\u00a0\u00bb mobile_width=\u00a0\u00bb0&Prime; radius=\u00a0\u00bbsm\u00a0\u00bb width=\u00a0\u00bb5\/12&Prime; uncode_shortcode_id=\u00a0\u00bb931234&Prime; el_class=\u00a0\u00bbimg-rounded\u00a0\u00bb][\/vc_column][vc_column column_width_use_pixel=\u00a0\u00bbyes\u00a0\u00bb position_horizontal=\u00a0\u00bbright\u00a0\u00bb gutter_size=\u00a0\u00bb2&Prime; overlay_alpha=\u00a0\u00bb50&Prime; shift_x=\u00a0\u00bb0&Prime; shift_y=\u00a0\u00bb-5&Prime; shift_y_down=\u00a0\u00bb-5&Prime; z_index=\u00a0\u00bb0&Prime; medium_width=\u00a0\u00bb0&Prime; mobile_width=\u00a0\u00bb0&Prime; width=\u00a0\u00bb7\/12&Prime; uncode_shortcode_id=\u00a0\u00bb133000&Prime; column_width_pixel=\u00a0\u00bb600&Prime; el_id=\u00a0\u00bbhafta-nav\u00a0\u00bb][vc_custom_heading heading_semantic=\u00a0\u00bbh4&Prime; text_size=\u00a0\u00bb\u00a0\u00bb uncode_shortcode_id=\u00a0\u00bb159869&Prime;]Taille et poids du b\u00e9b\u00e9[\/vc_custom_heading][vc_column_text uncode_shortcode_id=\u00a0\u00bb130413&Prime;]Au cours de la 16e semaine de grossesse, le b\u00e9b\u00e9 mesure 11 \u00e0 12 centim\u00e8tres, soit environ la taille d&rsquo;un avocat. Son poids est d&rsquo;environ 100 grammes.[\/vc_column_text][\/vc_column][\/vc_row][vc_row row_height_percent=\u00a0\u00bb0&Prime; override_padding=\u00a0\u00bbyes\u00a0\u00bb h_padding=\u00a0\u00bb2&Prime; top_padding=\u00a0\u00bb1&Prime; bottom_padding=\u00a0\u00bb2&Prime; overlay_alpha=\u00a0\u00bb50&Prime; gutter_size=\u00a0\u00bb3&Prime; column_width_percent=\u00a0\u00bb100&Prime; shift_y=\u00a0\u00bb0&Prime; z_index=\u00a0\u00bb0&Prime; uncode_shortcode_id=\u00a0\u00bb137824&Prime;][vc_column width=\u00a0\u00bb1\/1&Prime;][vc_custom_heading heading_semantic=\u00a0\u00bbh4&Prime; text_size=\u00a0\u00bb\u00a0\u00bb uncode_shortcode_id=\u00a0\u00bb387285&Prime;]Le D\u00e9veloppement du B\u00e9b\u00e9[\/vc_custom_heading][vc_row_inner limit_content=\u00a0\u00bb\u00a0\u00bb][vc_column_inner width=\u00a0\u00bb5\/12&Prime;][vc_single_image media=\u00a0\u00bb1169&Prime; media_width_percent=\u00a0\u00bb100&Prime; uncode_shortcode_id=\u00a0\u00bb195653&Prime;][\/vc_column_inner][vc_column_inner width=\u00a0\u00bb7\/12&Prime;][vc_column_text uncode_shortcode_id=\u00a0\u00bb185131&Prime;]\u00c0 la 16e semaine de grossesse, les muscles, les os et le syst\u00e8me nerveux de votre b\u00e9b\u00e9 continuent de se d\u00e9velopper.<\/p>\n<p>Les os qui continuent \u00e0 se solidifier seront flexibles jusqu&rsquo;\u00e0 l&rsquo;accouchement, favorisant ainsi un accouchement plus facile<\/p>\n<p>Ses ongles continuent de pousser. Sa peau s&rsquo;\u00e9paissit progressivement.<\/p>\n<p>Au cours de la 16e semaine de grossesse, votre b\u00e9b\u00e9 continue de faire diverses expressions faciales telles que la surprise, la tristesse, le froncement des sourcils et le sourire. Ne vous inqui\u00e9tez pas, ce ne sont pas ses vraies r\u00e9actions \u00e9motionnelles, il les fait involontairement. Vous pouvez les consid\u00e9rer comme une sorte d&rsquo;exp\u00e9rimentation et d&rsquo;exercices mimiques, tels qu&rsquo;un exercice musculaire facial.<\/p>\n<p>Votre b\u00e9b\u00e9 peut faire des mouvements de pr\u00e9hension avec ses mains. Ils peuvent m\u00eame joindre les mains et serrer ou saisir le cordon ombilical.<\/p>\n<p>Les m\u00e8ches de cheveux commencent \u00e0 s&rsquo;\u00e9paissir.<\/p>\n<p>Au cours de la 16e semaine de grossesse, votre b\u00e9b\u00e9 continue d&rsquo;avaler du liquide amniotique et de le faire passer dans le tube digestif et d&rsquo;uriner. Et cela continue jusqu&rsquo;\u00e0 la naissance.<\/p>\n<p>Des centaines de milliers d&rsquo;ovules se forment dans les ovaires des b\u00e9b\u00e9s filles cette semaine.<\/p>\n<p>\u00c0 16 semaines, le b\u00e9b\u00e9 peut donner un coup de pied dans l&rsquo;ut\u00e9rus avec ses petits pieds.<\/p>\n<p>\u00c0 la 16e semaine de gestation, ses yeux deviennent plus sensibles \u00e0 la lumi\u00e8re. Ses oreilles ont commenc\u00e9 \u00e0 entendre.<\/p>\n<p>Le placenta, qui termine son d\u00e9veloppement \u00e0 12-13 semaines, est une structure qui permet au b\u00e9b\u00e9 de respirer, de se nourrir et de produire des mati\u00e8res f\u00e9cales. Il prot\u00e8ge \u00e9galement le b\u00e9b\u00e9 contre les infections. Il fonctionne aussi vite qu&rsquo;un organe et consomme de l&rsquo;\u00e9nergie. Pour cette raison, il y a beaucoup de flux sanguin vers le placenta. \u00c0 mesure que le f\u0153tus grandit et que ses besoins augmentent, le placenta s&rsquo;\u00e9paissit \u00e9galement. \u00c0 la fin de la 16e semaine, le placenta mesure environ 1 centim\u00e8tre d&rsquo;\u00e9paisseur et a atteint environ 7-8 centim\u00e8tres de longueur.<\/p>\n<p>\u00c0 16 semaines de grossesse, les bourgeons dentaires du b\u00e9b\u00e9 commencent \u00e0 devenir plus pro\u00e9minents.[\/vc_column_text][\/vc_column_inner][\/vc_row_inner][vc_custom_heading heading_semantic=\u00a0\u00bbh4&Prime; text_size=\u00a0\u00bb\u00a0\u00bb uncode_shortcode_id=\u00a0\u00bb942688&Prime;]Image \u00e9chographique[\/vc_custom_heading][vc_row_inner limit_content=\u00a0\u00bb\u00a0\u00bb][vc_column_inner width=\u00a0\u00bb5\/12&Prime;][vc_single_image media=\u00a0\u00bb1167&Prime; media_width_percent=\u00a0\u00bb100&Prime; uncode_shortcode_id=\u00a0\u00bb175804&Prime;][\/vc_column_inner][vc_column_inner width=\u00a0\u00bb7\/12&Prime;][vc_column_text uncode_shortcode_id=\u00a0\u00bb158679&Prime;]Dans les images \u00e9chographiques de grossesses de 16 semaines, on voit que les traits du visage du b\u00e9b\u00e9 deviennent plus importants. Ses pieds sont plus longs que ses bras et son corps est encore mince.<\/p>\n<p>Sur l&rsquo;image du b\u00e9b\u00e9 de 16 semaines, vous pouvez voir les mains de votre b\u00e9b\u00e9 se joindre et se serrer.<\/p>\n<p>Votre m\u00e9decin peut voir les structures du corps de votre b\u00e9b\u00e9 \u00e0 l&rsquo;\u00e9chographie\u00a0; Certains organes tels que le c\u0153ur, le diaphragme, les reins peuvent \u00eatre observ\u00e9s. Votre m\u00e9decin peut \u00e9galement observer le flux sanguin dans le placenta et le cordon ombilical \u00e0 l&rsquo;\u00e9chographie.[\/vc_column_text][vc_custom_heading heading_semantic=\u00a0\u00bbh5&Prime; text_size=\u00a0\u00bbh5&Prime; uncode_shortcode_id=\u00a0\u00bb206236&Prime;]Le sexe du b\u00e9b\u00e9 de 16 semaines est-il d\u00e9termin\u00e9\u00a0?[\/vc_custom_heading][vc_column_text uncode_shortcode_id=\u00a0\u00bb160104&Prime;]Si le m\u00e9decin n&rsquo;a pas \u00e9t\u00e9 en mesure de voir le sexe de votre b\u00e9b\u00e9 auparavant, il peut faire une grande pr\u00e9diction de genre cette semaine. Cependant, certains b\u00e9b\u00e9s ne le permettent pas en raison de la position. Si votre b\u00e9b\u00e9 est un gar\u00e7on, votre m\u00e9decin sera probablement en mesure de voir le sexe. Pour cette raison, ne soyez pas d\u00e9\u00e7u si votre m\u00e9decin ne peut pas dire le sexe \u00e0 16 semaines.[\/vc_column_text][\/vc_column_inner][\/vc_row_inner][vc_custom_heading heading_semantic=\u00a0\u00bbh4&Prime; text_size=\u00a0\u00bb\u00a0\u00bb uncode_shortcode_id=\u00a0\u00bb181795&Prime;]Les mouvements de b\u00e9b\u00e9 de 16 semaines sont-ils agr\u00e9ables\u00a0?[\/vc_custom_heading][vc_column_text uncode_shortcode_id=\u00a0\u00bb102236&Prime;]\u00c0 16 semaines de grossesse, vous pouvez sentir votre b\u00e9b\u00e9 bouger\u00a0! Ses petits coups de pied ressemblent au battement d&rsquo;ailes d&rsquo;un papillon. En g\u00e9n\u00e9ral, les mouvements du b\u00e9b\u00e9 se font sentir vers la 16e semaine de la deuxi\u00e8me ou de la troisi\u00e8me grossesse. Si c&rsquo;est votre premier b\u00e9b\u00e9, il est normal que vous ne sentiez toujours pas les mouvements, vous pouvez probablement les sentir apr\u00e8s 20 semaines.[\/vc_column_text][vc_custom_heading heading_semantic=\u00a0\u00bbh4&Prime; text_size=\u00a0\u00bbh4&Prime; uncode_shortcode_id=\u00a0\u00bb164656&Prime;]Changements dans le corps de la m\u00e8re[\/vc_custom_heading][vc_column_text uncode_shortcode_id=\u00a0\u00bb819591&Prime;]\u00c0 16 semaines de grossesse, le poids de votre ut\u00e9rus est d&rsquo;environ 230-250 grammes.<\/p>\n<p>Entre 16 et 20 semaines de grossesse, votre m\u00e9decin peut recommander le triple test ou le quadruple test nouvellement d\u00e9velopp\u00e9. La diff\u00e9rence entre le Triple Test et le Quad Test est que le Quad Test comprend un d\u00e9pistage plus approfondi. Si aucun risque n&rsquo;a \u00e9t\u00e9 identifi\u00e9 dans votre double test, votre m\u00e9decin peut ne pas recommander ces tests. Ces tests \u00e9valuent le risque que le b\u00e9b\u00e9 pr\u00e9sente une anomalie du tube neural, un syndrome de Down ou d&rsquo;autres anomalies chromosomiques, ainsi que des facteurs tels que votre \u00e2ge.<\/p>\n<p>Le triple test et le quadruple test ne pr\u00e9sentent aucun risque. Dans ce test, si le risque d&rsquo;un probl\u00e8me g\u00e9n\u00e9tique est d\u00e9tect\u00e9, le m\u00e9decin peut recommander des tests suppl\u00e9mentaires tels que l&rsquo;amniocent\u00e8se \u00e0 la femme enceinte. Bien que ces tests augmentent les estimations de risque, ils peuvent parfois donner des r\u00e9sultats erron\u00e9s et peuvent impliquer des risques pour le b\u00e9b\u00e9. La d\u00e9cision en la mati\u00e8re est laiss\u00e9e aux parents.<\/p>\n<p>Comme il peut y avoir des tensions et des \u00e9tirements dans les muscles autour de l&rsquo;ut\u00e9rus, vous pouvez ressentir des douleurs \u00e0 l&rsquo;aine \u00e0 16 semaines de grossesse.<\/p>\n<p>Si du sucre est d\u00e9tect\u00e9 dans vos urines \u00e0 16 semaines de grossesse, votre m\u00e9decin peut vous prescrire un test sanguin et un test de charge en sucre par voie orale pour d\u00e9terminer le rapport de votre glyc\u00e9mie. Aujourd&rsquo;hui, le test de charge en sucre fait partie des tests de routine, mais il est effectu\u00e9 avec l&rsquo;approbation de la future m\u00e8re. La r\u00e9alisation du test est d&rsquo;une grande importance en termes de d\u00e9tection du diab\u00e8te de grossesse. Parce que le diab\u00e8te de grossesse peut faire na\u00eetre le b\u00e9b\u00e9 en surpoids et provoquer des situations \u00e0 risque pour la sant\u00e9 de la m\u00e8re et du b\u00e9b\u00e9. Un r\u00e9gime alimentaire dans lequel la consommation de sucre est maintenue sous contr\u00f4le est recommand\u00e9 aux femmes enceintes dont le diab\u00e8te de grossesse est d\u00e9tect\u00e9, et des restrictions sont impos\u00e9es sur les aliments contenant du sucre.<\/p>\n<p>Chez 97 % des femmes enceintes chez qui un diab\u00e8te de grossesse est diagnostiqu\u00e9 \u00e0 la 16e semaine de grossesse, la glyc\u00e9mie revient \u00e0 la normale apr\u00e8s l&rsquo;accouchement. Les femmes enceintes atteintes de diab\u00e8te de grossesse d\u00e9tect\u00e9 doivent subir des contr\u00f4les m\u00e9dicaux r\u00e9guliers et se conformer aux programmes de r\u00e9gime alimentaire.[\/vc_column_text][vc_custom_heading heading_semantic=\u00a0\u00bbh4&Prime; text_size=\u00a0\u00bbh4&Prime; uncode_shortcode_id=\u00a0\u00bb394406&Prime;]Choses \u00e0 prendre en compte[\/vc_custom_heading][vc_column_text uncode_shortcode_id=\u00a0\u00bb124408&Prime;]Faites attention \u00e0 votre prise de poids car votre app\u00e9tit peut augmenter au cours de ces semaines. Si vous faites attention aux aliments sucr\u00e9s et glucidiques et que vous ne mangez pas trop, vous ne prendrez pas beaucoup de poids.<\/p>\n<p>Chaque jour, vous pourriez ne pas vous sentir bien avec votre ventre qui grossit. Mais rassurez-vous, gr\u00e2ce \u00e0 la pl\u00e9nitude de votre visage et de vos l\u00e8vres et \u00e0 l&rsquo;\u00e9clat de votre peau, tout le monde, y compris votre partenaire, pensera que vous \u00eates tr\u00e8s belle. Vous vous sentirez bien si vous vous efforcez d&rsquo;\u00eatre aussi attentionn\u00e9 et attentif que jamais.<\/p>\n<p>\u00c0 16 semaines de grossesse, l&rsquo;effet de l&rsquo;hormone progest\u00e9rone et la pression exerc\u00e9e par votre ut\u00e9rus sur vos intestins font que les muscles intestinaux deviennent paresseux, ce qui entra\u00eene la constipation. Cela ne signifie \u00e9videmment pas que toutes les femmes enceintes seront constip\u00e9es. En g\u00e9n\u00e9ral, 1 femme enceinte sur 2 souffre de constipation. Manger beaucoup de fibres, boire beaucoup d&rsquo;eau et se d\u00e9placer sont les meilleures solutions pour la constipation.[\/vc_column_text][\/vc_column][\/vc_row][vc_row][vc_column width=\u00a0\u00bb1\/1&Prime;][uncode_block id=\u00a0\u00bb989&Prime;][\/vc_column][\/vc_row][vc_row][vc_column width=\u00a0\u00bb1\/1&Prime;][uncode_block id=\u00a0\u00bb601&Prime;][\/vc_column][\/vc_row]<\/p>\n<\/div>","protected":false},"excerpt":{"rendered":"<p>[vc_row row_height_percent=\u00a0\u00bb0&Prime; override_padding=\u00a0\u00bbyes\u00a0\u00bb h_padding=\u00a0\u00bb2&Prime; top_padding=\u00a0\u00bb2&Prime; bottom_padding=\u00a0\u00bb0&Prime; overlay_alpha=\u00a0\u00bb50&Prime; equal_height=\u00a0\u00bbyes\u00a0\u00bb gutter_size=\u00a0\u00bb2&Prime; column_width_percent=\u00a0\u00bb100&Prime; shift_y=\u00a0\u00bb-3&Prime; z_index=\u00a0\u00bb0&Prime; uncode_shortcode_id=\u00a0\u00bb152492&Prime;][vc_column column_width_percent=\u00a0\u00bb100&Prime; position_vertical=\u00a0\u00bbmiddle\u00a0\u00bb align_horizontal=\u00a0\u00bbalign_center\u00a0\u00bb gutter_size=\u00a0\u00bb3&Prime; overlay_alpha=\u00a0\u00bb50&Prime; shift_x=\u00a0\u00bb0&Prime; shift_y=\u00a0\u00bb0&Prime; [&hellip;]<\/p>\n","protected":false},"author":3,"featured_media":1113,"parent":2268,"menu_order":0,"comment_status":"closed","ping_status":"closed","template":"","meta":{"_monsterinsights_skip_tracking":false,"_monsterinsights_sitenote_active":false,"_monsterinsights_sitenote_note":"","_monsterinsights_sitenote_category":0,"footnotes":""},"class_list":["post-2561","page","type-page","status-publish","has-post-thumbnail","hentry","page_category-semaine-par-semaine"],"yoast_head":"<!-- This site is optimized with the Yoast SEO plugin v27.4 - https:\/\/yoast.com\/product\/yoast-seo-wordpress\/ -->\n<title>Semaine 16 - Canbebe<\/title>\n<meta name=\"robots\" content=\"index, follow, max-snippet:-1, max-image-preview:large, max-video-preview:-1\" \/>\n<link rel=\"canonical\" href=\"https:\/\/canbebe.com\/fr\/calendrier-de-grossesse\/16-hafta\/\" \/>\n<meta property=\"og:locale\" content=\"fr_FR\" \/>\n<meta property=\"og:type\" content=\"article\" \/>\n<meta property=\"og:title\" content=\"Semaine 16 - Canbebe\" \/>\n<meta property=\"og:description\" content=\"[vc_row row_height_percent=\u00a0\u00bb0&Prime; override_padding=\u00a0\u00bbyes\u00a0\u00bb h_padding=\u00a0\u00bb2&Prime; top_padding=\u00a0\u00bb2&Prime; bottom_padding=\u00a0\u00bb0&Prime; overlay_alpha=\u00a0\u00bb50&Prime; equal_height=\u00a0\u00bbyes\u00a0\u00bb gutter_size=\u00a0\u00bb2&Prime; column_width_percent=\u00a0\u00bb100&Prime; shift_y=\u00a0\u00bb-3&Prime; z_index=\u00a0\u00bb0&Prime; uncode_shortcode_id=\u00a0\u00bb152492&Prime;][vc_column column_width_percent=\u00a0\u00bb100&Prime; position_vertical=\u00a0\u00bbmiddle\u00a0\u00bb align_horizontal=\u00a0\u00bbalign_center\u00a0\u00bb gutter_size=\u00a0\u00bb3&Prime; overlay_alpha=\u00a0\u00bb50&Prime; shift_x=\u00a0\u00bb0&Prime; shift_y=\u00a0\u00bb0&Prime; [&hellip;]\" \/>\n<meta property=\"og:url\" content=\"https:\/\/canbebe.com\/fr\/calendrier-de-grossesse\/16-hafta\/\" \/>\n<meta property=\"og:site_name\" content=\"Canbebe\" \/>\n<meta property=\"article:modified_time\" content=\"2024-04-09T14:56:39+00:00\" \/>\n<meta name=\"twitter:card\" content=\"summary_large_image\" \/>\n<script type=\"application\/ld+json\" class=\"yoast-schema-graph\">{\"@context\":\"https:\\\/\\\/schema.org\",\"@graph\":[{\"@type\":\"WebPage\",\"@id\":\"https:\\\/\\\/canbebe.com\\\/fr\\\/calendrier-de-grossesse\\\/16-hafta\\\/\",\"url\":\"https:\\\/\\\/canbebe.com\\\/fr\\\/calendrier-de-grossesse\\\/16-hafta\\\/\",\"name\":\"Semaine 16 - Canbebe\",\"isPartOf\":{\"@id\":\"https:\\\/\\\/canbebe.com\\\/fr\\\/#website\"},\"primaryImageOfPage\":{\"@id\":\"https:\\\/\\\/canbebe.com\\\/fr\\\/calendrier-de-grossesse\\\/16-hafta\\\/#primaryimage\"},\"image\":{\"@id\":\"https:\\\/\\\/canbebe.com\\\/fr\\\/calendrier-de-grossesse\\\/16-hafta\\\/#primaryimage\"},\"thumbnailUrl\":\"https:\\\/\\\/canbebe.com\\\/wp-content\\\/uploads\\\/2023\\\/12\\\/Fruits-5-1.svg\",\"datePublished\":\"2023-11-24T10:03:20+00:00\",\"dateModified\":\"2024-04-09T14:56:39+00:00\",\"breadcrumb\":{\"@id\":\"https:\\\/\\\/canbebe.com\\\/fr\\\/calendrier-de-grossesse\\\/16-hafta\\\/#breadcrumb\"},\"inLanguage\":\"fr-FR\",\"potentialAction\":[{\"@type\":\"ReadAction\",\"target\":[\"https:\\\/\\\/canbebe.com\\\/fr\\\/calendrier-de-grossesse\\\/16-hafta\\\/\"]}]},{\"@type\":\"ImageObject\",\"inLanguage\":\"fr-FR\",\"@id\":\"https:\\\/\\\/canbebe.com\\\/fr\\\/calendrier-de-grossesse\\\/16-hafta\\\/#primaryimage\",\"url\":\"https:\\\/\\\/canbebe.com\\\/wp-content\\\/uploads\\\/2023\\\/12\\\/Fruits-5-1.svg\",\"contentUrl\":\"https:\\\/\\\/canbebe.com\\\/wp-content\\\/uploads\\\/2023\\\/12\\\/Fruits-5-1.svg\",\"width\":\"72\",\"height\":\"72\"},{\"@type\":\"BreadcrumbList\",\"@id\":\"https:\\\/\\\/canbebe.com\\\/fr\\\/calendrier-de-grossesse\\\/16-hafta\\\/#breadcrumb\",\"itemListElement\":[{\"@type\":\"ListItem\",\"position\":1,\"name\":\"Accueil\",\"item\":\"https:\\\/\\\/canbebe.com\\\/fr\\\/\"},{\"@type\":\"ListItem\",\"position\":2,\"name\":\"Calendrier de Grossesse\",\"item\":\"https:\\\/\\\/canbebe.com\\\/fr\\\/calendrier-de-grossesse\\\/\"},{\"@type\":\"ListItem\",\"position\":3,\"name\":\"Semaine 16\"}]},{\"@type\":\"WebSite\",\"@id\":\"https:\\\/\\\/canbebe.com\\\/fr\\\/#website\",\"url\":\"https:\\\/\\\/canbebe.com\\\/fr\\\/\",\"name\":\"Canbebe\",\"description\":\"Canbebe\",\"publisher\":{\"@id\":\"https:\\\/\\\/canbebe.com\\\/fr\\\/#organization\"},\"potentialAction\":[{\"@type\":\"SearchAction\",\"target\":{\"@type\":\"EntryPoint\",\"urlTemplate\":\"https:\\\/\\\/canbebe.com\\\/fr\\\/?s={search_term_string}\"},\"query-input\":{\"@type\":\"PropertyValueSpecification\",\"valueRequired\":true,\"valueName\":\"search_term_string\"}}],\"inLanguage\":\"fr-FR\"},{\"@type\":\"Organization\",\"@id\":\"https:\\\/\\\/canbebe.com\\\/fr\\\/#organization\",\"name\":\"Canbebe\",\"url\":\"https:\\\/\\\/canbebe.com\\\/fr\\\/\",\"logo\":{\"@type\":\"ImageObject\",\"inLanguage\":\"fr-FR\",\"@id\":\"https:\\\/\\\/canbebe.com\\\/fr\\\/#\\\/schema\\\/logo\\\/image\\\/\",\"url\":\"https:\\\/\\\/canbebe.com\\\/wp-content\\\/uploads\\\/2023\\\/11\\\/logo-canbebe.png\",\"contentUrl\":\"https:\\\/\\\/canbebe.com\\\/wp-content\\\/uploads\\\/2023\\\/11\\\/logo-canbebe.png\",\"width\":398,\"height\":84,\"caption\":\"Canbebe\"},\"image\":{\"@id\":\"https:\\\/\\\/canbebe.com\\\/fr\\\/#\\\/schema\\\/logo\\\/image\\\/\"}}]}<\/script>\n<!-- \/ Yoast SEO plugin. -->","yoast_head_json":{"title":"Semaine 16 - Canbebe","robots":{"index":"index","follow":"follow","max-snippet":"max-snippet:-1","max-image-preview":"max-image-preview:large","max-video-preview":"max-video-preview:-1"},"canonical":"https:\/\/canbebe.com\/fr\/calendrier-de-grossesse\/16-hafta\/","og_locale":"fr_FR","og_type":"article","og_title":"Semaine 16 - Canbebe","og_description":"[vc_row row_height_percent=\u00a0\u00bb0&Prime; override_padding=\u00a0\u00bbyes\u00a0\u00bb h_padding=\u00a0\u00bb2&Prime; top_padding=\u00a0\u00bb2&Prime; bottom_padding=\u00a0\u00bb0&Prime; overlay_alpha=\u00a0\u00bb50&Prime; equal_height=\u00a0\u00bbyes\u00a0\u00bb gutter_size=\u00a0\u00bb2&Prime; column_width_percent=\u00a0\u00bb100&Prime; shift_y=\u00a0\u00bb-3&Prime; z_index=\u00a0\u00bb0&Prime; uncode_shortcode_id=\u00a0\u00bb152492&Prime;][vc_column column_width_percent=\u00a0\u00bb100&Prime; position_vertical=\u00a0\u00bbmiddle\u00a0\u00bb align_horizontal=\u00a0\u00bbalign_center\u00a0\u00bb gutter_size=\u00a0\u00bb3&Prime; overlay_alpha=\u00a0\u00bb50&Prime; shift_x=\u00a0\u00bb0&Prime; shift_y=\u00a0\u00bb0&Prime; [&hellip;]","og_url":"https:\/\/canbebe.com\/fr\/calendrier-de-grossesse\/16-hafta\/","og_site_name":"Canbebe","article_modified_time":"2024-04-09T14:56:39+00:00","twitter_card":"summary_large_image","schema":{"@context":"https:\/\/schema.org","@graph":[{"@type":"WebPage","@id":"https:\/\/canbebe.com\/fr\/calendrier-de-grossesse\/16-hafta\/","url":"https:\/\/canbebe.com\/fr\/calendrier-de-grossesse\/16-hafta\/","name":"Semaine 16 - Canbebe","isPartOf":{"@id":"https:\/\/canbebe.com\/fr\/#website"},"primaryImageOfPage":{"@id":"https:\/\/canbebe.com\/fr\/calendrier-de-grossesse\/16-hafta\/#primaryimage"},"image":{"@id":"https:\/\/canbebe.com\/fr\/calendrier-de-grossesse\/16-hafta\/#primaryimage"},"thumbnailUrl":"https:\/\/canbebe.com\/wp-content\/uploads\/2023\/12\/Fruits-5-1.svg","datePublished":"2023-11-24T10:03:20+00:00","dateModified":"2024-04-09T14:56:39+00:00","breadcrumb":{"@id":"https:\/\/canbebe.com\/fr\/calendrier-de-grossesse\/16-hafta\/#breadcrumb"},"inLanguage":"fr-FR","potentialAction":[{"@type":"ReadAction","target":["https:\/\/canbebe.com\/fr\/calendrier-de-grossesse\/16-hafta\/"]}]},{"@type":"ImageObject","inLanguage":"fr-FR","@id":"https:\/\/canbebe.com\/fr\/calendrier-de-grossesse\/16-hafta\/#primaryimage","url":"https:\/\/canbebe.com\/wp-content\/uploads\/2023\/12\/Fruits-5-1.svg","contentUrl":"https:\/\/canbebe.com\/wp-content\/uploads\/2023\/12\/Fruits-5-1.svg","width":"72","height":"72"},{"@type":"BreadcrumbList","@id":"https:\/\/canbebe.com\/fr\/calendrier-de-grossesse\/16-hafta\/#breadcrumb","itemListElement":[{"@type":"ListItem","position":1,"name":"Accueil","item":"https:\/\/canbebe.com\/fr\/"},{"@type":"ListItem","position":2,"name":"Calendrier de Grossesse","item":"https:\/\/canbebe.com\/fr\/calendrier-de-grossesse\/"},{"@type":"ListItem","position":3,"name":"Semaine 16"}]},{"@type":"WebSite","@id":"https:\/\/canbebe.com\/fr\/#website","url":"https:\/\/canbebe.com\/fr\/","name":"Canbebe","description":"Canbebe","publisher":{"@id":"https:\/\/canbebe.com\/fr\/#organization"},"potentialAction":[{"@type":"SearchAction","target":{"@type":"EntryPoint","urlTemplate":"https:\/\/canbebe.com\/fr\/?s={search_term_string}"},"query-input":{"@type":"PropertyValueSpecification","valueRequired":true,"valueName":"search_term_string"}}],"inLanguage":"fr-FR"},{"@type":"Organization","@id":"https:\/\/canbebe.com\/fr\/#organization","name":"Canbebe","url":"https:\/\/canbebe.com\/fr\/","logo":{"@type":"ImageObject","inLanguage":"fr-FR","@id":"https:\/\/canbebe.com\/fr\/#\/schema\/logo\/image\/","url":"https:\/\/canbebe.com\/wp-content\/uploads\/2023\/11\/logo-canbebe.png","contentUrl":"https:\/\/canbebe.com\/wp-content\/uploads\/2023\/11\/logo-canbebe.png","width":398,"height":84,"caption":"Canbebe"},"image":{"@id":"https:\/\/canbebe.com\/fr\/#\/schema\/logo\/image\/"}}]}},"_links":{"self":[{"href":"https:\/\/canbebe.com\/fr\/wp-json\/wp\/v2\/pages\/2561","targetHints":{"allow":["GET"]}}],"collection":[{"href":"https:\/\/canbebe.com\/fr\/wp-json\/wp\/v2\/pages"}],"about":[{"href":"https:\/\/canbebe.com\/fr\/wp-json\/wp\/v2\/types\/page"}],"author":[{"embeddable":true,"href":"https:\/\/canbebe.com\/fr\/wp-json\/wp\/v2\/users\/3"}],"replies":[{"embeddable":true,"href":"https:\/\/canbebe.com\/fr\/wp-json\/wp\/v2\/comments?post=2561"}],"version-history":[{"count":0,"href":"https:\/\/canbebe.com\/fr\/wp-json\/wp\/v2\/pages\/2561\/revisions"}],"up":[{"embeddable":true,"href":"https:\/\/canbebe.com\/fr\/wp-json\/wp\/v2\/pages\/2268"}],"wp:featuredmedia":[{"embeddable":true,"href":"https:\/\/canbebe.com\/fr\/wp-json\/wp\/v2\/media\/1113"}],"wp:attachment":[{"href":"https:\/\/canbebe.com\/fr\/wp-json\/wp\/v2\/media?parent=2561"}],"curies":[{"name":"wp","href":"https:\/\/api.w.org\/{rel}","templated":true}]}}