{"id":2553,"date":"2023-11-24T10:54:41","date_gmt":"2023-11-24T10:54:41","guid":{"rendered":"https:\/\/canbebe.com\/?page_id=2553"},"modified":"2024-04-09T14:56:29","modified_gmt":"2024-04-09T14:56:29","slug":"18-hafta","status":"publish","type":"page","link":"https:\/\/canbebe.com\/fr\/calendrier-de-grossesse\/18-hafta\/","title":{"rendered":"Semaine 18"},"content":{"rendered":"<div class=\"wpb-content-wrapper\"><p>[vc_row row_height_percent=\u00a0\u00bb0&Prime; override_padding=\u00a0\u00bbyes\u00a0\u00bb h_padding=\u00a0\u00bb2&Prime; top_padding=\u00a0\u00bb2&Prime; bottom_padding=\u00a0\u00bb0&Prime; overlay_alpha=\u00a0\u00bb50&Prime; equal_height=\u00a0\u00bbyes\u00a0\u00bb gutter_size=\u00a0\u00bb2&Prime; column_width_percent=\u00a0\u00bb100&Prime; shift_y=\u00a0\u00bb-3&Prime; z_index=\u00a0\u00bb0&Prime; uncode_shortcode_id=\u00a0\u00bb152492&Prime;][vc_column column_width_percent=\u00a0\u00bb100&Prime; position_vertical=\u00a0\u00bbmiddle\u00a0\u00bb align_horizontal=\u00a0\u00bbalign_center\u00a0\u00bb gutter_size=\u00a0\u00bb3&Prime; overlay_alpha=\u00a0\u00bb50&Prime; shift_x=\u00a0\u00bb0&Prime; shift_y=\u00a0\u00bb0&Prime; shift_y_down=\u00a0\u00bb0&Prime; z_index=\u00a0\u00bb0&Prime; medium_width=\u00a0\u00bb0&Prime; mobile_visibility=\u00a0\u00bbyes\u00a0\u00bb mobile_width=\u00a0\u00bb0&Prime; radius=\u00a0\u00bbsm\u00a0\u00bb width=\u00a0\u00bb5\/12&Prime; uncode_shortcode_id=\u00a0\u00bb931234&Prime; el_class=\u00a0\u00bbimg-rounded\u00a0\u00bb][\/vc_column][vc_column column_width_use_pixel=\u00a0\u00bbyes\u00a0\u00bb position_horizontal=\u00a0\u00bbright\u00a0\u00bb gutter_size=\u00a0\u00bb2&Prime; overlay_alpha=\u00a0\u00bb50&Prime; shift_x=\u00a0\u00bb0&Prime; shift_y=\u00a0\u00bb-5&Prime; shift_y_down=\u00a0\u00bb-5&Prime; z_index=\u00a0\u00bb0&Prime; medium_width=\u00a0\u00bb0&Prime; mobile_width=\u00a0\u00bb0&Prime; width=\u00a0\u00bb7\/12&Prime; uncode_shortcode_id=\u00a0\u00bb133000&Prime; column_width_pixel=\u00a0\u00bb600&Prime; el_id=\u00a0\u00bbhafta-nav\u00a0\u00bb][vc_custom_heading heading_semantic=\u00a0\u00bbh4&Prime; text_size=\u00a0\u00bb\u00a0\u00bb uncode_shortcode_id=\u00a0\u00bb191036&Prime;]Taille et poids du b\u00e9b\u00e9[\/vc_custom_heading][vc_column_text uncode_shortcode_id=\u00a0\u00bb185326&Prime;]\u00c0 18 semaines de grossesse, le b\u00e9b\u00e9 mesure de 15 \u00e0 17 centim\u00e8tres, environ la taille d&rsquo;un poivron ou d&rsquo;une grosse grenade. Son poids est d&rsquo;environ 190-200 grammes.[\/vc_column_text][\/vc_column][\/vc_row][vc_row row_height_percent=\u00a0\u00bb0&Prime; override_padding=\u00a0\u00bbyes\u00a0\u00bb h_padding=\u00a0\u00bb2&Prime; top_padding=\u00a0\u00bb1&Prime; bottom_padding=\u00a0\u00bb2&Prime; overlay_alpha=\u00a0\u00bb50&Prime; gutter_size=\u00a0\u00bb3&Prime; column_width_percent=\u00a0\u00bb100&Prime; shift_y=\u00a0\u00bb0&Prime; z_index=\u00a0\u00bb0&Prime; uncode_shortcode_id=\u00a0\u00bb137824&Prime;][vc_column width=\u00a0\u00bb1\/1&Prime;][vc_custom_heading heading_semantic=\u00a0\u00bbh4&Prime; text_size=\u00a0\u00bb\u00a0\u00bb uncode_shortcode_id=\u00a0\u00bb175517&Prime;]Le D\u00e9veloppement du B\u00e9b\u00e9[\/vc_custom_heading][vc_row_inner limit_content=\u00a0\u00bb\u00a0\u00bb][vc_column_inner width=\u00a0\u00bb5\/12&Prime;][vc_single_image media=\u00a0\u00bb1177&Prime; media_width_percent=\u00a0\u00bb100&Prime; uncode_shortcode_id=\u00a0\u00bb161739&Prime;][\/vc_column_inner][vc_column_inner width=\u00a0\u00bb7\/12&Prime;][vc_column_text uncode_shortcode_id=\u00a0\u00bb683842&Prime;]La surprise de cette semaine dans le processus de d\u00e9veloppement miraculeux\u00a0: les empreintes digitales de votre b\u00e9b\u00e9 se sont form\u00e9es.<\/p>\n<p>Voici 18 semaines de d\u00e9veloppement du b\u00e9b\u00e9&#8230;<\/p>\n<p>\u00c0 18 semaines de grossesse, votre b\u00e9b\u00e9 peut maintenant entendre beaucoup mieux, ce qui vous donne plus de plaisir \u00e0 communiquer avec elle. Parlez et chantez \u00e0 votre b\u00e9b\u00e9 chaque fois que vous le pouvez, qui sera en mesure d&rsquo;entendre votre voix et celle de votre partenaire. Si vous le poussez un peu au-dessus de votre paroi abdominale en parlant, il vous sentira. Vous pouvez \u00e9galement lui faire \u00e9couter de la musique classique. Plus vous communiquerez avec votre b\u00e9b\u00e9, plus il reconna\u00eetra votre voix dans les semaines \u00e0 venir. Il peut entendre votre rythme cardiaque et les sons provenant de vos organes. Son propre rythme cardiaque peut varier en fonction des sons provenant de l&rsquo;ext\u00e9rieur. Si vous assistez \u00e0 un concert de musique dynamique, votre b\u00e9b\u00e9 peut faire des mouvements rapides comme sauter.<\/p>\n<p>\u00c0 18 semaines de gestation, les organes g\u00e9nitaux de votre b\u00e9b\u00e9 se sont d\u00e9velopp\u00e9s. Des millions d&rsquo;ovules ont \u00e9t\u00e9 form\u00e9s chez les b\u00e9b\u00e9s femelles. Ce nombre diminue \u00e0 1-2 millions \u00e0 la naissance. L&rsquo;ut\u00e9rus et la cavit\u00e9 vaginale du b\u00e9b\u00e9 ont commenc\u00e9 \u00e0 se former. Le d\u00e9veloppement de la prostate chez les b\u00e9b\u00e9s de sexe masculin est termin\u00e9 cette semaine. Ses testicules ne sont pas encore descendus de la cavit\u00e9 abdominale dans le sac ovarien. Chez les b\u00e9b\u00e9s, tant chez les gar\u00e7ons que chez les filles, les glandes mammaires et les mamelons se d\u00e9veloppent<\/p>\n<p>\u00c0 18 semaines, des mati\u00e8res f\u00e9cales appel\u00e9es m\u00e9conium commencent \u00e0 se former dans les intestins du b\u00e9b\u00e9.<\/p>\n<p>\u00c0 mesure que les \u00e9tudes respiratoires s&rsquo;acc\u00e9l\u00e8rent au cours de la 18e semaine de grossesse, le r\u00e9flexe de succion et de d\u00e9glutition se d\u00e9veloppe \u00e9galement. Votre b\u00e9b\u00e9 peut avaler du liquide amniotique. Puisqu&rsquo; il excr\u00e8te sous forme d&rsquo;urine, le liquide amniotique est renouvel\u00e9. S&rsquo;il y a suffisamment de liquide amniotique, les poumons du b\u00e9b\u00e9 se d\u00e9velopperont \u00e9galement en bonne sant\u00e9. M\u00eame si les b\u00e9b\u00e9s r\u00e9pondent \u00e0 leurs besoins en oxyg\u00e8ne et en nutriments du placenta jusqu&rsquo;\u00e0 la naissance, les poumons doivent gonfler et s&rsquo;estomper dans le liquide amniotique afin qu&rsquo;ils puissent se pr\u00e9parer \u00e0 respirer apr\u00e8s la naissance.<\/p>\n<p>\u00c0 18 semaines de grossesse, la capacit\u00e9 de saisir continue de se d\u00e9velopper. Il peut tenir son visage ou son cordon ombilical avec ses doigts minuscules et minces.<\/p>\n<p>\u00c0 18 semaines de grossesse, votre b\u00e9b\u00e9 peut s&rsquo;\u00e9tirer lorsqu&rsquo;il a sommeil. Vous pouvez le sentir sangloter, comme par petits sauts successifs.<\/p>\n<p>\u00c0 la 18e semaine de grossesse, m\u00eame si leurs yeux sont ferm\u00e9s, ils peuvent les d\u00e9placer vers la droite et vers la gauche. Les b\u00e9b\u00e9s peuvent dormir entre 20 minutes et 2 heures dans l&rsquo;ut\u00e9rus.[\/vc_column_text][\/vc_column_inner][\/vc_row_inner][vc_custom_heading heading_semantic=\u00a0\u00bbh4&Prime; text_size=\u00a0\u00bb\u00a0\u00bb uncode_shortcode_id=\u00a0\u00bb159505&Prime;]Les mouvements du b\u00e9b\u00e9 sont-ils ressentis pendant les 18 semaines de grossesse\u00a0?[\/vc_custom_heading][vc_column_text uncode_shortcode_id=\u00a0\u00bb102262&Prime;]<\/p>\n<div class=\"gebelik-content-text gebelik-content-text-2\">\n<article>Les mouvements du corps et de la t\u00eate du b\u00e9b\u00e9 s&rsquo;acc\u00e9l\u00e8rent cette semaine. Les m\u00e8res peuvent sentir les mouvements du b\u00e9b\u00e9 \u00e0 18 semaines lorsque le b\u00e9b\u00e9 donne des coups de pied, fait pivoter son corps, \u00e9tire ses bras et ses jambes.<\/article>\n<\/div>\n<p>[\/vc_column_text][vc_custom_heading heading_semantic=\u00a0\u00bbh4&Prime; text_size=\u00a0\u00bb\u00a0\u00bb uncode_shortcode_id=\u00a0\u00bb183300&Prime;]Images \u00e9chographiques[\/vc_custom_heading][vc_row_inner limit_content=\u00a0\u00bb\u00a0\u00bb][vc_column_inner width=\u00a0\u00bb5\/12&Prime;][vc_single_image media=\u00a0\u00bb1175&Prime; media_width_percent=\u00a0\u00bb100&Prime; uncode_shortcode_id=\u00a0\u00bb348643&Prime;][\/vc_column_inner][vc_column_inner width=\u00a0\u00bb7\/12&Prime;][vc_column_text uncode_shortcode_id=\u00a0\u00bb184784&Prime;]Votre m\u00e9decin examinera la taille de la t\u00eate, la longueur et le poids de votre b\u00e9b\u00e9 lors du d\u00e9veloppement de la 18e semaine de grossesse \u00e0 l&rsquo;\u00e9chographie.<\/p>\n<p>Vous pouvez voir les mouvements des bras et des jambes de votre b\u00e9b\u00e9.<\/p>\n<p>On voit qu&rsquo;il ferme la bouche et l&rsquo;ouvre. De plus, le b\u00e9b\u00e9 de 18 semaines peut tirer la langue sur l&rsquo;image \u00e9chographique.<\/p>\n<p>\u00c0 18 semaines de grossesse, un m\u00e9decin exp\u00e9riment\u00e9 effectuera un examen pour voir si le b\u00e9b\u00e9 aura des malformations cardiaques. S&rsquo;il constate une situation n\u00e9gative, il recommande un suivi plus serr\u00e9 dans la p\u00e9riode suivante.<\/p>\n<p>\u00c9tant donn\u00e9 que le calcium s&rsquo;accumule et durcit dans les os, la structure osseuse du b\u00e9b\u00e9 appara\u00eet dans les images \u00e9chographiques de grossesses de 18 semaines.[\/vc_column_text][\/vc_column_inner][\/vc_row_inner][vc_custom_heading heading_semantic=\u00a0\u00bbh4&Prime; text_size=\u00a0\u00bb\u00a0\u00bb uncode_shortcode_id=\u00a0\u00bb273440&Prime;]Une image de b\u00e9b\u00e9 de 18 semaines peut-elle montrer le sexe\u00a0?[\/vc_custom_heading][vc_column_text uncode_shortcode_id=\u00a0\u00bb104574&Prime;]Si la posture du b\u00e9b\u00e9 le permet, le m\u00e9decin peut voir le sexe sur les images \u00e9chographiques \u00e0 18 semaines.[\/vc_column_text][vc_custom_heading heading_semantic=\u00a0\u00bbh4&Prime; text_size=\u00a0\u00bbh4&Prime; uncode_shortcode_id=\u00a0\u00bb107107&Prime;]Changements dans le corps de la m\u00e8re[\/vc_custom_heading][vc_column_text uncode_shortcode_id=\u00a0\u00bb188489&Prime;]Combien de mois dure 18 semaines\u00a0? Les quatre mois bien remplis de votre grossesse sont maintenant termin\u00e9s.<\/p>\n<p>\u00c0 18 semaines de grossesse, l&rsquo;abdomen de la m\u00e8re continue de cro\u00eetre. La partie sup\u00e9rieure de votre ut\u00e9rus est align\u00e9e avec le milieu de votre os pubien et de votre nombril.<\/p>\n<p>Les femmes enceintes qui ont eu leur premi\u00e8re grossesse n&rsquo;ont peut-\u00eatre pas encore commenc\u00e9 \u00e0 ressentir les mouvements de leur b\u00e9b\u00e9. Ils le ressentiront probablement en premier \u00e0 22-23 semaines.<\/p>\n<p>On s&rsquo;attend \u00e0 ce que vous ayez gagn\u00e9 en moyenne 4.5 \u00e0 6 kg \u00e0 18 semaines de grossesse.<\/p>\n<p>Vous pourriez avoir des crampes aux jambes cette semaine. Vous pouvez \u00e9prouver de la distraction et de l&rsquo;oubli. Vous pouvez avoir un gonflement des pieds et des mains.<\/p>\n<p>Au cours de la 18e semaine de grossesse, des taches rouges appel\u00e9es taupe araign\u00e9e peuvent se produire dans la r\u00e9gion du visage, du cou et de la poitrine en raison de l&rsquo;\u00e9largissement de vos vaisseaux sanguins. La ligne noire appel\u00e9e linea nigra au milieu de votre abdomen continue de devenir pro\u00e9minente. Il peut y avoir des changements de couleur dans l&rsquo;abdomen. Certaines femmes ont une d\u00e9coloration brun\u00e2tre du visage appel\u00e9e masque de grossesse (chloasma).<\/p>\n<p>Votre constipation peut se poursuivre \u00e0 18 semaines de grossesse. Vous pouvez avoir un probl\u00e8me d&rsquo;h\u00e9morro\u00efdes. Si vous avez un probl\u00e8me d&rsquo;h\u00e9morro\u00efdes, faites tr\u00e8s attention \u00e0 votre alimentation au lieu d&rsquo;utiliser une cr\u00e8me pour h\u00e9morro\u00efdes. Buvez beaucoup d&rsquo;eau, mangez des aliments fibreux. Et bougez. S&rsquo;il y a une condition telle que la douleur ou la br\u00fblure dans votre r\u00e9gion de l&rsquo;anus, vous pouvez soulager cette zone en appliquant des huiles avec un contenu naturel et un effet curatif.<\/p>\n<p>Vous pouvez ressentir des douleurs \u00e0 l&rsquo;aine pendant 18 semaines de grossesse. Cela est d\u00fb \u00e0 la tension et \u00e0 l&rsquo;\u00e9tirement des muscles autour de l&rsquo;ut\u00e9rus en raison de la croissance.[\/vc_column_text][vc_custom_heading heading_semantic=\u00a0\u00bbh4&Prime; text_size=\u00a0\u00bbh4&Prime; uncode_shortcode_id=\u00a0\u00bb537376&Prime;]Choses \u00e0 prendre en compte[\/vc_custom_heading][vc_column_text uncode_shortcode_id=\u00a0\u00bb830646&Prime;]\u00c9tant donn\u00e9 que votre abdomen grossit chaque jour, vous pourriez avoir des probl\u00e8mes avec ce qu&rsquo;il faut porter. Lors du choix des v\u00eatements de maternit\u00e9, il est utile de faire attention \u00e0\u00a0:<\/p>\n<p>\u2013 Vous n&rsquo;\u00eates pas oblig\u00e9e d&rsquo;acheter des v\u00eatements de maternit\u00e9. Vous pouvez trouver des options que vous pouvez facilement porter dans un magasin qui vend des v\u00eatements normaux,<\/p>\n<p>\u2013 Vous pouvez choisir quelques pantalons qui peuvent \u00e9tirer l&rsquo;abdomen \u00e0 mesure que votre ventre grandit,<\/p>\n<p>\u2013 Ne faites pas trop de courses, car vous ne voudrez peut-\u00eatre pas porter ces v\u00eatements apr\u00e8s la grossesse,<\/p>\n<p>\u2013 Vous pouvez acheter des accessoires et des chaussures que vous pourrez utiliser apr\u00e8s la naissance. M\u00eame si vos v\u00eatements sont simples, une boucle d&rsquo;oreille flashy, un foulard color\u00e9, un joli chapeau ou une chaussure en tissu color\u00e9 vous donneront une atmosph\u00e8re diff\u00e9rente,<\/p>\n<p>\u2013 N&rsquo;achetez pas trop de soutiens-gorge de grossesse en premier lieu. Parce qu&rsquo;\u00e0 mesure que vos seins grandissent, les soutiens-gorge de la premi\u00e8re moiti\u00e9 de la grossesse peuvent commencer \u00e0 vous sembler serr\u00e9s,<\/p>\n<p>\u2013 Ne choisissez pas de v\u00eatements en nylon et en jersey. Pr\u00e9f\u00e9rez les v\u00eatements en coton et tissu sain,<\/p>\n<p>\u2013 Ne choisissez pas des v\u00eatements trop serr\u00e9s car cela affecterait n\u00e9gativement votre circulation sanguine, si vous pr\u00e9f\u00e9rez des v\u00eatements serr\u00e9s, assurez-vous qu&rsquo;ils ont un tissu flexible,<\/p>\n<p>\u2013 Vous pouvez emprunter des v\u00eatements \u00e0 une connaissance. Ou vous pouvez \u00e9galement acheter des v\u00eatements de maternit\u00e9 d&rsquo;occasion.[\/vc_column_text][\/vc_column][\/vc_row][vc_row][vc_column width=\u00a0\u00bb1\/1&Prime;][uncode_block id=\u00a0\u00bb989&Prime;][\/vc_column][\/vc_row][vc_row][vc_column width=\u00a0\u00bb1\/1&Prime;][uncode_block id=\u00a0\u00bb601&Prime;][\/vc_column][\/vc_row]<\/p>\n<\/div>","protected":false},"excerpt":{"rendered":"<p>[vc_row row_height_percent=\u00a0\u00bb0&Prime; override_padding=\u00a0\u00bbyes\u00a0\u00bb h_padding=\u00a0\u00bb2&Prime; top_padding=\u00a0\u00bb2&Prime; bottom_padding=\u00a0\u00bb0&Prime; overlay_alpha=\u00a0\u00bb50&Prime; equal_height=\u00a0\u00bbyes\u00a0\u00bb gutter_size=\u00a0\u00bb2&Prime; column_width_percent=\u00a0\u00bb100&Prime; shift_y=\u00a0\u00bb-3&Prime; z_index=\u00a0\u00bb0&Prime; uncode_shortcode_id=\u00a0\u00bb152492&Prime;][vc_column column_width_percent=\u00a0\u00bb100&Prime; position_vertical=\u00a0\u00bbmiddle\u00a0\u00bb align_horizontal=\u00a0\u00bbalign_center\u00a0\u00bb gutter_size=\u00a0\u00bb3&Prime; overlay_alpha=\u00a0\u00bb50&Prime; shift_x=\u00a0\u00bb0&Prime; shift_y=\u00a0\u00bb0&Prime; [&hellip;]<\/p>\n","protected":false},"author":3,"featured_media":1115,"parent":2268,"menu_order":0,"comment_status":"closed","ping_status":"closed","template":"","meta":{"_monsterinsights_skip_tracking":false,"_monsterinsights_sitenote_active":false,"_monsterinsights_sitenote_note":"","_monsterinsights_sitenote_category":0,"footnotes":""},"class_list":["post-2553","page","type-page","status-publish","has-post-thumbnail","hentry","page_category-semaine-par-semaine"],"yoast_head":"<!-- This site is optimized with the Yoast SEO plugin v27.4 - https:\/\/yoast.com\/product\/yoast-seo-wordpress\/ -->\n<title>Semaine 18 - Canbebe<\/title>\n<meta name=\"robots\" content=\"index, follow, max-snippet:-1, max-image-preview:large, max-video-preview:-1\" \/>\n<link rel=\"canonical\" href=\"https:\/\/canbebe.com\/fr\/calendrier-de-grossesse\/18-hafta\/\" \/>\n<meta property=\"og:locale\" content=\"fr_FR\" \/>\n<meta property=\"og:type\" content=\"article\" \/>\n<meta property=\"og:title\" content=\"Semaine 18 - Canbebe\" \/>\n<meta property=\"og:description\" content=\"[vc_row row_height_percent=\u00a0\u00bb0&Prime; override_padding=\u00a0\u00bbyes\u00a0\u00bb h_padding=\u00a0\u00bb2&Prime; top_padding=\u00a0\u00bb2&Prime; bottom_padding=\u00a0\u00bb0&Prime; overlay_alpha=\u00a0\u00bb50&Prime; equal_height=\u00a0\u00bbyes\u00a0\u00bb gutter_size=\u00a0\u00bb2&Prime; column_width_percent=\u00a0\u00bb100&Prime; shift_y=\u00a0\u00bb-3&Prime; z_index=\u00a0\u00bb0&Prime; uncode_shortcode_id=\u00a0\u00bb152492&Prime;][vc_column column_width_percent=\u00a0\u00bb100&Prime; position_vertical=\u00a0\u00bbmiddle\u00a0\u00bb align_horizontal=\u00a0\u00bbalign_center\u00a0\u00bb gutter_size=\u00a0\u00bb3&Prime; overlay_alpha=\u00a0\u00bb50&Prime; shift_x=\u00a0\u00bb0&Prime; shift_y=\u00a0\u00bb0&Prime; [&hellip;]\" \/>\n<meta property=\"og:url\" content=\"https:\/\/canbebe.com\/fr\/calendrier-de-grossesse\/18-hafta\/\" \/>\n<meta property=\"og:site_name\" content=\"Canbebe\" \/>\n<meta property=\"article:modified_time\" content=\"2024-04-09T14:56:29+00:00\" \/>\n<meta name=\"twitter:card\" content=\"summary_large_image\" \/>\n<script type=\"application\/ld+json\" class=\"yoast-schema-graph\">{\"@context\":\"https:\\\/\\\/schema.org\",\"@graph\":[{\"@type\":\"WebPage\",\"@id\":\"https:\\\/\\\/canbebe.com\\\/fr\\\/calendrier-de-grossesse\\\/18-hafta\\\/\",\"url\":\"https:\\\/\\\/canbebe.com\\\/fr\\\/calendrier-de-grossesse\\\/18-hafta\\\/\",\"name\":\"Semaine 18 - Canbebe\",\"isPartOf\":{\"@id\":\"https:\\\/\\\/canbebe.com\\\/fr\\\/#website\"},\"primaryImageOfPage\":{\"@id\":\"https:\\\/\\\/canbebe.com\\\/fr\\\/calendrier-de-grossesse\\\/18-hafta\\\/#primaryimage\"},\"image\":{\"@id\":\"https:\\\/\\\/canbebe.com\\\/fr\\\/calendrier-de-grossesse\\\/18-hafta\\\/#primaryimage\"},\"thumbnailUrl\":\"https:\\\/\\\/canbebe.com\\\/wp-content\\\/uploads\\\/2023\\\/12\\\/Fruits-6-1.svg\",\"datePublished\":\"2023-11-24T10:54:41+00:00\",\"dateModified\":\"2024-04-09T14:56:29+00:00\",\"breadcrumb\":{\"@id\":\"https:\\\/\\\/canbebe.com\\\/fr\\\/calendrier-de-grossesse\\\/18-hafta\\\/#breadcrumb\"},\"inLanguage\":\"fr-FR\",\"potentialAction\":[{\"@type\":\"ReadAction\",\"target\":[\"https:\\\/\\\/canbebe.com\\\/fr\\\/calendrier-de-grossesse\\\/18-hafta\\\/\"]}]},{\"@type\":\"ImageObject\",\"inLanguage\":\"fr-FR\",\"@id\":\"https:\\\/\\\/canbebe.com\\\/fr\\\/calendrier-de-grossesse\\\/18-hafta\\\/#primaryimage\",\"url\":\"https:\\\/\\\/canbebe.com\\\/wp-content\\\/uploads\\\/2023\\\/12\\\/Fruits-6-1.svg\",\"contentUrl\":\"https:\\\/\\\/canbebe.com\\\/wp-content\\\/uploads\\\/2023\\\/12\\\/Fruits-6-1.svg\",\"width\":\"72\",\"height\":\"72\"},{\"@type\":\"BreadcrumbList\",\"@id\":\"https:\\\/\\\/canbebe.com\\\/fr\\\/calendrier-de-grossesse\\\/18-hafta\\\/#breadcrumb\",\"itemListElement\":[{\"@type\":\"ListItem\",\"position\":1,\"name\":\"Accueil\",\"item\":\"https:\\\/\\\/canbebe.com\\\/fr\\\/\"},{\"@type\":\"ListItem\",\"position\":2,\"name\":\"Calendrier de Grossesse\",\"item\":\"https:\\\/\\\/canbebe.com\\\/fr\\\/calendrier-de-grossesse\\\/\"},{\"@type\":\"ListItem\",\"position\":3,\"name\":\"Semaine 18\"}]},{\"@type\":\"WebSite\",\"@id\":\"https:\\\/\\\/canbebe.com\\\/fr\\\/#website\",\"url\":\"https:\\\/\\\/canbebe.com\\\/fr\\\/\",\"name\":\"Canbebe\",\"description\":\"Canbebe\",\"publisher\":{\"@id\":\"https:\\\/\\\/canbebe.com\\\/fr\\\/#organization\"},\"potentialAction\":[{\"@type\":\"SearchAction\",\"target\":{\"@type\":\"EntryPoint\",\"urlTemplate\":\"https:\\\/\\\/canbebe.com\\\/fr\\\/?s={search_term_string}\"},\"query-input\":{\"@type\":\"PropertyValueSpecification\",\"valueRequired\":true,\"valueName\":\"search_term_string\"}}],\"inLanguage\":\"fr-FR\"},{\"@type\":\"Organization\",\"@id\":\"https:\\\/\\\/canbebe.com\\\/fr\\\/#organization\",\"name\":\"Canbebe\",\"url\":\"https:\\\/\\\/canbebe.com\\\/fr\\\/\",\"logo\":{\"@type\":\"ImageObject\",\"inLanguage\":\"fr-FR\",\"@id\":\"https:\\\/\\\/canbebe.com\\\/fr\\\/#\\\/schema\\\/logo\\\/image\\\/\",\"url\":\"https:\\\/\\\/canbebe.com\\\/wp-content\\\/uploads\\\/2023\\\/11\\\/logo-canbebe.png\",\"contentUrl\":\"https:\\\/\\\/canbebe.com\\\/wp-content\\\/uploads\\\/2023\\\/11\\\/logo-canbebe.png\",\"width\":398,\"height\":84,\"caption\":\"Canbebe\"},\"image\":{\"@id\":\"https:\\\/\\\/canbebe.com\\\/fr\\\/#\\\/schema\\\/logo\\\/image\\\/\"}}]}<\/script>\n<!-- \/ Yoast SEO plugin. -->","yoast_head_json":{"title":"Semaine 18 - Canbebe","robots":{"index":"index","follow":"follow","max-snippet":"max-snippet:-1","max-image-preview":"max-image-preview:large","max-video-preview":"max-video-preview:-1"},"canonical":"https:\/\/canbebe.com\/fr\/calendrier-de-grossesse\/18-hafta\/","og_locale":"fr_FR","og_type":"article","og_title":"Semaine 18 - Canbebe","og_description":"[vc_row row_height_percent=\u00a0\u00bb0&Prime; override_padding=\u00a0\u00bbyes\u00a0\u00bb h_padding=\u00a0\u00bb2&Prime; top_padding=\u00a0\u00bb2&Prime; bottom_padding=\u00a0\u00bb0&Prime; overlay_alpha=\u00a0\u00bb50&Prime; equal_height=\u00a0\u00bbyes\u00a0\u00bb gutter_size=\u00a0\u00bb2&Prime; column_width_percent=\u00a0\u00bb100&Prime; shift_y=\u00a0\u00bb-3&Prime; z_index=\u00a0\u00bb0&Prime; uncode_shortcode_id=\u00a0\u00bb152492&Prime;][vc_column column_width_percent=\u00a0\u00bb100&Prime; position_vertical=\u00a0\u00bbmiddle\u00a0\u00bb align_horizontal=\u00a0\u00bbalign_center\u00a0\u00bb gutter_size=\u00a0\u00bb3&Prime; overlay_alpha=\u00a0\u00bb50&Prime; shift_x=\u00a0\u00bb0&Prime; shift_y=\u00a0\u00bb0&Prime; [&hellip;]","og_url":"https:\/\/canbebe.com\/fr\/calendrier-de-grossesse\/18-hafta\/","og_site_name":"Canbebe","article_modified_time":"2024-04-09T14:56:29+00:00","twitter_card":"summary_large_image","schema":{"@context":"https:\/\/schema.org","@graph":[{"@type":"WebPage","@id":"https:\/\/canbebe.com\/fr\/calendrier-de-grossesse\/18-hafta\/","url":"https:\/\/canbebe.com\/fr\/calendrier-de-grossesse\/18-hafta\/","name":"Semaine 18 - Canbebe","isPartOf":{"@id":"https:\/\/canbebe.com\/fr\/#website"},"primaryImageOfPage":{"@id":"https:\/\/canbebe.com\/fr\/calendrier-de-grossesse\/18-hafta\/#primaryimage"},"image":{"@id":"https:\/\/canbebe.com\/fr\/calendrier-de-grossesse\/18-hafta\/#primaryimage"},"thumbnailUrl":"https:\/\/canbebe.com\/wp-content\/uploads\/2023\/12\/Fruits-6-1.svg","datePublished":"2023-11-24T10:54:41+00:00","dateModified":"2024-04-09T14:56:29+00:00","breadcrumb":{"@id":"https:\/\/canbebe.com\/fr\/calendrier-de-grossesse\/18-hafta\/#breadcrumb"},"inLanguage":"fr-FR","potentialAction":[{"@type":"ReadAction","target":["https:\/\/canbebe.com\/fr\/calendrier-de-grossesse\/18-hafta\/"]}]},{"@type":"ImageObject","inLanguage":"fr-FR","@id":"https:\/\/canbebe.com\/fr\/calendrier-de-grossesse\/18-hafta\/#primaryimage","url":"https:\/\/canbebe.com\/wp-content\/uploads\/2023\/12\/Fruits-6-1.svg","contentUrl":"https:\/\/canbebe.com\/wp-content\/uploads\/2023\/12\/Fruits-6-1.svg","width":"72","height":"72"},{"@type":"BreadcrumbList","@id":"https:\/\/canbebe.com\/fr\/calendrier-de-grossesse\/18-hafta\/#breadcrumb","itemListElement":[{"@type":"ListItem","position":1,"name":"Accueil","item":"https:\/\/canbebe.com\/fr\/"},{"@type":"ListItem","position":2,"name":"Calendrier de Grossesse","item":"https:\/\/canbebe.com\/fr\/calendrier-de-grossesse\/"},{"@type":"ListItem","position":3,"name":"Semaine 18"}]},{"@type":"WebSite","@id":"https:\/\/canbebe.com\/fr\/#website","url":"https:\/\/canbebe.com\/fr\/","name":"Canbebe","description":"Canbebe","publisher":{"@id":"https:\/\/canbebe.com\/fr\/#organization"},"potentialAction":[{"@type":"SearchAction","target":{"@type":"EntryPoint","urlTemplate":"https:\/\/canbebe.com\/fr\/?s={search_term_string}"},"query-input":{"@type":"PropertyValueSpecification","valueRequired":true,"valueName":"search_term_string"}}],"inLanguage":"fr-FR"},{"@type":"Organization","@id":"https:\/\/canbebe.com\/fr\/#organization","name":"Canbebe","url":"https:\/\/canbebe.com\/fr\/","logo":{"@type":"ImageObject","inLanguage":"fr-FR","@id":"https:\/\/canbebe.com\/fr\/#\/schema\/logo\/image\/","url":"https:\/\/canbebe.com\/wp-content\/uploads\/2023\/11\/logo-canbebe.png","contentUrl":"https:\/\/canbebe.com\/wp-content\/uploads\/2023\/11\/logo-canbebe.png","width":398,"height":84,"caption":"Canbebe"},"image":{"@id":"https:\/\/canbebe.com\/fr\/#\/schema\/logo\/image\/"}}]}},"_links":{"self":[{"href":"https:\/\/canbebe.com\/fr\/wp-json\/wp\/v2\/pages\/2553","targetHints":{"allow":["GET"]}}],"collection":[{"href":"https:\/\/canbebe.com\/fr\/wp-json\/wp\/v2\/pages"}],"about":[{"href":"https:\/\/canbebe.com\/fr\/wp-json\/wp\/v2\/types\/page"}],"author":[{"embeddable":true,"href":"https:\/\/canbebe.com\/fr\/wp-json\/wp\/v2\/users\/3"}],"replies":[{"embeddable":true,"href":"https:\/\/canbebe.com\/fr\/wp-json\/wp\/v2\/comments?post=2553"}],"version-history":[{"count":0,"href":"https:\/\/canbebe.com\/fr\/wp-json\/wp\/v2\/pages\/2553\/revisions"}],"up":[{"embeddable":true,"href":"https:\/\/canbebe.com\/fr\/wp-json\/wp\/v2\/pages\/2268"}],"wp:featuredmedia":[{"embeddable":true,"href":"https:\/\/canbebe.com\/fr\/wp-json\/wp\/v2\/media\/1115"}],"wp:attachment":[{"href":"https:\/\/canbebe.com\/fr\/wp-json\/wp\/v2\/media?parent=2553"}],"curies":[{"name":"wp","href":"https:\/\/api.w.org\/{rel}","templated":true}]}}