{"id":2541,"date":"2023-11-24T10:55:17","date_gmt":"2023-11-24T10:55:17","guid":{"rendered":"https:\/\/canbebe.com\/?page_id=2541"},"modified":"2024-04-09T14:56:20","modified_gmt":"2024-04-09T14:56:20","slug":"20-hafta","status":"publish","type":"page","link":"https:\/\/canbebe.com\/fr\/calendrier-de-grossesse\/20-hafta\/","title":{"rendered":"Semaine 20"},"content":{"rendered":"<div class=\"wpb-content-wrapper\"><p>[vc_row row_height_percent=\u00a0\u00bb0&Prime; override_padding=\u00a0\u00bbyes\u00a0\u00bb h_padding=\u00a0\u00bb2&Prime; top_padding=\u00a0\u00bb2&Prime; bottom_padding=\u00a0\u00bb0&Prime; overlay_alpha=\u00a0\u00bb50&Prime; equal_height=\u00a0\u00bbyes\u00a0\u00bb gutter_size=\u00a0\u00bb2&Prime; column_width_percent=\u00a0\u00bb100&Prime; shift_y=\u00a0\u00bb-3&Prime; z_index=\u00a0\u00bb0&Prime; uncode_shortcode_id=\u00a0\u00bb152492&Prime;][vc_column column_width_percent=\u00a0\u00bb100&Prime; position_vertical=\u00a0\u00bbmiddle\u00a0\u00bb align_horizontal=\u00a0\u00bbalign_center\u00a0\u00bb gutter_size=\u00a0\u00bb3&Prime; overlay_alpha=\u00a0\u00bb50&Prime; shift_x=\u00a0\u00bb0&Prime; shift_y=\u00a0\u00bb0&Prime; shift_y_down=\u00a0\u00bb0&Prime; z_index=\u00a0\u00bb0&Prime; medium_width=\u00a0\u00bb0&Prime; mobile_visibility=\u00a0\u00bbyes\u00a0\u00bb mobile_width=\u00a0\u00bb0&Prime; radius=\u00a0\u00bbsm\u00a0\u00bb width=\u00a0\u00bb5\/12&Prime; uncode_shortcode_id=\u00a0\u00bb931234&Prime; el_class=\u00a0\u00bbimg-rounded\u00a0\u00bb][\/vc_column][vc_column column_width_use_pixel=\u00a0\u00bbyes\u00a0\u00bb position_horizontal=\u00a0\u00bbright\u00a0\u00bb gutter_size=\u00a0\u00bb2&Prime; overlay_alpha=\u00a0\u00bb50&Prime; shift_x=\u00a0\u00bb0&Prime; shift_y=\u00a0\u00bb-5&Prime; shift_y_down=\u00a0\u00bb-5&Prime; z_index=\u00a0\u00bb0&Prime; medium_width=\u00a0\u00bb0&Prime; mobile_width=\u00a0\u00bb0&Prime; width=\u00a0\u00bb7\/12&Prime; uncode_shortcode_id=\u00a0\u00bb133000&Prime; column_width_pixel=\u00a0\u00bb600&Prime; el_id=\u00a0\u00bbhafta-nav\u00a0\u00bb][vc_custom_heading heading_semantic=\u00a0\u00bbh4&Prime; text_size=\u00a0\u00bb\u00a0\u00bb uncode_shortcode_id=\u00a0\u00bb156291&Prime;]Taille et poids du b\u00e9b\u00e9[\/vc_custom_heading][vc_column_text uncode_shortcode_id=\u00a0\u00bb214534&Prime;]\u00c0 la 20e semaine de grossesse, la taille du b\u00e9b\u00e9 est de 17 \u00e0 19 centim\u00e8tres, la taille d&rsquo;un artichaut. Son poids est d&rsquo;environ 300 grammes.[\/vc_column_text][\/vc_column][\/vc_row][vc_row row_height_percent=\u00a0\u00bb0&Prime; override_padding=\u00a0\u00bbyes\u00a0\u00bb h_padding=\u00a0\u00bb2&Prime; top_padding=\u00a0\u00bb1&Prime; bottom_padding=\u00a0\u00bb2&Prime; overlay_alpha=\u00a0\u00bb50&Prime; gutter_size=\u00a0\u00bb3&Prime; column_width_percent=\u00a0\u00bb100&Prime; shift_y=\u00a0\u00bb0&Prime; z_index=\u00a0\u00bb0&Prime; uncode_shortcode_id=\u00a0\u00bb137824&Prime;][vc_column width=\u00a0\u00bb1\/1&Prime;][vc_custom_heading heading_semantic=\u00a0\u00bbh4&Prime; text_size=\u00a0\u00bb\u00a0\u00bb uncode_shortcode_id=\u00a0\u00bb410026&Prime;]Le D\u00e9veloppement du B\u00e9b\u00e9[\/vc_custom_heading][vc_row_inner limit_content=\u00a0\u00bb\u00a0\u00bb][vc_column_inner width=\u00a0\u00bb5\/12&Prime;][vc_single_image media=\u00a0\u00bb1185&Prime; media_width_percent=\u00a0\u00bb100&Prime; uncode_shortcode_id=\u00a0\u00bb113691&Prime;][\/vc_column_inner][vc_column_inner width=\u00a0\u00bb7\/12&Prime;][vc_column_text uncode_shortcode_id=\u00a0\u00bb686570&Prime;]Nous savons que pendant que votre b\u00e9b\u00e9 grandit dans votre ventre, vous \u00eates curieux de conna\u00eetre son processus de d\u00e9veloppement. Voici les d\u00e9tails sur les 20 semaines de d\u00e9veloppement du b\u00e9b\u00e9\u2026<\/p>\n<p>\u00c0 la vingti\u00e8me semaine de grossesse, votre b\u00e9b\u00e9 continue de m\u00fbrir Les ongles et les sourcils du b\u00e9b\u00e9 commenc\u00e8rent \u00e0 pousser. Ses cheveux, qui ont commenc\u00e9 \u00e0 pousser plus t\u00f4t, continuent de pousser.<\/p>\n<p>\u00c0 20 semaines, le b\u00e9b\u00e9 continue d&rsquo;avaler et de respirer.<\/p>\n<p>\u00c0 20 semaines, le b\u00e9b\u00e9 dans l&rsquo;ut\u00e9rus peut ouvrir et fermer sa bouche r\u00e9guli\u00e8rement. Il peut faire un mouvement de la langue qui sort.<\/p>\n<p>Le caca noir appel\u00e9 m\u00e9conium continue de s&rsquo;accumuler dans les intestins.<\/p>\n<p>\u00c0 la 20e semaine de grossesse, l&rsquo;ut\u00e9rus des b\u00e9b\u00e9s femelles commence \u00e0 se d\u00e9velopper et les testicules des b\u00e9b\u00e9s m\u00e2les commencent \u00e0 descendre de l&rsquo;abdomen. Il faudra plusieurs mois pour que les testicules descendent compl\u00e8tement dans les poches.<\/p>\n<p>Votre b\u00e9b\u00e9 passe une partie de son temps \u00e0 dormir. Le sommeil peut durer de 20 minutes \u00e0 2 heures. Bien qu&rsquo;il puisse bouger ses yeux de gauche \u00e0 droite, ses paupi\u00e8res sont toujours ferm\u00e9es.<\/p>\n<p>\u00c0 la 20e semaine de grossesse, la peau du b\u00e9b\u00e9 s&rsquo;\u00e9paissit \u00e0 mesure que de fines couches de graisse commencent \u00e0 se former sur la peau. Par cons\u00e9quent, il continue de prendre du poids.<\/p>\n<p>Au cours de la 20e semaine de grossesse, la surface de la peau du b\u00e9b\u00e9 est recouverte d&rsquo;une fine couche de cheveux appel\u00e9e lanugo. Cette couche de cheveux commence \u00e0 dispara\u00eetre apr\u00e8s 36 semaines. Il reste tr\u00e8s peu de choses apr\u00e8s la naissance. Ces poils restants tombent en quelques mois.<\/p>\n<p>La couche de vernix caseosa (ou vernis cas\u00e9), qui a commenc\u00e9 \u00e0 se former la semaine derni\u00e8re, diminuera avec le temps \u00e0 la surface de la peau, et sa quantit\u00e9 continue d&rsquo;augmenter \u00e0 la 20e semaine de grossesse Il existe 40\u00e050 types de prot\u00e9ines dans cette structure grasse. La couche de vernis prot\u00e8ge le b\u00e9b\u00e9 contre diverses infections dans l&rsquo;ut\u00e9rus et dans les jours qui suivent la naissance. Il a \u00e9galement pour t\u00e2che de prot\u00e9ger la peau du b\u00e9b\u00e9 de l&rsquo;effet acide du liquide amniotique. Cette structure huileuse visqueuse fonc\u00e9e, qui semble \u00eatre enduite sur la peau, facilite \u00e9galement le passage du b\u00e9b\u00e9 par le canal de naissance lors de la naissance.<\/p>\n<p>Au fur et \u00e0 mesure que les cellules nerveuses se d\u00e9veloppent au cours de la 20e semaine de grossesse, des connexions nerveuses entre le cerveau et les sens se d\u00e9veloppent \u00e9galement. La structure qui assure cette connexion est la my\u00e9line, une substance grasse qui recouvre et isole les nerfs dans tout le corps. Au cours de cette semaine, le b\u00e9b\u00e9 a autant de cellules nerveuses qu&rsquo;un adulte. Au fur et \u00e0 mesure que les cellules nerveuses se d\u00e9veloppent, le b\u00e9b\u00e9 devient capable de contr\u00f4ler son corps.<\/p>\n<p>\u00c0 20 semaines de grossesse, le sens du go\u00fbt du b\u00e9b\u00e9 s&rsquo;est suffisamment d\u00e9velopp\u00e9 pour se sentir amer et sucr\u00e9. Bien s\u00fbr, il ne go\u00fbte que le liquide amniotique pour l&rsquo;instant.<\/p>\n<p>Votre b\u00e9b\u00e9 peut entendre des sons pendant quelques semaines. Il peut entendre les battements de votre c\u0153ur, les sons provenant de vos intestins et de votre estomac. Puisqu&rsquo; il entend \u00e9galement des sons venant de l&rsquo;ext\u00e9rieur, vous pouvez lui faire \u00e9couter de la musique douce dans le style de la musique classique. Le rythme cardiaque peut r\u00e9agir diff\u00e9remment aux sons provenant de l&rsquo;ext\u00e9rieur.<\/p>\n<p>Le liquide amniotique dans lequel le b\u00e9b\u00e9 grandit est multipli\u00e9 par 10 au cours des 8 derni\u00e8res semaines, atteignant 320 ml \u00e0 la fin de la 20e semaine.[\/vc_column_text][\/vc_column_inner][\/vc_row_inner][vc_custom_heading heading_semantic=\u00a0\u00bbh4&Prime; text_size=\u00a0\u00bb\u00a0\u00bb uncode_shortcode_id=\u00a0\u00bb408789&Prime;]Mouvements de b\u00e9b\u00e9 \u00e0 20 semaines de grossesse[\/vc_custom_heading][vc_column_text uncode_shortcode_id=\u00a0\u00bb108548&Prime;]<\/p>\n<div class=\"gebelik-content-text gebelik-content-text-2\">\n<article>\u00c0 20 semaines, les mouvements du b\u00e9b\u00e9 deviennent de plus en plus rapides. Il continue \u00e0 \u00e9tirer son corps, \u00e0 donner des coups de poing avec ses bras, \u00e0 donner de petits coups de pied et \u00e0 se retourner. Au fur et \u00e0 mesure que sa capacit\u00e9 \u00e0 utiliser son corps s&rsquo;am\u00e9liore, il appr\u00e9cie probablement ces nouvelles d\u00e9couvertes. Si vous ne l&rsquo;avez toujours pas ressenti, soyez pr\u00eat \u00e0 ressentir ces petits mouvements rapides en quelques semaines.<\/article>\n<\/div>\n<div class=\"gebelik-content-text gebelik-content-text-3\">\n<article>\n<div class=\"article-image\"><\/div>\n<\/article>\n<\/div>\n<p>[\/vc_column_text][vc_custom_heading heading_semantic=\u00a0\u00bbh4&Prime; text_size=\u00a0\u00bb\u00a0\u00bb uncode_shortcode_id=\u00a0\u00bb138558&Prime;]Image \u00e9chographique[\/vc_custom_heading][vc_row_inner limit_content=\u00a0\u00bb\u00a0\u00bb][vc_column_inner width=\u00a0\u00bb5\/12&Prime;][vc_single_image media=\u00a0\u00bb1183&Prime; media_width_percent=\u00a0\u00bb100&Prime; uncode_shortcode_id=\u00a0\u00bb129150&Prime;][\/vc_column_inner][vc_column_inner width=\u00a0\u00bb7\/12&Prime;][vc_column_text uncode_shortcode_id=\u00a0\u00bb284087&Prime;]Sur les images \u00e9chographiques de grossesses de 20 semaines\u00a0; On constate que la t\u00eate du b\u00e9b\u00e9 repr\u00e9sente moins d&rsquo;un tiers de la longueur totale du corps.<\/p>\n<p>Les battements de c\u0153ur sont plus forts \u00e0 l&rsquo;\u00e9chographie cette semaine.<\/p>\n<p>Le b\u00e9b\u00e9 de 20 semaines est encore maigre sur les images \u00e9chographiques. Si l&rsquo;on consid\u00e8re qu&rsquo;il va continuer \u00e0 prendre du poids, il y a encore quelques semaines avant qu&rsquo;il ne devienne un mignon b\u00e9b\u00e9 joufflu.<\/p>\n<p>Les os qui continuent de durcir et de se d\u00e9velopper apparaissent maintenant plus brillants sur les images \u00e9chographiques de b\u00e9b\u00e9 de 20 semaines.<\/p>\n<p>Dans les images \u00e9chographiques de 20 semaines, vous pouvez voir que votre b\u00e9b\u00e9 fait une extraction de la langue, suce son doigt et bouge ses bras et ses jambes. Ou peut-\u00eatre qu&rsquo;il est endormi&#8230;<\/p>\n<p>Dans les images \u00e9chographiques couleur de 20 semaines, vous pouvez voir le visage de votre b\u00e9b\u00e9 assez clairement pour commenter \u00e0 qui il ressemble.<\/p>\n<p>\u00c0 la 20e semaine de grossesse, votre ut\u00e9rus peut \u00eatre vu un peu plus bas \u00e0 l&rsquo;\u00e9chographie. Ne vous inqui\u00e9tez pas, l&rsquo;ut\u00e9rus se d\u00e9veloppe de haut en bas tout au long de la grossesse. On s&rsquo;attend \u00e0 ce que le placenta ne soit pas trop bas cette semaine. Si lors du contr\u00f4le de la 20e semaine, il est proche du bas, le m\u00e9decin v\u00e9rifiera \u00e0 nouveau l&#8217;emplacement du placenta \u00e0 la 32e semaine.[\/vc_column_text][\/vc_column_inner][\/vc_row_inner][vc_custom_heading heading_semantic=\u00a0\u00bbh4&Prime; text_size=\u00a0\u00bb\u00a0\u00bb uncode_shortcode_id=\u00a0\u00bb176044&Prime;]Changements dans le corps de la m\u00e8re[\/vc_custom_heading][vc_column_text uncode_shortcode_id=\u00a0\u00bb536870&Prime;]L&rsquo;une des questions les plus curieuses\u00a0: combien de mois dure 20 semaines\u00a0? Vous \u00eates maintenant dans le 5\u00e8me mois de grossesse.<\/p>\n<p>F\u00e9licitations, vous quittez la premi\u00e8re moiti\u00e9 de votre grossesse et \u00eates sur le point de passer \u00e0 la seconde moiti\u00e9.<\/p>\n<p>\u00c0 20 semaines de grossesse, l&rsquo;ut\u00e9rus de la m\u00e8re se d\u00e9veloppe progressivement. Maintenant, vous vous sentez vraiment enceinte.<\/p>\n<p>\u00c0 20 semaines de grossesse, votre ut\u00e9rus est tr\u00e8s probablement au niveau de votre nombril. Votre tour de taille commence \u00e0 se r\u00e9tr\u00e9cir. Vos douleurs dorsales et lombaires peuvent persister.<\/p>\n<p>Au cours de la 20e semaine de gestation, votre douleur \u00e0 l&rsquo;aine peut continuer \u00e0 augmenter. Ces douleurs aigu\u00ebs, qui peuvent \u00e9galement toucher votre hanche et votre abdomen, sont caus\u00e9es par l&rsquo;ut\u00e9rus qui \u00e9tire les ligaments et les muscles de l&rsquo;abdomen au fur et \u00e0 mesure de sa croissance.[\/vc_column_text][vc_custom_heading heading_semantic=\u00a0\u00bbh4&Prime; text_size=\u00a0\u00bbh4&Prime; uncode_shortcode_id=\u00a0\u00bb109132&Prime;]Choses \u00e0 prendre en compte[\/vc_custom_heading][vc_column_text uncode_shortcode_id=\u00a0\u00bb190610&Prime;]Alors, combien de poids faut-il prendre en 20 semaines de grossesse\u00a0? \u00c0 la fin de la 20e semaine, on s&rsquo;attend \u00e0 ce que vous preniez en moyenne 5 \u00e0 6 kilos. Si votre app\u00e9tit a augment\u00e9, il est temps de le freiner. Sinon, vous pouvez mettre fin \u00e0 la grossesse avec un exc\u00e8s de poids. L&rsquo;exc\u00e8s de poids n&rsquo;est pas \u00e0 la fois une condition saine et un d\u00e9savantage en termes de r\u00e9cup\u00e9ration et de resserrement du corps apr\u00e8s la naissance.<\/p>\n<p>Si tout va bien, vous pouvez planifier des vacances. Les vacances, comme toujours, sont tr\u00e8s bonnes pour les couples pendant la grossesse. Cependant, lorsque vous voyagez pendant la grossesse, vous devez faire attention \u00e0 certains points\u00a0:<\/p>\n<p>\u2013 Assurez-vous de consulter votre m\u00e9decin avant vos longs voyages,<\/p>\n<p>\u2013 Vous devriez faire une pause toutes les 2 heures pendant votre voyage en voiture. Vous pouvez marcher ou vous \u00e9tirer les jambes pendant les pauses,<\/p>\n<p>\u2013 Si vous allez voyager en avion et que votre voyage va \u00eatre long, demandez les recommandations de votre m\u00e9decin. Les compagnies a\u00e9riennes n&rsquo;approuvent pas les voyages apr\u00e8s 36 semaines. Certaines compagnies a\u00e9riennes exigent un certificat m\u00e9dical apr\u00e8s une certaine semaine. Assurez-vous de demander ce d\u00e9tail \u00e0 la compagnie a\u00e9rienne o\u00f9 vous avez achet\u00e9 votre billet. D\u00e9couvrez s&rsquo;ils veulent \u00e9galement un rapport pour le retour,<\/p>\n<p>\u2013 Ne mangez pas d&rsquo;aliments qui vous donnent la naus\u00e9e avant et pendant le voyage. Ne pas trop manger. Gardez avec vous des aliments tels que les pois chiches, les fruits secs, les noix crues, les noix, les amandes qui \u00e9quilibreront votre glyc\u00e9mie et supprimeront votre estomac,<\/p>\n<p>\u2013 Renseignez-vous sur le nom et l&#8217;emplacement de l&rsquo;\u00e9tablissement de sant\u00e9 le plus proche o\u00f9 vous passerez vos vacances.[\/vc_column_text][\/vc_column][\/vc_row][vc_row][vc_column width=\u00a0\u00bb1\/1&Prime;][uncode_block id=\u00a0\u00bb989&Prime;][\/vc_column][\/vc_row][vc_row][vc_column width=\u00a0\u00bb1\/1&Prime;][uncode_block id=\u00a0\u00bb601&Prime;][\/vc_column][\/vc_row]<\/p>\n<\/div>","protected":false},"excerpt":{"rendered":"<p>[vc_row row_height_percent=\u00a0\u00bb0&Prime; override_padding=\u00a0\u00bbyes\u00a0\u00bb h_padding=\u00a0\u00bb2&Prime; top_padding=\u00a0\u00bb2&Prime; bottom_padding=\u00a0\u00bb0&Prime; overlay_alpha=\u00a0\u00bb50&Prime; equal_height=\u00a0\u00bbyes\u00a0\u00bb gutter_size=\u00a0\u00bb2&Prime; column_width_percent=\u00a0\u00bb100&Prime; shift_y=\u00a0\u00bb-3&Prime; z_index=\u00a0\u00bb0&Prime; uncode_shortcode_id=\u00a0\u00bb152492&Prime;][vc_column column_width_percent=\u00a0\u00bb100&Prime; position_vertical=\u00a0\u00bbmiddle\u00a0\u00bb align_horizontal=\u00a0\u00bbalign_center\u00a0\u00bb gutter_size=\u00a0\u00bb3&Prime; overlay_alpha=\u00a0\u00bb50&Prime; shift_x=\u00a0\u00bb0&Prime; shift_y=\u00a0\u00bb0&Prime; [&hellip;]<\/p>\n","protected":false},"author":3,"featured_media":1119,"parent":2268,"menu_order":0,"comment_status":"closed","ping_status":"closed","template":"","meta":{"_monsterinsights_skip_tracking":false,"_monsterinsights_sitenote_active":false,"_monsterinsights_sitenote_note":"","_monsterinsights_sitenote_category":0,"footnotes":""},"class_list":["post-2541","page","type-page","status-publish","has-post-thumbnail","hentry","page_category-semaine-par-semaine"],"yoast_head":"<!-- This site is optimized with the Yoast SEO plugin v27.4 - https:\/\/yoast.com\/product\/yoast-seo-wordpress\/ -->\n<title>Semaine 20 - Canbebe<\/title>\n<meta name=\"robots\" content=\"index, follow, max-snippet:-1, max-image-preview:large, max-video-preview:-1\" \/>\n<link rel=\"canonical\" href=\"https:\/\/canbebe.com\/fr\/calendrier-de-grossesse\/20-hafta\/\" \/>\n<meta property=\"og:locale\" content=\"fr_FR\" \/>\n<meta property=\"og:type\" content=\"article\" \/>\n<meta property=\"og:title\" content=\"Semaine 20 - Canbebe\" \/>\n<meta property=\"og:description\" content=\"[vc_row row_height_percent=\u00a0\u00bb0&Prime; override_padding=\u00a0\u00bbyes\u00a0\u00bb h_padding=\u00a0\u00bb2&Prime; top_padding=\u00a0\u00bb2&Prime; bottom_padding=\u00a0\u00bb0&Prime; overlay_alpha=\u00a0\u00bb50&Prime; equal_height=\u00a0\u00bbyes\u00a0\u00bb gutter_size=\u00a0\u00bb2&Prime; column_width_percent=\u00a0\u00bb100&Prime; shift_y=\u00a0\u00bb-3&Prime; z_index=\u00a0\u00bb0&Prime; uncode_shortcode_id=\u00a0\u00bb152492&Prime;][vc_column column_width_percent=\u00a0\u00bb100&Prime; position_vertical=\u00a0\u00bbmiddle\u00a0\u00bb align_horizontal=\u00a0\u00bbalign_center\u00a0\u00bb gutter_size=\u00a0\u00bb3&Prime; overlay_alpha=\u00a0\u00bb50&Prime; shift_x=\u00a0\u00bb0&Prime; shift_y=\u00a0\u00bb0&Prime; [&hellip;]\" \/>\n<meta property=\"og:url\" content=\"https:\/\/canbebe.com\/fr\/calendrier-de-grossesse\/20-hafta\/\" \/>\n<meta property=\"og:site_name\" content=\"Canbebe\" \/>\n<meta property=\"article:modified_time\" content=\"2024-04-09T14:56:20+00:00\" \/>\n<meta name=\"twitter:card\" content=\"summary_large_image\" \/>\n<script type=\"application\/ld+json\" class=\"yoast-schema-graph\">{\"@context\":\"https:\\\/\\\/schema.org\",\"@graph\":[{\"@type\":\"WebPage\",\"@id\":\"https:\\\/\\\/canbebe.com\\\/fr\\\/calendrier-de-grossesse\\\/20-hafta\\\/\",\"url\":\"https:\\\/\\\/canbebe.com\\\/fr\\\/calendrier-de-grossesse\\\/20-hafta\\\/\",\"name\":\"Semaine 20 - Canbebe\",\"isPartOf\":{\"@id\":\"https:\\\/\\\/canbebe.com\\\/fr\\\/#website\"},\"primaryImageOfPage\":{\"@id\":\"https:\\\/\\\/canbebe.com\\\/fr\\\/calendrier-de-grossesse\\\/20-hafta\\\/#primaryimage\"},\"image\":{\"@id\":\"https:\\\/\\\/canbebe.com\\\/fr\\\/calendrier-de-grossesse\\\/20-hafta\\\/#primaryimage\"},\"thumbnailUrl\":\"https:\\\/\\\/canbebe.com\\\/wp-content\\\/uploads\\\/2023\\\/12\\\/Fruits-8-1.svg\",\"datePublished\":\"2023-11-24T10:55:17+00:00\",\"dateModified\":\"2024-04-09T14:56:20+00:00\",\"breadcrumb\":{\"@id\":\"https:\\\/\\\/canbebe.com\\\/fr\\\/calendrier-de-grossesse\\\/20-hafta\\\/#breadcrumb\"},\"inLanguage\":\"fr-FR\",\"potentialAction\":[{\"@type\":\"ReadAction\",\"target\":[\"https:\\\/\\\/canbebe.com\\\/fr\\\/calendrier-de-grossesse\\\/20-hafta\\\/\"]}]},{\"@type\":\"ImageObject\",\"inLanguage\":\"fr-FR\",\"@id\":\"https:\\\/\\\/canbebe.com\\\/fr\\\/calendrier-de-grossesse\\\/20-hafta\\\/#primaryimage\",\"url\":\"https:\\\/\\\/canbebe.com\\\/wp-content\\\/uploads\\\/2023\\\/12\\\/Fruits-8-1.svg\",\"contentUrl\":\"https:\\\/\\\/canbebe.com\\\/wp-content\\\/uploads\\\/2023\\\/12\\\/Fruits-8-1.svg\",\"width\":\"72\",\"height\":\"72\"},{\"@type\":\"BreadcrumbList\",\"@id\":\"https:\\\/\\\/canbebe.com\\\/fr\\\/calendrier-de-grossesse\\\/20-hafta\\\/#breadcrumb\",\"itemListElement\":[{\"@type\":\"ListItem\",\"position\":1,\"name\":\"Accueil\",\"item\":\"https:\\\/\\\/canbebe.com\\\/fr\\\/\"},{\"@type\":\"ListItem\",\"position\":2,\"name\":\"Calendrier de Grossesse\",\"item\":\"https:\\\/\\\/canbebe.com\\\/fr\\\/calendrier-de-grossesse\\\/\"},{\"@type\":\"ListItem\",\"position\":3,\"name\":\"Semaine 20\"}]},{\"@type\":\"WebSite\",\"@id\":\"https:\\\/\\\/canbebe.com\\\/fr\\\/#website\",\"url\":\"https:\\\/\\\/canbebe.com\\\/fr\\\/\",\"name\":\"Canbebe\",\"description\":\"Canbebe\",\"publisher\":{\"@id\":\"https:\\\/\\\/canbebe.com\\\/fr\\\/#organization\"},\"potentialAction\":[{\"@type\":\"SearchAction\",\"target\":{\"@type\":\"EntryPoint\",\"urlTemplate\":\"https:\\\/\\\/canbebe.com\\\/fr\\\/?s={search_term_string}\"},\"query-input\":{\"@type\":\"PropertyValueSpecification\",\"valueRequired\":true,\"valueName\":\"search_term_string\"}}],\"inLanguage\":\"fr-FR\"},{\"@type\":\"Organization\",\"@id\":\"https:\\\/\\\/canbebe.com\\\/fr\\\/#organization\",\"name\":\"Canbebe\",\"url\":\"https:\\\/\\\/canbebe.com\\\/fr\\\/\",\"logo\":{\"@type\":\"ImageObject\",\"inLanguage\":\"fr-FR\",\"@id\":\"https:\\\/\\\/canbebe.com\\\/fr\\\/#\\\/schema\\\/logo\\\/image\\\/\",\"url\":\"https:\\\/\\\/canbebe.com\\\/wp-content\\\/uploads\\\/2023\\\/11\\\/logo-canbebe.png\",\"contentUrl\":\"https:\\\/\\\/canbebe.com\\\/wp-content\\\/uploads\\\/2023\\\/11\\\/logo-canbebe.png\",\"width\":398,\"height\":84,\"caption\":\"Canbebe\"},\"image\":{\"@id\":\"https:\\\/\\\/canbebe.com\\\/fr\\\/#\\\/schema\\\/logo\\\/image\\\/\"}}]}<\/script>\n<!-- \/ Yoast SEO plugin. -->","yoast_head_json":{"title":"Semaine 20 - Canbebe","robots":{"index":"index","follow":"follow","max-snippet":"max-snippet:-1","max-image-preview":"max-image-preview:large","max-video-preview":"max-video-preview:-1"},"canonical":"https:\/\/canbebe.com\/fr\/calendrier-de-grossesse\/20-hafta\/","og_locale":"fr_FR","og_type":"article","og_title":"Semaine 20 - Canbebe","og_description":"[vc_row row_height_percent=\u00a0\u00bb0&Prime; override_padding=\u00a0\u00bbyes\u00a0\u00bb h_padding=\u00a0\u00bb2&Prime; top_padding=\u00a0\u00bb2&Prime; bottom_padding=\u00a0\u00bb0&Prime; overlay_alpha=\u00a0\u00bb50&Prime; equal_height=\u00a0\u00bbyes\u00a0\u00bb gutter_size=\u00a0\u00bb2&Prime; column_width_percent=\u00a0\u00bb100&Prime; shift_y=\u00a0\u00bb-3&Prime; z_index=\u00a0\u00bb0&Prime; uncode_shortcode_id=\u00a0\u00bb152492&Prime;][vc_column column_width_percent=\u00a0\u00bb100&Prime; position_vertical=\u00a0\u00bbmiddle\u00a0\u00bb align_horizontal=\u00a0\u00bbalign_center\u00a0\u00bb gutter_size=\u00a0\u00bb3&Prime; overlay_alpha=\u00a0\u00bb50&Prime; shift_x=\u00a0\u00bb0&Prime; shift_y=\u00a0\u00bb0&Prime; [&hellip;]","og_url":"https:\/\/canbebe.com\/fr\/calendrier-de-grossesse\/20-hafta\/","og_site_name":"Canbebe","article_modified_time":"2024-04-09T14:56:20+00:00","twitter_card":"summary_large_image","schema":{"@context":"https:\/\/schema.org","@graph":[{"@type":"WebPage","@id":"https:\/\/canbebe.com\/fr\/calendrier-de-grossesse\/20-hafta\/","url":"https:\/\/canbebe.com\/fr\/calendrier-de-grossesse\/20-hafta\/","name":"Semaine 20 - Canbebe","isPartOf":{"@id":"https:\/\/canbebe.com\/fr\/#website"},"primaryImageOfPage":{"@id":"https:\/\/canbebe.com\/fr\/calendrier-de-grossesse\/20-hafta\/#primaryimage"},"image":{"@id":"https:\/\/canbebe.com\/fr\/calendrier-de-grossesse\/20-hafta\/#primaryimage"},"thumbnailUrl":"https:\/\/canbebe.com\/wp-content\/uploads\/2023\/12\/Fruits-8-1.svg","datePublished":"2023-11-24T10:55:17+00:00","dateModified":"2024-04-09T14:56:20+00:00","breadcrumb":{"@id":"https:\/\/canbebe.com\/fr\/calendrier-de-grossesse\/20-hafta\/#breadcrumb"},"inLanguage":"fr-FR","potentialAction":[{"@type":"ReadAction","target":["https:\/\/canbebe.com\/fr\/calendrier-de-grossesse\/20-hafta\/"]}]},{"@type":"ImageObject","inLanguage":"fr-FR","@id":"https:\/\/canbebe.com\/fr\/calendrier-de-grossesse\/20-hafta\/#primaryimage","url":"https:\/\/canbebe.com\/wp-content\/uploads\/2023\/12\/Fruits-8-1.svg","contentUrl":"https:\/\/canbebe.com\/wp-content\/uploads\/2023\/12\/Fruits-8-1.svg","width":"72","height":"72"},{"@type":"BreadcrumbList","@id":"https:\/\/canbebe.com\/fr\/calendrier-de-grossesse\/20-hafta\/#breadcrumb","itemListElement":[{"@type":"ListItem","position":1,"name":"Accueil","item":"https:\/\/canbebe.com\/fr\/"},{"@type":"ListItem","position":2,"name":"Calendrier de Grossesse","item":"https:\/\/canbebe.com\/fr\/calendrier-de-grossesse\/"},{"@type":"ListItem","position":3,"name":"Semaine 20"}]},{"@type":"WebSite","@id":"https:\/\/canbebe.com\/fr\/#website","url":"https:\/\/canbebe.com\/fr\/","name":"Canbebe","description":"Canbebe","publisher":{"@id":"https:\/\/canbebe.com\/fr\/#organization"},"potentialAction":[{"@type":"SearchAction","target":{"@type":"EntryPoint","urlTemplate":"https:\/\/canbebe.com\/fr\/?s={search_term_string}"},"query-input":{"@type":"PropertyValueSpecification","valueRequired":true,"valueName":"search_term_string"}}],"inLanguage":"fr-FR"},{"@type":"Organization","@id":"https:\/\/canbebe.com\/fr\/#organization","name":"Canbebe","url":"https:\/\/canbebe.com\/fr\/","logo":{"@type":"ImageObject","inLanguage":"fr-FR","@id":"https:\/\/canbebe.com\/fr\/#\/schema\/logo\/image\/","url":"https:\/\/canbebe.com\/wp-content\/uploads\/2023\/11\/logo-canbebe.png","contentUrl":"https:\/\/canbebe.com\/wp-content\/uploads\/2023\/11\/logo-canbebe.png","width":398,"height":84,"caption":"Canbebe"},"image":{"@id":"https:\/\/canbebe.com\/fr\/#\/schema\/logo\/image\/"}}]}},"_links":{"self":[{"href":"https:\/\/canbebe.com\/fr\/wp-json\/wp\/v2\/pages\/2541","targetHints":{"allow":["GET"]}}],"collection":[{"href":"https:\/\/canbebe.com\/fr\/wp-json\/wp\/v2\/pages"}],"about":[{"href":"https:\/\/canbebe.com\/fr\/wp-json\/wp\/v2\/types\/page"}],"author":[{"embeddable":true,"href":"https:\/\/canbebe.com\/fr\/wp-json\/wp\/v2\/users\/3"}],"replies":[{"embeddable":true,"href":"https:\/\/canbebe.com\/fr\/wp-json\/wp\/v2\/comments?post=2541"}],"version-history":[{"count":0,"href":"https:\/\/canbebe.com\/fr\/wp-json\/wp\/v2\/pages\/2541\/revisions"}],"up":[{"embeddable":true,"href":"https:\/\/canbebe.com\/fr\/wp-json\/wp\/v2\/pages\/2268"}],"wp:featuredmedia":[{"embeddable":true,"href":"https:\/\/canbebe.com\/fr\/wp-json\/wp\/v2\/media\/1119"}],"wp:attachment":[{"href":"https:\/\/canbebe.com\/fr\/wp-json\/wp\/v2\/media?parent=2541"}],"curies":[{"name":"wp","href":"https:\/\/api.w.org\/{rel}","templated":true}]}}