{"id":2537,"date":"2023-11-24T10:55:23","date_gmt":"2023-11-24T10:55:23","guid":{"rendered":"https:\/\/canbebe.com\/?page_id=2537"},"modified":"2024-04-09T14:56:15","modified_gmt":"2024-04-09T14:56:15","slug":"21-hafta","status":"publish","type":"page","link":"https:\/\/canbebe.com\/fr\/calendrier-de-grossesse\/21-hafta\/","title":{"rendered":"Semaine 21"},"content":{"rendered":"<div class=\"wpb-content-wrapper\"><p>[vc_row row_height_percent=\u00a0\u00bb0&Prime; override_padding=\u00a0\u00bbyes\u00a0\u00bb h_padding=\u00a0\u00bb2&Prime; top_padding=\u00a0\u00bb2&Prime; bottom_padding=\u00a0\u00bb0&Prime; overlay_alpha=\u00a0\u00bb50&Prime; equal_height=\u00a0\u00bbyes\u00a0\u00bb gutter_size=\u00a0\u00bb2&Prime; column_width_percent=\u00a0\u00bb100&Prime; shift_y=\u00a0\u00bb-3&Prime; z_index=\u00a0\u00bb0&Prime; uncode_shortcode_id=\u00a0\u00bb152492&Prime;][vc_column column_width_percent=\u00a0\u00bb100&Prime; position_vertical=\u00a0\u00bbmiddle\u00a0\u00bb align_horizontal=\u00a0\u00bbalign_center\u00a0\u00bb gutter_size=\u00a0\u00bb3&Prime; overlay_alpha=\u00a0\u00bb50&Prime; shift_x=\u00a0\u00bb0&Prime; shift_y=\u00a0\u00bb0&Prime; shift_y_down=\u00a0\u00bb0&Prime; z_index=\u00a0\u00bb0&Prime; medium_width=\u00a0\u00bb0&Prime; mobile_visibility=\u00a0\u00bbyes\u00a0\u00bb mobile_width=\u00a0\u00bb0&Prime; radius=\u00a0\u00bbsm\u00a0\u00bb width=\u00a0\u00bb5\/12&Prime; uncode_shortcode_id=\u00a0\u00bb931234&Prime; el_class=\u00a0\u00bbimg-rounded\u00a0\u00bb][\/vc_column][vc_column column_width_use_pixel=\u00a0\u00bbyes\u00a0\u00bb position_horizontal=\u00a0\u00bbright\u00a0\u00bb gutter_size=\u00a0\u00bb2&Prime; overlay_alpha=\u00a0\u00bb50&Prime; shift_x=\u00a0\u00bb0&Prime; shift_y=\u00a0\u00bb-5&Prime; shift_y_down=\u00a0\u00bb-5&Prime; z_index=\u00a0\u00bb0&Prime; medium_width=\u00a0\u00bb0&Prime; mobile_width=\u00a0\u00bb0&Prime; width=\u00a0\u00bb7\/12&Prime; uncode_shortcode_id=\u00a0\u00bb133000&Prime; column_width_pixel=\u00a0\u00bb600&Prime; el_id=\u00a0\u00bbhafta-nav\u00a0\u00bb][vc_custom_heading heading_semantic=\u00a0\u00bbh4&Prime; text_size=\u00a0\u00bb\u00a0\u00bb uncode_shortcode_id=\u00a0\u00bb467024&Prime;]Taille et poids du b\u00e9b\u00e9[\/vc_custom_heading][vc_column_text uncode_shortcode_id=\u00a0\u00bb602438&Prime;]Dans la 21e semaine de grossesse, le b\u00e9b\u00e9 mesure environ 26-27 centim\u00e8tres, la taille d&rsquo;une carotte. Son poids est d&rsquo;environ 360 grammes.[\/vc_column_text][\/vc_column][\/vc_row][vc_row row_height_percent=\u00a0\u00bb0&Prime; override_padding=\u00a0\u00bbyes\u00a0\u00bb h_padding=\u00a0\u00bb2&Prime; top_padding=\u00a0\u00bb1&Prime; bottom_padding=\u00a0\u00bb2&Prime; overlay_alpha=\u00a0\u00bb50&Prime; gutter_size=\u00a0\u00bb3&Prime; column_width_percent=\u00a0\u00bb100&Prime; shift_y=\u00a0\u00bb0&Prime; z_index=\u00a0\u00bb0&Prime; uncode_shortcode_id=\u00a0\u00bb137824&Prime;][vc_column width=\u00a0\u00bb1\/1&Prime;][vc_custom_heading heading_semantic=\u00a0\u00bbh4&Prime; text_size=\u00a0\u00bb\u00a0\u00bb uncode_shortcode_id=\u00a0\u00bb722370&Prime;]Le D\u00e9veloppement du B\u00e9b\u00e9[\/vc_custom_heading][vc_row_inner limit_content=\u00a0\u00bb\u00a0\u00bb][vc_column_inner width=\u00a0\u00bb5\/12&Prime;][vc_single_image media=\u00a0\u00bb1189&Prime; media_width_percent=\u00a0\u00bb100&Prime; uncode_shortcode_id=\u00a0\u00bb142700&Prime;][\/vc_column_inner][vc_column_inner width=\u00a0\u00bb7\/12&Prime;][vc_column_text uncode_shortcode_id=\u00a0\u00bb171560&Prime;]Au cours de la 21e semaine de gestation, vous \u00eates \u00e0 mi-chemin de votre grossesse et, ce qui est tr\u00e8s int\u00e9ressant, votre b\u00e9b\u00e9 a la moiti\u00e9 de la taille du cou qu&rsquo;il va na\u00eetre.<\/p>\n<p>Dans l&rsquo;ut\u00e9rus, le syst\u00e8me digestif du b\u00e9b\u00e9 de 21 semaines commencera \u00e0 absorber les nutriments \u00e9nergisants du liquide amniotique qu&rsquo;il ing\u00e8re. Mais d&rsquo;une part, la plupart des besoins nutritionnels du b\u00e9b\u00e9 sont toujours satisfaits par le placenta.<\/p>\n<p>\u00c0 la 21e semaine de grossesse, la position du b\u00e9b\u00e9 \u00e0 l&rsquo;int\u00e9rieur est encore assez libre, il peut donc bouger \u00e0 sa guise. C&rsquo;est pourquoi vous pourriez ressentir ses coups \u00e0 diff\u00e9rents endroit.<\/p>\n<p>Sa peau est maintenant compl\u00e8tement recouverte d&rsquo;une couche de vernix caseeosa (vernix caseeosa). La majeure partie de cette structure grasse sp\u00e9ciale, telle que la p\u00e2te, qui joue un r\u00f4le important pour le syst\u00e8me immunitaire du b\u00e9b\u00e9, dispara\u00eet avant la naissance.<\/p>\n<p>Au cours de la 21e semaine de grossesse, le d\u00e9veloppement des organes \u00e9tait en grande partie termin\u00e9. La formation de la moelle osseuse s&rsquo;acc\u00e9l\u00e8re \u00e9galement.<\/p>\n<p>Le cerveau de votre b\u00e9b\u00e9 continue de cro\u00eetre rapidement, et cette croissance se poursuivra pendant au moins quelques ann\u00e9es encore apr\u00e8s la naissance.<\/p>\n<p>\u00c0 la 21e semaine de grossesse, les sens du b\u00e9b\u00e9 continuent de se d\u00e9velopper. Son sens du go\u00fbt \u00e9tant d\u00e9velopp\u00e9, le b\u00e9b\u00e9 est conscient de vos habitudes alimentaires Si vous mangez des aliments sucr\u00e9s comme le chocolat, il bougera plus. Il prend de plus en plus conscience des niveaux de lumi\u00e8re et de bruit provenant de l&rsquo;ext\u00e9rieur.<\/p>\n<p>Gr\u00e2ce au liquide amniotique, les stades de d\u00e9veloppement de votre b\u00e9b\u00e9 continuent d&rsquo;\u00eatre compl\u00e9t\u00e9s. Ce liquide a la fonction de prot\u00e9ger le b\u00e9b\u00e9 contre les chocs. B\u00e9b\u00e9 respire en remplissant et vidant ses poumons, car il avale \u00e9galement le liquide amniotique. Cette action est une pr\u00e9paration pour qu&rsquo;elle respire apr\u00e8s la naissance. De plus, ce liquide maintient le fonctionnement du syst\u00e8me digestif du b\u00e9b\u00e9.<\/p>\n<p>Depuis quelques semaines, le b\u00e9b\u00e9 d\u00e9veloppe une sorte de selles appel\u00e9es m\u00e9conium dans ses intestins. Le b\u00e9b\u00e9 continuera \u00e0 accumuler ces selles dans ses intestins jusqu&rsquo;\u00e0 la naissance. On s&rsquo;attend \u00e0 ce que le b\u00e9b\u00e9 ne fasse pas ces selles dans l&rsquo;ut\u00e9rus avant la naissance.[\/vc_column_text][\/vc_column_inner][\/vc_row_inner][vc_custom_heading heading_semantic=\u00a0\u00bbh4&Prime; text_size=\u00a0\u00bb\u00a0\u00bb uncode_shortcode_id=\u00a0\u00bb517247&Prime;]Mouvements de b\u00e9b\u00e9 de 21 semaines[\/vc_custom_heading][vc_column_text uncode_shortcode_id=\u00a0\u00bb161450&Prime;]Les mouvements peuvent \u00eatre ressentis un jour et non pas pendant plusieurs jours. Vous commencerez \u00e0 sentir les mouvements de votre b\u00e9b\u00e9 plus r\u00e9guli\u00e8rement apr\u00e8s 28 semaines.<\/p>\n<p>Si vous appuyez sur votre ventre avec votre main, il peut s&rsquo;\u00e9loigner et r\u00e9agir en vous repoussant.[\/vc_column_text][vc_custom_heading heading_semantic=\u00a0\u00bbh4&Prime; text_size=\u00a0\u00bb\u00a0\u00bb uncode_shortcode_id=\u00a0\u00bb149040&Prime;]Image \u00e9chographique[\/vc_custom_heading][vc_row_inner limit_content=\u00a0\u00bb\u00a0\u00bb][vc_column_inner width=\u00a0\u00bb5\/12&Prime;][vc_single_image media=\u00a0\u00bb1187&Prime; media_width_percent=\u00a0\u00bb100&Prime; uncode_shortcode_id=\u00a0\u00bb538233&Prime;][\/vc_column_inner][vc_column_inner width=\u00a0\u00bb7\/12&Prime;][vc_column_text uncode_shortcode_id=\u00a0\u00bb469647&Prime;]Le nez, les l\u00e8vres et la langue du f\u0153tus sont maintenant bien d\u00e9finis, ce qui rend le visage beaucoup plus clair sur les images de l&rsquo;\u00e9chographie de la 21e semaine de grossesse<\/p>\n<p>Son c\u0153ur continue de battre encore plus fort. \u00c0 21 semaines d&rsquo;\u00e9chographie, vous pouvez entendre tr\u00e8s fortement les battements de c\u0153ur de votre b\u00e9b\u00e9.<\/p>\n<p>Sur les images \u00e9chographiques \u00e0 21 semaines, le b\u00e9b\u00e9 peut parfois \u00eatre vu endormi et parfois en mouvement.[\/vc_column_text][\/vc_column_inner][\/vc_row_inner][vc_custom_heading heading_semantic=\u00a0\u00bbh4&Prime; text_size=\u00a0\u00bb\u00a0\u00bb uncode_shortcode_id=\u00a0\u00bb535754&Prime;]Changements dans le corps de la m\u00e8re[\/vc_custom_heading][vc_column_text uncode_shortcode_id=\u00a0\u00bb176099&Prime;]Combien de mois dure 21 semaines\u00a0? C&rsquo;est la semaine correspondant au cinqui\u00e8me mois de la grossesse.<\/p>\n<p>\u00c0 la 21e semaine de grossesse, le m\u00e9decin v\u00e9rifie les niveaux de sucre et de prot\u00e9ines dans l&rsquo;urine, ainsi que la hauteur de l&rsquo;ut\u00e9rus.<\/p>\n<p>Les changements chez la m\u00e8re \u00e0 la 21e semaine de grossesse sont les suivants\u00a0:<\/p>\n<p>\u2013 Un \u00e9coulement blanc du vagin,<\/p>\n<p>\u2013 Douleurs dans la partie inf\u00e9rieure de l&rsquo;abdomen,<\/p>\n<p>\u2013 Constipation et crampes aux jambes,<\/p>\n<p>\u2013 Probl\u00e8me de br\u00fblure, d&rsquo;indigestion et de gaz dans l&rsquo;estomac,<\/p>\n<p>\u2013 Changements dans la couleur de la peau de l&rsquo;abdomen et du visage,<\/p>\n<p>\u2013 Acc\u00e9l\u00e9ration de la fr\u00e9quence cardiaque \u00e0 mesure que la pression art\u00e9rielle augmente,<\/p>\n<p>\u2013 Maux de t\u00eate et sensation d&rsquo;\u00e9vanouissement.<\/p>\n<p>&nbsp;<\/p>\n<p>\u00c0 la 21e semaine de grossesse, on s&rsquo;attend \u00e0 ce que le placenta, qui fournit des nutriments et de l&rsquo;oxyg\u00e8ne au b\u00e9b\u00e9, soit situ\u00e9 au m\u00eame niveau que le b\u00e9b\u00e9, au milieu de l&rsquo;abdomen. Si le placenta est situ\u00e9 moyennement ou vers le bas, il y a une probabilit\u00e9 qu&rsquo;il remonte entre les semaines 24 et 32. S&rsquo;il est trop bas, il s&rsquo;appelle Placenta Previa, et si le placenta se trouve devant le canal de naissance, c&rsquo;est une condition qui emp\u00eache la m\u00e8re d&rsquo;accoucher normalement. Dans un tel cas, l&rsquo;accouchement peut normalement provoquer une perte de sang excessive et des situations n\u00e9gatives chez la femme enceinte. Dans les cas o\u00f9 le placenta est en dessous, des saignements peuvent survenir chez certaines femmes enceintes, principalement entre 34 et 38 semaines. Dans ce cas, le m\u00e9decin qui suit la future m\u00e8re doit en \u00eatre inform\u00e9. Si le placenta ne bloque pas le canal de naissance, que le travail a commenc\u00e9 et qu&rsquo;il n&rsquo;y a pas de saignement excessif, un accouchement normal peut avoir lieu.[\/vc_column_text][vc_custom_heading heading_semantic=\u00a0\u00bbh4&Prime; text_size=\u00a0\u00bbh4&Prime; uncode_shortcode_id=\u00a0\u00bb179071&Prime;]Choses \u00e0 prendre en compte[\/vc_custom_heading][vc_column_text uncode_shortcode_id=\u00a0\u00bb157503&Prime;]La hausse du flux sanguin dans votre circulation sanguine peut exercer une pression sur les membranes muqueuses et les vaisseaux, entra\u00eenant des sensations d&rsquo;\u00e9vanouissement, une congestion nasale, des bouff\u00e9es de chaleur et une transpiration plus fr\u00e9quente. S&rsquo;il y a aussi une sensation de vertige et d&rsquo;\u00e9vanouissement, vous devez faire attention \u00e0\u00a0:<\/p>\n<p>\u2013 Cela peut provoquer une hypoglyc\u00e9mie, des \u00e9tourdissements et une sensation de faiblesse. Afin de ne pas laisser votre glyc\u00e9mie chuter, veillez \u00e0 ne pas avoir faim, ne sautez pas vos repas et ne grignotez pas d&rsquo;aliments sains lors des collations. Ayez toujours avec vous des aliments tels que les noix, les noisettes, les amandes, les fruits frais et les fruits secs qui supprimeront votre faim,<\/p>\n<p>\u2013 Sortez \u00e0 l&rsquo;air frais,<\/p>\n<p>\u2013 Si vous \u00eates disponible, allongez-vous et levez les pieds en l&rsquo;air,<\/p>\n<p>\u2013 Levez-vous lentement et calmement en vous levant de l&rsquo;endroit o\u00f9 vous vous asseyez et allongez-vous,<\/p>\n<p>\u2013 Si vous rencontrez de telles situations, informez-en votre m\u00e9decin par la suite.[\/vc_column_text][vc_custom_heading heading_semantic=\u00a0\u00bbh4&Prime; text_size=\u00a0\u00bbh4&Prime; uncode_shortcode_id=\u00a0\u00bb101333&Prime;]Nutrition \u00e0 21 semaines de grossesse[\/vc_custom_heading][vc_column_text uncode_shortcode_id=\u00a0\u00bb116270&Prime;]Vous pourriez entendre des phrases comme \u00ab\u00a0Tu es enceinte, tu dois manger pour deux\u00a0\u00bb de votre entourage. Ne le croyez pas, m\u00eame si vous avez beaucoup d&rsquo;app\u00e9tit. Il suffit de consommer 300 calories de plus que la normale pendant les 6 premiers mois de la grossesse. Pour ceux qui attendent des jumeaux, cette quantit\u00e9 pourrait \u00eatre de 500 \u00e0 600 calories. Au cours des 3 derniers mois, vous pouvez consommer 600\u00e0800 calories de plus que la normale. Chez les femmes enceintes de jumeaux, cette quantit\u00e9 peut \u00e9galement augmenter. Dans une grossesse normale, il ne sera pas n\u00e9cessaire de consommer plus de 2000 calories par jour et cela vous reviendra sous forme d&rsquo;exc\u00e8s de poids.<\/p>\n<p>Si vous mangez des aliments sains et naturels, vous serez riche en vitamines et min\u00e9raux dont vous avez besoin. Vous devez boire au moins 8 \u00e0 10 verres d&rsquo;eau par jour.<\/p>\n<p>\u00c9vitez les boissons contenant de la caf\u00e9ine. Si vous aviez l&rsquo;habitude de boire du caf\u00e9 avant la grossesse, essayez de contr\u00f4ler cette habitude pendant la grossesse. Parce que la caf\u00e9ine affecte n\u00e9gativement l&rsquo;absorption de la vitamine C, du calcium et du fer.<\/p>\n<p>Vous devez \u00e9galement \u00eatre prot\u00e9g\u00e9e contre les intoxications alimentaires pendant la grossesse. Pour cela, vous devez faire attention \u00e0\u00a0:<\/p>\n<p>\u2013 Faites attention aux bact\u00e9ries salmonelles pr\u00e9sentes dans les \u0153ufs et les poulets. Consommez ces aliments cuits. Lavez-vous soigneusement les mains et les surfaces qu&rsquo;elles touchent si vous manipulez des aliments crus,<\/p>\n<p>\u2013 Ne consommez pas de lait et de produits laitiers non pasteuris\u00e9s. Il existe un risque de transmission de la bact\u00e9rie Listeria \u00e0 partir de ces aliments et cela peut mettre la vie du b\u00e9b\u00e9 en danger,<\/p>\n<p>\u2013 Vous devez \u00e9galement vous m\u00e9fier des toxoplasmes. C&rsquo;est un parasite qui se produit dans les excr\u00e9ments d&rsquo;animaux, en particulier les excr\u00e9ments de chats. Ne consommez pas de viande non cuite ou insuffisamment cuite, car elle peut \u00e9galement \u00eatre transmise par la viande crue. Lavez soigneusement les l\u00e9gumes et les fruits,<\/p>\n<p>\u2013 Lavez-vous soigneusement les mains avant et apr\u00e8s la pr\u00e9paration des aliments.[\/vc_column_text][\/vc_column][\/vc_row][vc_row][vc_column width=\u00a0\u00bb1\/1&Prime;][uncode_block id=\u00a0\u00bb989&Prime;][\/vc_column][\/vc_row][vc_row][vc_column width=\u00a0\u00bb1\/1&Prime;][uncode_block id=\u00a0\u00bb601&Prime;][\/vc_column][\/vc_row]<\/p>\n<\/div>","protected":false},"excerpt":{"rendered":"<p>[vc_row row_height_percent=\u00a0\u00bb0&Prime; override_padding=\u00a0\u00bbyes\u00a0\u00bb h_padding=\u00a0\u00bb2&Prime; top_padding=\u00a0\u00bb2&Prime; bottom_padding=\u00a0\u00bb0&Prime; overlay_alpha=\u00a0\u00bb50&Prime; equal_height=\u00a0\u00bbyes\u00a0\u00bb gutter_size=\u00a0\u00bb2&Prime; column_width_percent=\u00a0\u00bb100&Prime; shift_y=\u00a0\u00bb-3&Prime; z_index=\u00a0\u00bb0&Prime; uncode_shortcode_id=\u00a0\u00bb152492&Prime;][vc_column column_width_percent=\u00a0\u00bb100&Prime; position_vertical=\u00a0\u00bbmiddle\u00a0\u00bb align_horizontal=\u00a0\u00bbalign_center\u00a0\u00bb gutter_size=\u00a0\u00bb3&Prime; overlay_alpha=\u00a0\u00bb50&Prime; shift_x=\u00a0\u00bb0&Prime; shift_y=\u00a0\u00bb0&Prime; [&hellip;]<\/p>\n","protected":false},"author":3,"featured_media":957,"parent":2268,"menu_order":0,"comment_status":"closed","ping_status":"closed","template":"","meta":{"_monsterinsights_skip_tracking":false,"_monsterinsights_sitenote_active":false,"_monsterinsights_sitenote_note":"","_monsterinsights_sitenote_category":0,"footnotes":""},"class_list":["post-2537","page","type-page","status-publish","has-post-thumbnail","hentry","page_category-semaine-par-semaine"],"yoast_head":"<!-- This site is optimized with the Yoast SEO plugin v27.4 - https:\/\/yoast.com\/product\/yoast-seo-wordpress\/ -->\n<title>Semaine 21 - Canbebe<\/title>\n<meta name=\"robots\" content=\"index, follow, max-snippet:-1, max-image-preview:large, max-video-preview:-1\" \/>\n<link rel=\"canonical\" href=\"https:\/\/canbebe.com\/fr\/calendrier-de-grossesse\/21-hafta\/\" \/>\n<meta property=\"og:locale\" content=\"fr_FR\" \/>\n<meta property=\"og:type\" content=\"article\" \/>\n<meta property=\"og:title\" content=\"Semaine 21 - Canbebe\" \/>\n<meta property=\"og:description\" content=\"[vc_row row_height_percent=\u00a0\u00bb0&Prime; override_padding=\u00a0\u00bbyes\u00a0\u00bb h_padding=\u00a0\u00bb2&Prime; top_padding=\u00a0\u00bb2&Prime; bottom_padding=\u00a0\u00bb0&Prime; overlay_alpha=\u00a0\u00bb50&Prime; equal_height=\u00a0\u00bbyes\u00a0\u00bb gutter_size=\u00a0\u00bb2&Prime; column_width_percent=\u00a0\u00bb100&Prime; shift_y=\u00a0\u00bb-3&Prime; z_index=\u00a0\u00bb0&Prime; uncode_shortcode_id=\u00a0\u00bb152492&Prime;][vc_column column_width_percent=\u00a0\u00bb100&Prime; position_vertical=\u00a0\u00bbmiddle\u00a0\u00bb align_horizontal=\u00a0\u00bbalign_center\u00a0\u00bb gutter_size=\u00a0\u00bb3&Prime; overlay_alpha=\u00a0\u00bb50&Prime; shift_x=\u00a0\u00bb0&Prime; shift_y=\u00a0\u00bb0&Prime; [&hellip;]\" \/>\n<meta property=\"og:url\" content=\"https:\/\/canbebe.com\/fr\/calendrier-de-grossesse\/21-hafta\/\" \/>\n<meta property=\"og:site_name\" content=\"Canbebe\" \/>\n<meta property=\"article:modified_time\" content=\"2024-04-09T14:56:15+00:00\" \/>\n<meta name=\"twitter:card\" content=\"summary_large_image\" \/>\n<script type=\"application\/ld+json\" class=\"yoast-schema-graph\">{\"@context\":\"https:\\\/\\\/schema.org\",\"@graph\":[{\"@type\":\"WebPage\",\"@id\":\"https:\\\/\\\/canbebe.com\\\/fr\\\/calendrier-de-grossesse\\\/21-hafta\\\/\",\"url\":\"https:\\\/\\\/canbebe.com\\\/fr\\\/calendrier-de-grossesse\\\/21-hafta\\\/\",\"name\":\"Semaine 21 - Canbebe\",\"isPartOf\":{\"@id\":\"https:\\\/\\\/canbebe.com\\\/fr\\\/#website\"},\"primaryImageOfPage\":{\"@id\":\"https:\\\/\\\/canbebe.com\\\/fr\\\/calendrier-de-grossesse\\\/21-hafta\\\/#primaryimage\"},\"image\":{\"@id\":\"https:\\\/\\\/canbebe.com\\\/fr\\\/calendrier-de-grossesse\\\/21-hafta\\\/#primaryimage\"},\"thumbnailUrl\":\"https:\\\/\\\/canbebe.com\\\/wp-content\\\/uploads\\\/2023\\\/12\\\/Carrot.svg\",\"datePublished\":\"2023-11-24T10:55:23+00:00\",\"dateModified\":\"2024-04-09T14:56:15+00:00\",\"breadcrumb\":{\"@id\":\"https:\\\/\\\/canbebe.com\\\/fr\\\/calendrier-de-grossesse\\\/21-hafta\\\/#breadcrumb\"},\"inLanguage\":\"fr-FR\",\"potentialAction\":[{\"@type\":\"ReadAction\",\"target\":[\"https:\\\/\\\/canbebe.com\\\/fr\\\/calendrier-de-grossesse\\\/21-hafta\\\/\"]}]},{\"@type\":\"ImageObject\",\"inLanguage\":\"fr-FR\",\"@id\":\"https:\\\/\\\/canbebe.com\\\/fr\\\/calendrier-de-grossesse\\\/21-hafta\\\/#primaryimage\",\"url\":\"https:\\\/\\\/canbebe.com\\\/wp-content\\\/uploads\\\/2023\\\/12\\\/Carrot.svg\",\"contentUrl\":\"https:\\\/\\\/canbebe.com\\\/wp-content\\\/uploads\\\/2023\\\/12\\\/Carrot.svg\",\"width\":72,\"height\":72},{\"@type\":\"BreadcrumbList\",\"@id\":\"https:\\\/\\\/canbebe.com\\\/fr\\\/calendrier-de-grossesse\\\/21-hafta\\\/#breadcrumb\",\"itemListElement\":[{\"@type\":\"ListItem\",\"position\":1,\"name\":\"Accueil\",\"item\":\"https:\\\/\\\/canbebe.com\\\/fr\\\/\"},{\"@type\":\"ListItem\",\"position\":2,\"name\":\"Calendrier de Grossesse\",\"item\":\"https:\\\/\\\/canbebe.com\\\/fr\\\/calendrier-de-grossesse\\\/\"},{\"@type\":\"ListItem\",\"position\":3,\"name\":\"Semaine 21\"}]},{\"@type\":\"WebSite\",\"@id\":\"https:\\\/\\\/canbebe.com\\\/fr\\\/#website\",\"url\":\"https:\\\/\\\/canbebe.com\\\/fr\\\/\",\"name\":\"Canbebe\",\"description\":\"Canbebe\",\"publisher\":{\"@id\":\"https:\\\/\\\/canbebe.com\\\/fr\\\/#organization\"},\"potentialAction\":[{\"@type\":\"SearchAction\",\"target\":{\"@type\":\"EntryPoint\",\"urlTemplate\":\"https:\\\/\\\/canbebe.com\\\/fr\\\/?s={search_term_string}\"},\"query-input\":{\"@type\":\"PropertyValueSpecification\",\"valueRequired\":true,\"valueName\":\"search_term_string\"}}],\"inLanguage\":\"fr-FR\"},{\"@type\":\"Organization\",\"@id\":\"https:\\\/\\\/canbebe.com\\\/fr\\\/#organization\",\"name\":\"Canbebe\",\"url\":\"https:\\\/\\\/canbebe.com\\\/fr\\\/\",\"logo\":{\"@type\":\"ImageObject\",\"inLanguage\":\"fr-FR\",\"@id\":\"https:\\\/\\\/canbebe.com\\\/fr\\\/#\\\/schema\\\/logo\\\/image\\\/\",\"url\":\"https:\\\/\\\/canbebe.com\\\/wp-content\\\/uploads\\\/2023\\\/11\\\/logo-canbebe.png\",\"contentUrl\":\"https:\\\/\\\/canbebe.com\\\/wp-content\\\/uploads\\\/2023\\\/11\\\/logo-canbebe.png\",\"width\":398,\"height\":84,\"caption\":\"Canbebe\"},\"image\":{\"@id\":\"https:\\\/\\\/canbebe.com\\\/fr\\\/#\\\/schema\\\/logo\\\/image\\\/\"}}]}<\/script>\n<!-- \/ Yoast SEO plugin. -->","yoast_head_json":{"title":"Semaine 21 - Canbebe","robots":{"index":"index","follow":"follow","max-snippet":"max-snippet:-1","max-image-preview":"max-image-preview:large","max-video-preview":"max-video-preview:-1"},"canonical":"https:\/\/canbebe.com\/fr\/calendrier-de-grossesse\/21-hafta\/","og_locale":"fr_FR","og_type":"article","og_title":"Semaine 21 - Canbebe","og_description":"[vc_row row_height_percent=\u00a0\u00bb0&Prime; override_padding=\u00a0\u00bbyes\u00a0\u00bb h_padding=\u00a0\u00bb2&Prime; top_padding=\u00a0\u00bb2&Prime; bottom_padding=\u00a0\u00bb0&Prime; overlay_alpha=\u00a0\u00bb50&Prime; equal_height=\u00a0\u00bbyes\u00a0\u00bb gutter_size=\u00a0\u00bb2&Prime; column_width_percent=\u00a0\u00bb100&Prime; shift_y=\u00a0\u00bb-3&Prime; z_index=\u00a0\u00bb0&Prime; uncode_shortcode_id=\u00a0\u00bb152492&Prime;][vc_column column_width_percent=\u00a0\u00bb100&Prime; position_vertical=\u00a0\u00bbmiddle\u00a0\u00bb align_horizontal=\u00a0\u00bbalign_center\u00a0\u00bb gutter_size=\u00a0\u00bb3&Prime; overlay_alpha=\u00a0\u00bb50&Prime; shift_x=\u00a0\u00bb0&Prime; shift_y=\u00a0\u00bb0&Prime; [&hellip;]","og_url":"https:\/\/canbebe.com\/fr\/calendrier-de-grossesse\/21-hafta\/","og_site_name":"Canbebe","article_modified_time":"2024-04-09T14:56:15+00:00","twitter_card":"summary_large_image","schema":{"@context":"https:\/\/schema.org","@graph":[{"@type":"WebPage","@id":"https:\/\/canbebe.com\/fr\/calendrier-de-grossesse\/21-hafta\/","url":"https:\/\/canbebe.com\/fr\/calendrier-de-grossesse\/21-hafta\/","name":"Semaine 21 - Canbebe","isPartOf":{"@id":"https:\/\/canbebe.com\/fr\/#website"},"primaryImageOfPage":{"@id":"https:\/\/canbebe.com\/fr\/calendrier-de-grossesse\/21-hafta\/#primaryimage"},"image":{"@id":"https:\/\/canbebe.com\/fr\/calendrier-de-grossesse\/21-hafta\/#primaryimage"},"thumbnailUrl":"https:\/\/canbebe.com\/wp-content\/uploads\/2023\/12\/Carrot.svg","datePublished":"2023-11-24T10:55:23+00:00","dateModified":"2024-04-09T14:56:15+00:00","breadcrumb":{"@id":"https:\/\/canbebe.com\/fr\/calendrier-de-grossesse\/21-hafta\/#breadcrumb"},"inLanguage":"fr-FR","potentialAction":[{"@type":"ReadAction","target":["https:\/\/canbebe.com\/fr\/calendrier-de-grossesse\/21-hafta\/"]}]},{"@type":"ImageObject","inLanguage":"fr-FR","@id":"https:\/\/canbebe.com\/fr\/calendrier-de-grossesse\/21-hafta\/#primaryimage","url":"https:\/\/canbebe.com\/wp-content\/uploads\/2023\/12\/Carrot.svg","contentUrl":"https:\/\/canbebe.com\/wp-content\/uploads\/2023\/12\/Carrot.svg","width":72,"height":72},{"@type":"BreadcrumbList","@id":"https:\/\/canbebe.com\/fr\/calendrier-de-grossesse\/21-hafta\/#breadcrumb","itemListElement":[{"@type":"ListItem","position":1,"name":"Accueil","item":"https:\/\/canbebe.com\/fr\/"},{"@type":"ListItem","position":2,"name":"Calendrier de Grossesse","item":"https:\/\/canbebe.com\/fr\/calendrier-de-grossesse\/"},{"@type":"ListItem","position":3,"name":"Semaine 21"}]},{"@type":"WebSite","@id":"https:\/\/canbebe.com\/fr\/#website","url":"https:\/\/canbebe.com\/fr\/","name":"Canbebe","description":"Canbebe","publisher":{"@id":"https:\/\/canbebe.com\/fr\/#organization"},"potentialAction":[{"@type":"SearchAction","target":{"@type":"EntryPoint","urlTemplate":"https:\/\/canbebe.com\/fr\/?s={search_term_string}"},"query-input":{"@type":"PropertyValueSpecification","valueRequired":true,"valueName":"search_term_string"}}],"inLanguage":"fr-FR"},{"@type":"Organization","@id":"https:\/\/canbebe.com\/fr\/#organization","name":"Canbebe","url":"https:\/\/canbebe.com\/fr\/","logo":{"@type":"ImageObject","inLanguage":"fr-FR","@id":"https:\/\/canbebe.com\/fr\/#\/schema\/logo\/image\/","url":"https:\/\/canbebe.com\/wp-content\/uploads\/2023\/11\/logo-canbebe.png","contentUrl":"https:\/\/canbebe.com\/wp-content\/uploads\/2023\/11\/logo-canbebe.png","width":398,"height":84,"caption":"Canbebe"},"image":{"@id":"https:\/\/canbebe.com\/fr\/#\/schema\/logo\/image\/"}}]}},"_links":{"self":[{"href":"https:\/\/canbebe.com\/fr\/wp-json\/wp\/v2\/pages\/2537","targetHints":{"allow":["GET"]}}],"collection":[{"href":"https:\/\/canbebe.com\/fr\/wp-json\/wp\/v2\/pages"}],"about":[{"href":"https:\/\/canbebe.com\/fr\/wp-json\/wp\/v2\/types\/page"}],"author":[{"embeddable":true,"href":"https:\/\/canbebe.com\/fr\/wp-json\/wp\/v2\/users\/3"}],"replies":[{"embeddable":true,"href":"https:\/\/canbebe.com\/fr\/wp-json\/wp\/v2\/comments?post=2537"}],"version-history":[{"count":0,"href":"https:\/\/canbebe.com\/fr\/wp-json\/wp\/v2\/pages\/2537\/revisions"}],"up":[{"embeddable":true,"href":"https:\/\/canbebe.com\/fr\/wp-json\/wp\/v2\/pages\/2268"}],"wp:featuredmedia":[{"embeddable":true,"href":"https:\/\/canbebe.com\/fr\/wp-json\/wp\/v2\/media\/957"}],"wp:attachment":[{"href":"https:\/\/canbebe.com\/fr\/wp-json\/wp\/v2\/media?parent=2537"}],"curies":[{"name":"wp","href":"https:\/\/api.w.org\/{rel}","templated":true}]}}