{"id":2533,"date":"2023-11-24T10:55:27","date_gmt":"2023-11-24T10:55:27","guid":{"rendered":"https:\/\/canbebe.com\/?page_id=2533"},"modified":"2024-04-09T14:56:10","modified_gmt":"2024-04-09T14:56:10","slug":"22-hafta","status":"publish","type":"page","link":"https:\/\/canbebe.com\/fr\/calendrier-de-grossesse\/22-hafta\/","title":{"rendered":"Semaine 22"},"content":{"rendered":"<div class=\"wpb-content-wrapper\"><p>[vc_row row_height_percent=\u00a0\u00bb0&Prime; override_padding=\u00a0\u00bbyes\u00a0\u00bb h_padding=\u00a0\u00bb2&Prime; top_padding=\u00a0\u00bb2&Prime; bottom_padding=\u00a0\u00bb0&Prime; overlay_alpha=\u00a0\u00bb50&Prime; equal_height=\u00a0\u00bbyes\u00a0\u00bb gutter_size=\u00a0\u00bb2&Prime; column_width_percent=\u00a0\u00bb100&Prime; shift_y=\u00a0\u00bb-3&Prime; z_index=\u00a0\u00bb0&Prime; uncode_shortcode_id=\u00a0\u00bb152492&Prime;][vc_column column_width_percent=\u00a0\u00bb100&Prime; position_vertical=\u00a0\u00bbmiddle\u00a0\u00bb align_horizontal=\u00a0\u00bbalign_center\u00a0\u00bb gutter_size=\u00a0\u00bb3&Prime; overlay_alpha=\u00a0\u00bb50&Prime; shift_x=\u00a0\u00bb0&Prime; shift_y=\u00a0\u00bb0&Prime; shift_y_down=\u00a0\u00bb0&Prime; z_index=\u00a0\u00bb0&Prime; medium_width=\u00a0\u00bb0&Prime; mobile_visibility=\u00a0\u00bbyes\u00a0\u00bb mobile_width=\u00a0\u00bb0&Prime; radius=\u00a0\u00bbsm\u00a0\u00bb width=\u00a0\u00bb5\/12&Prime; uncode_shortcode_id=\u00a0\u00bb931234&Prime; el_class=\u00a0\u00bbimg-rounded\u00a0\u00bb][\/vc_column][vc_column column_width_use_pixel=\u00a0\u00bbyes\u00a0\u00bb position_horizontal=\u00a0\u00bbright\u00a0\u00bb gutter_size=\u00a0\u00bb2&Prime; overlay_alpha=\u00a0\u00bb50&Prime; shift_x=\u00a0\u00bb0&Prime; shift_y=\u00a0\u00bb-5&Prime; shift_y_down=\u00a0\u00bb-5&Prime; z_index=\u00a0\u00bb0&Prime; medium_width=\u00a0\u00bb0&Prime; mobile_width=\u00a0\u00bb0&Prime; width=\u00a0\u00bb7\/12&Prime; uncode_shortcode_id=\u00a0\u00bb133000&Prime; column_width_pixel=\u00a0\u00bb600&Prime; el_id=\u00a0\u00bbhafta-nav\u00a0\u00bb][vc_custom_heading heading_semantic=\u00a0\u00bbh4&Prime; text_size=\u00a0\u00bb\u00a0\u00bb uncode_shortcode_id=\u00a0\u00bb298704&Prime;]Taille et poids du b\u00e9b\u00e9[\/vc_custom_heading][vc_column_text uncode_shortcode_id=\u00a0\u00bb147674&Prime;]\u00c0 la 22e semaine de grossesse, la taille du b\u00e9b\u00e9 est d&rsquo;environ 28-29 centim\u00e8tres, jusqu&rsquo;\u00e0 une papaye. Son poids est d&rsquo;environ 430-450 grammes.[\/vc_column_text][\/vc_column][\/vc_row][vc_row row_height_percent=\u00a0\u00bb0&Prime; override_padding=\u00a0\u00bbyes\u00a0\u00bb h_padding=\u00a0\u00bb2&Prime; top_padding=\u00a0\u00bb1&Prime; bottom_padding=\u00a0\u00bb2&Prime; overlay_alpha=\u00a0\u00bb50&Prime; gutter_size=\u00a0\u00bb3&Prime; column_width_percent=\u00a0\u00bb100&Prime; shift_y=\u00a0\u00bb0&Prime; z_index=\u00a0\u00bb0&Prime; uncode_shortcode_id=\u00a0\u00bb137824&Prime;][vc_column width=\u00a0\u00bb1\/1&Prime;][vc_custom_heading heading_semantic=\u00a0\u00bbh4&Prime; text_size=\u00a0\u00bb\u00a0\u00bb uncode_shortcode_id=\u00a0\u00bb199443&Prime;]Le D\u00e9veloppement du B\u00e9b\u00e9[\/vc_custom_heading][vc_row_inner limit_content=\u00a0\u00bb\u00a0\u00bb][vc_column_inner width=\u00a0\u00bb5\/12&Prime;][vc_single_image media=\u00a0\u00bb1193&Prime; media_width_percent=\u00a0\u00bb100&Prime; uncode_shortcode_id=\u00a0\u00bb128326&Prime;][\/vc_column_inner][vc_column_inner width=\u00a0\u00bb7\/12&Prime;][vc_column_text uncode_shortcode_id=\u00a0\u00bb665196&Prime;]\u00c0 22 semaines de grossesse, ses poumons continuent de se d\u00e9velopper et elle commencera \u00e0 produire une prot\u00e9ine (surfactant) qui lui permettra de respirer apr\u00e8s sa naissance.<\/p>\n<p>\u00c0 la 22e semaine de grossesse, la peau fine et rose de votre b\u00e9b\u00e9 est maintenant recouverte d&rsquo;une couche de vernix. La quantit\u00e9 de graisse sous votre peau continue d&rsquo;augmenter. Deux couches cutan\u00e9es distinctes se forment, la couche superficielle (\u00e9piderme) et la couche profonde (derme). La peau \u00e9pidermique continue de se d\u00e9velopper, formant des cicatrices sur les doigts et les orteils, les paumes et la plante des pieds. Il y a des capillaires dans la couche inf\u00e9rieure de la peau. En haut, il y a des poils fins appel\u00e9s lanugo. La couche de vernix, qui recouvre la surface de la peau et est aussi \u00e9paisse que de la p\u00e2te, diminue jusqu&rsquo;\u00e0 la naissance. Chez les b\u00e9b\u00e9s pr\u00e9matur\u00e9s, cette couche est encore \u00e9paisse, tandis que chez les b\u00e9b\u00e9s n\u00e9s tardivement, elle peut diminuer encore plus.<\/p>\n<p>Au cours de la 22e semaine de gestation, le d\u00e9veloppement sensoriel se poursuit \u00e0 mesure que les cellules du cerveau se d\u00e9veloppent et que les signaux sont envoy\u00e9s par le cerveau aux terminaisons nerveuses qui entourent tout le corps. Cette semaine, le sens du toucher s&rsquo;am\u00e9liore encore plus. Les mouvements r\u00e9flexes sont remplac\u00e9s par des actions conscientes avec conscience. Elle est maintenant plus consciente en touchant son visage et en tenant son cordon ombilical\u00a0! Ces nouvelles exp\u00e9riences devraient la rendre heureuse.<\/p>\n<p>Bien qu&rsquo;il ne go\u00fbtait plus que du liquide amniotique, son sens du go\u00fbt \u00e9tait si d\u00e9velopp\u00e9 qu&rsquo;il pouvait ressentir des go\u00fbts amers, sucr\u00e9s et aigres. Pour cette raison, il peut \u00eatre affect\u00e9 par vos habitudes alimentaires et le go\u00fbt de ce que vous mangez. Par exemple, si vous mangez quelque chose de sucr\u00e9, les mouvements augmentent. Tout ce que vous mangez passe par le placenta. Plus vous mangez de l\u00e9gumes, de salades et de fruits pendant votre grossesse, plus votre b\u00e9b\u00e9 est possible d&rsquo;aimer et de manger ces aliments pendant le processus de croissance apr\u00e8s la naissance.<\/p>\n<p>Les r\u00e9actions ne sont pas seulement contre les saveurs. Il est maintenant capable de faire des mouvements de saut dans une musique forte et en mouvement. Il est pr\u00e9f\u00e9rable que vous lui fassiez \u00e9couter de la musique relaxante dans le style de la musique classique. Ce type de musique lente contribuera \u00e0 rendre votre b\u00e9b\u00e9 plus calme. \u00c0 22 semaines, le b\u00e9b\u00e9 peut entendre les voix de ses parents. Si vous lui parlez beaucoup, il est tr\u00e8s probable qu&rsquo;il reconnaisse votre voix apr\u00e8s la naissance.<\/p>\n<p>22 semaines de grossesse continuent de former des sourcils, des cheveux et des ongles dans le d\u00e9veloppement du b\u00e9b\u00e9.<\/p>\n<p>La semaine derni\u00e8re, les os de votre b\u00e9b\u00e9 ont commenc\u00e9 \u00e0 produire des globules rouges.<\/p>\n<p>Alors que les globules rouges sont produits, une substance appel\u00e9e bilirubine est \u00e9galement produite. Cette substance est filtr\u00e9e par le foie et excr\u00e9t\u00e9e par l&rsquo;urine. Si cette substance n&rsquo;est toujours pas excr\u00e9t\u00e9e chez le b\u00e9b\u00e9 le jour de la naissance, il peut s&rsquo;\u00e9couler quelques jours avant qu&rsquo;elle ne soit excr\u00e9t\u00e9e par l&rsquo;organisme. L&rsquo;accumulation de bilirubine entra\u00eene une jaunisse apr\u00e8s la naissance. Cette situation s&rsquo;am\u00e9liore g\u00e9n\u00e9ralement en exposant le b\u00e9b\u00e9 au soleil et en le nourrissant beaucoup.[\/vc_column_text][\/vc_column_inner][\/vc_row_inner][vc_custom_heading heading_semantic=\u00a0\u00bbh4&Prime; text_size=\u00a0\u00bb\u00a0\u00bb uncode_shortcode_id=\u00a0\u00bb122994&Prime;]Mouvements de b\u00e9b\u00e9 \u00e0 22 semaines de grossesse[\/vc_custom_heading][vc_column_text uncode_shortcode_id=\u00a0\u00bb990182&Prime;]Les m\u00e8res qui n&rsquo;ont pas encore ressenti les mouvements du b\u00e9b\u00e9 sont possibles de ressentir les mouvements du b\u00e9b\u00e9 \u00e0 22 semaines.<\/p>\n<p>Si votre b\u00e9b\u00e9, qui se tient dans votre ventre, veut s&rsquo;\u00e9tirer et se lever un peu, vous le sentirez probablement.<\/p>\n<p>Lorsque le b\u00e9b\u00e9 de 22 semaines bouge ses bras et ses jambes, vous pouvez ressentir une sensation de papillon dans votre abdomen. Les m\u00e8res qui ressentent les mouvements plus t\u00f4t peuvent se sentir un peu plus fortes \u00e0 partir de cette semaine.[\/vc_column_text][vc_custom_heading heading_semantic=\u00a0\u00bbh4&Prime; text_size=\u00a0\u00bb\u00a0\u00bb uncode_shortcode_id=\u00a0\u00bb113433&Prime;]Images \u00e9chographiques[\/vc_custom_heading][vc_row_inner limit_content=\u00a0\u00bb\u00a0\u00bb][vc_column_inner width=\u00a0\u00bb5\/12&Prime;][vc_single_image media=\u00a0\u00bb1191&Prime; media_width_percent=\u00a0\u00bb100&Prime; uncode_shortcode_id=\u00a0\u00bb230954&Prime;][\/vc_column_inner][vc_column_inner width=\u00a0\u00bb7\/12&Prime;][vc_column_text uncode_shortcode_id=\u00a0\u00bb124605&Prime;]Sur les images \u00e9chographiques de grossesse de 22 semaines, vous pouvez parfois voir votre b\u00e9b\u00e9 dormir et parfois bouger. Il continue ses imitations. L&rsquo;\u00e9chographie peut vous faire grimacer, sourire ou vous donner un regard en col\u00e8re. Il peut vous saluer dans une position r\u00e9fl\u00e9chie en pla\u00e7ant sa main sur son menton. Il peut s&rsquo;\u00e9tirer et sortir sa langue.<\/p>\n<p>Le b\u00e9b\u00e9 de 22 semaines peut ouvrir et fermer la bouche sur l&rsquo;image \u00e9chographique. Il renforce \u00e9galement les muscles de la m\u00e2choire avec les mouvements d&rsquo;ouverture et de fermeture de la bouche qu&rsquo;il effectue pour avaler le liquide amniotique. Ainsi, apr\u00e8s la naissance, ces muscles seront renforc\u00e9s et pr\u00eats \u00e0 sucer le lait de sa m\u00e8re.<\/p>\n<p>Au cours de votre examen, vous pouvez entendre les battements de c\u0153ur forts de votre b\u00e9b\u00e9.[\/vc_column_text][\/vc_column_inner][\/vc_row_inner][vc_custom_heading heading_semantic=\u00a0\u00bbh4&Prime; text_size=\u00a0\u00bb\u00a0\u00bb uncode_shortcode_id=\u00a0\u00bb197145&Prime;]Changements dans le corps de la m\u00e8re[\/vc_custom_heading][vc_column_text uncode_shortcode_id=\u00a0\u00bb593852&Prime;]Votre ut\u00e9rus continue de cro\u00eetre et de s&rsquo;\u00e9lever au niveau de votre nombril. La hauteur du fond de l&rsquo;ut\u00e9rus (cr\u00eate de l&rsquo;ut\u00e9rus) \u00e9tait d&rsquo;environ 22 pouces \u00e0 22 semaines.<\/p>\n<p>Vos cheveux et vos ongles poussent maintenant rapidement en raison des hormones de grossesse et de l&rsquo;acc\u00e9l\u00e9ration de la circulation sanguine. \u00c9tant donn\u00e9 que la plupart des femmes enceintes n&rsquo;auront pas de perte de cheveux, des tonnerres se produisent dans les cheveux. Les cheveux qui ne tombent pas commenceront probablement \u00e0 tomber apr\u00e8s la naissance. S&rsquo;il y a trop de perte de cheveux apr\u00e8s la naissance, ne vous inqui\u00e9tez pas. Dans quelques ann\u00e9es, la texture et la luxuriance de vos cheveux retrouveront leur \u00e9tat d&rsquo;origine.<\/p>\n<p>Pendant la grossesse, certaines futures mamans peuvent \u00e9galement remarquer une augmentation de la pilosit\u00e9. N&rsquo;utilisez pas de produits chimiques pour l&rsquo;\u00e9pilation, car ils peuvent \u00eatre absorb\u00e9s par la peau et passer dans le sang, atteignant ainsi votre b\u00e9b\u00e9. L&rsquo;utilisation de pinces et de lames de rasoir est id\u00e9ale. En raison des changements de couleur de la peau que vous pouvez rencontrer pendant la grossesse, il est d\u00e9conseill\u00e9 de faire une \u00e9pilation \u00e0 la cire \u00e0 froid ou \u00e0 la cire chaude. D&rsquo;autant plus qu&rsquo;il est appliqu\u00e9 \u00e0 chaud dans de la cire, il peut provoquer des taches permanentes sur la surface de la peau qui sont d\u00e9j\u00e0 devenues sensibles en raison de la grossesse. Il est particuli\u00e8rement recommand\u00e9 aux personnes ayant la peau sensible de ne jamais se faire \u00e9piler le visage, y compris pendant les p\u00e9riodes normales.[\/vc_column_text][vc_custom_heading heading_semantic=\u00a0\u00bbh4&Prime; text_size=\u00a0\u00bbh4&Prime; uncode_shortcode_id=\u00a0\u00bb726084&Prime;]Choses \u00e0 prendre en compte[\/vc_custom_heading][vc_column_text uncode_shortcode_id=\u00a0\u00bb169711&Prime;]Au fur et \u00e0 mesure que la grossesse progresse, des fissures et une s\u00e9cheresse peuvent survenir avec la sensation d&rsquo;\u00e9tirement de votre abdomen. Vous pouvez hydrater votre abdomen tous les jours avec des huiles naturelles telles que l&rsquo;huile d&rsquo;amande, le beurre de cacao ou l&rsquo;huile de noix de coco, ou avec l&rsquo;huile m\u00e9lang\u00e9e que vous obtenez d&rsquo;elles.<\/p>\n<p>Essayez de ne pas \u00eatre aussi stressante que possible pendant la grossesse. Malheureusement, le stress peut entra\u00eener une naissance pr\u00e9matur\u00e9e et des situations n\u00e9gatives chez le b\u00e9b\u00e9 qui entra\u00eenent un faible poids \u00e0 la naissance. L&rsquo;une des meilleures fa\u00e7ons de r\u00e9duire le stress est de faire de l&rsquo;exercice r\u00e9guli\u00e8rement afin de vous d\u00e9tendre.<\/p>\n<p>Lorsque vous faites de l&rsquo;exercice pendant la grossesse, vous devez faire attention \u00e0\u00a0:<\/p>\n<p>\u2013 Commencez l&rsquo;exercice par des mouvements d&rsquo;\u00e9chauffement et lentement,<\/p>\n<p>\u2013 Ne pas trop acc\u00e9l\u00e9rer pendant l&rsquo;exercice. Terminez l&rsquo;exercice lentement. Les femmes enceintes qui ne font pas de sport avant la grossesse doivent limiter leur temps d&rsquo;exercice \u00e0 20-30 minutes. Ceux qui font du sport avant la grossesse peuvent faire de l&rsquo;exercice un peu plus longtemps avec l&rsquo;approbation d&rsquo;un m\u00e9decin,<\/p>\n<p>\u2013 Faire les exercices \u00e0 un certain moment et r\u00e9guli\u00e8rement,<\/p>\n<p>\u2013 Porter des v\u00eatements confortables, souples et minces pendant l&rsquo;exercice,<\/p>\n<p>\u2013 Buvez beaucoup d&rsquo;eau apr\u00e8s l&rsquo;exercice,<\/p>\n<p>\u2013 Ne faites pas de mouvements qui vous forceront trop. Faites une pause lorsque vous avez l&rsquo;impression d&rsquo;avoir du mal,<\/p>\n<p>\u2013 Ne commencez pas l&rsquo;exercice \u00e0 jeun. Sinon, votre glyc\u00e9mie diminuera et vous risquez de vous sentir faible,<\/p>\n<p>\u2013 Gardez l&rsquo;environnement o\u00f9 vous faites de l&rsquo;exercice au frais.[\/vc_column_text][\/vc_column][\/vc_row][vc_row][vc_column width=\u00a0\u00bb1\/1&Prime;][uncode_block id=\u00a0\u00bb989&Prime;][\/vc_column][\/vc_row][vc_row][vc_column width=\u00a0\u00bb1\/1&Prime;][uncode_block id=\u00a0\u00bb601&Prime;][\/vc_column][\/vc_row]<\/p>\n<\/div>","protected":false},"excerpt":{"rendered":"<p>[vc_row row_height_percent=\u00a0\u00bb0&Prime; override_padding=\u00a0\u00bbyes\u00a0\u00bb h_padding=\u00a0\u00bb2&Prime; top_padding=\u00a0\u00bb2&Prime; bottom_padding=\u00a0\u00bb0&Prime; overlay_alpha=\u00a0\u00bb50&Prime; equal_height=\u00a0\u00bbyes\u00a0\u00bb gutter_size=\u00a0\u00bb2&Prime; column_width_percent=\u00a0\u00bb100&Prime; shift_y=\u00a0\u00bb-3&Prime; z_index=\u00a0\u00bb0&Prime; uncode_shortcode_id=\u00a0\u00bb152492&Prime;][vc_column column_width_percent=\u00a0\u00bb100&Prime; position_vertical=\u00a0\u00bbmiddle\u00a0\u00bb align_horizontal=\u00a0\u00bbalign_center\u00a0\u00bb gutter_size=\u00a0\u00bb3&Prime; overlay_alpha=\u00a0\u00bb50&Prime; shift_x=\u00a0\u00bb0&Prime; shift_y=\u00a0\u00bb0&Prime; [&hellip;]<\/p>\n","protected":false},"author":3,"featured_media":976,"parent":2268,"menu_order":0,"comment_status":"closed","ping_status":"closed","template":"","meta":{"_monsterinsights_skip_tracking":false,"_monsterinsights_sitenote_active":false,"_monsterinsights_sitenote_note":"","_monsterinsights_sitenote_category":0,"footnotes":""},"class_list":["post-2533","page","type-page","status-publish","has-post-thumbnail","hentry","page_category-semaine-par-semaine"],"yoast_head":"<!-- This site is optimized with the Yoast SEO plugin v27.4 - https:\/\/yoast.com\/product\/yoast-seo-wordpress\/ -->\n<title>Semaine 22 - Canbebe<\/title>\n<meta name=\"robots\" content=\"index, follow, max-snippet:-1, max-image-preview:large, max-video-preview:-1\" \/>\n<link rel=\"canonical\" href=\"https:\/\/canbebe.com\/fr\/calendrier-de-grossesse\/22-hafta\/\" \/>\n<meta property=\"og:locale\" content=\"fr_FR\" \/>\n<meta property=\"og:type\" content=\"article\" \/>\n<meta property=\"og:title\" content=\"Semaine 22 - Canbebe\" \/>\n<meta property=\"og:description\" content=\"[vc_row row_height_percent=\u00a0\u00bb0&Prime; override_padding=\u00a0\u00bbyes\u00a0\u00bb h_padding=\u00a0\u00bb2&Prime; top_padding=\u00a0\u00bb2&Prime; bottom_padding=\u00a0\u00bb0&Prime; overlay_alpha=\u00a0\u00bb50&Prime; equal_height=\u00a0\u00bbyes\u00a0\u00bb gutter_size=\u00a0\u00bb2&Prime; column_width_percent=\u00a0\u00bb100&Prime; shift_y=\u00a0\u00bb-3&Prime; z_index=\u00a0\u00bb0&Prime; uncode_shortcode_id=\u00a0\u00bb152492&Prime;][vc_column column_width_percent=\u00a0\u00bb100&Prime; position_vertical=\u00a0\u00bbmiddle\u00a0\u00bb align_horizontal=\u00a0\u00bbalign_center\u00a0\u00bb gutter_size=\u00a0\u00bb3&Prime; overlay_alpha=\u00a0\u00bb50&Prime; shift_x=\u00a0\u00bb0&Prime; shift_y=\u00a0\u00bb0&Prime; [&hellip;]\" \/>\n<meta property=\"og:url\" content=\"https:\/\/canbebe.com\/fr\/calendrier-de-grossesse\/22-hafta\/\" \/>\n<meta property=\"og:site_name\" content=\"Canbebe\" \/>\n<meta property=\"article:modified_time\" content=\"2024-04-09T14:56:10+00:00\" \/>\n<meta name=\"twitter:card\" content=\"summary_large_image\" \/>\n<script type=\"application\/ld+json\" class=\"yoast-schema-graph\">{\"@context\":\"https:\\\/\\\/schema.org\",\"@graph\":[{\"@type\":\"WebPage\",\"@id\":\"https:\\\/\\\/canbebe.com\\\/fr\\\/calendrier-de-grossesse\\\/22-hafta\\\/\",\"url\":\"https:\\\/\\\/canbebe.com\\\/fr\\\/calendrier-de-grossesse\\\/22-hafta\\\/\",\"name\":\"Semaine 22 - Canbebe\",\"isPartOf\":{\"@id\":\"https:\\\/\\\/canbebe.com\\\/fr\\\/#website\"},\"primaryImageOfPage\":{\"@id\":\"https:\\\/\\\/canbebe.com\\\/fr\\\/calendrier-de-grossesse\\\/22-hafta\\\/#primaryimage\"},\"image\":{\"@id\":\"https:\\\/\\\/canbebe.com\\\/fr\\\/calendrier-de-grossesse\\\/22-hafta\\\/#primaryimage\"},\"thumbnailUrl\":\"https:\\\/\\\/canbebe.com\\\/wp-content\\\/uploads\\\/2023\\\/12\\\/Papaya.svg\",\"datePublished\":\"2023-11-24T10:55:27+00:00\",\"dateModified\":\"2024-04-09T14:56:10+00:00\",\"breadcrumb\":{\"@id\":\"https:\\\/\\\/canbebe.com\\\/fr\\\/calendrier-de-grossesse\\\/22-hafta\\\/#breadcrumb\"},\"inLanguage\":\"fr-FR\",\"potentialAction\":[{\"@type\":\"ReadAction\",\"target\":[\"https:\\\/\\\/canbebe.com\\\/fr\\\/calendrier-de-grossesse\\\/22-hafta\\\/\"]}]},{\"@type\":\"ImageObject\",\"inLanguage\":\"fr-FR\",\"@id\":\"https:\\\/\\\/canbebe.com\\\/fr\\\/calendrier-de-grossesse\\\/22-hafta\\\/#primaryimage\",\"url\":\"https:\\\/\\\/canbebe.com\\\/wp-content\\\/uploads\\\/2023\\\/12\\\/Papaya.svg\",\"contentUrl\":\"https:\\\/\\\/canbebe.com\\\/wp-content\\\/uploads\\\/2023\\\/12\\\/Papaya.svg\",\"width\":72,\"height\":72},{\"@type\":\"BreadcrumbList\",\"@id\":\"https:\\\/\\\/canbebe.com\\\/fr\\\/calendrier-de-grossesse\\\/22-hafta\\\/#breadcrumb\",\"itemListElement\":[{\"@type\":\"ListItem\",\"position\":1,\"name\":\"Accueil\",\"item\":\"https:\\\/\\\/canbebe.com\\\/fr\\\/\"},{\"@type\":\"ListItem\",\"position\":2,\"name\":\"Calendrier de Grossesse\",\"item\":\"https:\\\/\\\/canbebe.com\\\/fr\\\/calendrier-de-grossesse\\\/\"},{\"@type\":\"ListItem\",\"position\":3,\"name\":\"Semaine 22\"}]},{\"@type\":\"WebSite\",\"@id\":\"https:\\\/\\\/canbebe.com\\\/fr\\\/#website\",\"url\":\"https:\\\/\\\/canbebe.com\\\/fr\\\/\",\"name\":\"Canbebe\",\"description\":\"Canbebe\",\"publisher\":{\"@id\":\"https:\\\/\\\/canbebe.com\\\/fr\\\/#organization\"},\"potentialAction\":[{\"@type\":\"SearchAction\",\"target\":{\"@type\":\"EntryPoint\",\"urlTemplate\":\"https:\\\/\\\/canbebe.com\\\/fr\\\/?s={search_term_string}\"},\"query-input\":{\"@type\":\"PropertyValueSpecification\",\"valueRequired\":true,\"valueName\":\"search_term_string\"}}],\"inLanguage\":\"fr-FR\"},{\"@type\":\"Organization\",\"@id\":\"https:\\\/\\\/canbebe.com\\\/fr\\\/#organization\",\"name\":\"Canbebe\",\"url\":\"https:\\\/\\\/canbebe.com\\\/fr\\\/\",\"logo\":{\"@type\":\"ImageObject\",\"inLanguage\":\"fr-FR\",\"@id\":\"https:\\\/\\\/canbebe.com\\\/fr\\\/#\\\/schema\\\/logo\\\/image\\\/\",\"url\":\"https:\\\/\\\/canbebe.com\\\/wp-content\\\/uploads\\\/2023\\\/11\\\/logo-canbebe.png\",\"contentUrl\":\"https:\\\/\\\/canbebe.com\\\/wp-content\\\/uploads\\\/2023\\\/11\\\/logo-canbebe.png\",\"width\":398,\"height\":84,\"caption\":\"Canbebe\"},\"image\":{\"@id\":\"https:\\\/\\\/canbebe.com\\\/fr\\\/#\\\/schema\\\/logo\\\/image\\\/\"}}]}<\/script>\n<!-- \/ Yoast SEO plugin. -->","yoast_head_json":{"title":"Semaine 22 - Canbebe","robots":{"index":"index","follow":"follow","max-snippet":"max-snippet:-1","max-image-preview":"max-image-preview:large","max-video-preview":"max-video-preview:-1"},"canonical":"https:\/\/canbebe.com\/fr\/calendrier-de-grossesse\/22-hafta\/","og_locale":"fr_FR","og_type":"article","og_title":"Semaine 22 - Canbebe","og_description":"[vc_row row_height_percent=\u00a0\u00bb0&Prime; override_padding=\u00a0\u00bbyes\u00a0\u00bb h_padding=\u00a0\u00bb2&Prime; top_padding=\u00a0\u00bb2&Prime; bottom_padding=\u00a0\u00bb0&Prime; overlay_alpha=\u00a0\u00bb50&Prime; equal_height=\u00a0\u00bbyes\u00a0\u00bb gutter_size=\u00a0\u00bb2&Prime; column_width_percent=\u00a0\u00bb100&Prime; shift_y=\u00a0\u00bb-3&Prime; z_index=\u00a0\u00bb0&Prime; uncode_shortcode_id=\u00a0\u00bb152492&Prime;][vc_column column_width_percent=\u00a0\u00bb100&Prime; position_vertical=\u00a0\u00bbmiddle\u00a0\u00bb align_horizontal=\u00a0\u00bbalign_center\u00a0\u00bb gutter_size=\u00a0\u00bb3&Prime; overlay_alpha=\u00a0\u00bb50&Prime; shift_x=\u00a0\u00bb0&Prime; shift_y=\u00a0\u00bb0&Prime; [&hellip;]","og_url":"https:\/\/canbebe.com\/fr\/calendrier-de-grossesse\/22-hafta\/","og_site_name":"Canbebe","article_modified_time":"2024-04-09T14:56:10+00:00","twitter_card":"summary_large_image","schema":{"@context":"https:\/\/schema.org","@graph":[{"@type":"WebPage","@id":"https:\/\/canbebe.com\/fr\/calendrier-de-grossesse\/22-hafta\/","url":"https:\/\/canbebe.com\/fr\/calendrier-de-grossesse\/22-hafta\/","name":"Semaine 22 - Canbebe","isPartOf":{"@id":"https:\/\/canbebe.com\/fr\/#website"},"primaryImageOfPage":{"@id":"https:\/\/canbebe.com\/fr\/calendrier-de-grossesse\/22-hafta\/#primaryimage"},"image":{"@id":"https:\/\/canbebe.com\/fr\/calendrier-de-grossesse\/22-hafta\/#primaryimage"},"thumbnailUrl":"https:\/\/canbebe.com\/wp-content\/uploads\/2023\/12\/Papaya.svg","datePublished":"2023-11-24T10:55:27+00:00","dateModified":"2024-04-09T14:56:10+00:00","breadcrumb":{"@id":"https:\/\/canbebe.com\/fr\/calendrier-de-grossesse\/22-hafta\/#breadcrumb"},"inLanguage":"fr-FR","potentialAction":[{"@type":"ReadAction","target":["https:\/\/canbebe.com\/fr\/calendrier-de-grossesse\/22-hafta\/"]}]},{"@type":"ImageObject","inLanguage":"fr-FR","@id":"https:\/\/canbebe.com\/fr\/calendrier-de-grossesse\/22-hafta\/#primaryimage","url":"https:\/\/canbebe.com\/wp-content\/uploads\/2023\/12\/Papaya.svg","contentUrl":"https:\/\/canbebe.com\/wp-content\/uploads\/2023\/12\/Papaya.svg","width":72,"height":72},{"@type":"BreadcrumbList","@id":"https:\/\/canbebe.com\/fr\/calendrier-de-grossesse\/22-hafta\/#breadcrumb","itemListElement":[{"@type":"ListItem","position":1,"name":"Accueil","item":"https:\/\/canbebe.com\/fr\/"},{"@type":"ListItem","position":2,"name":"Calendrier de Grossesse","item":"https:\/\/canbebe.com\/fr\/calendrier-de-grossesse\/"},{"@type":"ListItem","position":3,"name":"Semaine 22"}]},{"@type":"WebSite","@id":"https:\/\/canbebe.com\/fr\/#website","url":"https:\/\/canbebe.com\/fr\/","name":"Canbebe","description":"Canbebe","publisher":{"@id":"https:\/\/canbebe.com\/fr\/#organization"},"potentialAction":[{"@type":"SearchAction","target":{"@type":"EntryPoint","urlTemplate":"https:\/\/canbebe.com\/fr\/?s={search_term_string}"},"query-input":{"@type":"PropertyValueSpecification","valueRequired":true,"valueName":"search_term_string"}}],"inLanguage":"fr-FR"},{"@type":"Organization","@id":"https:\/\/canbebe.com\/fr\/#organization","name":"Canbebe","url":"https:\/\/canbebe.com\/fr\/","logo":{"@type":"ImageObject","inLanguage":"fr-FR","@id":"https:\/\/canbebe.com\/fr\/#\/schema\/logo\/image\/","url":"https:\/\/canbebe.com\/wp-content\/uploads\/2023\/11\/logo-canbebe.png","contentUrl":"https:\/\/canbebe.com\/wp-content\/uploads\/2023\/11\/logo-canbebe.png","width":398,"height":84,"caption":"Canbebe"},"image":{"@id":"https:\/\/canbebe.com\/fr\/#\/schema\/logo\/image\/"}}]}},"_links":{"self":[{"href":"https:\/\/canbebe.com\/fr\/wp-json\/wp\/v2\/pages\/2533","targetHints":{"allow":["GET"]}}],"collection":[{"href":"https:\/\/canbebe.com\/fr\/wp-json\/wp\/v2\/pages"}],"about":[{"href":"https:\/\/canbebe.com\/fr\/wp-json\/wp\/v2\/types\/page"}],"author":[{"embeddable":true,"href":"https:\/\/canbebe.com\/fr\/wp-json\/wp\/v2\/users\/3"}],"replies":[{"embeddable":true,"href":"https:\/\/canbebe.com\/fr\/wp-json\/wp\/v2\/comments?post=2533"}],"version-history":[{"count":0,"href":"https:\/\/canbebe.com\/fr\/wp-json\/wp\/v2\/pages\/2533\/revisions"}],"up":[{"embeddable":true,"href":"https:\/\/canbebe.com\/fr\/wp-json\/wp\/v2\/pages\/2268"}],"wp:featuredmedia":[{"embeddable":true,"href":"https:\/\/canbebe.com\/fr\/wp-json\/wp\/v2\/media\/976"}],"wp:attachment":[{"href":"https:\/\/canbebe.com\/fr\/wp-json\/wp\/v2\/media?parent=2533"}],"curies":[{"name":"wp","href":"https:\/\/api.w.org\/{rel}","templated":true}]}}