{"id":2525,"date":"2023-11-24T10:55:35","date_gmt":"2023-11-24T10:55:35","guid":{"rendered":"https:\/\/canbebe.com\/?page_id=2525"},"modified":"2024-04-09T14:56:01","modified_gmt":"2024-04-09T14:56:01","slug":"24-hafta","status":"publish","type":"page","link":"https:\/\/canbebe.com\/fr\/calendrier-de-grossesse\/24-hafta\/","title":{"rendered":"Semaine 24"},"content":{"rendered":"<div class=\"wpb-content-wrapper\"><p>[vc_row row_height_percent=\u00a0\u00bb0&Prime; override_padding=\u00a0\u00bbyes\u00a0\u00bb h_padding=\u00a0\u00bb2&Prime; top_padding=\u00a0\u00bb2&Prime; bottom_padding=\u00a0\u00bb0&Prime; overlay_alpha=\u00a0\u00bb50&Prime; equal_height=\u00a0\u00bbyes\u00a0\u00bb gutter_size=\u00a0\u00bb2&Prime; column_width_percent=\u00a0\u00bb100&Prime; shift_y=\u00a0\u00bb-3&Prime; z_index=\u00a0\u00bb0&Prime; uncode_shortcode_id=\u00a0\u00bb152492&Prime;][vc_column column_width_percent=\u00a0\u00bb100&Prime; position_vertical=\u00a0\u00bbmiddle\u00a0\u00bb align_horizontal=\u00a0\u00bbalign_center\u00a0\u00bb gutter_size=\u00a0\u00bb3&Prime; overlay_alpha=\u00a0\u00bb50&Prime; shift_x=\u00a0\u00bb0&Prime; shift_y=\u00a0\u00bb0&Prime; shift_y_down=\u00a0\u00bb0&Prime; z_index=\u00a0\u00bb0&Prime; medium_width=\u00a0\u00bb0&Prime; mobile_visibility=\u00a0\u00bbyes\u00a0\u00bb mobile_width=\u00a0\u00bb0&Prime; radius=\u00a0\u00bbsm\u00a0\u00bb width=\u00a0\u00bb5\/12&Prime; uncode_shortcode_id=\u00a0\u00bb931234&Prime; el_class=\u00a0\u00bbimg-rounded\u00a0\u00bb][\/vc_column][vc_column column_width_use_pixel=\u00a0\u00bbyes\u00a0\u00bb position_horizontal=\u00a0\u00bbright\u00a0\u00bb gutter_size=\u00a0\u00bb2&Prime; overlay_alpha=\u00a0\u00bb50&Prime; shift_x=\u00a0\u00bb0&Prime; shift_y=\u00a0\u00bb-5&Prime; shift_y_down=\u00a0\u00bb-5&Prime; z_index=\u00a0\u00bb0&Prime; medium_width=\u00a0\u00bb0&Prime; mobile_width=\u00a0\u00bb0&Prime; width=\u00a0\u00bb7\/12&Prime; uncode_shortcode_id=\u00a0\u00bb133000&Prime; column_width_pixel=\u00a0\u00bb600&Prime; el_id=\u00a0\u00bbhafta-nav\u00a0\u00bb][vc_custom_heading heading_semantic=\u00a0\u00bbh4&Prime; text_size=\u00a0\u00bb\u00a0\u00bb uncode_shortcode_id=\u00a0\u00bb195066&Prime;]Taille et poids du b\u00e9b\u00e9[\/vc_custom_heading][vc_column_text uncode_shortcode_id=\u00a0\u00bb100530&Prime;]\u00c0 la 24e semaine de grossesse, le b\u00e9b\u00e9 mesure environ 30 \u00e0 31 centim\u00e8tres, la taille d&rsquo;un gros \u00e9pi de ma\u00efs. Son poids est d&rsquo;environ 600 grammes.[\/vc_column_text][\/vc_column][\/vc_row][vc_row row_height_percent=\u00a0\u00bb0&Prime; override_padding=\u00a0\u00bbyes\u00a0\u00bb h_padding=\u00a0\u00bb2&Prime; top_padding=\u00a0\u00bb1&Prime; bottom_padding=\u00a0\u00bb2&Prime; overlay_alpha=\u00a0\u00bb50&Prime; gutter_size=\u00a0\u00bb3&Prime; column_width_percent=\u00a0\u00bb100&Prime; shift_y=\u00a0\u00bb0&Prime; z_index=\u00a0\u00bb0&Prime; uncode_shortcode_id=\u00a0\u00bb137824&Prime;][vc_column width=\u00a0\u00bb1\/1&Prime;][vc_custom_heading heading_semantic=\u00a0\u00bbh4&Prime; text_size=\u00a0\u00bb\u00a0\u00bb uncode_shortcode_id=\u00a0\u00bb160600&Prime;]Le D\u00e9veloppement du B\u00e9b\u00e9[\/vc_custom_heading][vc_row_inner limit_content=\u00a0\u00bb\u00a0\u00bb][vc_column_inner width=\u00a0\u00bb5\/12&Prime;][vc_single_image media=\u00a0\u00bb1201&Prime; media_width_percent=\u00a0\u00bb100&Prime; uncode_shortcode_id=\u00a0\u00bb725395&Prime;][\/vc_column_inner][vc_column_inner width=\u00a0\u00bb7\/12&Prime;][vc_column_text uncode_shortcode_id=\u00a0\u00bb133938&Prime;]F\u00e9licitations ! Votre b\u00e9b\u00e9, qui \u00e9tait compos\u00e9 d&rsquo;une pile de cellules dans ses premi\u00e8res semaines, est maintenant consid\u00e9r\u00e9 comme un individu au bout de 24 semaines\u00a0!<\/p>\n<p>\u00c9tant donn\u00e9 que le processus de d\u00e9veloppement qui lui permet de respirer le monde ext\u00e9rieur dans ses poumons est en grande partie achev\u00e9, \u00e0 partir de cette semaine, votre b\u00e9b\u00e9 peut survivre avec une aide m\u00e9dicale dans une situation telle que la naissance pr\u00e9matur\u00e9e. Pour cette raison, un b\u00e9b\u00e9 de 24 semaines est consid\u00e9r\u00e9 comme un individu distinct en Am\u00e9rique. Au Royaume-Uni, la limite d&rsquo;\u00e2ge est de 24 semaines pour vivre l\u00e9galement.<\/p>\n<p>Les sens de votre b\u00e9b\u00e9 se sont grandement am\u00e9lior\u00e9s \u00e0 24 semaines de grossesse. A mesure que les cellules c\u00e9r\u00e9brales se d\u00e9veloppent, le b\u00e9b\u00e9 est capable de donner des r\u00e9ponses plus conscientes et ses sens se d\u00e9veloppent.<\/p>\n<p>\u00c0 la 24e semaine de grossesse, votre b\u00e9b\u00e9 peut maintenant tr\u00e8s bien entendre les sons. Vous pouvez jouer de la musique apaisante pour votre b\u00e9b\u00e9 et lui parler d\u00e8s que vous en avez l&rsquo;occasion. Vous pouvez la faire se sentir bien si vous lui dites des mots positifs affectueux. En parlant avec lui, vous pouvez m\u00eame planifier l&rsquo;accouchement. Si vous dites des mots que vous aurez une naissance tr\u00e8s saine et positive ensemble, il le ressentira aussi. Vous serez surpris par les r\u00e9flexions positives de tels discours sur la naissance.<\/p>\n<p>Le sens du toucher fonctionne \u00e9galement tr\u00e8s bien \u00e0 la 24e semaine de grossesse. Par exemple, si vous appuyez doucement sur votre ventre, il peut le sentir et r\u00e9agir \u00e0 vous.<\/p>\n<p>Lorsque vous inhalez le liquide amniotique, les syst\u00e8mes respiratoire et digestif continuent de se d\u00e9velopper. Le caca noir appel\u00e9 m\u00e9conium continue de se former dans le gros intestin.[\/vc_column_text][\/vc_column_inner][\/vc_row_inner][vc_custom_heading heading_semantic=\u00a0\u00bbh4&Prime; text_size=\u00a0\u00bb\u00a0\u00bb uncode_shortcode_id=\u00a0\u00bb731839&Prime;]Mouvements de b\u00e9b\u00e9 \u00e0 24 semaines de grossesse[\/vc_custom_heading][vc_column_text uncode_shortcode_id=\u00a0\u00bb109978&Prime;]<\/p>\n<div class=\"gebelik-content-text gebelik-content-text-2\">\n<article>\u00c0 la 24e semaine de votre grossesse, les mouvements de votre b\u00e9b\u00e9 continuent de s&rsquo;acc\u00e9l\u00e9rer. Il est toujours occup\u00e9 \u00e0 tester ses muscles en d\u00e9veloppement parce que son amplitude de mouvement est large. Vous pouvez \u00e9galement sentir certains de ces mouvements. Le d\u00e9veloppement de leurs sens se refl\u00e8te \u00e9galement dans leurs mouvements. Par exemple, vous remarquerez peut-\u00eatre imm\u00e9diatement qu&rsquo;il fait des mouvements de saut lorsqu&rsquo;il entend de la musique forte ou que ses mouvements s&rsquo;acc\u00e9l\u00e8rent lorsque vous mangez quelque chose de sucr\u00e9 comme du chocolat.<\/article>\n<\/div>\n<p>[\/vc_column_text][vc_custom_heading heading_semantic=\u00a0\u00bbh4&Prime; text_size=\u00a0\u00bb\u00a0\u00bb uncode_shortcode_id=\u00a0\u00bb357653&Prime;]Image \u00e9chographique[\/vc_custom_heading][vc_row_inner limit_content=\u00a0\u00bb\u00a0\u00bb][vc_column_inner width=\u00a0\u00bb5\/12&Prime;][vc_single_image media=\u00a0\u00bb1199&Prime; media_width_percent=\u00a0\u00bb100&Prime; uncode_shortcode_id=\u00a0\u00bb706699&Prime;][\/vc_column_inner][vc_column_inner width=\u00a0\u00bb7\/12&Prime;][vc_column_text uncode_shortcode_id=\u00a0\u00bb492623&Prime;]Sur les images \u00e9chographiques de grossesse de 25 semaines, vous pouvez voir votre b\u00e9b\u00e9 en mouvement. Ou il pourrait dormir. Sa capacit\u00e9 de saisie se d\u00e9veloppe de plus en plus. Pour cette raison, vous pouvez voir qu&rsquo;il peut facilement amener ses doigts minces sur son visage et m\u00eame tenir le cordon ombilical.[\/vc_column_text][\/vc_column_inner][\/vc_row_inner][vc_custom_heading heading_semantic=\u00a0\u00bbh4&Prime; text_size=\u00a0\u00bb\u00a0\u00bb uncode_shortcode_id=\u00a0\u00bb167138&Prime;]Changements dans le corps de la m\u00e8re[\/vc_custom_heading][vc_column_text uncode_shortcode_id=\u00a0\u00bb157749&Prime;]Combien de mois dure 24 semaines\u00a0? Vous \u00eates dans le 6\u00e8me mois de grossesse. Vous \u00eates sur le point de laisser les 2\/3 de votre grossesse derri\u00e8re vous.<\/p>\n<p>Au cours de la 24e semaine de grossesse, votre ut\u00e9rus continue de s&rsquo;\u00e9lever au niveau de votre nombril sup\u00e9rieur. La hauteur du fond ut\u00e9rin (le sommet de l&rsquo;ut\u00e9rus) est d&rsquo;environ 24 centim\u00e8tres. \u00c9tant donn\u00e9 que les angles de vos c\u00f4tes changeront \u00e9galement \u00e0 mesure que votre ut\u00e9rus s&rsquo;\u00e9l\u00e8vera, vous pourriez ressentir une l\u00e9g\u00e8re douleur dans la r\u00e9gion de la poitrine \u00e0 partir de ces semaines. La pression qui s&rsquo;accumule dans votre estomac et vos intestins peut vous causer des probl\u00e8mes digestifs.<\/p>\n<p>\u00c0 mesure que votre volume sanguin augmente, votre peau prend une apparence plus saine, vos cheveux ne tombent pas, et ils deviennent donc plus \u00e9pais. Cependant, vos cheveux qui ne tombent pas pendant la grossesse tomberont apr\u00e8s la naissance.<\/p>\n<p>Si aucun sucre n&rsquo;a \u00e9t\u00e9 d\u00e9tect\u00e9 dans vos urines auparavant et que cela n&rsquo;a donc pas \u00e9t\u00e9 fait auparavant, votre m\u00e9decin peut vous demander un test de charge en sucre que vous pourrez faire dans 24 \u00e0 28 semaines. Aujourd&rsquo;hui, le test de charge en sucre fait partie des tests de routine, mais il est effectu\u00e9 avec l&rsquo;approbation de la future m\u00e8re. 100 grammes de test de charge en glucose (OGTT) sont effectu\u00e9s pour les femmes enceintes \u00e0 haut risque de diab\u00e8te, et 50 grammes de test de charge en glucose (PPG) sont effectu\u00e9s pour les personnes \u00e0 faible risque. Peu importe que vous ayez faim ou que vous soyez rassasi\u00e9 de PPG. La r\u00e9alisation de ce test est d&rsquo;une grande importance pour d\u00e9tecter le diab\u00e8te de grossesse. Parce que le diab\u00e8te de grossesse peut faire na\u00eetre le b\u00e9b\u00e9 en surpoids et provoquer des situations \u00e0 risque pour la sant\u00e9 de la m\u00e8re et du b\u00e9b\u00e9. Un r\u00e9gime alimentaire dans lequel la consommation de sucre est maintenue sous contr\u00f4le est recommand\u00e9 aux femmes enceintes dont le diab\u00e8te de grossesse est d\u00e9tect\u00e9, et des restrictions sont impos\u00e9es sur les aliments contenant du sucre.[\/vc_column_text][vc_custom_heading heading_semantic=\u00a0\u00bbh4&Prime; text_size=\u00a0\u00bbh4&Prime; uncode_shortcode_id=\u00a0\u00bb173905&Prime;]Choses \u00e0 prendre en compte[\/vc_custom_heading][vc_column_text uncode_shortcode_id=\u00a0\u00bb129305&Prime;]\u00c0 partir de la 24e semaine de grossesse, des probl\u00e8mes avec votre syst\u00e8me digestif peuvent vous rendre encore plus mal \u00e0 l&rsquo;aise. Voici quelques suggestions pour d\u00e9tendre votre syst\u00e8me digestif pendant la grossesse\u2026<\/p>\n<p>\u2013 Mangez peu et souvent afin que votre probl\u00e8me d&rsquo;indigestion ne provoque pas de conditions telles que le reflux,<\/p>\n<p>\u2013 Manger du yaourt ou boire du lait vous aidera \u00e0 maintenir l&rsquo;\u00e9quilibre acide dans votre estomac,<\/p>\n<p>\u2013 Ne consommez pas d&rsquo;aliments \u00e9pic\u00e9s et gras,<\/p>\n<p>\u2013 Ne consommez pas trop de liquide pendant les repas. Sinon, vous risquez de gonfler inutilement votre estomac et de d\u00e9clencher le probl\u00e8me de reflux,<\/p>\n<p>\u2013 Ne consommez pas d&rsquo;aliments lourds avant d&rsquo;aller vous coucher le soir,<\/p>\n<p>\u2013 Si vous souffrez d&rsquo;indigestion s\u00e9v\u00e8re, informez votre m\u00e9decin de votre \u00e9tat. Il vous recommandera probablement un m\u00e9dicament qui soulagera votre estomac,<\/p>\n<p>\u2013 N&rsquo;oubliez pas de manger beaucoup de fruits et l\u00e9gumes pour votre probl\u00e8me de constipation,<\/p>\n<p>\u2013 Buvez au moins 8 \u00e0 10 verres d&rsquo;eau par jour entre les repas,<\/p>\n<p>\u2013 Si vous n&rsquo;avez pas de probl\u00e8me de sant\u00e9, faites de l&rsquo;exercice r\u00e9guli\u00e8rement tous les jours. Bouger fait bouger vos tripes.<\/p>\n<p>\u2013 La conduite peut devenir une nuisance \u00e0 mesure que votre ventre grandit. Surtout le port de la ceinture. Cependant, ne sortez jamais sur la route sans attacher votre ceinture de s\u00e9curit\u00e9. Vous devez porter votre ceinture de s\u00e9curit\u00e9 comme d&rsquo;habitude. Ne vous inqui\u00e9tez pas si un freinage soudain exerce une pression sur votre b\u00e9b\u00e9. N&rsquo;oubliez pas qu&rsquo;il est prot\u00e9g\u00e9 \u00e0 l&rsquo;int\u00e9rieur du liquide amniotique,<\/p>\n<p>\u2013 \u00c0 24 semaines de grossesse, vos pieds peuvent se dilater et gonfler. En raison de l&rsquo;hormone appel\u00e9e relaxine, dont la fonction est de rendre la zone de la hanche flexible pour la naissance, un \u00e9tirement et une expansion se produisent dans vos pieds ainsi que dans toutes les articulations. Apr\u00e8s la naissance, l&rsquo;\u00e9lasticit\u00e9 de vos os reviendra \u00e0 son \u00e9tat d&rsquo;origine. Malgr\u00e9 tout, pr\u00e9parez-vous \u00e0 la possibilit\u00e9 que votre pied puisse augmenter d&rsquo;une pointure apr\u00e8s l&rsquo;accouchement. Il est utile de choisir des chaussures confortables sans talons pendant la grossesse afin de ne pas augmenter l&rsquo;enflure de vos pieds et de ne pas causer de douleur.[\/vc_column_text][vc_custom_heading heading_semantic=\u00a0\u00bbh4&Prime; text_size=\u00a0\u00bbh4&Prime; uncode_shortcode_id=\u00a0\u00bb841790&Prime;]Nutrition \u00e0 24 semaines de grossesse[\/vc_custom_heading][vc_column_text uncode_shortcode_id=\u00a0\u00bb206111&Prime;]<\/p>\n<div class=\"gebelik-takvimi-content\">\n<div class=\"container\">\n<div class=\"row\">\n<div class=\"col-xs-12\">\n<div class=\"gebelik-content-article single-post\">\n<div class=\"gebelik-content-text gebelik-content-text-3\">\n<article>\u00c0 24 semaines de grossesse, \u00e0 mesure que les os de votre b\u00e9b\u00e9 se renforcent, votre besoin en calcium augmente. Assurez-vous donc de consommer suffisamment de calcium. Il suffira de prendre 1000-1500 mg de calcium par jour (ce ratio correspond \u00e0 4-6 bols de yaourt). Assurez-vous de manger suffisamment de yogourt, de lait, de k\u00e9fir et de fromage pendant la journ\u00e9e. Si vous ne consommez pas assez de calcium, votre b\u00e9b\u00e9 utilisera vos r\u00e9serves de calcium pour se d\u00e9velopper. Pour cette raison, il est \u00e9galement important d&rsquo;obtenir suffisamment de calcium pour maintenir votre propre sant\u00e9 dentaire et osseuse.<\/article>\n<\/div>\n<\/div>\n<\/div>\n<\/div>\n<\/div>\n<\/div>\n<p>[\/vc_column_text][\/vc_column][\/vc_row][vc_row][vc_column width=\u00a0\u00bb1\/1&Prime;][uncode_block id=\u00a0\u00bb989&Prime;][\/vc_column][\/vc_row][vc_row][vc_column width=\u00a0\u00bb1\/1&Prime;][uncode_block id=\u00a0\u00bb601&Prime;][\/vc_column][\/vc_row]<\/p>\n<\/div>","protected":false},"excerpt":{"rendered":"<p>[vc_row row_height_percent=\u00a0\u00bb0&Prime; override_padding=\u00a0\u00bbyes\u00a0\u00bb h_padding=\u00a0\u00bb2&Prime; top_padding=\u00a0\u00bb2&Prime; bottom_padding=\u00a0\u00bb0&Prime; overlay_alpha=\u00a0\u00bb50&Prime; equal_height=\u00a0\u00bbyes\u00a0\u00bb gutter_size=\u00a0\u00bb2&Prime; column_width_percent=\u00a0\u00bb100&Prime; shift_y=\u00a0\u00bb-3&Prime; z_index=\u00a0\u00bb0&Prime; uncode_shortcode_id=\u00a0\u00bb152492&Prime;][vc_column column_width_percent=\u00a0\u00bb100&Prime; position_vertical=\u00a0\u00bbmiddle\u00a0\u00bb align_horizontal=\u00a0\u00bbalign_center\u00a0\u00bb gutter_size=\u00a0\u00bb3&Prime; overlay_alpha=\u00a0\u00bb50&Prime; shift_x=\u00a0\u00bb0&Prime; shift_y=\u00a0\u00bb0&Prime; [&hellip;]<\/p>\n","protected":false},"author":3,"featured_media":960,"parent":2268,"menu_order":0,"comment_status":"closed","ping_status":"closed","template":"","meta":{"_monsterinsights_skip_tracking":false,"_monsterinsights_sitenote_active":false,"_monsterinsights_sitenote_note":"","_monsterinsights_sitenote_category":0,"footnotes":""},"class_list":["post-2525","page","type-page","status-publish","has-post-thumbnail","hentry","page_category-semaine-par-semaine"],"yoast_head":"<!-- This site is optimized with the Yoast SEO plugin v27.4 - https:\/\/yoast.com\/product\/yoast-seo-wordpress\/ -->\n<title>Semaine 24 - Canbebe<\/title>\n<meta name=\"robots\" content=\"index, follow, max-snippet:-1, max-image-preview:large, max-video-preview:-1\" \/>\n<link rel=\"canonical\" href=\"https:\/\/canbebe.com\/fr\/calendrier-de-grossesse\/24-hafta\/\" \/>\n<meta property=\"og:locale\" content=\"fr_FR\" \/>\n<meta property=\"og:type\" content=\"article\" \/>\n<meta property=\"og:title\" content=\"Semaine 24 - Canbebe\" \/>\n<meta property=\"og:description\" content=\"[vc_row row_height_percent=\u00a0\u00bb0&Prime; override_padding=\u00a0\u00bbyes\u00a0\u00bb h_padding=\u00a0\u00bb2&Prime; top_padding=\u00a0\u00bb2&Prime; bottom_padding=\u00a0\u00bb0&Prime; overlay_alpha=\u00a0\u00bb50&Prime; equal_height=\u00a0\u00bbyes\u00a0\u00bb gutter_size=\u00a0\u00bb2&Prime; column_width_percent=\u00a0\u00bb100&Prime; shift_y=\u00a0\u00bb-3&Prime; z_index=\u00a0\u00bb0&Prime; uncode_shortcode_id=\u00a0\u00bb152492&Prime;][vc_column column_width_percent=\u00a0\u00bb100&Prime; position_vertical=\u00a0\u00bbmiddle\u00a0\u00bb align_horizontal=\u00a0\u00bbalign_center\u00a0\u00bb gutter_size=\u00a0\u00bb3&Prime; overlay_alpha=\u00a0\u00bb50&Prime; shift_x=\u00a0\u00bb0&Prime; shift_y=\u00a0\u00bb0&Prime; [&hellip;]\" \/>\n<meta property=\"og:url\" content=\"https:\/\/canbebe.com\/fr\/calendrier-de-grossesse\/24-hafta\/\" \/>\n<meta property=\"og:site_name\" content=\"Canbebe\" \/>\n<meta property=\"article:modified_time\" content=\"2024-04-09T14:56:01+00:00\" \/>\n<meta name=\"twitter:card\" content=\"summary_large_image\" \/>\n<script type=\"application\/ld+json\" class=\"yoast-schema-graph\">{\"@context\":\"https:\\\/\\\/schema.org\",\"@graph\":[{\"@type\":\"WebPage\",\"@id\":\"https:\\\/\\\/canbebe.com\\\/fr\\\/calendrier-de-grossesse\\\/24-hafta\\\/\",\"url\":\"https:\\\/\\\/canbebe.com\\\/fr\\\/calendrier-de-grossesse\\\/24-hafta\\\/\",\"name\":\"Semaine 24 - Canbebe\",\"isPartOf\":{\"@id\":\"https:\\\/\\\/canbebe.com\\\/fr\\\/#website\"},\"primaryImageOfPage\":{\"@id\":\"https:\\\/\\\/canbebe.com\\\/fr\\\/calendrier-de-grossesse\\\/24-hafta\\\/#primaryimage\"},\"image\":{\"@id\":\"https:\\\/\\\/canbebe.com\\\/fr\\\/calendrier-de-grossesse\\\/24-hafta\\\/#primaryimage\"},\"thumbnailUrl\":\"https:\\\/\\\/canbebe.com\\\/wp-content\\\/uploads\\\/2023\\\/12\\\/Corn.svg\",\"datePublished\":\"2023-11-24T10:55:35+00:00\",\"dateModified\":\"2024-04-09T14:56:01+00:00\",\"breadcrumb\":{\"@id\":\"https:\\\/\\\/canbebe.com\\\/fr\\\/calendrier-de-grossesse\\\/24-hafta\\\/#breadcrumb\"},\"inLanguage\":\"fr-FR\",\"potentialAction\":[{\"@type\":\"ReadAction\",\"target\":[\"https:\\\/\\\/canbebe.com\\\/fr\\\/calendrier-de-grossesse\\\/24-hafta\\\/\"]}]},{\"@type\":\"ImageObject\",\"inLanguage\":\"fr-FR\",\"@id\":\"https:\\\/\\\/canbebe.com\\\/fr\\\/calendrier-de-grossesse\\\/24-hafta\\\/#primaryimage\",\"url\":\"https:\\\/\\\/canbebe.com\\\/wp-content\\\/uploads\\\/2023\\\/12\\\/Corn.svg\",\"contentUrl\":\"https:\\\/\\\/canbebe.com\\\/wp-content\\\/uploads\\\/2023\\\/12\\\/Corn.svg\",\"width\":72,\"height\":72},{\"@type\":\"BreadcrumbList\",\"@id\":\"https:\\\/\\\/canbebe.com\\\/fr\\\/calendrier-de-grossesse\\\/24-hafta\\\/#breadcrumb\",\"itemListElement\":[{\"@type\":\"ListItem\",\"position\":1,\"name\":\"Accueil\",\"item\":\"https:\\\/\\\/canbebe.com\\\/fr\\\/\"},{\"@type\":\"ListItem\",\"position\":2,\"name\":\"Calendrier de Grossesse\",\"item\":\"https:\\\/\\\/canbebe.com\\\/fr\\\/calendrier-de-grossesse\\\/\"},{\"@type\":\"ListItem\",\"position\":3,\"name\":\"Semaine 24\"}]},{\"@type\":\"WebSite\",\"@id\":\"https:\\\/\\\/canbebe.com\\\/fr\\\/#website\",\"url\":\"https:\\\/\\\/canbebe.com\\\/fr\\\/\",\"name\":\"Canbebe\",\"description\":\"Canbebe\",\"publisher\":{\"@id\":\"https:\\\/\\\/canbebe.com\\\/fr\\\/#organization\"},\"potentialAction\":[{\"@type\":\"SearchAction\",\"target\":{\"@type\":\"EntryPoint\",\"urlTemplate\":\"https:\\\/\\\/canbebe.com\\\/fr\\\/?s={search_term_string}\"},\"query-input\":{\"@type\":\"PropertyValueSpecification\",\"valueRequired\":true,\"valueName\":\"search_term_string\"}}],\"inLanguage\":\"fr-FR\"},{\"@type\":\"Organization\",\"@id\":\"https:\\\/\\\/canbebe.com\\\/fr\\\/#organization\",\"name\":\"Canbebe\",\"url\":\"https:\\\/\\\/canbebe.com\\\/fr\\\/\",\"logo\":{\"@type\":\"ImageObject\",\"inLanguage\":\"fr-FR\",\"@id\":\"https:\\\/\\\/canbebe.com\\\/fr\\\/#\\\/schema\\\/logo\\\/image\\\/\",\"url\":\"https:\\\/\\\/canbebe.com\\\/wp-content\\\/uploads\\\/2023\\\/11\\\/logo-canbebe.png\",\"contentUrl\":\"https:\\\/\\\/canbebe.com\\\/wp-content\\\/uploads\\\/2023\\\/11\\\/logo-canbebe.png\",\"width\":398,\"height\":84,\"caption\":\"Canbebe\"},\"image\":{\"@id\":\"https:\\\/\\\/canbebe.com\\\/fr\\\/#\\\/schema\\\/logo\\\/image\\\/\"}}]}<\/script>\n<!-- \/ Yoast SEO plugin. -->","yoast_head_json":{"title":"Semaine 24 - Canbebe","robots":{"index":"index","follow":"follow","max-snippet":"max-snippet:-1","max-image-preview":"max-image-preview:large","max-video-preview":"max-video-preview:-1"},"canonical":"https:\/\/canbebe.com\/fr\/calendrier-de-grossesse\/24-hafta\/","og_locale":"fr_FR","og_type":"article","og_title":"Semaine 24 - Canbebe","og_description":"[vc_row row_height_percent=\u00a0\u00bb0&Prime; override_padding=\u00a0\u00bbyes\u00a0\u00bb h_padding=\u00a0\u00bb2&Prime; top_padding=\u00a0\u00bb2&Prime; bottom_padding=\u00a0\u00bb0&Prime; overlay_alpha=\u00a0\u00bb50&Prime; equal_height=\u00a0\u00bbyes\u00a0\u00bb gutter_size=\u00a0\u00bb2&Prime; column_width_percent=\u00a0\u00bb100&Prime; shift_y=\u00a0\u00bb-3&Prime; z_index=\u00a0\u00bb0&Prime; uncode_shortcode_id=\u00a0\u00bb152492&Prime;][vc_column column_width_percent=\u00a0\u00bb100&Prime; position_vertical=\u00a0\u00bbmiddle\u00a0\u00bb align_horizontal=\u00a0\u00bbalign_center\u00a0\u00bb gutter_size=\u00a0\u00bb3&Prime; overlay_alpha=\u00a0\u00bb50&Prime; shift_x=\u00a0\u00bb0&Prime; shift_y=\u00a0\u00bb0&Prime; [&hellip;]","og_url":"https:\/\/canbebe.com\/fr\/calendrier-de-grossesse\/24-hafta\/","og_site_name":"Canbebe","article_modified_time":"2024-04-09T14:56:01+00:00","twitter_card":"summary_large_image","schema":{"@context":"https:\/\/schema.org","@graph":[{"@type":"WebPage","@id":"https:\/\/canbebe.com\/fr\/calendrier-de-grossesse\/24-hafta\/","url":"https:\/\/canbebe.com\/fr\/calendrier-de-grossesse\/24-hafta\/","name":"Semaine 24 - Canbebe","isPartOf":{"@id":"https:\/\/canbebe.com\/fr\/#website"},"primaryImageOfPage":{"@id":"https:\/\/canbebe.com\/fr\/calendrier-de-grossesse\/24-hafta\/#primaryimage"},"image":{"@id":"https:\/\/canbebe.com\/fr\/calendrier-de-grossesse\/24-hafta\/#primaryimage"},"thumbnailUrl":"https:\/\/canbebe.com\/wp-content\/uploads\/2023\/12\/Corn.svg","datePublished":"2023-11-24T10:55:35+00:00","dateModified":"2024-04-09T14:56:01+00:00","breadcrumb":{"@id":"https:\/\/canbebe.com\/fr\/calendrier-de-grossesse\/24-hafta\/#breadcrumb"},"inLanguage":"fr-FR","potentialAction":[{"@type":"ReadAction","target":["https:\/\/canbebe.com\/fr\/calendrier-de-grossesse\/24-hafta\/"]}]},{"@type":"ImageObject","inLanguage":"fr-FR","@id":"https:\/\/canbebe.com\/fr\/calendrier-de-grossesse\/24-hafta\/#primaryimage","url":"https:\/\/canbebe.com\/wp-content\/uploads\/2023\/12\/Corn.svg","contentUrl":"https:\/\/canbebe.com\/wp-content\/uploads\/2023\/12\/Corn.svg","width":72,"height":72},{"@type":"BreadcrumbList","@id":"https:\/\/canbebe.com\/fr\/calendrier-de-grossesse\/24-hafta\/#breadcrumb","itemListElement":[{"@type":"ListItem","position":1,"name":"Accueil","item":"https:\/\/canbebe.com\/fr\/"},{"@type":"ListItem","position":2,"name":"Calendrier de Grossesse","item":"https:\/\/canbebe.com\/fr\/calendrier-de-grossesse\/"},{"@type":"ListItem","position":3,"name":"Semaine 24"}]},{"@type":"WebSite","@id":"https:\/\/canbebe.com\/fr\/#website","url":"https:\/\/canbebe.com\/fr\/","name":"Canbebe","description":"Canbebe","publisher":{"@id":"https:\/\/canbebe.com\/fr\/#organization"},"potentialAction":[{"@type":"SearchAction","target":{"@type":"EntryPoint","urlTemplate":"https:\/\/canbebe.com\/fr\/?s={search_term_string}"},"query-input":{"@type":"PropertyValueSpecification","valueRequired":true,"valueName":"search_term_string"}}],"inLanguage":"fr-FR"},{"@type":"Organization","@id":"https:\/\/canbebe.com\/fr\/#organization","name":"Canbebe","url":"https:\/\/canbebe.com\/fr\/","logo":{"@type":"ImageObject","inLanguage":"fr-FR","@id":"https:\/\/canbebe.com\/fr\/#\/schema\/logo\/image\/","url":"https:\/\/canbebe.com\/wp-content\/uploads\/2023\/11\/logo-canbebe.png","contentUrl":"https:\/\/canbebe.com\/wp-content\/uploads\/2023\/11\/logo-canbebe.png","width":398,"height":84,"caption":"Canbebe"},"image":{"@id":"https:\/\/canbebe.com\/fr\/#\/schema\/logo\/image\/"}}]}},"_links":{"self":[{"href":"https:\/\/canbebe.com\/fr\/wp-json\/wp\/v2\/pages\/2525","targetHints":{"allow":["GET"]}}],"collection":[{"href":"https:\/\/canbebe.com\/fr\/wp-json\/wp\/v2\/pages"}],"about":[{"href":"https:\/\/canbebe.com\/fr\/wp-json\/wp\/v2\/types\/page"}],"author":[{"embeddable":true,"href":"https:\/\/canbebe.com\/fr\/wp-json\/wp\/v2\/users\/3"}],"replies":[{"embeddable":true,"href":"https:\/\/canbebe.com\/fr\/wp-json\/wp\/v2\/comments?post=2525"}],"version-history":[{"count":0,"href":"https:\/\/canbebe.com\/fr\/wp-json\/wp\/v2\/pages\/2525\/revisions"}],"up":[{"embeddable":true,"href":"https:\/\/canbebe.com\/fr\/wp-json\/wp\/v2\/pages\/2268"}],"wp:featuredmedia":[{"embeddable":true,"href":"https:\/\/canbebe.com\/fr\/wp-json\/wp\/v2\/media\/960"}],"wp:attachment":[{"href":"https:\/\/canbebe.com\/fr\/wp-json\/wp\/v2\/media?parent=2525"}],"curies":[{"name":"wp","href":"https:\/\/api.w.org\/{rel}","templated":true}]}}