{"id":2521,"date":"2023-11-24T10:55:40","date_gmt":"2023-11-24T10:55:40","guid":{"rendered":"https:\/\/canbebe.com\/?page_id=2521"},"modified":"2024-04-09T14:55:56","modified_gmt":"2024-04-09T14:55:56","slug":"25-hafta","status":"publish","type":"page","link":"https:\/\/canbebe.com\/fr\/calendrier-de-grossesse\/25-hafta\/","title":{"rendered":"Semaine 25"},"content":{"rendered":"<div class=\"wpb-content-wrapper\"><p>[vc_row row_height_percent=\u00a0\u00bb0&Prime; override_padding=\u00a0\u00bbyes\u00a0\u00bb h_padding=\u00a0\u00bb2&Prime; top_padding=\u00a0\u00bb2&Prime; bottom_padding=\u00a0\u00bb0&Prime; overlay_alpha=\u00a0\u00bb50&Prime; equal_height=\u00a0\u00bbyes\u00a0\u00bb gutter_size=\u00a0\u00bb2&Prime; column_width_percent=\u00a0\u00bb100&Prime; shift_y=\u00a0\u00bb-3&Prime; z_index=\u00a0\u00bb0&Prime; uncode_shortcode_id=\u00a0\u00bb152492&Prime;][vc_column column_width_percent=\u00a0\u00bb100&Prime; position_vertical=\u00a0\u00bbmiddle\u00a0\u00bb align_horizontal=\u00a0\u00bbalign_center\u00a0\u00bb gutter_size=\u00a0\u00bb3&Prime; overlay_alpha=\u00a0\u00bb50&Prime; shift_x=\u00a0\u00bb0&Prime; shift_y=\u00a0\u00bb0&Prime; shift_y_down=\u00a0\u00bb0&Prime; z_index=\u00a0\u00bb0&Prime; medium_width=\u00a0\u00bb0&Prime; mobile_visibility=\u00a0\u00bbyes\u00a0\u00bb mobile_width=\u00a0\u00bb0&Prime; radius=\u00a0\u00bbsm\u00a0\u00bb width=\u00a0\u00bb5\/12&Prime; uncode_shortcode_id=\u00a0\u00bb931234&Prime; el_class=\u00a0\u00bbimg-rounded\u00a0\u00bb][\/vc_column][vc_column column_width_use_pixel=\u00a0\u00bbyes\u00a0\u00bb position_horizontal=\u00a0\u00bbright\u00a0\u00bb gutter_size=\u00a0\u00bb2&Prime; overlay_alpha=\u00a0\u00bb50&Prime; shift_x=\u00a0\u00bb0&Prime; shift_y=\u00a0\u00bb-5&Prime; shift_y_down=\u00a0\u00bb-5&Prime; z_index=\u00a0\u00bb0&Prime; medium_width=\u00a0\u00bb0&Prime; mobile_width=\u00a0\u00bb0&Prime; width=\u00a0\u00bb7\/12&Prime; uncode_shortcode_id=\u00a0\u00bb133000&Prime; column_width_pixel=\u00a0\u00bb600&Prime; el_id=\u00a0\u00bbhafta-nav\u00a0\u00bb][vc_custom_heading heading_semantic=\u00a0\u00bbh4&Prime; text_size=\u00a0\u00bb\u00a0\u00bb uncode_shortcode_id=\u00a0\u00bb143366&Prime;]Taille et poids du b\u00e9b\u00e9[\/vc_custom_heading][vc_column_text uncode_shortcode_id=\u00a0\u00bb159319&Prime;]\u00c0 la 25e semaine de grossesse, la taille du b\u00e9b\u00e9 est d&rsquo;environ 35-36 centim\u00e8tres, jusqu&rsquo;\u00e0 un rutabaga. Son poids est d&rsquo;environ 670 grammes.[\/vc_column_text][\/vc_column][\/vc_row][vc_row row_height_percent=\u00a0\u00bb0&Prime; override_padding=\u00a0\u00bbyes\u00a0\u00bb h_padding=\u00a0\u00bb2&Prime; top_padding=\u00a0\u00bb1&Prime; bottom_padding=\u00a0\u00bb2&Prime; overlay_alpha=\u00a0\u00bb50&Prime; gutter_size=\u00a0\u00bb3&Prime; column_width_percent=\u00a0\u00bb100&Prime; shift_y=\u00a0\u00bb0&Prime; z_index=\u00a0\u00bb0&Prime; uncode_shortcode_id=\u00a0\u00bb137824&Prime;][vc_column width=\u00a0\u00bb1\/1&Prime;][vc_custom_heading heading_semantic=\u00a0\u00bbh4&Prime; text_size=\u00a0\u00bb\u00a0\u00bb uncode_shortcode_id=\u00a0\u00bb361833&Prime;]Le D\u00e9veloppement du B\u00e9b\u00e9[\/vc_custom_heading][vc_row_inner limit_content=\u00a0\u00bb\u00a0\u00bb][vc_column_inner width=\u00a0\u00bb5\/12&Prime;][vc_single_image media=\u00a0\u00bb1205&Prime; media_width_percent=\u00a0\u00bb100&Prime; uncode_shortcode_id=\u00a0\u00bb814893&Prime;][\/vc_column_inner][vc_column_inner width=\u00a0\u00bb7\/12&Prime;][vc_column_text uncode_shortcode_id=\u00a0\u00bb137167&Prime;]Votre b\u00e9b\u00e9 a parcouru un chemin incroyable de la taille d&rsquo;une graine de pavot \u00e0 ce stade. Il est maintenant un petit b\u00e9b\u00e9 dont le d\u00e9veloppement est en grande partie termin\u00e9.<\/p>\n<p>Le b\u00e9b\u00e9 de 25 semaines est maintenant consid\u00e9r\u00e9 comme un individu en vertu de la loi am\u00e9ricaine. M\u00eame si leurs poumons ne sont pas encore d\u00e9velopp\u00e9s, ils ont une chance de vivre avec une aide m\u00e9dicale.<\/p>\n<p>Bien que l&rsquo;engraissement sous la peau se poursuive, le corps a toujours l&rsquo;air maigre. La couche de vernix caseosa (ou vernis cas\u00e9) sur sa peau continue de contribuer au contr\u00f4le de la temp\u00e9rature de son corps.<\/p>\n<p>Le d\u00e9veloppement du visage est en grande partie complet. Les narines seront \u00e9galement ouvertes cette semaine.<\/p>\n<p>Bien que la peau de votre b\u00e9b\u00e9 continue de s&rsquo;\u00e9paissir \u00e0 25 semaines de grossesse, il y a encore des capillaires \u00e0 la surface et donc la couleur de la peau est rose. Elle est \u00e9galement rid\u00e9e. La formation de couches sous-cutan\u00e9es (\u00e9piderme de couche superficielle et derme de couche profonde) est termin\u00e9e.<\/p>\n<p>Au cours de la 25e semaine de grossesse, le c\u0153ur de votre b\u00e9b\u00e9 bat de 140\u00e0150 battements par minute.<\/p>\n<p>Puisque tous ses sens commencent \u00e0 fonctionner, il continue \u00e0 faire des d\u00e9couvertes qui concernent ses sens. Il peut r\u00e9agir \u00e0 des bruits forts. Il peut se d\u00e9tendre dans une musique calme. Le sens du go\u00fbt se d\u00e9veloppe davantage. Lorsque vous mangez quelque chose de sucr\u00e9, leurs mouvements s&rsquo;acc\u00e9l\u00e8rent.<\/p>\n<p>Il reste 1 semaine pour ouvrir les paupi\u00e8res. Ou peut-\u00eatre m\u00eame ouvert cette semaine.<\/p>\n<p>\u00c0 25 semaines de grossesse, les os du cerveau, c&rsquo;est-\u00e0-dire le cr\u00e2ne, sont encore mous et donc le cerveau continue de cro\u00eetre facilement. La douceur du cr\u00e2ne est un \u00e9l\u00e9ment important qui facilite la sortie du b\u00e9b\u00e9 du canal de naissance lors de la naissance. Le cr\u00e2ne est \u00e9galement mou apr\u00e8s la naissance. Il durcit avec le temps.<\/p>\n<p>\u00c0 la 25e semaine de grossesse, avec le d\u00e9veloppement du cerveau du b\u00e9b\u00e9, son corps est d\u00e9sormais capable d&rsquo;accomplir automatiquement des fonctions telles que la digestion, la respiration r\u00e9guli\u00e8re et la r\u00e9gulation de la temp\u00e9rature corporelle.<\/p>\n<p>La production de selles noires appel\u00e9es m\u00e9conium se poursuit dans le gros intestin de votre b\u00e9b\u00e9. Le b\u00e9b\u00e9 expulse ces excr\u00e9ments peu de temps apr\u00e8s la naissance. C&rsquo;est la premi\u00e8re selle du b\u00e9b\u00e9. Certains b\u00e9b\u00e9s peuvent faire ces selles dans l&rsquo;ut\u00e9rus avant la naissance. Dans de telles situations, il est essentiel que cette mati\u00e8re f\u00e9cale ne p\u00e9n\u00e8tre pas dans les poumon.<\/p>\n<p>Le b\u00e9b\u00e9 continue de respirer de l&rsquo;air dans ses poumons en avalant le liquide amniotique. Le liquide qu&rsquo;il avale fait \u00e9galement fonctionner le syst\u00e8me digestif. Bien que l&rsquo;oxyg\u00e8ne atteigne ses poumons en avalant le liquide amniotique, il re\u00e7oit toujours une grande quantit\u00e9 d&rsquo;oxyg\u00e8ne par le placenta. De plus, des vaisseaux sanguins minces qui permettent de respirer dans le monde ext\u00e9rieur commencent \u00e0 se former dans les poumons.<\/p>\n<p>\u00c0 la 25e semaine de grossesse, la substance tensioactive qui permet au b\u00e9b\u00e9 de respirer dans les poumons apr\u00e8s la naissance continue d&rsquo;\u00eatre achev\u00e9e, bien qu&rsquo;elle soit en grande partie form\u00e9e.[\/vc_column_text][\/vc_column_inner][\/vc_row_inner][vc_custom_heading heading_semantic=\u00a0\u00bbh4&Prime; text_size=\u00a0\u00bb\u00a0\u00bb uncode_shortcode_id=\u00a0\u00bb864554&Prime;]Mouvements de b\u00e9b\u00e9 \u00e0 25 semaines de grossesse[\/vc_custom_heading][vc_column_text uncode_shortcode_id=\u00a0\u00bb293576&Prime;]\u00c0 la 25e semaine de grossesse, \u00e0 mesure que les signaux du cerveau vers les cellules nerveuses augmentent, les muscles du b\u00e9b\u00e9 deviennent plus forts et continuent \u00e0 faire des mouvements qui utiliseront leurs muscles. Il aime bouger ses doigts et ses orteils ainsi que ses bras et ses jambes. Sa compr\u00e9hension devint encore plus forte. La force de pr\u00e9hension est suffisamment forte pour supporter le poids de tout le corps du b\u00e9b\u00e9.<\/p>\n<p>\u00c0 25 semaines, vous commencerez \u00e0 sentir les mouvements du b\u00e9b\u00e9 plus r\u00e9guli\u00e8rement. Son horaires de sommeil et d&rsquo;activit\u00e9 commencent \u00e9galement \u00e0 se stabiliser. Si vous avez un b\u00e9b\u00e9 tr\u00e8s actif la nuit, cela peut continuer apr\u00e8s la naissance.[\/vc_column_text][vc_custom_heading heading_semantic=\u00a0\u00bbh4&Prime; text_size=\u00a0\u00bb\u00a0\u00bb uncode_shortcode_id=\u00a0\u00bb982761&Prime;]Image \u00e9chographique[\/vc_custom_heading][vc_row_inner limit_content=\u00a0\u00bb\u00a0\u00bb][vc_column_inner width=\u00a0\u00bb5\/12&Prime;][vc_single_image media=\u00a0\u00bb1203&Prime; media_width_percent=\u00a0\u00bb100&Prime; uncode_shortcode_id=\u00a0\u00bb102553&Prime;][\/vc_column_inner][vc_column_inner width=\u00a0\u00bb7\/12&Prime;][vc_column_text uncode_shortcode_id=\u00a0\u00bb179394&Prime;]Vous pouvez voir les mouvements de votre b\u00e9b\u00e9 sur des images \u00e9chographiques de grossesse de 25 semaines.<\/p>\n<p>Vous pouvez voir sur l&rsquo;\u00e9chographie qu&rsquo;il tient le cordon ombilical. S&rsquo;accrocher au cordon ombilical est peut-\u00eatre l&rsquo;un des mouvements qui l&rsquo;amuse le plus.<\/p>\n<p>Sur les images \u00e9chographiques \u00e0 25 semaines, vous pouvez voir votre b\u00e9b\u00e9 sourire, sortir la langue ou saisir son visage avec ses mains.[\/vc_column_text][\/vc_column_inner][\/vc_row_inner][vc_custom_heading heading_semantic=\u00a0\u00bbh4&Prime; text_size=\u00a0\u00bb\u00a0\u00bb uncode_shortcode_id=\u00a0\u00bb670558&Prime;]Changements dans le corps de la m\u00e8re[\/vc_custom_heading][vc_column_text uncode_shortcode_id=\u00a0\u00bb740389&Prime;]Combien de mois dure 25 semaines\u00a0? Vous \u00eates encore au 6\u00e8me mois et au deuxi\u00e8me trimestre de votre grossesse.<\/p>\n<p>\u00c0 la 25e semaine de gestation, votre ut\u00e9rus continue de s&rsquo;\u00e9lever au niveau de votre nombril sup\u00e9rieur. La hauteur du fond ut\u00e9rin (le sommet de l&rsquo;ut\u00e9rus) est d&rsquo;environ 25 centim\u00e8tres. \u00c9tant donn\u00e9 que vos angles de c\u00f4tes changeront \u00e9galement \u00e0 mesure que votre ut\u00e9rus s&rsquo;\u00e9l\u00e8vera, il y aura une expansion dans votre r\u00e9gion thoracique \u00e0 partir de ces semaines. Cela peut vous faire ressentir une l\u00e9g\u00e8re douleur dans cette zone.<\/p>\n<p>La croissance de l&rsquo;ut\u00e9rus et la pression sur votre estomac et vos intestins caus\u00e9e par l&rsquo;hormone progest\u00e9rone peuvent causer des probl\u00e8mes digestifs.<\/p>\n<p>Vous pouvez vous sentir extr\u00eamement fatigu\u00e9e \u00e0 25 semaines de grossesse. Vous pouvez ressentir des douleurs lombaires dues \u00e0 votre abdomen et \u00e0 la croissance de seins qui poussent vers l&rsquo;avant et deviennent lourds. M\u00eame si vous avez pris plus de poids que n\u00e9cessaire, votre mal de dos peut \u00eatre plus important. Si tel est le cas, vous devez commencer le contr\u00f4le du poids imm\u00e9diatement. Prendre trop de poids peut \u00e9galement augmenter le risque de diab\u00e8te de grossesse et de pr\u00e9\u00e9clampsie (hypertension) pendant la grossesse.[\/vc_column_text][vc_custom_heading heading_semantic=\u00a0\u00bbh4&Prime; text_size=\u00a0\u00bbh4&Prime; uncode_shortcode_id=\u00a0\u00bb531252&Prime;]Choses \u00e0 prendre en compte[\/vc_custom_heading][vc_column_text uncode_shortcode_id=\u00a0\u00bb875247&Prime;]\u00c0 la 25e semaine de grossesse, \u00e0 mesure que votre ventre s&rsquo;agrandit, il est possible que vos nuits de sommeil soient perturb\u00e9es. Pendant ces semaines, les probl\u00e8mes li\u00e9s \u00e0 la position de repos sont particuli\u00e8rement fr\u00e9quents.<\/p>\n<p>Pour un sommeil sain et confortable pendant la grossesse, faites attention \u00e0 ce qui suit\u00a0:<\/p>\n<p>\u2013 Il n&rsquo;est pas recommand\u00e9 de dormir sur le ventre ou sur le dos pendant cette p\u00e9riode. Dormir sur le dos n&rsquo;est pas du tout recommand\u00e9, car cela exercerait une pression sur les vaisseaux sanguins qui vont vers votre c\u0153ur. S&rsquo;allonger sur le dos peut provoquer une d\u00e9t\u00e9rioration de votre syst\u00e8me circulatoire et des baisses de la pression art\u00e9rielle. Il peut \u00e9galement entra\u00eener des probl\u00e8mes digestifs, des h\u00e9morro\u00efdes et des douleurs lombaires,<\/p>\n<p>\u2013 Pendant la grossesse, il est pr\u00e9f\u00e9rable de dormir sur le c\u00f4t\u00e9, en particulier du c\u00f4t\u00e9 gauche. S&rsquo;allonger sur le c\u00f4t\u00e9 gauche permet plus de sang pour aller au placenta et permet \u00e0 votre syst\u00e8me digestif de remplir ses fonctions d&rsquo;une mani\u00e8re saine,<\/p>\n<p>\u2013 Si vous mettez un oreiller entre vos jambes pendant que vous dormez, vous dormirez plus confortablement. Si vous avez l&rsquo;habitude de vous allonger sur le dos, vous pouvez mettre un ou plusieurs oreillers sur votre dos pour vous permettre de vous allonger \u00e0 45 degr\u00e9s. Mais encore une fois, \u00e0 condition de s&rsquo;allonger sur le c\u00f4t\u00e9 gauche&#8230; Vous devez vous assurer que votre poids corporel n&rsquo;est pas sur votre dos et que le poids est vers votre \u00e9paule gauche,<\/p>\n<p>\u2013 Ne pas trop manger le soir pour un sommeil confortable. Limitez votre consommation de liquide le soir pour \u00e9viter d&rsquo;uriner fr\u00e9quemment la nuit,<\/p>\n<p>\u2013 Dormir avec un oreiller haut ou quelques oreillers qui se chevauchent sous la t\u00eate peut pr\u00e9venir le probl\u00e8me de reflux qui peut survenir la nuit,<\/p>\n<p>\u2013 Pratiquez le yoga de la grossesse avant d&rsquo;aller dormir. M\u00e9diter apr\u00e8s le yoga vous permet \u00e9galement de dormir profond\u00e9ment et calmement,<\/p>\n<p>\u2013 Si vous n&rsquo;\u00eates pas sensible au lait, boire du lait chaud 1 heure avant de dormir vous permet de vous endormir et de dormir profond\u00e9ment. Si vous \u00eates sensible au lait, vous pouvez \u00e9galement manger un bol de yaourt ti\u00e8de une heure avant de dormir.[\/vc_column_text][\/vc_column][\/vc_row][vc_row][vc_column width=\u00a0\u00bb1\/1&Prime;][uncode_block id=\u00a0\u00bb989&Prime;][\/vc_column][\/vc_row][vc_row][vc_column width=\u00a0\u00bb1\/1&Prime;][uncode_block id=\u00a0\u00bb601&Prime;][\/vc_column][\/vc_row]<\/p>\n<\/div>","protected":false},"excerpt":{"rendered":"<p>[vc_row row_height_percent=\u00a0\u00bb0&Prime; override_padding=\u00a0\u00bbyes\u00a0\u00bb h_padding=\u00a0\u00bb2&Prime; top_padding=\u00a0\u00bb2&Prime; bottom_padding=\u00a0\u00bb0&Prime; overlay_alpha=\u00a0\u00bb50&Prime; equal_height=\u00a0\u00bbyes\u00a0\u00bb gutter_size=\u00a0\u00bb2&Prime; column_width_percent=\u00a0\u00bb100&Prime; shift_y=\u00a0\u00bb-3&Prime; z_index=\u00a0\u00bb0&Prime; uncode_shortcode_id=\u00a0\u00bb152492&Prime;][vc_column column_width_percent=\u00a0\u00bb100&Prime; position_vertical=\u00a0\u00bbmiddle\u00a0\u00bb align_horizontal=\u00a0\u00bbalign_center\u00a0\u00bb gutter_size=\u00a0\u00bb3&Prime; overlay_alpha=\u00a0\u00bb50&Prime; shift_x=\u00a0\u00bb0&Prime; shift_y=\u00a0\u00bb0&Prime; [&hellip;]<\/p>\n","protected":false},"author":3,"featured_media":1121,"parent":2268,"menu_order":0,"comment_status":"closed","ping_status":"closed","template":"","meta":{"_monsterinsights_skip_tracking":false,"_monsterinsights_sitenote_active":false,"_monsterinsights_sitenote_note":"","_monsterinsights_sitenote_category":0,"footnotes":""},"class_list":["post-2521","page","type-page","status-publish","has-post-thumbnail","hentry","page_category-semaine-par-semaine"],"yoast_head":"<!-- This site is optimized with the Yoast SEO plugin v27.4 - https:\/\/yoast.com\/product\/yoast-seo-wordpress\/ -->\n<title>Semaine 25 - Canbebe<\/title>\n<meta name=\"robots\" content=\"index, follow, max-snippet:-1, max-image-preview:large, max-video-preview:-1\" \/>\n<link rel=\"canonical\" href=\"https:\/\/canbebe.com\/fr\/calendrier-de-grossesse\/25-hafta\/\" \/>\n<meta property=\"og:locale\" content=\"fr_FR\" \/>\n<meta property=\"og:type\" content=\"article\" \/>\n<meta property=\"og:title\" content=\"Semaine 25 - Canbebe\" \/>\n<meta property=\"og:description\" content=\"[vc_row row_height_percent=\u00a0\u00bb0&Prime; override_padding=\u00a0\u00bbyes\u00a0\u00bb h_padding=\u00a0\u00bb2&Prime; top_padding=\u00a0\u00bb2&Prime; bottom_padding=\u00a0\u00bb0&Prime; overlay_alpha=\u00a0\u00bb50&Prime; equal_height=\u00a0\u00bbyes\u00a0\u00bb gutter_size=\u00a0\u00bb2&Prime; column_width_percent=\u00a0\u00bb100&Prime; shift_y=\u00a0\u00bb-3&Prime; z_index=\u00a0\u00bb0&Prime; uncode_shortcode_id=\u00a0\u00bb152492&Prime;][vc_column column_width_percent=\u00a0\u00bb100&Prime; position_vertical=\u00a0\u00bbmiddle\u00a0\u00bb align_horizontal=\u00a0\u00bbalign_center\u00a0\u00bb gutter_size=\u00a0\u00bb3&Prime; overlay_alpha=\u00a0\u00bb50&Prime; shift_x=\u00a0\u00bb0&Prime; shift_y=\u00a0\u00bb0&Prime; [&hellip;]\" \/>\n<meta property=\"og:url\" content=\"https:\/\/canbebe.com\/fr\/calendrier-de-grossesse\/25-hafta\/\" \/>\n<meta property=\"og:site_name\" content=\"Canbebe\" \/>\n<meta property=\"article:modified_time\" content=\"2024-04-09T14:55:56+00:00\" \/>\n<meta name=\"twitter:card\" content=\"summary_large_image\" \/>\n<meta name=\"twitter:label1\" content=\"Dur\u00e9e de lecture estim\u00e9e\" \/>\n\t<meta name=\"twitter:data1\" content=\"5 minutes\" \/>\n<script type=\"application\/ld+json\" class=\"yoast-schema-graph\">{\"@context\":\"https:\\\/\\\/schema.org\",\"@graph\":[{\"@type\":\"WebPage\",\"@id\":\"https:\\\/\\\/canbebe.com\\\/fr\\\/calendrier-de-grossesse\\\/25-hafta\\\/\",\"url\":\"https:\\\/\\\/canbebe.com\\\/fr\\\/calendrier-de-grossesse\\\/25-hafta\\\/\",\"name\":\"Semaine 25 - Canbebe\",\"isPartOf\":{\"@id\":\"https:\\\/\\\/canbebe.com\\\/fr\\\/#website\"},\"primaryImageOfPage\":{\"@id\":\"https:\\\/\\\/canbebe.com\\\/fr\\\/calendrier-de-grossesse\\\/25-hafta\\\/#primaryimage\"},\"image\":{\"@id\":\"https:\\\/\\\/canbebe.com\\\/fr\\\/calendrier-de-grossesse\\\/25-hafta\\\/#primaryimage\"},\"thumbnailUrl\":\"https:\\\/\\\/canbebe.com\\\/wp-content\\\/uploads\\\/2023\\\/12\\\/Fruits-9-1.svg\",\"datePublished\":\"2023-11-24T10:55:40+00:00\",\"dateModified\":\"2024-04-09T14:55:56+00:00\",\"breadcrumb\":{\"@id\":\"https:\\\/\\\/canbebe.com\\\/fr\\\/calendrier-de-grossesse\\\/25-hafta\\\/#breadcrumb\"},\"inLanguage\":\"fr-FR\",\"potentialAction\":[{\"@type\":\"ReadAction\",\"target\":[\"https:\\\/\\\/canbebe.com\\\/fr\\\/calendrier-de-grossesse\\\/25-hafta\\\/\"]}]},{\"@type\":\"ImageObject\",\"inLanguage\":\"fr-FR\",\"@id\":\"https:\\\/\\\/canbebe.com\\\/fr\\\/calendrier-de-grossesse\\\/25-hafta\\\/#primaryimage\",\"url\":\"https:\\\/\\\/canbebe.com\\\/wp-content\\\/uploads\\\/2023\\\/12\\\/Fruits-9-1.svg\",\"contentUrl\":\"https:\\\/\\\/canbebe.com\\\/wp-content\\\/uploads\\\/2023\\\/12\\\/Fruits-9-1.svg\",\"width\":\"72\",\"height\":\"72\"},{\"@type\":\"BreadcrumbList\",\"@id\":\"https:\\\/\\\/canbebe.com\\\/fr\\\/calendrier-de-grossesse\\\/25-hafta\\\/#breadcrumb\",\"itemListElement\":[{\"@type\":\"ListItem\",\"position\":1,\"name\":\"Accueil\",\"item\":\"https:\\\/\\\/canbebe.com\\\/fr\\\/\"},{\"@type\":\"ListItem\",\"position\":2,\"name\":\"Calendrier de Grossesse\",\"item\":\"https:\\\/\\\/canbebe.com\\\/fr\\\/calendrier-de-grossesse\\\/\"},{\"@type\":\"ListItem\",\"position\":3,\"name\":\"Semaine 25\"}]},{\"@type\":\"WebSite\",\"@id\":\"https:\\\/\\\/canbebe.com\\\/fr\\\/#website\",\"url\":\"https:\\\/\\\/canbebe.com\\\/fr\\\/\",\"name\":\"Canbebe\",\"description\":\"Canbebe\",\"publisher\":{\"@id\":\"https:\\\/\\\/canbebe.com\\\/fr\\\/#organization\"},\"potentialAction\":[{\"@type\":\"SearchAction\",\"target\":{\"@type\":\"EntryPoint\",\"urlTemplate\":\"https:\\\/\\\/canbebe.com\\\/fr\\\/?s={search_term_string}\"},\"query-input\":{\"@type\":\"PropertyValueSpecification\",\"valueRequired\":true,\"valueName\":\"search_term_string\"}}],\"inLanguage\":\"fr-FR\"},{\"@type\":\"Organization\",\"@id\":\"https:\\\/\\\/canbebe.com\\\/fr\\\/#organization\",\"name\":\"Canbebe\",\"url\":\"https:\\\/\\\/canbebe.com\\\/fr\\\/\",\"logo\":{\"@type\":\"ImageObject\",\"inLanguage\":\"fr-FR\",\"@id\":\"https:\\\/\\\/canbebe.com\\\/fr\\\/#\\\/schema\\\/logo\\\/image\\\/\",\"url\":\"https:\\\/\\\/canbebe.com\\\/wp-content\\\/uploads\\\/2023\\\/11\\\/logo-canbebe.png\",\"contentUrl\":\"https:\\\/\\\/canbebe.com\\\/wp-content\\\/uploads\\\/2023\\\/11\\\/logo-canbebe.png\",\"width\":398,\"height\":84,\"caption\":\"Canbebe\"},\"image\":{\"@id\":\"https:\\\/\\\/canbebe.com\\\/fr\\\/#\\\/schema\\\/logo\\\/image\\\/\"}}]}<\/script>\n<!-- \/ Yoast SEO plugin. -->","yoast_head_json":{"title":"Semaine 25 - Canbebe","robots":{"index":"index","follow":"follow","max-snippet":"max-snippet:-1","max-image-preview":"max-image-preview:large","max-video-preview":"max-video-preview:-1"},"canonical":"https:\/\/canbebe.com\/fr\/calendrier-de-grossesse\/25-hafta\/","og_locale":"fr_FR","og_type":"article","og_title":"Semaine 25 - Canbebe","og_description":"[vc_row row_height_percent=\u00a0\u00bb0&Prime; override_padding=\u00a0\u00bbyes\u00a0\u00bb h_padding=\u00a0\u00bb2&Prime; top_padding=\u00a0\u00bb2&Prime; bottom_padding=\u00a0\u00bb0&Prime; overlay_alpha=\u00a0\u00bb50&Prime; equal_height=\u00a0\u00bbyes\u00a0\u00bb gutter_size=\u00a0\u00bb2&Prime; column_width_percent=\u00a0\u00bb100&Prime; shift_y=\u00a0\u00bb-3&Prime; z_index=\u00a0\u00bb0&Prime; uncode_shortcode_id=\u00a0\u00bb152492&Prime;][vc_column column_width_percent=\u00a0\u00bb100&Prime; position_vertical=\u00a0\u00bbmiddle\u00a0\u00bb align_horizontal=\u00a0\u00bbalign_center\u00a0\u00bb gutter_size=\u00a0\u00bb3&Prime; overlay_alpha=\u00a0\u00bb50&Prime; shift_x=\u00a0\u00bb0&Prime; shift_y=\u00a0\u00bb0&Prime; [&hellip;]","og_url":"https:\/\/canbebe.com\/fr\/calendrier-de-grossesse\/25-hafta\/","og_site_name":"Canbebe","article_modified_time":"2024-04-09T14:55:56+00:00","twitter_card":"summary_large_image","twitter_misc":{"Dur\u00e9e de lecture estim\u00e9e":"5 minutes"},"schema":{"@context":"https:\/\/schema.org","@graph":[{"@type":"WebPage","@id":"https:\/\/canbebe.com\/fr\/calendrier-de-grossesse\/25-hafta\/","url":"https:\/\/canbebe.com\/fr\/calendrier-de-grossesse\/25-hafta\/","name":"Semaine 25 - Canbebe","isPartOf":{"@id":"https:\/\/canbebe.com\/fr\/#website"},"primaryImageOfPage":{"@id":"https:\/\/canbebe.com\/fr\/calendrier-de-grossesse\/25-hafta\/#primaryimage"},"image":{"@id":"https:\/\/canbebe.com\/fr\/calendrier-de-grossesse\/25-hafta\/#primaryimage"},"thumbnailUrl":"https:\/\/canbebe.com\/wp-content\/uploads\/2023\/12\/Fruits-9-1.svg","datePublished":"2023-11-24T10:55:40+00:00","dateModified":"2024-04-09T14:55:56+00:00","breadcrumb":{"@id":"https:\/\/canbebe.com\/fr\/calendrier-de-grossesse\/25-hafta\/#breadcrumb"},"inLanguage":"fr-FR","potentialAction":[{"@type":"ReadAction","target":["https:\/\/canbebe.com\/fr\/calendrier-de-grossesse\/25-hafta\/"]}]},{"@type":"ImageObject","inLanguage":"fr-FR","@id":"https:\/\/canbebe.com\/fr\/calendrier-de-grossesse\/25-hafta\/#primaryimage","url":"https:\/\/canbebe.com\/wp-content\/uploads\/2023\/12\/Fruits-9-1.svg","contentUrl":"https:\/\/canbebe.com\/wp-content\/uploads\/2023\/12\/Fruits-9-1.svg","width":"72","height":"72"},{"@type":"BreadcrumbList","@id":"https:\/\/canbebe.com\/fr\/calendrier-de-grossesse\/25-hafta\/#breadcrumb","itemListElement":[{"@type":"ListItem","position":1,"name":"Accueil","item":"https:\/\/canbebe.com\/fr\/"},{"@type":"ListItem","position":2,"name":"Calendrier de Grossesse","item":"https:\/\/canbebe.com\/fr\/calendrier-de-grossesse\/"},{"@type":"ListItem","position":3,"name":"Semaine 25"}]},{"@type":"WebSite","@id":"https:\/\/canbebe.com\/fr\/#website","url":"https:\/\/canbebe.com\/fr\/","name":"Canbebe","description":"Canbebe","publisher":{"@id":"https:\/\/canbebe.com\/fr\/#organization"},"potentialAction":[{"@type":"SearchAction","target":{"@type":"EntryPoint","urlTemplate":"https:\/\/canbebe.com\/fr\/?s={search_term_string}"},"query-input":{"@type":"PropertyValueSpecification","valueRequired":true,"valueName":"search_term_string"}}],"inLanguage":"fr-FR"},{"@type":"Organization","@id":"https:\/\/canbebe.com\/fr\/#organization","name":"Canbebe","url":"https:\/\/canbebe.com\/fr\/","logo":{"@type":"ImageObject","inLanguage":"fr-FR","@id":"https:\/\/canbebe.com\/fr\/#\/schema\/logo\/image\/","url":"https:\/\/canbebe.com\/wp-content\/uploads\/2023\/11\/logo-canbebe.png","contentUrl":"https:\/\/canbebe.com\/wp-content\/uploads\/2023\/11\/logo-canbebe.png","width":398,"height":84,"caption":"Canbebe"},"image":{"@id":"https:\/\/canbebe.com\/fr\/#\/schema\/logo\/image\/"}}]}},"_links":{"self":[{"href":"https:\/\/canbebe.com\/fr\/wp-json\/wp\/v2\/pages\/2521","targetHints":{"allow":["GET"]}}],"collection":[{"href":"https:\/\/canbebe.com\/fr\/wp-json\/wp\/v2\/pages"}],"about":[{"href":"https:\/\/canbebe.com\/fr\/wp-json\/wp\/v2\/types\/page"}],"author":[{"embeddable":true,"href":"https:\/\/canbebe.com\/fr\/wp-json\/wp\/v2\/users\/3"}],"replies":[{"embeddable":true,"href":"https:\/\/canbebe.com\/fr\/wp-json\/wp\/v2\/comments?post=2521"}],"version-history":[{"count":0,"href":"https:\/\/canbebe.com\/fr\/wp-json\/wp\/v2\/pages\/2521\/revisions"}],"up":[{"embeddable":true,"href":"https:\/\/canbebe.com\/fr\/wp-json\/wp\/v2\/pages\/2268"}],"wp:featuredmedia":[{"embeddable":true,"href":"https:\/\/canbebe.com\/fr\/wp-json\/wp\/v2\/media\/1121"}],"wp:attachment":[{"href":"https:\/\/canbebe.com\/fr\/wp-json\/wp\/v2\/media?parent=2521"}],"curies":[{"name":"wp","href":"https:\/\/api.w.org\/{rel}","templated":true}]}}