{"id":2497,"date":"2023-11-24T10:59:50","date_gmt":"2023-11-24T10:59:50","guid":{"rendered":"https:\/\/canbebe.com\/?page_id=2497"},"modified":"2024-04-08T14:11:21","modified_gmt":"2024-04-08T14:11:21","slug":"3-ay","status":"publish","type":"page","link":"https:\/\/canbebe.com\/fr\/calendrier-de-grossesse\/3-ay\/","title":{"rendered":"3\u00e8me mois"},"content":{"rendered":"<div class=\"wpb-content-wrapper\"><p>[vc_row row_height_percent=\u00a0\u00bb0&Prime; override_padding=\u00a0\u00bbyes\u00a0\u00bb h_padding=\u00a0\u00bb2&Prime; top_padding=\u00a0\u00bb2&Prime; bottom_padding=\u00a0\u00bb0&Prime; overlay_alpha=\u00a0\u00bb50&Prime; equal_height=\u00a0\u00bbyes\u00a0\u00bb gutter_size=\u00a0\u00bb2&Prime; column_width_percent=\u00a0\u00bb100&Prime; shift_y=\u00a0\u00bb-3&Prime; z_index=\u00a0\u00bb0&Prime; uncode_shortcode_id=\u00a0\u00bb152492&Prime;][vc_column column_width_percent=\u00a0\u00bb100&Prime; position_vertical=\u00a0\u00bbmiddle\u00a0\u00bb align_horizontal=\u00a0\u00bbalign_center\u00a0\u00bb gutter_size=\u00a0\u00bb3&Prime; overlay_alpha=\u00a0\u00bb50&Prime; shift_x=\u00a0\u00bb0&Prime; shift_y=\u00a0\u00bb0&Prime; shift_y_down=\u00a0\u00bb0&Prime; z_index=\u00a0\u00bb0&Prime; medium_width=\u00a0\u00bb0&Prime; mobile_width=\u00a0\u00bb0&Prime; radius=\u00a0\u00bbsm\u00a0\u00bb width=\u00a0\u00bb5\/12&Prime; uncode_shortcode_id=\u00a0\u00bb100228&Prime; mobile_height=\u00a0\u00bb300&Prime; el_class=\u00a0\u00bbimg-rounded\u00a0\u00bb][\/vc_column][vc_column column_width_use_pixel=\u00a0\u00bbyes\u00a0\u00bb position_horizontal=\u00a0\u00bbright\u00a0\u00bb gutter_size=\u00a0\u00bb2&Prime; overlay_alpha=\u00a0\u00bb50&Prime; shift_x=\u00a0\u00bb0&Prime; shift_y=\u00a0\u00bb-5&Prime; shift_y_down=\u00a0\u00bb-5&Prime; z_index=\u00a0\u00bb0&Prime; medium_width=\u00a0\u00bb0&Prime; mobile_width=\u00a0\u00bb0&Prime; width=\u00a0\u00bb7\/12&Prime; uncode_shortcode_id=\u00a0\u00bb133000&Prime; column_width_pixel=\u00a0\u00bb600&Prime; el_id=\u00a0\u00bbhafta-nav\u00a0\u00bb][vc_custom_heading heading_semantic=\u00a0\u00bbh4&Prime; text_size=\u00a0\u00bb\u00a0\u00bb uncode_shortcode_id=\u00a0\u00bb167658&Prime;]Taille et poids du b\u00e9b\u00e9[\/vc_custom_heading][vc_column_text uncode_shortcode_id=\u00a0\u00bb301119&Prime;]\u00c0 la fin du 3\u00e8me mois de grossesse, la taille du b\u00e9b\u00e9 est d&rsquo;environ 7-8 centim\u00e8tres, la taille d&rsquo;un citron ou d&rsquo;une mandarine. Son poids est d&rsquo;environ 22-25 grammes.[\/vc_column_text][\/vc_column][\/vc_row][vc_row][vc_column width=\u00a0\u00bb1\/1&Prime;][vc_custom_heading heading_semantic=\u00a0\u00bbh4&Prime; text_size=\u00a0\u00bb\u00a0\u00bb uncode_shortcode_id=\u00a0\u00bb122354&Prime; text_color_type=\u00a0\u00bbuncode-palette\u00a0\u00bb text_color_solid=\u00a0\u00bb#ff0000&Prime; subheading=\u00a0\u00bbAu 3\u00e8me mois de grossesse, le stade embryonnaire est termin\u00e9 et votre b\u00e9b\u00e9 est devenu un f\u0153tus. Le f\u0153tus est le nom donn\u00e9 au b\u00e9b\u00e9 dans l&rsquo;ut\u00e9rus \u00e0 partir de la 10e semaine jusqu&rsquo;\u00e0 la naissance.<\/p>\n<p>Presque tous les organes ont commenc\u00e9 \u00e0 fonctionner chez le b\u00e9b\u00e9 \u00e0 3 mois de grossesse. Le pancr\u00e9as a commenc\u00e9 \u00e0 produire de l&rsquo;insuline. \u00c0 la fin du 3\u00e8me mois, les intestins sont compl\u00e8tement install\u00e9s dans l&rsquo;abdomen.<\/p>\n<p>\u00ab\u00a0Votre b\u00e9b\u00e9 n&rsquo;aura plus besoin du sac vitellin pour fournir des cellules sanguines, comme c&rsquo;\u00e9tait le cas auparavant. Car cette fonction sera d\u00e9sormais assum\u00e9e par la moelle osseuse, la rate et le foie. Le sac vitellin (sac d&rsquo;\u0153uf) dispara\u00eet compl\u00e8tement \u00e0 la fin du 3\u00e8me mois.\u00ab\u00a0\u00ab\u00a0]Le D\u00e9veloppement du B\u00e9b\u00e9[\/vc_custom_heading][vc_row_inner limit_content=\u00a0\u00bb\u00a0\u00bb][vc_column_inner width=\u00a0\u00bb5\/12&Prime;][vc_single_image media=\u00a0\u00bb1002&Prime; media_width_percent=\u00a0\u00bb100&Prime; uncode_shortcode_id=\u00a0\u00bb193889&Prime;][\/vc_column_inner][vc_column_inner width=\u00a0\u00bb7\/12&Prime;][vc_column_text uncode_shortcode_id=\u00a0\u00bb195706&Prime;]Les membres tels que les bras, les jambes et les doigts de votre b\u00e9b\u00e9 continuent de se d\u00e9velopper. Ses doigts minuscules, qui ont d\u00e9velopp\u00e9 des points de contact \u00e0 leurs extr\u00e9mit\u00e9s, sont allong\u00e9s. Au 2\u00e8me mois, les doigts, qui \u00e9taient coll\u00e9s les uns aux autres avec la structure de rideau, ont commenc\u00e9 \u00e0 se d\u00e9composer ce mois-ci.<\/p>\n<p>\u00c0 3 mois de grossesse, les structures de l&rsquo;\u00e9paule et du coude du b\u00e9b\u00e9 continuent de se former. Les structures cartilagineuses du b\u00e9b\u00e9 commencent progressivement \u00e0 se min\u00e9raliser. Le d\u00e9veloppement osseux soutient le d\u00e9veloppement des articulations. La formation du cr\u00e2ne du b\u00e9b\u00e9 s&rsquo;est am\u00e9lior\u00e9e de mani\u00e8re plus id\u00e9ale. Son cou devient de plus en plus visible. Son dos s&rsquo;est encore aplatit<\/p>\n<p>\u00c0 la fin du 3\u00e8me mois, son c\u0153ur ralentit un autre clic par rapport aux derni\u00e8res semaines, mais il bat encore vite (160-18 battements par minute).[\/vc_column_text][\/vc_column_inner][\/vc_row_inner][vc_column_text uncode_shortcode_id=\u00a0\u00bb702283&Prime;]Au bout de 3 mois de grossesse, le visage de votre b\u00e9b\u00e9 est proportionnellement plus petit que son corps. Elle continue \u00e0 avoir l&rsquo;air beaucoup plus mignonne tous les jours. Les traits du visage sont devenus plus prononc\u00e9s. La zone du front est large. Au fur et \u00e0 mesure que leurs oreilles grandissent, elles commencent \u00e0 prendre leur forme normale. L&rsquo;oreille interne et l&rsquo;oreille moyenne sont compl\u00e8tement form\u00e9es. Les yeux sont plus proches de l&rsquo;avant du visage que les semaines pr\u00e9c\u00e9dentes. Ses yeux sont color\u00e9s.<\/p>\n<p>Au cours de la 13e semaine, le syst\u00e8me digestif du b\u00e9b\u00e9 fonctionne tr\u00e8s bien. Le b\u00e9b\u00e9 avale le liquide amniotique et le filtre \u00e0 travers les reins et les intestins, le lib\u00e9rant dans le liquide amniotique sous forme d&rsquo;urine. Gr\u00e2ce au syst\u00e8me de pompage qui transf\u00e8re le sang de la m\u00e8re vers le corps du b\u00e9b\u00e9, celui-ci re\u00e7oit \u00e0 la fois de l&rsquo;oxyg\u00e8ne et des nutriments, et en m\u00eame temps, il \u00e9limine les d\u00e9chets de son propre corps. Le cordon ombilical fournit au b\u00e9b\u00e9 le sang oxyg\u00e9n\u00e9 n\u00e9cessaire \u00e0 sa survie.[\/vc_column_text][vc_custom_heading heading_semantic=\u00a0\u00bbh4&Prime; text_size=\u00a0\u00bb\u00a0\u00bb uncode_shortcode_id=\u00a0\u00bb146899&Prime; text_color_type=\u00a0\u00bbuncode-palette\u00a0\u00bb text_color_solid=\u00a0\u00bb#ff0000&Prime; subheading=\u00a0\u00bbLes mouvements du b\u00e9b\u00e9 de 3 mois dans l&rsquo;ut\u00e9rus s&rsquo;acc\u00e9l\u00e8rent encore plus qu&rsquo;au cours des derni\u00e8res semaines. Votre b\u00e9b\u00e9 peut ouvrir et fermer sa bouche, mettre son pouce dans sa bouche et tourner la t\u00eate.<\/p>\n<p>\u00c0 3 mois de grossesse, le b\u00e9b\u00e9 peut maintenant \u00e9tirer tout son corps et r\u00e9pondre aux stimuli sous forme de pression manuelle de l&rsquo;ext\u00e9rieur avec des mouvements r\u00e9flexes.<br \/>\nSa peau est recouverte de poils fins (Lanugo). <\/p>\n<p>De plus, tous les bourgeons dentaires de votre b\u00e9b\u00e9 continuent de se d\u00e9velopper.\u00a0\u00bb]Mouvements de b\u00e9b\u00e9 de 3 mois[\/vc_custom_heading][vc_custom_heading heading_semantic=\u00a0\u00bbh4&Prime; text_size=\u00a0\u00bb\u00a0\u00bb uncode_shortcode_id=\u00a0\u00bb801471&Prime;]Image \u00e9chographique[\/vc_custom_heading][vc_row_inner limit_content=\u00a0\u00bb\u00a0\u00bb][vc_column_inner width=\u00a0\u00bb5\/12&Prime;][vc_single_image media=\u00a0\u00bb1004&Prime; media_width_percent=\u00a0\u00bb100&Prime; uncode_shortcode_id=\u00a0\u00bb164923&Prime;][\/vc_column_inner][vc_column_inner width=\u00a0\u00bb7\/12&Prime;][vc_column_text uncode_shortcode_id=\u00a0\u00bb683247&Prime;]Votre b\u00e9b\u00e9 a peut-\u00eatre commenc\u00e9 \u00e0 faire la premi\u00e8re de ses expressions faciales\u00a0: il peut maintenant sourire de temps en temps. Vous avez beaucoup de chance si vous voyez votre b\u00e9b\u00e9 sourire \u00e0 l&rsquo;\u00e9chographie 4D.<\/p>\n<p>\u00c9tant donn\u00e9 que la couche cutan\u00e9e et les os s&rsquo;\u00e9paissiront chaque semaine, le b\u00e9b\u00e9 de 3 mois appara\u00eet dans l&rsquo;image \u00e9chographique sous la forme d&rsquo;un petit humain.<\/p>\n<p>Sa t\u00eate a grandi depuis quelques semaines, et sur l&rsquo;image de la grossesse de 3 mois, vous pouvez voir que la t\u00eate de votre b\u00e9b\u00e9 a atteint un tiers de sa taille.[\/vc_column_text][\/vc_column_inner][\/vc_row_inner][vc_column_text uncode_shortcode_id=\u00a0\u00bb176368&Prime;]Vous pouvez voir le b\u00e9b\u00e9 de 3 mois donner des coups de pied et bouger ses bras et ses doigts.<\/p>\n<p>Si sa main touche son visage, le b\u00e9b\u00e9 peut faire des mouvements r\u00e9flexes. Sur les images \u00e9chographiques du b\u00e9b\u00e9 de 3 mois, vous pouvez voir qu&rsquo;il a mis son pouce dans sa bouche.<\/p>\n<p>Certains m\u00e9decins peuvent indiquer le sexe du b\u00e9b\u00e9 au bout de 3 mois. Parfois, le b\u00e9b\u00e9 ne permet pas cette pr\u00e9diction en termes de position.[\/vc_column_text][vc_custom_heading heading_semantic=\u00a0\u00bbh4&Prime; text_size=\u00a0\u00bb\u00a0\u00bb uncode_shortcode_id=\u00a0\u00bb978961&Prime; text_color_type=\u00a0\u00bbuncode-palette\u00a0\u00bb text_color_solid=\u00a0\u00bb#ff0000&Prime; subheading=\u00a0\u00bb\u00c0 la fin du troisi\u00e8me mois de grossesse, votre ut\u00e9rus a atteint la taille d&rsquo;un gros pamplemousse. Il est normal de ressentir des douleurs musculaires occasionnelles sur les c\u00f4t\u00e9s et les aines \u00e0 mesure que votre ut\u00e9rus grandit.<\/p>\n<p>Certaines femmes enceintes peuvent \u00e9prouver du d\u00e9sir sexuel et les rapports sexuels peuvent \u00eatre plus agr\u00e9ables qu&rsquo;avant la grossesse, car l&rsquo;augmentation du volume sanguin \u00e0 trois mois de grossesse entra\u00eenera une augmentation de la quantit\u00e9 de sang allant aux organes g\u00e9nitaux. Cependant, de nombreuses femmes subissent le contraire. Le fait que les femmes enceintes ne se trouvent pas attirantes pendant la grossesse et que certains p\u00e8res enceintes ne trouvent pas leurs conjoints attirants pendant cette p\u00e9riode r\u00e9duit le d\u00e9sir sexuel chez les couples pendant la grossesse. En outre, la sensation de naus\u00e9e, la faiblesse, les fluctuations \u00e9motionnelles de la femme enceinte et la sensation de douleur l\u00e9g\u00e8re caus\u00e9e par un flux sanguin excessif vers la zone sexuelle peuvent emp\u00eacher les couples d&rsquo;avoir des relations sexuelles pendant la grossesse. Il est bon pour les couples de parler de cette situation et de se concentrer sur l&rsquo;excitation de donner naissance \u00e0 une vie ensemble.\u00a0\u00bb]Changements dans le corps de la m\u00e8re[\/vc_custom_heading][vc_column_text uncode_shortcode_id=\u00a0\u00bb910673&Prime;]Les sympt\u00f4mes d&rsquo;une grossesse de 3 mois comprennent\u00a0:<br \/>\n\u2013 Sensation de fatigue,<br \/>\n\u2013 D\u00e9sir excessif de dormir,<br \/>\n\u2013 Besoin fr\u00e9quent d&rsquo;uriner,<br \/>\n\u2013 Interruption du sommeil nocturne,<br \/>\n\u2013 Gonflement, douleur et sensibilit\u00e9 dans la r\u00e9gion du sein,<br \/>\n\u2013 \u00c9paississement au niveau de la taille,<br \/>\n\u2013 Naus\u00e9es, br\u00fblures d&rsquo;estomac et indigestion,<br \/>\n\u2013 Maux de t\u00eate,<br \/>\n\u2013 Constipation<br \/>\n\u2013 S\u00e9cheresse, d\u00e9mangeaisons et acn\u00e9 sur la peau.<br \/>\n\u2013 Douleurs \u00e0 l&rsquo;aine.[\/vc_column_text][vc_custom_heading heading_semantic=\u00a0\u00bbh4&Prime; text_size=\u00a0\u00bb\u00a0\u00bb uncode_shortcode_id=\u00a0\u00bb205402&Prime; subheading=\u00a0\u00bbLes probl\u00e8mes de peau peuvent persister au cours du 3\u00e8me mois. Sur le visage, le masque de grossesse (Chloasma) peut \u00eatre vu, provoquant des taches sombres sur diff\u00e9rentes parties du corps. Cette condition est g\u00e9n\u00e9ralement temporaire et s&rsquo;am\u00e9liore avec le temps apr\u00e8s la naissance.\u00a0\u00bb]Masque de grossesse[\/vc_custom_heading][vc_custom_heading heading_semantic=\u00a0\u00bbh4&Prime; text_size=\u00a0\u00bb\u00a0\u00bb uncode_shortcode_id=\u00a0\u00bb957635&Prime; subheading=\u00a0\u00bbVous devez faire le Dual Test, qui est l&rsquo;un des tests de routine de la grossesse au 3\u00e8me mois ( entre 11e-14e semaines). Avec ce test, l&rsquo;\u00e9paisseur de la nuque est examin\u00e9e \u00e0 l&rsquo;\u00e9chographie et le b\u00e9b\u00e9 est \u00e9valu\u00e9 pour le syndrome de Down.\u00a0\u00bb]Test binaire[\/vc_custom_heading][vc_custom_heading heading_semantic=\u00a0\u00bbh4&Prime; text_size=\u00a0\u00bb\u00a0\u00bb uncode_shortcode_id=\u00a0\u00bb932486&Prime; text_color_type=\u00a0\u00bbuncode-palette\u00a0\u00bb text_color_solid=\u00a0\u00bb#ff0000&Prime; subheading=\u00a0\u00bbIl peut \u00eatre avantageux de partager les nouvelles du b\u00e9b\u00e9 avec ceux qui vous entourent apr\u00e8s la fin des 3 premiers mois, ce qui est consid\u00e9r\u00e9 comme risqu\u00e9 pour le b\u00e9b\u00e9. Si vous travaillez, il est temps de le dire \u00e0 votre responsable. Avant de parler \u00e0 votre responsable, il est utile d&rsquo;en savoir plus sur vos droits en mati\u00e8re de grossesse.<\/p>\n<p>Vous pouvez avoir des saignements des gencives. Se brosser les dents r\u00e9guli\u00e8rement vous d\u00e9tend. Si n\u00e9cessaire, n&rsquo;h\u00e9sitez pas \u00e0 vous faire recommander les traitements par le dentiste. Aujourd&rsquo;hui, les traitements dentaires sont appliqu\u00e9s en toute s\u00e9curit\u00e9 pendant la grossesse.\u00a0\u00bb]Choses \u00e0 prendre en compte[\/vc_custom_heading][\/vc_column][\/vc_row][vc_row][vc_column width=\u00a0\u00bb1\/1&Prime;][uncode_block id=\u00a0\u00bb989&Prime;][uncode_block id=\u00a0\u00bb601&Prime;][\/vc_column][\/vc_row]<\/p>\n<\/div>","protected":false},"excerpt":{"rendered":"<p>[vc_row row_height_percent=\u00a0\u00bb0&Prime; override_padding=\u00a0\u00bbyes\u00a0\u00bb h_padding=\u00a0\u00bb2&Prime; top_padding=\u00a0\u00bb2&Prime; bottom_padding=\u00a0\u00bb0&Prime; overlay_alpha=\u00a0\u00bb50&Prime; equal_height=\u00a0\u00bbyes\u00a0\u00bb gutter_size=\u00a0\u00bb2&Prime; column_width_percent=\u00a0\u00bb100&Prime; shift_y=\u00a0\u00bb-3&Prime; z_index=\u00a0\u00bb0&Prime; uncode_shortcode_id=\u00a0\u00bb152492&Prime;][vc_column column_width_percent=\u00a0\u00bb100&Prime; position_vertical=\u00a0\u00bbmiddle\u00a0\u00bb align_horizontal=\u00a0\u00bbalign_center\u00a0\u00bb gutter_size=\u00a0\u00bb3&Prime; overlay_alpha=\u00a0\u00bb50&Prime; shift_x=\u00a0\u00bb0&Prime; shift_y=\u00a0\u00bb0&Prime; [&hellip;]<\/p>\n","protected":false},"author":3,"featured_media":1458,"parent":2268,"menu_order":0,"comment_status":"closed","ping_status":"closed","template":"","meta":{"_monsterinsights_skip_tracking":false,"_monsterinsights_sitenote_active":false,"_monsterinsights_sitenote_note":"","_monsterinsights_sitenote_category":0,"footnotes":""},"class_list":["post-2497","page","type-page","status-publish","has-post-thumbnail","hentry","page_category-mois-par-mois"],"yoast_head":"<!-- This site is optimized with the Yoast SEO plugin v27.4 - https:\/\/yoast.com\/product\/yoast-seo-wordpress\/ -->\n<title>3\u00e8me mois - Canbebe<\/title>\n<meta name=\"robots\" content=\"index, follow, max-snippet:-1, max-image-preview:large, max-video-preview:-1\" \/>\n<link rel=\"canonical\" href=\"https:\/\/canbebe.com\/fr\/calendrier-de-grossesse\/3-ay\/\" \/>\n<meta property=\"og:locale\" content=\"fr_FR\" \/>\n<meta property=\"og:type\" content=\"article\" \/>\n<meta property=\"og:title\" content=\"3\u00e8me mois - Canbebe\" \/>\n<meta property=\"og:description\" content=\"[vc_row row_height_percent=\u00a0\u00bb0&Prime; override_padding=\u00a0\u00bbyes\u00a0\u00bb h_padding=\u00a0\u00bb2&Prime; top_padding=\u00a0\u00bb2&Prime; bottom_padding=\u00a0\u00bb0&Prime; overlay_alpha=\u00a0\u00bb50&Prime; equal_height=\u00a0\u00bbyes\u00a0\u00bb gutter_size=\u00a0\u00bb2&Prime; column_width_percent=\u00a0\u00bb100&Prime; shift_y=\u00a0\u00bb-3&Prime; z_index=\u00a0\u00bb0&Prime; uncode_shortcode_id=\u00a0\u00bb152492&Prime;][vc_column column_width_percent=\u00a0\u00bb100&Prime; position_vertical=\u00a0\u00bbmiddle\u00a0\u00bb align_horizontal=\u00a0\u00bbalign_center\u00a0\u00bb gutter_size=\u00a0\u00bb3&Prime; overlay_alpha=\u00a0\u00bb50&Prime; shift_x=\u00a0\u00bb0&Prime; shift_y=\u00a0\u00bb0&Prime; [&hellip;]\" \/>\n<meta property=\"og:url\" content=\"https:\/\/canbebe.com\/fr\/calendrier-de-grossesse\/3-ay\/\" \/>\n<meta property=\"og:site_name\" content=\"Canbebe\" \/>\n<meta property=\"article:modified_time\" content=\"2024-04-08T14:11:21+00:00\" \/>\n<meta name=\"twitter:card\" content=\"summary_large_image\" \/>\n<meta name=\"twitter:label1\" content=\"Dur\u00e9e de lecture estim\u00e9e\" \/>\n\t<meta name=\"twitter:data1\" content=\"5 minutes\" \/>\n<script type=\"application\/ld+json\" class=\"yoast-schema-graph\">{\"@context\":\"https:\\\/\\\/schema.org\",\"@graph\":[{\"@type\":\"WebPage\",\"@id\":\"https:\\\/\\\/canbebe.com\\\/fr\\\/calendrier-de-grossesse\\\/3-ay\\\/\",\"url\":\"https:\\\/\\\/canbebe.com\\\/fr\\\/calendrier-de-grossesse\\\/3-ay\\\/\",\"name\":\"3\u00e8me mois - Canbebe\",\"isPartOf\":{\"@id\":\"https:\\\/\\\/canbebe.com\\\/fr\\\/#website\"},\"primaryImageOfPage\":{\"@id\":\"https:\\\/\\\/canbebe.com\\\/fr\\\/calendrier-de-grossesse\\\/3-ay\\\/#primaryimage\"},\"image\":{\"@id\":\"https:\\\/\\\/canbebe.com\\\/fr\\\/calendrier-de-grossesse\\\/3-ay\\\/#primaryimage\"},\"thumbnailUrl\":\"https:\\\/\\\/canbebe.com\\\/wp-content\\\/uploads\\\/2023\\\/11\\\/Month-by-month-1.svg\",\"datePublished\":\"2023-11-24T10:59:50+00:00\",\"dateModified\":\"2024-04-08T14:11:21+00:00\",\"breadcrumb\":{\"@id\":\"https:\\\/\\\/canbebe.com\\\/fr\\\/calendrier-de-grossesse\\\/3-ay\\\/#breadcrumb\"},\"inLanguage\":\"fr-FR\",\"potentialAction\":[{\"@type\":\"ReadAction\",\"target\":[\"https:\\\/\\\/canbebe.com\\\/fr\\\/calendrier-de-grossesse\\\/3-ay\\\/\"]}]},{\"@type\":\"ImageObject\",\"inLanguage\":\"fr-FR\",\"@id\":\"https:\\\/\\\/canbebe.com\\\/fr\\\/calendrier-de-grossesse\\\/3-ay\\\/#primaryimage\",\"url\":\"https:\\\/\\\/canbebe.com\\\/wp-content\\\/uploads\\\/2023\\\/11\\\/Month-by-month-1.svg\",\"contentUrl\":\"https:\\\/\\\/canbebe.com\\\/wp-content\\\/uploads\\\/2023\\\/11\\\/Month-by-month-1.svg\",\"width\":73,\"height\":72},{\"@type\":\"BreadcrumbList\",\"@id\":\"https:\\\/\\\/canbebe.com\\\/fr\\\/calendrier-de-grossesse\\\/3-ay\\\/#breadcrumb\",\"itemListElement\":[{\"@type\":\"ListItem\",\"position\":1,\"name\":\"Accueil\",\"item\":\"https:\\\/\\\/canbebe.com\\\/fr\\\/\"},{\"@type\":\"ListItem\",\"position\":2,\"name\":\"Calendrier de Grossesse\",\"item\":\"https:\\\/\\\/canbebe.com\\\/fr\\\/calendrier-de-grossesse\\\/\"},{\"@type\":\"ListItem\",\"position\":3,\"name\":\"3\u00e8me mois\"}]},{\"@type\":\"WebSite\",\"@id\":\"https:\\\/\\\/canbebe.com\\\/fr\\\/#website\",\"url\":\"https:\\\/\\\/canbebe.com\\\/fr\\\/\",\"name\":\"Canbebe\",\"description\":\"Canbebe\",\"publisher\":{\"@id\":\"https:\\\/\\\/canbebe.com\\\/fr\\\/#organization\"},\"potentialAction\":[{\"@type\":\"SearchAction\",\"target\":{\"@type\":\"EntryPoint\",\"urlTemplate\":\"https:\\\/\\\/canbebe.com\\\/fr\\\/?s={search_term_string}\"},\"query-input\":{\"@type\":\"PropertyValueSpecification\",\"valueRequired\":true,\"valueName\":\"search_term_string\"}}],\"inLanguage\":\"fr-FR\"},{\"@type\":\"Organization\",\"@id\":\"https:\\\/\\\/canbebe.com\\\/fr\\\/#organization\",\"name\":\"Canbebe\",\"url\":\"https:\\\/\\\/canbebe.com\\\/fr\\\/\",\"logo\":{\"@type\":\"ImageObject\",\"inLanguage\":\"fr-FR\",\"@id\":\"https:\\\/\\\/canbebe.com\\\/fr\\\/#\\\/schema\\\/logo\\\/image\\\/\",\"url\":\"https:\\\/\\\/canbebe.com\\\/wp-content\\\/uploads\\\/2023\\\/11\\\/logo-canbebe.png\",\"contentUrl\":\"https:\\\/\\\/canbebe.com\\\/wp-content\\\/uploads\\\/2023\\\/11\\\/logo-canbebe.png\",\"width\":398,\"height\":84,\"caption\":\"Canbebe\"},\"image\":{\"@id\":\"https:\\\/\\\/canbebe.com\\\/fr\\\/#\\\/schema\\\/logo\\\/image\\\/\"}}]}<\/script>\n<!-- \/ Yoast SEO plugin. -->","yoast_head_json":{"title":"3\u00e8me mois - Canbebe","robots":{"index":"index","follow":"follow","max-snippet":"max-snippet:-1","max-image-preview":"max-image-preview:large","max-video-preview":"max-video-preview:-1"},"canonical":"https:\/\/canbebe.com\/fr\/calendrier-de-grossesse\/3-ay\/","og_locale":"fr_FR","og_type":"article","og_title":"3\u00e8me mois - Canbebe","og_description":"[vc_row row_height_percent=\u00a0\u00bb0&Prime; override_padding=\u00a0\u00bbyes\u00a0\u00bb h_padding=\u00a0\u00bb2&Prime; top_padding=\u00a0\u00bb2&Prime; bottom_padding=\u00a0\u00bb0&Prime; overlay_alpha=\u00a0\u00bb50&Prime; equal_height=\u00a0\u00bbyes\u00a0\u00bb gutter_size=\u00a0\u00bb2&Prime; column_width_percent=\u00a0\u00bb100&Prime; shift_y=\u00a0\u00bb-3&Prime; z_index=\u00a0\u00bb0&Prime; uncode_shortcode_id=\u00a0\u00bb152492&Prime;][vc_column column_width_percent=\u00a0\u00bb100&Prime; position_vertical=\u00a0\u00bbmiddle\u00a0\u00bb align_horizontal=\u00a0\u00bbalign_center\u00a0\u00bb gutter_size=\u00a0\u00bb3&Prime; overlay_alpha=\u00a0\u00bb50&Prime; shift_x=\u00a0\u00bb0&Prime; shift_y=\u00a0\u00bb0&Prime; [&hellip;]","og_url":"https:\/\/canbebe.com\/fr\/calendrier-de-grossesse\/3-ay\/","og_site_name":"Canbebe","article_modified_time":"2024-04-08T14:11:21+00:00","twitter_card":"summary_large_image","twitter_misc":{"Dur\u00e9e de lecture estim\u00e9e":"5 minutes"},"schema":{"@context":"https:\/\/schema.org","@graph":[{"@type":"WebPage","@id":"https:\/\/canbebe.com\/fr\/calendrier-de-grossesse\/3-ay\/","url":"https:\/\/canbebe.com\/fr\/calendrier-de-grossesse\/3-ay\/","name":"3\u00e8me mois - Canbebe","isPartOf":{"@id":"https:\/\/canbebe.com\/fr\/#website"},"primaryImageOfPage":{"@id":"https:\/\/canbebe.com\/fr\/calendrier-de-grossesse\/3-ay\/#primaryimage"},"image":{"@id":"https:\/\/canbebe.com\/fr\/calendrier-de-grossesse\/3-ay\/#primaryimage"},"thumbnailUrl":"https:\/\/canbebe.com\/wp-content\/uploads\/2023\/11\/Month-by-month-1.svg","datePublished":"2023-11-24T10:59:50+00:00","dateModified":"2024-04-08T14:11:21+00:00","breadcrumb":{"@id":"https:\/\/canbebe.com\/fr\/calendrier-de-grossesse\/3-ay\/#breadcrumb"},"inLanguage":"fr-FR","potentialAction":[{"@type":"ReadAction","target":["https:\/\/canbebe.com\/fr\/calendrier-de-grossesse\/3-ay\/"]}]},{"@type":"ImageObject","inLanguage":"fr-FR","@id":"https:\/\/canbebe.com\/fr\/calendrier-de-grossesse\/3-ay\/#primaryimage","url":"https:\/\/canbebe.com\/wp-content\/uploads\/2023\/11\/Month-by-month-1.svg","contentUrl":"https:\/\/canbebe.com\/wp-content\/uploads\/2023\/11\/Month-by-month-1.svg","width":73,"height":72},{"@type":"BreadcrumbList","@id":"https:\/\/canbebe.com\/fr\/calendrier-de-grossesse\/3-ay\/#breadcrumb","itemListElement":[{"@type":"ListItem","position":1,"name":"Accueil","item":"https:\/\/canbebe.com\/fr\/"},{"@type":"ListItem","position":2,"name":"Calendrier de Grossesse","item":"https:\/\/canbebe.com\/fr\/calendrier-de-grossesse\/"},{"@type":"ListItem","position":3,"name":"3\u00e8me mois"}]},{"@type":"WebSite","@id":"https:\/\/canbebe.com\/fr\/#website","url":"https:\/\/canbebe.com\/fr\/","name":"Canbebe","description":"Canbebe","publisher":{"@id":"https:\/\/canbebe.com\/fr\/#organization"},"potentialAction":[{"@type":"SearchAction","target":{"@type":"EntryPoint","urlTemplate":"https:\/\/canbebe.com\/fr\/?s={search_term_string}"},"query-input":{"@type":"PropertyValueSpecification","valueRequired":true,"valueName":"search_term_string"}}],"inLanguage":"fr-FR"},{"@type":"Organization","@id":"https:\/\/canbebe.com\/fr\/#organization","name":"Canbebe","url":"https:\/\/canbebe.com\/fr\/","logo":{"@type":"ImageObject","inLanguage":"fr-FR","@id":"https:\/\/canbebe.com\/fr\/#\/schema\/logo\/image\/","url":"https:\/\/canbebe.com\/wp-content\/uploads\/2023\/11\/logo-canbebe.png","contentUrl":"https:\/\/canbebe.com\/wp-content\/uploads\/2023\/11\/logo-canbebe.png","width":398,"height":84,"caption":"Canbebe"},"image":{"@id":"https:\/\/canbebe.com\/fr\/#\/schema\/logo\/image\/"}}]}},"_links":{"self":[{"href":"https:\/\/canbebe.com\/fr\/wp-json\/wp\/v2\/pages\/2497","targetHints":{"allow":["GET"]}}],"collection":[{"href":"https:\/\/canbebe.com\/fr\/wp-json\/wp\/v2\/pages"}],"about":[{"href":"https:\/\/canbebe.com\/fr\/wp-json\/wp\/v2\/types\/page"}],"author":[{"embeddable":true,"href":"https:\/\/canbebe.com\/fr\/wp-json\/wp\/v2\/users\/3"}],"replies":[{"embeddable":true,"href":"https:\/\/canbebe.com\/fr\/wp-json\/wp\/v2\/comments?post=2497"}],"version-history":[{"count":0,"href":"https:\/\/canbebe.com\/fr\/wp-json\/wp\/v2\/pages\/2497\/revisions"}],"up":[{"embeddable":true,"href":"https:\/\/canbebe.com\/fr\/wp-json\/wp\/v2\/pages\/2268"}],"wp:featuredmedia":[{"embeddable":true,"href":"https:\/\/canbebe.com\/fr\/wp-json\/wp\/v2\/media\/1458"}],"wp:attachment":[{"href":"https:\/\/canbebe.com\/fr\/wp-json\/wp\/v2\/media?parent=2497"}],"curies":[{"name":"wp","href":"https:\/\/api.w.org\/{rel}","templated":true}]}}