{"id":2493,"date":"2023-11-24T10:56:05","date_gmt":"2023-11-24T10:56:05","guid":{"rendered":"https:\/\/canbebe.com\/?page_id=2493"},"modified":"2024-04-09T14:55:32","modified_gmt":"2024-04-09T14:55:32","slug":"30-hafta","status":"publish","type":"page","link":"https:\/\/canbebe.com\/fr\/calendrier-de-grossesse\/30-hafta\/","title":{"rendered":"Semaine 30"},"content":{"rendered":"<div class=\"wpb-content-wrapper\"><p>[vc_row row_height_percent=\u00a0\u00bb0&Prime; override_padding=\u00a0\u00bbyes\u00a0\u00bb h_padding=\u00a0\u00bb2&Prime; top_padding=\u00a0\u00bb2&Prime; bottom_padding=\u00a0\u00bb0&Prime; overlay_alpha=\u00a0\u00bb50&Prime; equal_height=\u00a0\u00bbyes\u00a0\u00bb gutter_size=\u00a0\u00bb2&Prime; column_width_percent=\u00a0\u00bb100&Prime; shift_y=\u00a0\u00bb-3&Prime; z_index=\u00a0\u00bb0&Prime; uncode_shortcode_id=\u00a0\u00bb152492&Prime;][vc_column column_width_percent=\u00a0\u00bb100&Prime; position_vertical=\u00a0\u00bbmiddle\u00a0\u00bb align_horizontal=\u00a0\u00bbalign_center\u00a0\u00bb gutter_size=\u00a0\u00bb3&Prime; overlay_alpha=\u00a0\u00bb50&Prime; shift_x=\u00a0\u00bb0&Prime; shift_y=\u00a0\u00bb0&Prime; shift_y_down=\u00a0\u00bb0&Prime; z_index=\u00a0\u00bb0&Prime; medium_width=\u00a0\u00bb0&Prime; mobile_visibility=\u00a0\u00bbyes\u00a0\u00bb mobile_width=\u00a0\u00bb0&Prime; radius=\u00a0\u00bbsm\u00a0\u00bb width=\u00a0\u00bb5\/12&Prime; uncode_shortcode_id=\u00a0\u00bb931234&Prime; el_class=\u00a0\u00bbimg-rounded\u00a0\u00bb][\/vc_column][vc_column column_width_use_pixel=\u00a0\u00bbyes\u00a0\u00bb position_horizontal=\u00a0\u00bbright\u00a0\u00bb gutter_size=\u00a0\u00bb2&Prime; overlay_alpha=\u00a0\u00bb50&Prime; shift_x=\u00a0\u00bb0&Prime; shift_y=\u00a0\u00bb-5&Prime; shift_y_down=\u00a0\u00bb-5&Prime; z_index=\u00a0\u00bb0&Prime; medium_width=\u00a0\u00bb0&Prime; mobile_width=\u00a0\u00bb0&Prime; width=\u00a0\u00bb7\/12&Prime; uncode_shortcode_id=\u00a0\u00bb133000&Prime; column_width_pixel=\u00a0\u00bb600&Prime; el_id=\u00a0\u00bbhafta-nav\u00a0\u00bb][vc_custom_heading heading_semantic=\u00a0\u00bbh4&Prime; text_size=\u00a0\u00bb\u00a0\u00bb uncode_shortcode_id=\u00a0\u00bb796607&Prime;]Taille et poids du b\u00e9b\u00e9[\/vc_custom_heading][vc_column_text uncode_shortcode_id=\u00a0\u00bb598940&Prime;]<\/p>\n<div class=\"gebelik-content-text gebelik-content-text-1\">\n<article>\u00c0 la 30e semaine de grossesse, la taille du b\u00e9b\u00e9 est d&rsquo;environ 40 \u00e0 41 centim\u00e8tres, soit environ la taille d&rsquo;un chou. Son poids est d&rsquo;environ 1400 grammes.<\/article>\n<\/div>\n<p>[\/vc_column_text][\/vc_column][\/vc_row][vc_row row_height_percent=\u00a0\u00bb0&Prime; override_padding=\u00a0\u00bbyes\u00a0\u00bb h_padding=\u00a0\u00bb2&Prime; top_padding=\u00a0\u00bb1&Prime; bottom_padding=\u00a0\u00bb2&Prime; overlay_alpha=\u00a0\u00bb50&Prime; gutter_size=\u00a0\u00bb3&Prime; column_width_percent=\u00a0\u00bb100&Prime; shift_y=\u00a0\u00bb0&Prime; z_index=\u00a0\u00bb0&Prime; uncode_shortcode_id=\u00a0\u00bb137824&Prime;][vc_column width=\u00a0\u00bb1\/1&Prime;][vc_custom_heading heading_semantic=\u00a0\u00bbh4&Prime; text_size=\u00a0\u00bb\u00a0\u00bb uncode_shortcode_id=\u00a0\u00bb219564&Prime;]Le D\u00e9veloppement du B\u00e9b\u00e9[\/vc_custom_heading][vc_row_inner limit_content=\u00a0\u00bb\u00a0\u00bb][vc_column_inner width=\u00a0\u00bb5\/12&Prime;][vc_single_image media=\u00a0\u00bb1229&Prime; media_width_percent=\u00a0\u00bb100&Prime; uncode_shortcode_id=\u00a0\u00bb982820&Prime;][\/vc_column_inner][vc_column_inner width=\u00a0\u00bb7\/12&Prime;][vc_column_text uncode_shortcode_id=\u00a0\u00bb855573&Prime;]Le compte \u00e0 rebours avant l&rsquo;accouchement a commenc\u00e9, vous ressentez une excitation intense, \u00e0 la fois parce que vous \u00eates tr\u00e8s enthousiaste et que votre b\u00e9b\u00e9 est tr\u00e8s actif&#8230;<\/p>\n<p>Voici le d\u00e9veloppement du b\u00e9b\u00e9 \u00e0 la 30e semaine de grossesse&#8230;<\/p>\n<p>Le cycle de sommeil et d&rsquo;\u00e9veil de votre b\u00e9b\u00e9 est maintenant r\u00e9gul\u00e9. Pendant ces semaines, la dur\u00e9e du sommeil est d&rsquo;environ une demi-heure \u00e0 deux heures.<\/p>\n<p>\u00c0 partir de la 30e semaine de grossesse, votre b\u00e9b\u00e9 prendra environ un demi-kilo chaque semaine.<\/p>\n<p>A mesure que la couche de graisse sous-cutan\u00e9e augmente, les fins poils appel\u00e9s lanugo, qui contribuent au contr\u00f4le de la temp\u00e9rature du b\u00e9b\u00e9, continuent de tomber. La r\u00e9gulation de la temp\u00e9rature sera d\u00e9sormais principalement assur\u00e9e par la couche de graisse.<\/p>\n<p>\u00c0 la 30e semaine de grossesse, les sens de votre b\u00e9b\u00e9 se sont fortement d\u00e9velopp\u00e9s. Il peut d\u00e9sormais distinguer votre voix de celle de votre partenaire. Il peut r\u00e9agir \u00e0 diff\u00e9rentes saveurs et aux lumi\u00e8res vives qui se refl\u00e8tent du ventre de sa m\u00e8re. Si vous appuyez l\u00e9g\u00e8rement vers le haut de votre ventre en direction de votre b\u00e9b\u00e9, il pourrait r\u00e9agir en se retirant d&rsquo;abord puis en effectuant un mouvement de pouss\u00e9e, vous donnant ainsi une r\u00e9ponse. Faire faire ce mouvement \u00e0 votre partenaire contribuera \u00e0 \u00e9tablir un lien avec le b\u00e9b\u00e9 avant m\u00eame sa naissance.<\/p>\n<p>En ce moment, il est capable de voir des objets \u00e0 courte distance. Cela continuera pendant 20 \u00e0 30 jours apr\u00e8s la naissance.<\/p>\n<p>\u00c0 la 30e semaine de grossesse, la moelle osseuse prend en charge la production de sang, succ\u00e9dant ainsi au r\u00f4le du foie.<\/p>\n<p>Le b\u00e9b\u00e9 a grandement besoin de calcium, de prot\u00e9ines et de fer pour le d\u00e9veloppement des cellules osseuses, musculaires et sanguines. Si vous ne consommez pas suffisamment de ces nutriments, le b\u00e9b\u00e9 les prendra \u00e0 partir de vos r\u00e9serves.<\/p>\n<p>\u00c0 la 30e semaine de grossesse, le cerveau de votre b\u00e9b\u00e9 est aussi d\u00e9velopp\u00e9 qu&rsquo;un b\u00e9b\u00e9 n\u00e9 \u00e0 terme. Cependant, les cellules c\u00e9r\u00e9brales continuent de se d\u00e9velopper. Du point de vue du d\u00e9veloppement des cellules c\u00e9r\u00e9brales, il est avantageux que le b\u00e9b\u00e9 soit n\u00e9 \u00e0 terme ou pr\u00e8s du terme.<\/p>\n<p>M\u00eame s&rsquo;il lui faudra au moins quelques semaines de plus pour acqu\u00e9rir l&rsquo;\u00e9quipement n\u00e9cessaire pour respirer de mani\u00e8re autonome dans le monde ext\u00e9rieur, un b\u00e9b\u00e9 de 30 semaines a de tr\u00e8s bonnes chances de survie m\u00eame s&rsquo;il na\u00eet pr\u00e9matur\u00e9ment.<\/p>\n<p>Le placenta continue de fournir \u00e0 b\u00e9b\u00e9 tout l&rsquo;oxyg\u00e8ne et les nutriments n\u00e9cessaires. \u00c0 la 30e semaine de grossesse, le poids du placenta est d&rsquo;environ 450 grammes.[\/vc_column_text][\/vc_column_inner][\/vc_row_inner][vc_custom_heading heading_semantic=\u00a0\u00bbh4&Prime; text_size=\u00a0\u00bb\u00a0\u00bb uncode_shortcode_id=\u00a0\u00bb152069&Prime;]Mouvements de b\u00e9b\u00e9 \u00e0 30 semaines de grossesse[\/vc_custom_heading][vc_column_text uncode_shortcode_id=\u00a0\u00bb152109&Prime;]Votre b\u00e9b\u00e9 savoure le voyage dans votre ventre en alternant entre le sommeil et l&rsquo;\u00e9veil. Pendant que vous pensez qu&rsquo;il n&rsquo;a pas boug\u00e9 depuis quelques heures, il trouve un moyen de vous dire \u00ab\u00a0Je suis r\u00e9veill\u00e9\u00a0\u00bb avec un petit mais ferme coup de pied.<\/p>\n<p>\u00c0 la 30e semaine, les muscles du b\u00e9b\u00e9 sont devenus tr\u00e8s forts, renfor\u00e7ant ainsi ses mouvements. M\u00eame si la vitesse de ses mouvements a diminu\u00e9 par rapport aux semaines pr\u00e9c\u00e9dentes, il peut toujours vous causer de la douleur avec ses coups de poing puissants, coups de pieds et \u00e9tirements. En fait, certaines nuits, il peut faire des mouvements si brusques qu&rsquo;ils vous r\u00e9veilleront du sommeil.<\/p>\n<p>B\u00e9b\u00e9 peut parfois avoir le hoquet, et vous pouvez ressentir de petits sauts dans votre ventre en cons\u00e9quence. La raison de son hoquet est qu&rsquo;il avale r\u00e9guli\u00e8rement le liquide amniotique \u00e0 intervalles r\u00e9guliers.[\/vc_column_text][vc_custom_heading heading_semantic=\u00a0\u00bbh4&Prime; text_size=\u00a0\u00bb\u00a0\u00bb uncode_shortcode_id=\u00a0\u00bb152483&Prime;]Images \u00e9chographiques[\/vc_custom_heading][vc_row_inner limit_content=\u00a0\u00bb\u00a0\u00bb][vc_column_inner width=\u00a0\u00bb5\/12&Prime;][vc_single_image media=\u00a0\u00bb1227&Prime; media_width_percent=\u00a0\u00bb100&Prime; uncode_shortcode_id=\u00a0\u00bb881329&Prime;][\/vc_column_inner][vc_column_inner width=\u00a0\u00bb7\/12&Prime;][vc_column_text uncode_shortcode_id=\u00a0\u00bb587123&Prime;]\u00c0 la 30e semaine de grossesse, lors des images d&rsquo;\u00e9chographie, votre b\u00e9b\u00e9 peut appara\u00eetre plus dodu et plus d\u00e9velopp\u00e9. M\u00eame si l&rsquo;espace se r\u00e9duit, vous pouvez toujours observer les mouvements des mains, des bras et de la t\u00eate. Le b\u00e9b\u00e9 peut sucer son doigt. Il peut ouvrir et fermer ses yeux.<\/p>\n<p>Dans les images d&rsquo;un b\u00e9b\u00e9 \u00e0 30 semaines, vous pouvez voir que sa t\u00eate peut \u00eatre tourn\u00e9e vers le bas. En r\u00e9alit\u00e9, le retournement de la t\u00eate vers le bas se produit g\u00e9n\u00e9ralement entre 32 et 36 semaines pour de nombreux b\u00e9b\u00e9s. Pour les b\u00e9b\u00e9s qui ne tournent pas la t\u00eate vers le bas \u00e0 36 semaines, certaines sages-femmes peuvent recommander des exercices pour soutenir le retournement du b\u00e9b\u00e9. Les recherches indiquent que les m\u00e8res qui pr\u00e9f\u00e8rent s&rsquo;asseoir plut\u00f4t que de s&rsquo;allonger pendant le repos ont plus de chance d&rsquo;avoir des b\u00e9b\u00e9s en position t\u00eate en bas au cours des trois derniers mois. Avant l&rsquo;accouchement, 96 % des b\u00e9b\u00e9s se tournent la t\u00eate vers le bas.<\/p>\n<p>Les raisons de la position en si\u00e8ge du b\u00e9b\u00e9 avant l&rsquo;accouchement peuvent inclure sa petite taille par rapport \u00e0 ses pairs de la m\u00eame semaine de grossesse, un exc\u00e8s de liquide amniotique, et une laxit\u00e9 ut\u00e9rine chez les femmes qui ont accouch\u00e9 auparavant. Le fait que le b\u00e9b\u00e9 soit en position de si\u00e8ge ne signifie pas n\u00e9cessairement qu&rsquo;il doit na\u00eetre par c\u00e9sarienne. Un m\u00e9decin exp\u00e9riment\u00e9 dans ce domaine peut choisir de pratiquer un accouchement par le si\u00e8ge s&rsquo;il n&rsquo;y a pas de probl\u00e8me m\u00e9dical pr\u00e9sentant un risque pour un accouchement normal, tant pour la m\u00e8re que pour le b\u00e9b\u00e9. Environ 50 % des accouchements par le si\u00e8ge se d\u00e9roulent par voie naturelle.[\/vc_column_text][\/vc_column_inner][\/vc_row_inner][vc_custom_heading heading_semantic=\u00a0\u00bbh4&Prime; text_size=\u00a0\u00bb\u00a0\u00bb uncode_shortcode_id=\u00a0\u00bb165849&Prime;]Mouvements de b\u00e9b\u00e9 \u00e0 30 semaines de grossesse[\/vc_custom_heading][vc_column_text uncode_shortcode_id=\u00a0\u00bb209516&Prime;]En raison du d\u00e9but de l&rsquo;accumulation de graisse dans son corps, la fr\u00e9quence de ses mouvements diminue et il devient plus difficile pour lui d&rsquo;effectuer des man\u0153uvres.<\/p>\n<p>Un b\u00e9b\u00e9 de 30 semaines devrait bouger au moins 10 fois au cours d&rsquo;une p\u00e9riode de deux heures. Si vous ne ressentez pas de mouvements pendant une longue p\u00e9riode, veuillez en informer votre m\u00e9decin.<\/p>\n<p>Si vous appuyez doucement sur votre ventre, votre b\u00e9b\u00e9 pourrait r\u00e9agir en effectuant un mouvement de pouss\u00e9e \u00e0 l&rsquo;endroit o\u00f9 vous avez touch\u00e9. Lorsque vous faites des mouvements de pouss\u00e9e r\u00e9ciproques avec ce petit joueur tout en lui parlant, cela peut le calmer et le rendre heureux.[\/vc_column_text][vc_custom_heading heading_semantic=\u00a0\u00bbh4&Prime; text_size=\u00a0\u00bbh4&Prime; uncode_shortcode_id=\u00a0\u00bb129781&Prime;]Changements dans le corps de la m\u00e8re[\/vc_custom_heading][vc_column_text uncode_shortcode_id=\u00a0\u00bb359404&Prime;]Combien de mois correspondent \u00e0 30 semaines ? Vous \u00eates dans le 7\u00e8me mois de grossesse.<\/p>\n<p>\u00c0 la 30e semaine de grossesse, la m\u00e8re peut \u00e9prouver les changements suivants :<\/p>\n<p>\u2013 Congestion nasale et parfois saignements de nez,<\/p>\n<p>\u2013 Augmentation du flux vaginal de couleur blanch\u00e2tre,<\/p>\n<p>\u2013 Indigestion, reflux, constipation et h\u00e9morro\u00efdes,<\/p>\n<p>\u2013 Crampes dans les jambes,<\/p>\n<p>\u2013 Maux de t\u00eate, varices,<\/p>\n<p>\u2013 Essoufflement,<\/p>\n<p>\u2013 Contractions de Braxton Hicks (fausses contractions),<\/p>\n<p>\u2013 Distraction ou oubli,<\/p>\n<p>\u2013 Inqui\u00e9tudes li\u00e9es au b\u00e9b\u00e9 et \u00e0 l&rsquo;accouchement,<\/p>\n<p>\u2013 Cauchemars,<\/p>\n<p>\u2013 Interruptions du sommeil et difficult\u00e9 \u00e0 s&rsquo;endormir.<\/p>\n<p>La formation du colostrum, un lait \u00e9pais de couleur jaun\u00e2tre, et le passage du b\u00e9b\u00e9 en position t\u00eate en bas vers la 30e semaine de grossesse sont des pr\u00e9parations que votre corps effectue en pr\u00e9vision d&rsquo;un accouchement pr\u00e9matur\u00e9.[\/vc_column_text][vc_custom_heading heading_semantic=\u00a0\u00bbh4&Prime; text_size=\u00a0\u00bbh4&Prime; uncode_shortcode_id=\u00a0\u00bb132566&Prime;]Choses \u00e0 prendre en compte[\/vc_custom_heading][vc_column_text uncode_shortcode_id=\u00a0\u00bb249494&Prime;]Voici ce \u00e0 quoi il faut faire attention \u00e0 la 30e semaine de grossesse&#8230;<\/p>\n<p>Tout au long de la grossesse, votre b\u00e9b\u00e9 puise tous les nutriments dont il a besoin de vous. Si vous ne vous alimentez pas suffisamment, vous pourriez vous sentir fatigu\u00e9e et affaiblie, car le b\u00e9b\u00e9 utilisera vos r\u00e9serves. Pendant les trois derniers mois, votre prise de poids devrait \u00eatre d&rsquo;environ 0,5 \u00e0 1 kilogramme par semaine. La quantit\u00e9 peut diminuer au cours des derni\u00e8res semaines. Pendant les trois derniers mois, votre apport calorique quotidien peut \u00eatre de 600 \u00e0 800 calories de plus qu&rsquo;avant la grossesse. Il est conseill\u00e9 de manger peu mais souvent au cours des derni\u00e8res semaines. Vous devriez privil\u00e9gier les aliments riches en nutriments au lieu de ceux riches en sucre et en calories. Votre consommation de liquides devrait \u00eatre d&rsquo;au moins 8 \u00e0 10 verres par jour, comme d&rsquo;habitude.<\/p>\n<p>Pour rester en forme, il ne suffit pas de pr\u00eater attention \u00e0 votre alimentation. Vous devriez continuer les exercices que vous avez d\u00e9cid\u00e9s avec votre m\u00e9decin. Vous pouvez r\u00e9duire la vitesse et la dur\u00e9e des exercices au cours des derni\u00e8res semaines. Vous ne devriez pas n\u00e9gliger vos exercices du plancher pelvien. Pour cet exercice, vous devriez contracter et rel\u00e2cher les muscles de la r\u00e9gion du vagin, de l&rsquo;ur\u00e8tre et de l&rsquo;anus. Attendez 10 secondes \u00e0 chaque contraction. Vous pouvez r\u00e9p\u00e9ter le mouvement 10 fois en prenant des pauses entre chaque r\u00e9p\u00e9tition. Une fois termin\u00e9, contractez et rel\u00e2chez 10 fois pendant 1 seconde \u00e0 chaque fois. Ensuite, contractez et rel\u00e2chez s\u00e9par\u00e9ment les muscles du vagin, de l&rsquo;ur\u00e8tre et de l&rsquo;anus. Vous pouvez \u00e9galement faire cet exercice pendant que vous urinez. Tenez votre urine, puis rel\u00e2chez-la. Ensuite, allez uriner.<\/p>\n<p>Faire r\u00e9guli\u00e8rement des exercices du plancher pelvien r\u00e9duit le risque d&rsquo;incontinence urinaire lors de situations telles que la toux et les \u00e9ternuements apr\u00e8s l&rsquo;accouchement.[\/vc_column_text][\/vc_column][\/vc_row][vc_row][vc_column width=\u00a0\u00bb1\/1&Prime;][uncode_block id=\u00a0\u00bb989&Prime;][\/vc_column][\/vc_row][vc_row][vc_column width=\u00a0\u00bb1\/1&Prime;][uncode_block id=\u00a0\u00bb601&Prime;][\/vc_column][\/vc_row]<\/p>\n<\/div>","protected":false},"excerpt":{"rendered":"<p>[vc_row row_height_percent=\u00a0\u00bb0&Prime; override_padding=\u00a0\u00bbyes\u00a0\u00bb h_padding=\u00a0\u00bb2&Prime; top_padding=\u00a0\u00bb2&Prime; bottom_padding=\u00a0\u00bb0&Prime; overlay_alpha=\u00a0\u00bb50&Prime; equal_height=\u00a0\u00bbyes\u00a0\u00bb gutter_size=\u00a0\u00bb2&Prime; column_width_percent=\u00a0\u00bb100&Prime; shift_y=\u00a0\u00bb-3&Prime; z_index=\u00a0\u00bb0&Prime; uncode_shortcode_id=\u00a0\u00bb152492&Prime;][vc_column column_width_percent=\u00a0\u00bb100&Prime; position_vertical=\u00a0\u00bbmiddle\u00a0\u00bb align_horizontal=\u00a0\u00bbalign_center\u00a0\u00bb gutter_size=\u00a0\u00bb3&Prime; overlay_alpha=\u00a0\u00bb50&Prime; shift_x=\u00a0\u00bb0&Prime; shift_y=\u00a0\u00bb0&Prime; [&hellip;]<\/p>\n","protected":false},"author":3,"featured_media":1079,"parent":2268,"menu_order":0,"comment_status":"closed","ping_status":"closed","template":"","meta":{"_monsterinsights_skip_tracking":false,"_monsterinsights_sitenote_active":false,"_monsterinsights_sitenote_note":"","_monsterinsights_sitenote_category":0,"footnotes":""},"class_list":["post-2493","page","type-page","status-publish","has-post-thumbnail","hentry","page_category-semaine-par-semaine"],"yoast_head":"<!-- This site is optimized with the Yoast SEO plugin v27.4 - https:\/\/yoast.com\/product\/yoast-seo-wordpress\/ -->\n<title>Semaine 30 - Canbebe<\/title>\n<meta name=\"robots\" content=\"index, follow, max-snippet:-1, max-image-preview:large, max-video-preview:-1\" \/>\n<link rel=\"canonical\" href=\"https:\/\/canbebe.com\/fr\/calendrier-de-grossesse\/30-hafta\/\" \/>\n<meta property=\"og:locale\" content=\"fr_FR\" \/>\n<meta property=\"og:type\" content=\"article\" \/>\n<meta property=\"og:title\" content=\"Semaine 30 - Canbebe\" \/>\n<meta property=\"og:description\" content=\"[vc_row row_height_percent=\u00a0\u00bb0&Prime; override_padding=\u00a0\u00bbyes\u00a0\u00bb h_padding=\u00a0\u00bb2&Prime; top_padding=\u00a0\u00bb2&Prime; bottom_padding=\u00a0\u00bb0&Prime; overlay_alpha=\u00a0\u00bb50&Prime; equal_height=\u00a0\u00bbyes\u00a0\u00bb gutter_size=\u00a0\u00bb2&Prime; column_width_percent=\u00a0\u00bb100&Prime; shift_y=\u00a0\u00bb-3&Prime; z_index=\u00a0\u00bb0&Prime; uncode_shortcode_id=\u00a0\u00bb152492&Prime;][vc_column column_width_percent=\u00a0\u00bb100&Prime; position_vertical=\u00a0\u00bbmiddle\u00a0\u00bb align_horizontal=\u00a0\u00bbalign_center\u00a0\u00bb gutter_size=\u00a0\u00bb3&Prime; overlay_alpha=\u00a0\u00bb50&Prime; shift_x=\u00a0\u00bb0&Prime; shift_y=\u00a0\u00bb0&Prime; [&hellip;]\" \/>\n<meta property=\"og:url\" content=\"https:\/\/canbebe.com\/fr\/calendrier-de-grossesse\/30-hafta\/\" \/>\n<meta property=\"og:site_name\" content=\"Canbebe\" \/>\n<meta property=\"article:modified_time\" content=\"2024-04-09T14:55:32+00:00\" \/>\n<meta name=\"twitter:card\" content=\"summary_large_image\" \/>\n<script type=\"application\/ld+json\" class=\"yoast-schema-graph\">{\"@context\":\"https:\\\/\\\/schema.org\",\"@graph\":[{\"@type\":\"WebPage\",\"@id\":\"https:\\\/\\\/canbebe.com\\\/fr\\\/calendrier-de-grossesse\\\/30-hafta\\\/\",\"url\":\"https:\\\/\\\/canbebe.com\\\/fr\\\/calendrier-de-grossesse\\\/30-hafta\\\/\",\"name\":\"Semaine 30 - Canbebe\",\"isPartOf\":{\"@id\":\"https:\\\/\\\/canbebe.com\\\/fr\\\/#website\"},\"primaryImageOfPage\":{\"@id\":\"https:\\\/\\\/canbebe.com\\\/fr\\\/calendrier-de-grossesse\\\/30-hafta\\\/#primaryimage\"},\"image\":{\"@id\":\"https:\\\/\\\/canbebe.com\\\/fr\\\/calendrier-de-grossesse\\\/30-hafta\\\/#primaryimage\"},\"thumbnailUrl\":\"https:\\\/\\\/canbebe.com\\\/wp-content\\\/uploads\\\/2023\\\/12\\\/Fruits-3.svg\",\"datePublished\":\"2023-11-24T10:56:05+00:00\",\"dateModified\":\"2024-04-09T14:55:32+00:00\",\"breadcrumb\":{\"@id\":\"https:\\\/\\\/canbebe.com\\\/fr\\\/calendrier-de-grossesse\\\/30-hafta\\\/#breadcrumb\"},\"inLanguage\":\"fr-FR\",\"potentialAction\":[{\"@type\":\"ReadAction\",\"target\":[\"https:\\\/\\\/canbebe.com\\\/fr\\\/calendrier-de-grossesse\\\/30-hafta\\\/\"]}]},{\"@type\":\"ImageObject\",\"inLanguage\":\"fr-FR\",\"@id\":\"https:\\\/\\\/canbebe.com\\\/fr\\\/calendrier-de-grossesse\\\/30-hafta\\\/#primaryimage\",\"url\":\"https:\\\/\\\/canbebe.com\\\/wp-content\\\/uploads\\\/2023\\\/12\\\/Fruits-3.svg\",\"contentUrl\":\"https:\\\/\\\/canbebe.com\\\/wp-content\\\/uploads\\\/2023\\\/12\\\/Fruits-3.svg\",\"width\":\"72\",\"height\":\"72\"},{\"@type\":\"BreadcrumbList\",\"@id\":\"https:\\\/\\\/canbebe.com\\\/fr\\\/calendrier-de-grossesse\\\/30-hafta\\\/#breadcrumb\",\"itemListElement\":[{\"@type\":\"ListItem\",\"position\":1,\"name\":\"Accueil\",\"item\":\"https:\\\/\\\/canbebe.com\\\/fr\\\/\"},{\"@type\":\"ListItem\",\"position\":2,\"name\":\"Calendrier de Grossesse\",\"item\":\"https:\\\/\\\/canbebe.com\\\/fr\\\/calendrier-de-grossesse\\\/\"},{\"@type\":\"ListItem\",\"position\":3,\"name\":\"Semaine 30\"}]},{\"@type\":\"WebSite\",\"@id\":\"https:\\\/\\\/canbebe.com\\\/fr\\\/#website\",\"url\":\"https:\\\/\\\/canbebe.com\\\/fr\\\/\",\"name\":\"Canbebe\",\"description\":\"Canbebe\",\"publisher\":{\"@id\":\"https:\\\/\\\/canbebe.com\\\/fr\\\/#organization\"},\"potentialAction\":[{\"@type\":\"SearchAction\",\"target\":{\"@type\":\"EntryPoint\",\"urlTemplate\":\"https:\\\/\\\/canbebe.com\\\/fr\\\/?s={search_term_string}\"},\"query-input\":{\"@type\":\"PropertyValueSpecification\",\"valueRequired\":true,\"valueName\":\"search_term_string\"}}],\"inLanguage\":\"fr-FR\"},{\"@type\":\"Organization\",\"@id\":\"https:\\\/\\\/canbebe.com\\\/fr\\\/#organization\",\"name\":\"Canbebe\",\"url\":\"https:\\\/\\\/canbebe.com\\\/fr\\\/\",\"logo\":{\"@type\":\"ImageObject\",\"inLanguage\":\"fr-FR\",\"@id\":\"https:\\\/\\\/canbebe.com\\\/fr\\\/#\\\/schema\\\/logo\\\/image\\\/\",\"url\":\"https:\\\/\\\/canbebe.com\\\/wp-content\\\/uploads\\\/2023\\\/11\\\/logo-canbebe.png\",\"contentUrl\":\"https:\\\/\\\/canbebe.com\\\/wp-content\\\/uploads\\\/2023\\\/11\\\/logo-canbebe.png\",\"width\":398,\"height\":84,\"caption\":\"Canbebe\"},\"image\":{\"@id\":\"https:\\\/\\\/canbebe.com\\\/fr\\\/#\\\/schema\\\/logo\\\/image\\\/\"}}]}<\/script>\n<!-- \/ Yoast SEO plugin. -->","yoast_head_json":{"title":"Semaine 30 - Canbebe","robots":{"index":"index","follow":"follow","max-snippet":"max-snippet:-1","max-image-preview":"max-image-preview:large","max-video-preview":"max-video-preview:-1"},"canonical":"https:\/\/canbebe.com\/fr\/calendrier-de-grossesse\/30-hafta\/","og_locale":"fr_FR","og_type":"article","og_title":"Semaine 30 - Canbebe","og_description":"[vc_row row_height_percent=\u00a0\u00bb0&Prime; override_padding=\u00a0\u00bbyes\u00a0\u00bb h_padding=\u00a0\u00bb2&Prime; top_padding=\u00a0\u00bb2&Prime; bottom_padding=\u00a0\u00bb0&Prime; overlay_alpha=\u00a0\u00bb50&Prime; equal_height=\u00a0\u00bbyes\u00a0\u00bb gutter_size=\u00a0\u00bb2&Prime; column_width_percent=\u00a0\u00bb100&Prime; shift_y=\u00a0\u00bb-3&Prime; z_index=\u00a0\u00bb0&Prime; uncode_shortcode_id=\u00a0\u00bb152492&Prime;][vc_column column_width_percent=\u00a0\u00bb100&Prime; position_vertical=\u00a0\u00bbmiddle\u00a0\u00bb align_horizontal=\u00a0\u00bbalign_center\u00a0\u00bb gutter_size=\u00a0\u00bb3&Prime; overlay_alpha=\u00a0\u00bb50&Prime; shift_x=\u00a0\u00bb0&Prime; shift_y=\u00a0\u00bb0&Prime; [&hellip;]","og_url":"https:\/\/canbebe.com\/fr\/calendrier-de-grossesse\/30-hafta\/","og_site_name":"Canbebe","article_modified_time":"2024-04-09T14:55:32+00:00","twitter_card":"summary_large_image","schema":{"@context":"https:\/\/schema.org","@graph":[{"@type":"WebPage","@id":"https:\/\/canbebe.com\/fr\/calendrier-de-grossesse\/30-hafta\/","url":"https:\/\/canbebe.com\/fr\/calendrier-de-grossesse\/30-hafta\/","name":"Semaine 30 - Canbebe","isPartOf":{"@id":"https:\/\/canbebe.com\/fr\/#website"},"primaryImageOfPage":{"@id":"https:\/\/canbebe.com\/fr\/calendrier-de-grossesse\/30-hafta\/#primaryimage"},"image":{"@id":"https:\/\/canbebe.com\/fr\/calendrier-de-grossesse\/30-hafta\/#primaryimage"},"thumbnailUrl":"https:\/\/canbebe.com\/wp-content\/uploads\/2023\/12\/Fruits-3.svg","datePublished":"2023-11-24T10:56:05+00:00","dateModified":"2024-04-09T14:55:32+00:00","breadcrumb":{"@id":"https:\/\/canbebe.com\/fr\/calendrier-de-grossesse\/30-hafta\/#breadcrumb"},"inLanguage":"fr-FR","potentialAction":[{"@type":"ReadAction","target":["https:\/\/canbebe.com\/fr\/calendrier-de-grossesse\/30-hafta\/"]}]},{"@type":"ImageObject","inLanguage":"fr-FR","@id":"https:\/\/canbebe.com\/fr\/calendrier-de-grossesse\/30-hafta\/#primaryimage","url":"https:\/\/canbebe.com\/wp-content\/uploads\/2023\/12\/Fruits-3.svg","contentUrl":"https:\/\/canbebe.com\/wp-content\/uploads\/2023\/12\/Fruits-3.svg","width":"72","height":"72"},{"@type":"BreadcrumbList","@id":"https:\/\/canbebe.com\/fr\/calendrier-de-grossesse\/30-hafta\/#breadcrumb","itemListElement":[{"@type":"ListItem","position":1,"name":"Accueil","item":"https:\/\/canbebe.com\/fr\/"},{"@type":"ListItem","position":2,"name":"Calendrier de Grossesse","item":"https:\/\/canbebe.com\/fr\/calendrier-de-grossesse\/"},{"@type":"ListItem","position":3,"name":"Semaine 30"}]},{"@type":"WebSite","@id":"https:\/\/canbebe.com\/fr\/#website","url":"https:\/\/canbebe.com\/fr\/","name":"Canbebe","description":"Canbebe","publisher":{"@id":"https:\/\/canbebe.com\/fr\/#organization"},"potentialAction":[{"@type":"SearchAction","target":{"@type":"EntryPoint","urlTemplate":"https:\/\/canbebe.com\/fr\/?s={search_term_string}"},"query-input":{"@type":"PropertyValueSpecification","valueRequired":true,"valueName":"search_term_string"}}],"inLanguage":"fr-FR"},{"@type":"Organization","@id":"https:\/\/canbebe.com\/fr\/#organization","name":"Canbebe","url":"https:\/\/canbebe.com\/fr\/","logo":{"@type":"ImageObject","inLanguage":"fr-FR","@id":"https:\/\/canbebe.com\/fr\/#\/schema\/logo\/image\/","url":"https:\/\/canbebe.com\/wp-content\/uploads\/2023\/11\/logo-canbebe.png","contentUrl":"https:\/\/canbebe.com\/wp-content\/uploads\/2023\/11\/logo-canbebe.png","width":398,"height":84,"caption":"Canbebe"},"image":{"@id":"https:\/\/canbebe.com\/fr\/#\/schema\/logo\/image\/"}}]}},"_links":{"self":[{"href":"https:\/\/canbebe.com\/fr\/wp-json\/wp\/v2\/pages\/2493","targetHints":{"allow":["GET"]}}],"collection":[{"href":"https:\/\/canbebe.com\/fr\/wp-json\/wp\/v2\/pages"}],"about":[{"href":"https:\/\/canbebe.com\/fr\/wp-json\/wp\/v2\/types\/page"}],"author":[{"embeddable":true,"href":"https:\/\/canbebe.com\/fr\/wp-json\/wp\/v2\/users\/3"}],"replies":[{"embeddable":true,"href":"https:\/\/canbebe.com\/fr\/wp-json\/wp\/v2\/comments?post=2493"}],"version-history":[{"count":0,"href":"https:\/\/canbebe.com\/fr\/wp-json\/wp\/v2\/pages\/2493\/revisions"}],"up":[{"embeddable":true,"href":"https:\/\/canbebe.com\/fr\/wp-json\/wp\/v2\/pages\/2268"}],"wp:featuredmedia":[{"embeddable":true,"href":"https:\/\/canbebe.com\/fr\/wp-json\/wp\/v2\/media\/1079"}],"wp:attachment":[{"href":"https:\/\/canbebe.com\/fr\/wp-json\/wp\/v2\/media?parent=2493"}],"curies":[{"name":"wp","href":"https:\/\/api.w.org\/{rel}","templated":true}]}}