{"id":2485,"date":"2023-11-24T10:56:13","date_gmt":"2023-11-24T10:56:13","guid":{"rendered":"https:\/\/canbebe.com\/?page_id=2485"},"modified":"2024-04-09T14:54:08","modified_gmt":"2024-04-09T14:54:08","slug":"32-hafta","status":"publish","type":"page","link":"https:\/\/canbebe.com\/fr\/calendrier-de-grossesse\/32-hafta\/","title":{"rendered":"Semaine 32"},"content":{"rendered":"<div class=\"wpb-content-wrapper\"><p>[vc_row row_height_percent=\u00a0\u00bb0&Prime; override_padding=\u00a0\u00bbyes\u00a0\u00bb h_padding=\u00a0\u00bb2&Prime; top_padding=\u00a0\u00bb2&Prime; bottom_padding=\u00a0\u00bb0&Prime; overlay_alpha=\u00a0\u00bb50&Prime; equal_height=\u00a0\u00bbyes\u00a0\u00bb gutter_size=\u00a0\u00bb2&Prime; column_width_percent=\u00a0\u00bb100&Prime; shift_y=\u00a0\u00bb-3&Prime; z_index=\u00a0\u00bb0&Prime; uncode_shortcode_id=\u00a0\u00bb152492&Prime;][vc_column column_width_percent=\u00a0\u00bb100&Prime; position_vertical=\u00a0\u00bbmiddle\u00a0\u00bb align_horizontal=\u00a0\u00bbalign_center\u00a0\u00bb gutter_size=\u00a0\u00bb3&Prime; overlay_alpha=\u00a0\u00bb50&Prime; shift_x=\u00a0\u00bb0&Prime; shift_y=\u00a0\u00bb0&Prime; shift_y_down=\u00a0\u00bb0&Prime; z_index=\u00a0\u00bb0&Prime; medium_width=\u00a0\u00bb0&Prime; mobile_visibility=\u00a0\u00bbyes\u00a0\u00bb mobile_width=\u00a0\u00bb0&Prime; radius=\u00a0\u00bbsm\u00a0\u00bb width=\u00a0\u00bb5\/12&Prime; uncode_shortcode_id=\u00a0\u00bb931234&Prime; el_class=\u00a0\u00bbimg-rounded\u00a0\u00bb][\/vc_column][vc_column column_width_use_pixel=\u00a0\u00bbyes\u00a0\u00bb position_horizontal=\u00a0\u00bbright\u00a0\u00bb gutter_size=\u00a0\u00bb2&Prime; overlay_alpha=\u00a0\u00bb50&Prime; shift_x=\u00a0\u00bb0&Prime; shift_y=\u00a0\u00bb-5&Prime; shift_y_down=\u00a0\u00bb-5&Prime; z_index=\u00a0\u00bb0&Prime; medium_width=\u00a0\u00bb0&Prime; mobile_width=\u00a0\u00bb0&Prime; width=\u00a0\u00bb7\/12&Prime; uncode_shortcode_id=\u00a0\u00bb133000&Prime; column_width_pixel=\u00a0\u00bb600&Prime; el_id=\u00a0\u00bbhafta-nav\u00a0\u00bb][vc_custom_heading heading_semantic=\u00a0\u00bbh4&Prime; text_size=\u00a0\u00bb\u00a0\u00bb uncode_shortcode_id=\u00a0\u00bb209474&Prime;]Taille et poids du b\u00e9b\u00e9[\/vc_custom_heading][vc_column_text uncode_shortcode_id=\u00a0\u00bb239657&Prime;]\u00c0 la 32e semaine de grossesse, la taille du b\u00e9b\u00e9 est d&rsquo;environ 42-43 centim\u00e8tres, soit environ la taille d&rsquo;un jicama. Son poids est d&rsquo;environ 1700 grammes.[\/vc_column_text][\/vc_column][\/vc_row][vc_row row_height_percent=\u00a0\u00bb0&Prime; override_padding=\u00a0\u00bbyes\u00a0\u00bb h_padding=\u00a0\u00bb2&Prime; top_padding=\u00a0\u00bb1&Prime; bottom_padding=\u00a0\u00bb2&Prime; overlay_alpha=\u00a0\u00bb50&Prime; gutter_size=\u00a0\u00bb3&Prime; column_width_percent=\u00a0\u00bb100&Prime; shift_y=\u00a0\u00bb0&Prime; z_index=\u00a0\u00bb0&Prime; uncode_shortcode_id=\u00a0\u00bb137824&Prime;][vc_column width=\u00a0\u00bb1\/1&Prime;][vc_custom_heading heading_semantic=\u00a0\u00bbh4&Prime; text_size=\u00a0\u00bb\u00a0\u00bb uncode_shortcode_id=\u00a0\u00bb106053&Prime;]Le D\u00e9veloppement du B\u00e9b\u00e9[\/vc_custom_heading][vc_row_inner limit_content=\u00a0\u00bb\u00a0\u00bb][vc_column_inner width=\u00a0\u00bb5\/12&Prime;][vc_single_image media=\u00a0\u00bb1221&Prime; media_width_percent=\u00a0\u00bb100&Prime; uncode_shortcode_id=\u00a0\u00bb173742&Prime;][\/vc_column_inner][vc_column_inner width=\u00a0\u00bb7\/12&Prime;][vc_column_text uncode_shortcode_id=\u00a0\u00bb163518&Prime;]Attention, quelqu&rsquo;un vous \u00e9coute ! Naturellement, nous parlons du petit dans votre ventre. Sa chaleureuse et \u00e9troite petite bulle, o\u00f9 ce qui l&rsquo;attire peut-\u00eatre le plus, ce sont les sons venant de l&rsquo;ext\u00e9rieur. Il s&rsquo;est habitu\u00e9 aux voix de vous et de votre partenaire. Ainsi, apr\u00e8s la naissance, il se calmera d\u00e8s qu&rsquo;il entendra la voix de chacun de vous deux.<\/p>\n<p>\u00c0 l&rsquo;approche de la naissance de votre b\u00e9b\u00e9, ses sens sont presque \u00e0 la perfection d&rsquo;un adulte. Son sens du go\u00fbt s&rsquo;est d\u00e9velopp\u00e9 \u00e0 un tel degr\u00e9 qu&rsquo;il r\u00e9agira s&rsquo;il aime la nourriture que vous mangez.<\/p>\n<p>\u00c0 l&rsquo;exception des poumons, tous leurs organes sont pleinement d\u00e9velopp\u00e9s et remplissent leurs fonctions. Par cons\u00e9quent, la plupart des b\u00e9b\u00e9s n\u00e9s \u00e0 partir de la 32e semaine de grossesse ou plus tard ont de tr\u00e8s bonnes chances de survie. Cependant, ils ont absolument besoin d&rsquo;aide pour respirer jusqu&rsquo;\u00e0 la 36e semaine.<\/p>\n<p>\u00c0 la 32e semaine de grossesse, le b\u00e9b\u00e9 continue de grandir et sa peau continue de se gorger de graisse. Les ongles des orteils sont \u00e9galement tr\u00e8s allong\u00e9s.<\/p>\n<p>Le b\u00e9b\u00e9 de 32 semaines dans l&rsquo;ut\u00e9rus de la m\u00e8re commence \u00e0 passer environ deux tiers de son temps \u00e0 dormir. Selon les recherches, \u00e0 partir de ces semaines, les b\u00e9b\u00e9s commencent \u00e0 d\u00e9velopper leurs capacit\u00e9s de r\u00eave.<\/p>\n<p>Son rythme cardiaque commence \u00e0 ralentir un peu. Son c\u0153ur peut \u00e9galement \u00eatre affect\u00e9 par votre rythme cardiaque. Pour cette raison, il est utile d&rsquo;avoir des journ\u00e9es aussi calmes que possible.[\/vc_column_text][\/vc_column_inner][\/vc_row_inner][vc_custom_heading heading_semantic=\u00a0\u00bbh4&Prime; text_size=\u00a0\u00bb\u00a0\u00bb uncode_shortcode_id=\u00a0\u00bb183539&Prime;]Mouvements de b\u00e9b\u00e9 de 32 semaines[\/vc_custom_heading][vc_column_text uncode_shortcode_id=\u00a0\u00bb175432&Prime;]M\u00eame si l&rsquo;espace de votre b\u00e9b\u00e9 se r\u00e9duit, il est toujours actif. Comme ses muscles sont maintenant tr\u00e8s forts, vous pouvez sentir les mouvements du b\u00e9b\u00e9 \u00e0 32 semaines de grossesse sous forme de coups forts. Parfois, les petits coups ou les \u00e9tirements de son corps peuvent parfois causer de l&rsquo;inconfort. Vous pouvez maintenant mieux comprendre si les petits coups proviennent de ses mains ou de ses pieds. Certains b\u00e9b\u00e9s sont calmes dans l&rsquo;ut\u00e9rus, tandis que d&rsquo;autres sont tr\u00e8s actifs jusqu&rsquo;\u00e0 la naissance. Cet \u00e9tat de mobilit\u00e9 est g\u00e9n\u00e9ralement parall\u00e8le apr\u00e8s la naissance. Il en va de m\u00eame pour le cycle de sommeil et de r\u00e9veil. Si votre b\u00e9b\u00e9 peut dormir longtemps dans votre ventre, sa routine de sommeil sera probablement similaire apr\u00e8s la naissance.[\/vc_column_text][vc_custom_heading heading_semantic=\u00a0\u00bbh4&Prime; text_size=\u00a0\u00bb\u00a0\u00bb uncode_shortcode_id=\u00a0\u00bb549878&Prime;]Image \u00e9chographique[\/vc_custom_heading][vc_row_inner limit_content=\u00a0\u00bb\u00a0\u00bb][vc_column_inner width=\u00a0\u00bb5\/12&Prime;][vc_single_image media=\u00a0\u00bb1219&Prime; media_width_percent=\u00a0\u00bb100&Prime; uncode_shortcode_id=\u00a0\u00bb126382&Prime;][\/vc_column_inner][vc_column_inner width=\u00a0\u00bb7\/12&Prime;][vc_column_text uncode_shortcode_id=\u00a0\u00bb184299&Prime;]Dans les images \u00e9chographiques de grossesses de 32 semaines, vous serez tr\u00e8s heureux de voir votre b\u00e9b\u00e9 grossir et grandir.<\/p>\n<p>\u00c0 partir de la 32e semaine de grossesse, le m\u00e9decin ne demandera pas d&rsquo;\u00e9chographie fr\u00e9quente si cela n&rsquo;est pas n\u00e9cessaire. L&rsquo;\u00e9chographie est r\u00e9alis\u00e9e beaucoup plus fr\u00e9quemment dans notre pays que dans les pays d\u00e9velopp\u00e9s. Alors que l&rsquo;\u00e9chographie est recommand\u00e9e un maximum de 3-6 fois dans une grossesse normale dans les pays d\u00e9velopp\u00e9s, le nombre d&rsquo;\u00e9chographies dans notre pays peut atteindre environ 11-12 pendant une grossesse normale. Comme les effets des rayons et des sons atteignant le b\u00e9b\u00e9 par ultrasonographie n&rsquo;ont pas encore \u00e9t\u00e9 prouv\u00e9s, il est pr\u00e9f\u00e9rable de limiter au maximum l&rsquo;exposition aux ultrasons. Si tout va bien, vous pouvez \u00e9galement demander moins d&rsquo;\u00e9chographie \u00e0 votre m\u00e9decin. Cependant, si certains probl\u00e8mes ont \u00e9t\u00e9 d\u00e9tect\u00e9s pendant le processus de grossesse, il est obligatoire et important de passer une \u00e9chographie aussi souvent que le m\u00e9decin le recommande, surtout apr\u00e8s la 30e semaine.[\/vc_column_text][\/vc_column_inner][\/vc_row_inner][vc_custom_heading heading_semantic=\u00a0\u00bbh4&Prime; text_size=\u00a0\u00bb\u00a0\u00bb uncode_shortcode_id=\u00a0\u00bb150521&Prime;]Changements dans le corps de la m\u00e8re[\/vc_custom_heading][vc_column_text uncode_shortcode_id=\u00a0\u00bb197333&Prime;]Combien de mois dure 32 semaines\u00a0? Vous \u00eates dans la premi\u00e8re semaine de votre 8\u00e8me mois de grossesse.<\/p>\n<p>Le pic de votre ut\u00e9rus (fond de l&rsquo;ut\u00e9rus) est maintenant pr\u00e8s de 4-5 centim\u00e8tres au-dessus de votre nombril \u00e0 32 semaines de grossesse. Cela peut causer une sensation d&rsquo;essoufflement, de br\u00fblures d&rsquo;estomac et de dyspepsie, car cela \u00e9tire vos c\u00f4tes et comprime vos organes.<\/p>\n<p>Lorsque la pression sur votre estomac augmente avec la croissance de l&rsquo;ut\u00e9rus, votre tendance \u00e0 trop manger peut diminuer. Manger fr\u00e9quemment et peu vous \u00e9vitera des probl\u00e8mes de reflux.<\/p>\n<p>Le d\u00e9veloppement des organes de votre b\u00e9b\u00e9 est termin\u00e9. Il est dans les derni\u00e8res \u00e9tapes du processus de d\u00e9veloppement dans ses poumons. Par cons\u00e9quent, si l&rsquo;accouchement se produit \u00e0 la 32e semaine, les chances de survie sont tr\u00e8s \u00e9lev\u00e9es. Il n&rsquo;aura besoin de recevoir de l&rsquo;aide que pendant 4 semaines maximum pour respirer.[\/vc_column_text][vc_custom_heading heading_semantic=\u00a0\u00bbh4&Prime; text_size=\u00a0\u00bbh4&Prime; uncode_shortcode_id=\u00a0\u00bb121571&Prime;]Choses \u00e0 prendre en compte[\/vc_custom_heading][vc_column_text uncode_shortcode_id=\u00a0\u00bb145760&Prime;]\u00c0 la 32e semaine de grossesse, la pression croissante de votre ut\u00e9rus peut exercer une pression sur votre vessie, ce qui peut entra\u00eener des fuites urinaires. Il est pr\u00e9f\u00e9rable de r\u00e9pondre \u00e0 vos besoins d&rsquo;aller aux toilettes sans attendre que l&rsquo;envie devienne trop pressante \u00e0 chaque fois.[\/vc_column_text][vc_custom_heading heading_semantic=\u00a0\u00bbh4&Prime; text_size=\u00a0\u00bbh4&Prime; uncode_shortcode_id=\u00a0\u00bb199118&Prime;]Sommeil pendant la grossesse[\/vc_custom_heading][vc_column_text uncode_shortcode_id=\u00a0\u00bb469619&Prime;]La croissance de votre abdomen \u00e0 32 semaines de grossesse peut provoquer des interruptions fr\u00e9quentes de votre sommeil nocturne. Pour cette raison, vous pouvez vous sentir fatigu\u00e9 et en col\u00e8re. Pendant cette p\u00e9riode de grossesse, il est recommand\u00e9 de prendre des pauses et de se reposer plus fr\u00e9quemment. Profitez de chaque occasion pour vous reposer. Les positions d\u00e9conseill\u00e9es pendant le sommeil sont sur le dos et du c\u00f4t\u00e9 droit. La position sur le dos pendant le sommeil peut entra\u00eener une pression sur la principale veine qui va vers le c\u0153ur. Comme vous avez \u00e9galement une veine sur le c\u00f4t\u00e9 droit, si vous vous allongez sur le c\u00f4t\u00e9 droit, vous pouvez toujours avoir un probl\u00e8me de circulation sanguine. Ne pas injecter suffisamment de sang dans le c\u0153ur est risqu\u00e9 pour la m\u00e8re et le b\u00e9b\u00e9. Le plus sain est de s&rsquo;allonger sur le c\u00f4t\u00e9 gauche. Si vous vous allongez sur votre c\u00f4t\u00e9 gauche, cela favorise une circulation sanguine plus saine. Le fait de s&rsquo;allonger \u00e0 gauche a \u00e9galement un effet positif sur la circulation sanguine de votre b\u00e9b\u00e9. De plus, le fait de s&rsquo;allonger sur le c\u00f4t\u00e9 gauche permet \u00e0 plus de sang d&rsquo;aller vers le placenta et permet \u00e0 votre syst\u00e8me digestif de remplir ses fonctions de mani\u00e8re saine et de dormir plus confortablement. Vous pouvez soutenir votre dos avec quelques oreillers pour r\u00e9duire vos douleurs lombaires lorsque vous \u00eates allong\u00e9 sur le c\u00f4t\u00e9 gauche. De cette fa\u00e7on, vous \u00e9viterez de passer en position couch\u00e9e sans vous en rendre compte pendant votre sommeil.<\/p>\n<p>Voici des recommandations pour un sommeil confortable pendant la grossesse\u00a0:<\/p>\n<p>\u2013 Ne vous condamnez pas \u00e0 l&rsquo;inactivit\u00e9 simplement parce que vous \u00eates enceinte. Si vous en avez l&rsquo;occasion, bougez, faites vos exercices r\u00e9guli\u00e8rement et allez vous promener,<\/p>\n<p>\u2013 Ne dormez pas trop longtemps pendant vos pauses pendant la journ\u00e9e,<\/p>\n<p>\u2013 Veillez toujours \u00e0 vous coucher en m\u00eame temps,<\/p>\n<p>\u2013 Ne sautez pas le d\u00eener et \u00e9vitez de trop manger le soir,<\/p>\n<p>\u2013 Ne mangez pas d&rsquo;aliments lourds avant d&rsquo;aller dormir, car ce type d&rsquo;aliments peut vous rendre somnolent. Cependant, si votre glyc\u00e9mie est faible, vous risquez de ne pas pouvoir dormir cette fois-ci. Il est pr\u00e9f\u00e9rable de prendre une collation l\u00e9g\u00e8re, comme du yaourt, avant d&rsquo;aller au lit,<\/p>\n<p>\u2013 Limitez votre consommation de liquide le soir pour \u00e9viter d&rsquo;uriner fr\u00e9quemment la nuit. R\u00e9pondez abondamment \u00e0 vos besoins en liquides pendant la journ\u00e9e,<\/p>\n<p>\u2013 Si vous n&rsquo;\u00eates pas sensible au lait, boire du lait chaud 1 heure avant de dormir vous permet de vous endormir et de dormir profond\u00e9ment. Si vous \u00eates sensible au lait, vous pouvez \u00e9galement manger 1 bol de yaourt chaud 1 heure avant de dormir,<\/p>\n<p>\u2013 Si votre sommeil est interrompu parce que vous devez aller aux toilettes fr\u00e9quemment la nuit, veillez \u00e0 ne pas boire de liquides le soir,<\/p>\n<p>\u2013 Ne pensez pas \u00e0 des choses qui vous inqui\u00e8tent avant d&rsquo;aller vous coucher. Partagez les probl\u00e8mes qui vous d\u00e9rangent beaucoup avec votre femme le soir et d\u00e9tendez-vous,<\/p>\n<p>\u2013 Dormir avec un oreiller haut ou quelques oreillers qui se chevauchent sous la t\u00eate peut pr\u00e9venir le probl\u00e8me de reflux qui peut survenir la nuit,<\/p>\n<p>\u2013 Pratiquez le yoga de la grossesse avant d&rsquo;aller dormir. La m\u00e9ditation apr\u00e8s le yoga vous permet \u00e9galement de dormir profond\u00e9ment et calmement.[\/vc_column_text][\/vc_column][\/vc_row][vc_row][vc_column width=\u00a0\u00bb1\/1&Prime;][uncode_block id=\u00a0\u00bb989&Prime;][\/vc_column][\/vc_row][vc_row][vc_column width=\u00a0\u00bb1\/1&Prime;][uncode_block id=\u00a0\u00bb601&Prime;][\/vc_column][\/vc_row]<\/p>\n<\/div>","protected":false},"excerpt":{"rendered":"<p>[vc_row row_height_percent=\u00a0\u00bb0&Prime; override_padding=\u00a0\u00bbyes\u00a0\u00bb h_padding=\u00a0\u00bb2&Prime; top_padding=\u00a0\u00bb2&Prime; bottom_padding=\u00a0\u00bb0&Prime; overlay_alpha=\u00a0\u00bb50&Prime; equal_height=\u00a0\u00bbyes\u00a0\u00bb gutter_size=\u00a0\u00bb2&Prime; column_width_percent=\u00a0\u00bb100&Prime; shift_y=\u00a0\u00bb-3&Prime; z_index=\u00a0\u00bb0&Prime; uncode_shortcode_id=\u00a0\u00bb152492&Prime;][vc_column column_width_percent=\u00a0\u00bb100&Prime; position_vertical=\u00a0\u00bbmiddle\u00a0\u00bb align_horizontal=\u00a0\u00bbalign_center\u00a0\u00bb gutter_size=\u00a0\u00bb3&Prime; overlay_alpha=\u00a0\u00bb50&Prime; shift_x=\u00a0\u00bb0&Prime; shift_y=\u00a0\u00bb0&Prime; [&hellip;]<\/p>\n","protected":false},"author":3,"featured_media":1083,"parent":2268,"menu_order":0,"comment_status":"closed","ping_status":"closed","template":"","meta":{"_monsterinsights_skip_tracking":false,"_monsterinsights_sitenote_active":false,"_monsterinsights_sitenote_note":"","_monsterinsights_sitenote_category":0,"footnotes":""},"class_list":["post-2485","page","type-page","status-publish","has-post-thumbnail","hentry","page_category-semaine-par-semaine"],"yoast_head":"<!-- This site is optimized with the Yoast SEO plugin v27.4 - https:\/\/yoast.com\/product\/yoast-seo-wordpress\/ -->\n<title>Semaine 32 - Canbebe<\/title>\n<meta name=\"robots\" content=\"index, follow, max-snippet:-1, max-image-preview:large, max-video-preview:-1\" \/>\n<link rel=\"canonical\" href=\"https:\/\/canbebe.com\/fr\/calendrier-de-grossesse\/32-hafta\/\" \/>\n<meta property=\"og:locale\" content=\"fr_FR\" \/>\n<meta property=\"og:type\" content=\"article\" \/>\n<meta property=\"og:title\" content=\"Semaine 32 - Canbebe\" \/>\n<meta property=\"og:description\" content=\"[vc_row row_height_percent=\u00a0\u00bb0&Prime; override_padding=\u00a0\u00bbyes\u00a0\u00bb h_padding=\u00a0\u00bb2&Prime; top_padding=\u00a0\u00bb2&Prime; bottom_padding=\u00a0\u00bb0&Prime; overlay_alpha=\u00a0\u00bb50&Prime; equal_height=\u00a0\u00bbyes\u00a0\u00bb gutter_size=\u00a0\u00bb2&Prime; column_width_percent=\u00a0\u00bb100&Prime; shift_y=\u00a0\u00bb-3&Prime; z_index=\u00a0\u00bb0&Prime; uncode_shortcode_id=\u00a0\u00bb152492&Prime;][vc_column column_width_percent=\u00a0\u00bb100&Prime; position_vertical=\u00a0\u00bbmiddle\u00a0\u00bb align_horizontal=\u00a0\u00bbalign_center\u00a0\u00bb gutter_size=\u00a0\u00bb3&Prime; overlay_alpha=\u00a0\u00bb50&Prime; shift_x=\u00a0\u00bb0&Prime; shift_y=\u00a0\u00bb0&Prime; [&hellip;]\" \/>\n<meta property=\"og:url\" content=\"https:\/\/canbebe.com\/fr\/calendrier-de-grossesse\/32-hafta\/\" \/>\n<meta property=\"og:site_name\" content=\"Canbebe\" \/>\n<meta property=\"article:modified_time\" content=\"2024-04-09T14:54:08+00:00\" \/>\n<meta name=\"twitter:card\" content=\"summary_large_image\" \/>\n<script type=\"application\/ld+json\" class=\"yoast-schema-graph\">{\"@context\":\"https:\\\/\\\/schema.org\",\"@graph\":[{\"@type\":\"WebPage\",\"@id\":\"https:\\\/\\\/canbebe.com\\\/fr\\\/calendrier-de-grossesse\\\/32-hafta\\\/\",\"url\":\"https:\\\/\\\/canbebe.com\\\/fr\\\/calendrier-de-grossesse\\\/32-hafta\\\/\",\"name\":\"Semaine 32 - Canbebe\",\"isPartOf\":{\"@id\":\"https:\\\/\\\/canbebe.com\\\/fr\\\/#website\"},\"primaryImageOfPage\":{\"@id\":\"https:\\\/\\\/canbebe.com\\\/fr\\\/calendrier-de-grossesse\\\/32-hafta\\\/#primaryimage\"},\"image\":{\"@id\":\"https:\\\/\\\/canbebe.com\\\/fr\\\/calendrier-de-grossesse\\\/32-hafta\\\/#primaryimage\"},\"thumbnailUrl\":\"https:\\\/\\\/canbebe.com\\\/wp-content\\\/uploads\\\/2023\\\/12\\\/Fruits-5.svg\",\"datePublished\":\"2023-11-24T10:56:13+00:00\",\"dateModified\":\"2024-04-09T14:54:08+00:00\",\"breadcrumb\":{\"@id\":\"https:\\\/\\\/canbebe.com\\\/fr\\\/calendrier-de-grossesse\\\/32-hafta\\\/#breadcrumb\"},\"inLanguage\":\"fr-FR\",\"potentialAction\":[{\"@type\":\"ReadAction\",\"target\":[\"https:\\\/\\\/canbebe.com\\\/fr\\\/calendrier-de-grossesse\\\/32-hafta\\\/\"]}]},{\"@type\":\"ImageObject\",\"inLanguage\":\"fr-FR\",\"@id\":\"https:\\\/\\\/canbebe.com\\\/fr\\\/calendrier-de-grossesse\\\/32-hafta\\\/#primaryimage\",\"url\":\"https:\\\/\\\/canbebe.com\\\/wp-content\\\/uploads\\\/2023\\\/12\\\/Fruits-5.svg\",\"contentUrl\":\"https:\\\/\\\/canbebe.com\\\/wp-content\\\/uploads\\\/2023\\\/12\\\/Fruits-5.svg\",\"width\":\"72\",\"height\":\"72\"},{\"@type\":\"BreadcrumbList\",\"@id\":\"https:\\\/\\\/canbebe.com\\\/fr\\\/calendrier-de-grossesse\\\/32-hafta\\\/#breadcrumb\",\"itemListElement\":[{\"@type\":\"ListItem\",\"position\":1,\"name\":\"Accueil\",\"item\":\"https:\\\/\\\/canbebe.com\\\/fr\\\/\"},{\"@type\":\"ListItem\",\"position\":2,\"name\":\"Calendrier de Grossesse\",\"item\":\"https:\\\/\\\/canbebe.com\\\/fr\\\/calendrier-de-grossesse\\\/\"},{\"@type\":\"ListItem\",\"position\":3,\"name\":\"Semaine 32\"}]},{\"@type\":\"WebSite\",\"@id\":\"https:\\\/\\\/canbebe.com\\\/fr\\\/#website\",\"url\":\"https:\\\/\\\/canbebe.com\\\/fr\\\/\",\"name\":\"Canbebe\",\"description\":\"Canbebe\",\"publisher\":{\"@id\":\"https:\\\/\\\/canbebe.com\\\/fr\\\/#organization\"},\"potentialAction\":[{\"@type\":\"SearchAction\",\"target\":{\"@type\":\"EntryPoint\",\"urlTemplate\":\"https:\\\/\\\/canbebe.com\\\/fr\\\/?s={search_term_string}\"},\"query-input\":{\"@type\":\"PropertyValueSpecification\",\"valueRequired\":true,\"valueName\":\"search_term_string\"}}],\"inLanguage\":\"fr-FR\"},{\"@type\":\"Organization\",\"@id\":\"https:\\\/\\\/canbebe.com\\\/fr\\\/#organization\",\"name\":\"Canbebe\",\"url\":\"https:\\\/\\\/canbebe.com\\\/fr\\\/\",\"logo\":{\"@type\":\"ImageObject\",\"inLanguage\":\"fr-FR\",\"@id\":\"https:\\\/\\\/canbebe.com\\\/fr\\\/#\\\/schema\\\/logo\\\/image\\\/\",\"url\":\"https:\\\/\\\/canbebe.com\\\/wp-content\\\/uploads\\\/2023\\\/11\\\/logo-canbebe.png\",\"contentUrl\":\"https:\\\/\\\/canbebe.com\\\/wp-content\\\/uploads\\\/2023\\\/11\\\/logo-canbebe.png\",\"width\":398,\"height\":84,\"caption\":\"Canbebe\"},\"image\":{\"@id\":\"https:\\\/\\\/canbebe.com\\\/fr\\\/#\\\/schema\\\/logo\\\/image\\\/\"}}]}<\/script>\n<!-- \/ Yoast SEO plugin. -->","yoast_head_json":{"title":"Semaine 32 - Canbebe","robots":{"index":"index","follow":"follow","max-snippet":"max-snippet:-1","max-image-preview":"max-image-preview:large","max-video-preview":"max-video-preview:-1"},"canonical":"https:\/\/canbebe.com\/fr\/calendrier-de-grossesse\/32-hafta\/","og_locale":"fr_FR","og_type":"article","og_title":"Semaine 32 - Canbebe","og_description":"[vc_row row_height_percent=\u00a0\u00bb0&Prime; override_padding=\u00a0\u00bbyes\u00a0\u00bb h_padding=\u00a0\u00bb2&Prime; top_padding=\u00a0\u00bb2&Prime; bottom_padding=\u00a0\u00bb0&Prime; overlay_alpha=\u00a0\u00bb50&Prime; equal_height=\u00a0\u00bbyes\u00a0\u00bb gutter_size=\u00a0\u00bb2&Prime; column_width_percent=\u00a0\u00bb100&Prime; shift_y=\u00a0\u00bb-3&Prime; z_index=\u00a0\u00bb0&Prime; uncode_shortcode_id=\u00a0\u00bb152492&Prime;][vc_column column_width_percent=\u00a0\u00bb100&Prime; position_vertical=\u00a0\u00bbmiddle\u00a0\u00bb align_horizontal=\u00a0\u00bbalign_center\u00a0\u00bb gutter_size=\u00a0\u00bb3&Prime; overlay_alpha=\u00a0\u00bb50&Prime; shift_x=\u00a0\u00bb0&Prime; shift_y=\u00a0\u00bb0&Prime; [&hellip;]","og_url":"https:\/\/canbebe.com\/fr\/calendrier-de-grossesse\/32-hafta\/","og_site_name":"Canbebe","article_modified_time":"2024-04-09T14:54:08+00:00","twitter_card":"summary_large_image","schema":{"@context":"https:\/\/schema.org","@graph":[{"@type":"WebPage","@id":"https:\/\/canbebe.com\/fr\/calendrier-de-grossesse\/32-hafta\/","url":"https:\/\/canbebe.com\/fr\/calendrier-de-grossesse\/32-hafta\/","name":"Semaine 32 - Canbebe","isPartOf":{"@id":"https:\/\/canbebe.com\/fr\/#website"},"primaryImageOfPage":{"@id":"https:\/\/canbebe.com\/fr\/calendrier-de-grossesse\/32-hafta\/#primaryimage"},"image":{"@id":"https:\/\/canbebe.com\/fr\/calendrier-de-grossesse\/32-hafta\/#primaryimage"},"thumbnailUrl":"https:\/\/canbebe.com\/wp-content\/uploads\/2023\/12\/Fruits-5.svg","datePublished":"2023-11-24T10:56:13+00:00","dateModified":"2024-04-09T14:54:08+00:00","breadcrumb":{"@id":"https:\/\/canbebe.com\/fr\/calendrier-de-grossesse\/32-hafta\/#breadcrumb"},"inLanguage":"fr-FR","potentialAction":[{"@type":"ReadAction","target":["https:\/\/canbebe.com\/fr\/calendrier-de-grossesse\/32-hafta\/"]}]},{"@type":"ImageObject","inLanguage":"fr-FR","@id":"https:\/\/canbebe.com\/fr\/calendrier-de-grossesse\/32-hafta\/#primaryimage","url":"https:\/\/canbebe.com\/wp-content\/uploads\/2023\/12\/Fruits-5.svg","contentUrl":"https:\/\/canbebe.com\/wp-content\/uploads\/2023\/12\/Fruits-5.svg","width":"72","height":"72"},{"@type":"BreadcrumbList","@id":"https:\/\/canbebe.com\/fr\/calendrier-de-grossesse\/32-hafta\/#breadcrumb","itemListElement":[{"@type":"ListItem","position":1,"name":"Accueil","item":"https:\/\/canbebe.com\/fr\/"},{"@type":"ListItem","position":2,"name":"Calendrier de Grossesse","item":"https:\/\/canbebe.com\/fr\/calendrier-de-grossesse\/"},{"@type":"ListItem","position":3,"name":"Semaine 32"}]},{"@type":"WebSite","@id":"https:\/\/canbebe.com\/fr\/#website","url":"https:\/\/canbebe.com\/fr\/","name":"Canbebe","description":"Canbebe","publisher":{"@id":"https:\/\/canbebe.com\/fr\/#organization"},"potentialAction":[{"@type":"SearchAction","target":{"@type":"EntryPoint","urlTemplate":"https:\/\/canbebe.com\/fr\/?s={search_term_string}"},"query-input":{"@type":"PropertyValueSpecification","valueRequired":true,"valueName":"search_term_string"}}],"inLanguage":"fr-FR"},{"@type":"Organization","@id":"https:\/\/canbebe.com\/fr\/#organization","name":"Canbebe","url":"https:\/\/canbebe.com\/fr\/","logo":{"@type":"ImageObject","inLanguage":"fr-FR","@id":"https:\/\/canbebe.com\/fr\/#\/schema\/logo\/image\/","url":"https:\/\/canbebe.com\/wp-content\/uploads\/2023\/11\/logo-canbebe.png","contentUrl":"https:\/\/canbebe.com\/wp-content\/uploads\/2023\/11\/logo-canbebe.png","width":398,"height":84,"caption":"Canbebe"},"image":{"@id":"https:\/\/canbebe.com\/fr\/#\/schema\/logo\/image\/"}}]}},"_links":{"self":[{"href":"https:\/\/canbebe.com\/fr\/wp-json\/wp\/v2\/pages\/2485","targetHints":{"allow":["GET"]}}],"collection":[{"href":"https:\/\/canbebe.com\/fr\/wp-json\/wp\/v2\/pages"}],"about":[{"href":"https:\/\/canbebe.com\/fr\/wp-json\/wp\/v2\/types\/page"}],"author":[{"embeddable":true,"href":"https:\/\/canbebe.com\/fr\/wp-json\/wp\/v2\/users\/3"}],"replies":[{"embeddable":true,"href":"https:\/\/canbebe.com\/fr\/wp-json\/wp\/v2\/comments?post=2485"}],"version-history":[{"count":0,"href":"https:\/\/canbebe.com\/fr\/wp-json\/wp\/v2\/pages\/2485\/revisions"}],"up":[{"embeddable":true,"href":"https:\/\/canbebe.com\/fr\/wp-json\/wp\/v2\/pages\/2268"}],"wp:featuredmedia":[{"embeddable":true,"href":"https:\/\/canbebe.com\/fr\/wp-json\/wp\/v2\/media\/1083"}],"wp:attachment":[{"href":"https:\/\/canbebe.com\/fr\/wp-json\/wp\/v2\/media?parent=2485"}],"curies":[{"name":"wp","href":"https:\/\/api.w.org\/{rel}","templated":true}]}}