{"id":2461,"date":"2023-11-24T10:56:41","date_gmt":"2023-11-24T10:56:41","guid":{"rendered":"https:\/\/canbebe.com\/?page_id=2461"},"modified":"2024-04-09T14:53:33","modified_gmt":"2024-04-09T14:53:33","slug":"38-hafta","status":"publish","type":"page","link":"https:\/\/canbebe.com\/fr\/calendrier-de-grossesse\/38-hafta\/","title":{"rendered":"Semaine 38"},"content":{"rendered":"<div class=\"wpb-content-wrapper\"><p>[vc_row row_height_percent=\u00a0\u00bb0&Prime; override_padding=\u00a0\u00bbyes\u00a0\u00bb h_padding=\u00a0\u00bb2&Prime; top_padding=\u00a0\u00bb2&Prime; bottom_padding=\u00a0\u00bb0&Prime; overlay_alpha=\u00a0\u00bb50&Prime; equal_height=\u00a0\u00bbyes\u00a0\u00bb gutter_size=\u00a0\u00bb2&Prime; column_width_percent=\u00a0\u00bb100&Prime; shift_y=\u00a0\u00bb-3&Prime; z_index=\u00a0\u00bb0&Prime; uncode_shortcode_id=\u00a0\u00bb152492&Prime;][vc_column column_width_percent=\u00a0\u00bb100&Prime; position_vertical=\u00a0\u00bbmiddle\u00a0\u00bb align_horizontal=\u00a0\u00bbalign_center\u00a0\u00bb gutter_size=\u00a0\u00bb3&Prime; overlay_alpha=\u00a0\u00bb50&Prime; shift_x=\u00a0\u00bb0&Prime; shift_y=\u00a0\u00bb0&Prime; shift_y_down=\u00a0\u00bb0&Prime; z_index=\u00a0\u00bb0&Prime; medium_width=\u00a0\u00bb0&Prime; mobile_visibility=\u00a0\u00bbyes\u00a0\u00bb mobile_width=\u00a0\u00bb0&Prime; radius=\u00a0\u00bbsm\u00a0\u00bb width=\u00a0\u00bb5\/12&Prime; uncode_shortcode_id=\u00a0\u00bb931234&Prime; el_class=\u00a0\u00bbimg-rounded\u00a0\u00bb][\/vc_column][vc_column column_width_use_pixel=\u00a0\u00bbyes\u00a0\u00bb position_horizontal=\u00a0\u00bbright\u00a0\u00bb gutter_size=\u00a0\u00bb2&Prime; overlay_alpha=\u00a0\u00bb50&Prime; shift_x=\u00a0\u00bb0&Prime; shift_y=\u00a0\u00bb-5&Prime; shift_y_down=\u00a0\u00bb-5&Prime; z_index=\u00a0\u00bb0&Prime; medium_width=\u00a0\u00bb0&Prime; mobile_width=\u00a0\u00bb0&Prime; width=\u00a0\u00bb7\/12&Prime; uncode_shortcode_id=\u00a0\u00bb133000&Prime; column_width_pixel=\u00a0\u00bb600&Prime; el_id=\u00a0\u00bbhafta-nav\u00a0\u00bb][vc_custom_heading heading_semantic=\u00a0\u00bbh4&Prime; text_size=\u00a0\u00bb\u00a0\u00bb uncode_shortcode_id=\u00a0\u00bb185326&Prime;]Taille et poids du b\u00e9b\u00e9[\/vc_custom_heading][vc_column_text uncode_shortcode_id=\u00a0\u00bb271456&Prime;]\u00c0 38 semaines de grossesse, le b\u00e9b\u00e9 mesure environ 49-50 centim\u00e8tres, environ la taille d&rsquo;une rhubarbe. Son poids est d&rsquo;environ 3000 grammes.[\/vc_column_text][\/vc_column][\/vc_row][vc_row row_height_percent=\u00a0\u00bb0&Prime; override_padding=\u00a0\u00bbyes\u00a0\u00bb h_padding=\u00a0\u00bb2&Prime; top_padding=\u00a0\u00bb1&Prime; bottom_padding=\u00a0\u00bb2&Prime; overlay_alpha=\u00a0\u00bb50&Prime; gutter_size=\u00a0\u00bb3&Prime; column_width_percent=\u00a0\u00bb100&Prime; shift_y=\u00a0\u00bb0&Prime; z_index=\u00a0\u00bb0&Prime; uncode_shortcode_id=\u00a0\u00bb137824&Prime;][vc_column width=\u00a0\u00bb1\/1&Prime;][vc_custom_heading heading_semantic=\u00a0\u00bbh4&Prime; text_size=\u00a0\u00bb\u00a0\u00bb uncode_shortcode_id=\u00a0\u00bb147239&Prime;]Le D\u00e9veloppement du B\u00e9b\u00e9[\/vc_custom_heading][vc_row_inner limit_content=\u00a0\u00bb\u00a0\u00bb][vc_column_inner width=\u00a0\u00bb5\/12&Prime;][vc_single_image media=\u00a0\u00bb1249&Prime; media_width_percent=\u00a0\u00bb100&Prime; uncode_shortcode_id=\u00a0\u00bb194277&Prime;][\/vc_column_inner][vc_column_inner width=\u00a0\u00bb7\/12&Prime;][vc_column_text uncode_shortcode_id=\u00a0\u00bb148307&Prime;]Si votre b\u00e9b\u00e9 na\u00eet \u00e0 la 38e semaine de grossesse, vous pouvez maintenant vous d\u00e9tendre car il na\u00eetra pleinement d\u00e9velopp\u00e9. Il est normal que les b\u00e9b\u00e9s naissent entre 40-2 et 40+2 semaines. Cependant, certains m\u00e9decins dans notre pays et dans le monde attendent la 41e semaine tout au plus. Comme le risque pour le b\u00e9b\u00e9 est tr\u00e8s faible \u00e0 42 semaines, les obst\u00e9triciens naturels peuvent attendre la fin des 42 semaines dans les grossesses o\u00f9 tout va bien. Il n&rsquo;est pas recommand\u00e9 d&rsquo;attendre apr\u00e8s 42 semaines, car apr\u00e8s ce temps, la fonction du placenta est tr\u00e8s r\u00e9duite et cela peut \u00eatre risqu\u00e9 pour le b\u00e9b\u00e9. Si tout va bien et que vous souhaitez attendre, vous devez en discuter et demander cette pr\u00e9f\u00e9rence \u00e0 votre m\u00e9decin \u00e0 l&rsquo;avance.<\/p>\n<p>\u00c0 38 semaines, le b\u00e9b\u00e9 est pleinement mature, mais ses cellules c\u00e9r\u00e9brales sont toujours en croissance. Pour cette raison, il peut \u00eatre avantageux de le garder dans l&rsquo;ut\u00e9rus. Des connexions sont \u00e9tablies dans son cerveau pour l&rsquo;aider \u00e0 mieux dormir. La capacit\u00e9 respiratoire et le syst\u00e8me digestif continuent de mieux fonctionner.<\/p>\n<p>\u00c0 la 38e semaine de grossesse, le c\u0153ur du b\u00e9b\u00e9 bat entre 110 et 150 battements par minute.[\/vc_column_text][\/vc_column_inner][\/vc_row_inner][vc_custom_heading heading_semantic=\u00a0\u00bbh4&Prime; text_size=\u00a0\u00bb\u00a0\u00bb uncode_shortcode_id=\u00a0\u00bb132395&Prime;]Mouvements de b\u00e9b\u00e9 \u00e0 38 semaines de grossesse[\/vc_custom_heading][vc_column_text uncode_shortcode_id=\u00a0\u00bb669732&Prime;]Votre b\u00e9b\u00e9 peut bouger moins parce que son espace est r\u00e9tr\u00e9ci. Mais vous pouvez toujours sentir la pouss\u00e9e de ses petits mains et pieds alors qu&rsquo;il s&rsquo;\u00e9tire \u00e0 l&rsquo;int\u00e9rieur.<\/p>\n<p>Vous sentirez votre hoquet sous forme de petits sauts rythm\u00e9s.<\/p>\n<p>Il est bon de suivre leurs mouvements car ils se d\u00e9placeront dans des moments autres que le sommeil. Si vous ne sentez pas leurs mouvements pendant un certain temps, assurez-vous d&rsquo;en parler \u00e0 votre m\u00e9decin.[\/vc_column_text][vc_custom_heading heading_semantic=\u00a0\u00bbh4&Prime; text_size=\u00a0\u00bb\u00a0\u00bb uncode_shortcode_id=\u00a0\u00bb132828&Prime;]Image \u00e9chographique[\/vc_custom_heading][vc_row_inner limit_content=\u00a0\u00bb\u00a0\u00bb][vc_column_inner width=\u00a0\u00bb5\/12&Prime;][vc_single_image media=\u00a0\u00bb1247&Prime; media_width_percent=\u00a0\u00bb100&Prime; uncode_shortcode_id=\u00a0\u00bb192255&Prime;][\/vc_column_inner][vc_column_inner width=\u00a0\u00bb7\/12&Prime;][vc_column_text uncode_shortcode_id=\u00a0\u00bb106767&Prime;]Dans les images \u00e9chographiques de grossesse de 38 semaines, votre m\u00e9decin examinera la position de votre b\u00e9b\u00e9, sa fr\u00e9quence cardiaque, ses mouvements et la quantit\u00e9 de liquide amniotique. La quantit\u00e9 de liquide amniotique peut diminuer l\u00e9g\u00e8rement cette semaine.<\/p>\n<p>Les donn\u00e9es \u00e9chographiques peuvent ne pas donner de r\u00e9sultats pr\u00e9cis concernant le poids et la taille. Comme la n\u00f4tre, les valeurs de poids et de taille sont donn\u00e9es selon une certaine moyenne dans les articles hebdomadaires sur le d\u00e9veloppement de la grossesse. Pour cette raison, le poids et la taille de votre b\u00e9b\u00e9 peuvent ne pas \u00eatre aussi \u00e9lev\u00e9s que les chiffres mentionn\u00e9s dans ces articles. Vous devez d&rsquo;abord interroger votre m\u00e9decin sur tout probl\u00e8me qui vous pr\u00e9occupe.[\/vc_column_text][\/vc_column_inner][\/vc_row_inner][vc_custom_heading heading_semantic=\u00a0\u00bbh4&Prime; text_size=\u00a0\u00bb\u00a0\u00bb uncode_shortcode_id=\u00a0\u00bb662109&Prime;]Changements dans le corps de la m\u00e8re[\/vc_custom_heading][vc_column_text uncode_shortcode_id=\u00a0\u00bb543698&Prime;]Si vous ne l&rsquo;avez jamais ressenti auparavant, vous pouvez ressentir de fausses contractions (contractions de Braxton Hicks) \u00e0 38 semaines de grossesse.<\/p>\n<p>Les fausses contractions sont une sorte de r\u00e9p\u00e9tition de naissance du corps. Ainsi, l&rsquo;ut\u00e9rus commence \u00e0 exercer les muscles qui pousseront le b\u00e9b\u00e9 lors de l&rsquo;accouchement. Partant d&rsquo;en haut, Les fausses contractions descendent lentement. Ces contractions sont g\u00e9n\u00e9ralement irr\u00e9guli\u00e8res, parfois elles peuvent \u00eatre r\u00e9guli\u00e8res. Si les contractions vous d\u00e9rangent, prenez du repos ou marchez pour ne pas vous concentrer sur les contractions. Buvez un peu d&rsquo;eau ou faites quelque chose de diff\u00e9rent. Pendant les derni\u00e8res semaines, ces contractions peuvent \u00eatre plus intenses et pr\u00e9occuper la future maman. Si les contractions deviennent plus fr\u00e9quentes et r\u00e9guli\u00e8res, n&rsquo;h\u00e9sitez pas \u00e0 informer votre m\u00e9decin sans perdre de temps.[\/vc_column_text][vc_custom_heading heading_semantic=\u00a0\u00bbh4&Prime; text_size=\u00a0\u00bbh4&Prime; uncode_shortcode_id=\u00a0\u00bb635927&Prime;]Comment commence l&rsquo;accouchement\u00a0?[\/vc_custom_heading][vc_column_text uncode_shortcode_id=\u00a0\u00bb196111&Prime;]On ne sait pas encore exactement ce qui a d\u00e9clench\u00e9 les contractions \u00e0 la naissance. La chose la plus importante que l&rsquo;on sache est que les contractions dans l&rsquo;ut\u00e9rus facilitent la sortie du b\u00e9b\u00e9. Ce syst\u00e8me fonctionne exactement comme les muscles qui font caca dans nos intestins. Comme vous le savez, nos muscles intestinaux se contractent spontan\u00e9ment et les selles excr\u00e8tent presque spontan\u00e9ment. C&rsquo;est le principe de fonctionnement des muscles de l&rsquo;ut\u00e9rus \u00e0 la naissance. C&rsquo;est la raison pour laquelle au moment de s&rsquo;approcher de la sortie du b\u00e9b\u00e9 pendant la naissance, la femme enceinte a le sentiment de faire des selles et de pousser. Bien s\u00fbr, le b\u00e9b\u00e9 est \u00e9galement actif pendant la naissance, et il a du mal \u00e0 na\u00eetre en appuyant sur le bassin avec sa t\u00eate. Gr\u00e2ce \u00e0 cette lutte du b\u00e9b\u00e9 et au principe de fonctionnement des muscles ut\u00e9rins, les naissances peuvent facilement avoir lieu. Il suffit de croire et de faire confiance \u00e0 l&rsquo;\u00e9quipement de la m\u00e8re et du b\u00e9b\u00e9 \u00e0 propos de la naissance. Gr\u00e2ce \u00e0 ce magnifique \u00e9quipement et \u00ab\u00a0suffisamment soutenu\u00a0\u00bb \u00e0 la naissance, les femmes enceintes peuvent accoucher sans d\u00e9chirures vaginales. Les d\u00e9chirures vaginales sont in\u00e9vitables chez la m\u00e8re dans les cas o\u00f9 la future m\u00e8re est pouss\u00e9e inutilement ou le b\u00e9b\u00e9 est pouss\u00e9 d&rsquo;en haut. Ici, dans les accouchements naturels, un soutien est donn\u00e9 qui permettra aux contractions ut\u00e9rines de la m\u00e8re de pousser facilement le b\u00e9b\u00e9 (tout comme dans l&rsquo;exemple du principe de fonctionnement des intestins). Ainsi, les b\u00e9b\u00e9s naissent presque eux-m\u00eames. Ce soutien devrait inclure\u00a0:<\/p>\n<p>\u2013 L&rsquo;environnement est calme et non encombr\u00e9,<\/p>\n<p>\u2013 La temp\u00e9rature ambiante est id\u00e9ale, les lumi\u00e8res sont faibles,<\/p>\n<p>\u2013 Soutien individuel de la sage-femme (la pr\u00e9sence d&rsquo;une sage-femme \u00e0 qui la femme enceinte peut faire confiance pendant l&rsquo;accouchement et qui dit \u00ab\u00a0vous pouvez le faire\u00a0\u00bb),<\/p>\n<p>\u2013 Application de m\u00e9thodes non m\u00e9dicamenteuses de soulagement de la douleur \u00e0 la m\u00e8re (massage, mots de suggestion, contr\u00f4le de la respiration),<\/p>\n<p>\u2013 Mise en place de techniques permettant la relaxation pendant le travail et facilitant le travail (bain chaud, assise sur la boule de stabilit\u00e9 et naissance dans l&rsquo;eau),<\/p>\n<p>\u2013 Le p\u00e8re, qui a re\u00e7u une formation de pr\u00e9paration \u00e0 l&rsquo;accouchement, soutient son conjoint pendant l&rsquo;accouchement.<\/p>\n<p>Chaque m\u00e8re et son b\u00e9b\u00e9 ont le droit d&rsquo;\u00eatre soutenus de mani\u00e8re ad\u00e9quate \u00e0 la naissance. Si les femmes enceintes et les p\u00e8res connaissent et exigent ces droits, les naissances auront lieu avec des souvenirs sains et positifs pour les parents et les b\u00e9b\u00e9s.[\/vc_column_text][vc_custom_heading heading_semantic=\u00a0\u00bbh4&Prime; text_size=\u00a0\u00bbh4&Prime; uncode_shortcode_id=\u00a0\u00bb180877&Prime;]Choses \u00e0 prendre en compte[\/vc_custom_heading][vc_column_text uncode_shortcode_id=\u00a0\u00bb135353&Prime;]Essayez de vous retenir lorsque votre instinct de nidification se manifeste. Ne gaspillez pas votre \u00e9nergie inutilement, car vous en aurez besoin lors de l&rsquo;accouchement et par la suite. (Pour des informations d\u00e9taill\u00e9es sur l&rsquo;instinct de nidification, voir 36. vous pouvez consulter notre article sur la 36e semaine.) Si le cours de votre grossesse est sain, vous pouvez continuer votre yoga et vos exercices.<\/p>\n<p>L&rsquo;un des signes de naissance est le ramollissement du bouchon muqueux (une structure sanglante) dans le col de l&rsquo;ut\u00e9rus et donc du sang. Cela est appel\u00e9 populairement &lsquo;la venue de la bague&rsquo;. \u00c9tant donn\u00e9 que vous ne pouvez pas comprendre la diff\u00e9rence entre les saignements r\u00e9els et l&rsquo;engagement, vous devez absolument informer votre m\u00e9decin sans perdre de temps dans un tel cas. Surtout si le saignement s&rsquo;accompagne de douleurs\u2026[\/vc_column_text][\/vc_column][\/vc_row][vc_row][vc_column width=\u00a0\u00bb1\/1&Prime;][uncode_block id=\u00a0\u00bb989&Prime;][\/vc_column][\/vc_row][vc_row][vc_column width=\u00a0\u00bb1\/1&Prime;][uncode_block id=\u00a0\u00bb601&Prime;][\/vc_column][\/vc_row]<\/p>\n<\/div>","protected":false},"excerpt":{"rendered":"<p>[vc_row row_height_percent=\u00a0\u00bb0&Prime; override_padding=\u00a0\u00bbyes\u00a0\u00bb h_padding=\u00a0\u00bb2&Prime; top_padding=\u00a0\u00bb2&Prime; bottom_padding=\u00a0\u00bb0&Prime; overlay_alpha=\u00a0\u00bb50&Prime; equal_height=\u00a0\u00bbyes\u00a0\u00bb gutter_size=\u00a0\u00bb2&Prime; column_width_percent=\u00a0\u00bb100&Prime; shift_y=\u00a0\u00bb-3&Prime; z_index=\u00a0\u00bb0&Prime; uncode_shortcode_id=\u00a0\u00bb152492&Prime;][vc_column column_width_percent=\u00a0\u00bb100&Prime; position_vertical=\u00a0\u00bbmiddle\u00a0\u00bb align_horizontal=\u00a0\u00bbalign_center\u00a0\u00bb gutter_size=\u00a0\u00bb3&Prime; overlay_alpha=\u00a0\u00bb50&Prime; shift_x=\u00a0\u00bb0&Prime; shift_y=\u00a0\u00bb0&Prime; [&hellip;]<\/p>\n","protected":false},"author":3,"featured_media":1095,"parent":2268,"menu_order":0,"comment_status":"closed","ping_status":"closed","template":"","meta":{"_monsterinsights_skip_tracking":false,"_monsterinsights_sitenote_active":false,"_monsterinsights_sitenote_note":"","_monsterinsights_sitenote_category":0,"footnotes":""},"class_list":["post-2461","page","type-page","status-publish","has-post-thumbnail","hentry","page_category-semaine-par-semaine"],"yoast_head":"<!-- This site is optimized with the Yoast SEO plugin v27.4 - https:\/\/yoast.com\/product\/yoast-seo-wordpress\/ -->\n<title>Semaine 38 - Canbebe<\/title>\n<meta name=\"robots\" content=\"index, follow, max-snippet:-1, max-image-preview:large, max-video-preview:-1\" \/>\n<link rel=\"canonical\" href=\"https:\/\/canbebe.com\/fr\/calendrier-de-grossesse\/38-hafta\/\" \/>\n<meta property=\"og:locale\" content=\"fr_FR\" \/>\n<meta property=\"og:type\" content=\"article\" \/>\n<meta property=\"og:title\" content=\"Semaine 38 - Canbebe\" \/>\n<meta property=\"og:description\" content=\"[vc_row row_height_percent=\u00a0\u00bb0&Prime; override_padding=\u00a0\u00bbyes\u00a0\u00bb h_padding=\u00a0\u00bb2&Prime; top_padding=\u00a0\u00bb2&Prime; bottom_padding=\u00a0\u00bb0&Prime; overlay_alpha=\u00a0\u00bb50&Prime; equal_height=\u00a0\u00bbyes\u00a0\u00bb gutter_size=\u00a0\u00bb2&Prime; column_width_percent=\u00a0\u00bb100&Prime; shift_y=\u00a0\u00bb-3&Prime; z_index=\u00a0\u00bb0&Prime; uncode_shortcode_id=\u00a0\u00bb152492&Prime;][vc_column column_width_percent=\u00a0\u00bb100&Prime; position_vertical=\u00a0\u00bbmiddle\u00a0\u00bb align_horizontal=\u00a0\u00bbalign_center\u00a0\u00bb gutter_size=\u00a0\u00bb3&Prime; overlay_alpha=\u00a0\u00bb50&Prime; shift_x=\u00a0\u00bb0&Prime; shift_y=\u00a0\u00bb0&Prime; [&hellip;]\" \/>\n<meta property=\"og:url\" content=\"https:\/\/canbebe.com\/fr\/calendrier-de-grossesse\/38-hafta\/\" \/>\n<meta property=\"og:site_name\" content=\"Canbebe\" \/>\n<meta property=\"article:modified_time\" content=\"2024-04-09T14:53:33+00:00\" \/>\n<meta name=\"twitter:card\" content=\"summary_large_image\" \/>\n<script type=\"application\/ld+json\" class=\"yoast-schema-graph\">{\"@context\":\"https:\\\/\\\/schema.org\",\"@graph\":[{\"@type\":\"WebPage\",\"@id\":\"https:\\\/\\\/canbebe.com\\\/fr\\\/calendrier-de-grossesse\\\/38-hafta\\\/\",\"url\":\"https:\\\/\\\/canbebe.com\\\/fr\\\/calendrier-de-grossesse\\\/38-hafta\\\/\",\"name\":\"Semaine 38 - Canbebe\",\"isPartOf\":{\"@id\":\"https:\\\/\\\/canbebe.com\\\/fr\\\/#website\"},\"primaryImageOfPage\":{\"@id\":\"https:\\\/\\\/canbebe.com\\\/fr\\\/calendrier-de-grossesse\\\/38-hafta\\\/#primaryimage\"},\"image\":{\"@id\":\"https:\\\/\\\/canbebe.com\\\/fr\\\/calendrier-de-grossesse\\\/38-hafta\\\/#primaryimage\"},\"thumbnailUrl\":\"https:\\\/\\\/canbebe.com\\\/wp-content\\\/uploads\\\/2023\\\/12\\\/Fruits-11.svg\",\"datePublished\":\"2023-11-24T10:56:41+00:00\",\"dateModified\":\"2024-04-09T14:53:33+00:00\",\"breadcrumb\":{\"@id\":\"https:\\\/\\\/canbebe.com\\\/fr\\\/calendrier-de-grossesse\\\/38-hafta\\\/#breadcrumb\"},\"inLanguage\":\"fr-FR\",\"potentialAction\":[{\"@type\":\"ReadAction\",\"target\":[\"https:\\\/\\\/canbebe.com\\\/fr\\\/calendrier-de-grossesse\\\/38-hafta\\\/\"]}]},{\"@type\":\"ImageObject\",\"inLanguage\":\"fr-FR\",\"@id\":\"https:\\\/\\\/canbebe.com\\\/fr\\\/calendrier-de-grossesse\\\/38-hafta\\\/#primaryimage\",\"url\":\"https:\\\/\\\/canbebe.com\\\/wp-content\\\/uploads\\\/2023\\\/12\\\/Fruits-11.svg\",\"contentUrl\":\"https:\\\/\\\/canbebe.com\\\/wp-content\\\/uploads\\\/2023\\\/12\\\/Fruits-11.svg\",\"width\":\"72\",\"height\":\"72\"},{\"@type\":\"BreadcrumbList\",\"@id\":\"https:\\\/\\\/canbebe.com\\\/fr\\\/calendrier-de-grossesse\\\/38-hafta\\\/#breadcrumb\",\"itemListElement\":[{\"@type\":\"ListItem\",\"position\":1,\"name\":\"Accueil\",\"item\":\"https:\\\/\\\/canbebe.com\\\/fr\\\/\"},{\"@type\":\"ListItem\",\"position\":2,\"name\":\"Calendrier de Grossesse\",\"item\":\"https:\\\/\\\/canbebe.com\\\/fr\\\/calendrier-de-grossesse\\\/\"},{\"@type\":\"ListItem\",\"position\":3,\"name\":\"Semaine 38\"}]},{\"@type\":\"WebSite\",\"@id\":\"https:\\\/\\\/canbebe.com\\\/fr\\\/#website\",\"url\":\"https:\\\/\\\/canbebe.com\\\/fr\\\/\",\"name\":\"Canbebe\",\"description\":\"Canbebe\",\"publisher\":{\"@id\":\"https:\\\/\\\/canbebe.com\\\/fr\\\/#organization\"},\"potentialAction\":[{\"@type\":\"SearchAction\",\"target\":{\"@type\":\"EntryPoint\",\"urlTemplate\":\"https:\\\/\\\/canbebe.com\\\/fr\\\/?s={search_term_string}\"},\"query-input\":{\"@type\":\"PropertyValueSpecification\",\"valueRequired\":true,\"valueName\":\"search_term_string\"}}],\"inLanguage\":\"fr-FR\"},{\"@type\":\"Organization\",\"@id\":\"https:\\\/\\\/canbebe.com\\\/fr\\\/#organization\",\"name\":\"Canbebe\",\"url\":\"https:\\\/\\\/canbebe.com\\\/fr\\\/\",\"logo\":{\"@type\":\"ImageObject\",\"inLanguage\":\"fr-FR\",\"@id\":\"https:\\\/\\\/canbebe.com\\\/fr\\\/#\\\/schema\\\/logo\\\/image\\\/\",\"url\":\"https:\\\/\\\/canbebe.com\\\/wp-content\\\/uploads\\\/2023\\\/11\\\/logo-canbebe.png\",\"contentUrl\":\"https:\\\/\\\/canbebe.com\\\/wp-content\\\/uploads\\\/2023\\\/11\\\/logo-canbebe.png\",\"width\":398,\"height\":84,\"caption\":\"Canbebe\"},\"image\":{\"@id\":\"https:\\\/\\\/canbebe.com\\\/fr\\\/#\\\/schema\\\/logo\\\/image\\\/\"}}]}<\/script>\n<!-- \/ Yoast SEO plugin. -->","yoast_head_json":{"title":"Semaine 38 - Canbebe","robots":{"index":"index","follow":"follow","max-snippet":"max-snippet:-1","max-image-preview":"max-image-preview:large","max-video-preview":"max-video-preview:-1"},"canonical":"https:\/\/canbebe.com\/fr\/calendrier-de-grossesse\/38-hafta\/","og_locale":"fr_FR","og_type":"article","og_title":"Semaine 38 - Canbebe","og_description":"[vc_row row_height_percent=\u00a0\u00bb0&Prime; override_padding=\u00a0\u00bbyes\u00a0\u00bb h_padding=\u00a0\u00bb2&Prime; top_padding=\u00a0\u00bb2&Prime; bottom_padding=\u00a0\u00bb0&Prime; overlay_alpha=\u00a0\u00bb50&Prime; equal_height=\u00a0\u00bbyes\u00a0\u00bb gutter_size=\u00a0\u00bb2&Prime; column_width_percent=\u00a0\u00bb100&Prime; shift_y=\u00a0\u00bb-3&Prime; z_index=\u00a0\u00bb0&Prime; uncode_shortcode_id=\u00a0\u00bb152492&Prime;][vc_column column_width_percent=\u00a0\u00bb100&Prime; position_vertical=\u00a0\u00bbmiddle\u00a0\u00bb align_horizontal=\u00a0\u00bbalign_center\u00a0\u00bb gutter_size=\u00a0\u00bb3&Prime; overlay_alpha=\u00a0\u00bb50&Prime; shift_x=\u00a0\u00bb0&Prime; shift_y=\u00a0\u00bb0&Prime; [&hellip;]","og_url":"https:\/\/canbebe.com\/fr\/calendrier-de-grossesse\/38-hafta\/","og_site_name":"Canbebe","article_modified_time":"2024-04-09T14:53:33+00:00","twitter_card":"summary_large_image","schema":{"@context":"https:\/\/schema.org","@graph":[{"@type":"WebPage","@id":"https:\/\/canbebe.com\/fr\/calendrier-de-grossesse\/38-hafta\/","url":"https:\/\/canbebe.com\/fr\/calendrier-de-grossesse\/38-hafta\/","name":"Semaine 38 - Canbebe","isPartOf":{"@id":"https:\/\/canbebe.com\/fr\/#website"},"primaryImageOfPage":{"@id":"https:\/\/canbebe.com\/fr\/calendrier-de-grossesse\/38-hafta\/#primaryimage"},"image":{"@id":"https:\/\/canbebe.com\/fr\/calendrier-de-grossesse\/38-hafta\/#primaryimage"},"thumbnailUrl":"https:\/\/canbebe.com\/wp-content\/uploads\/2023\/12\/Fruits-11.svg","datePublished":"2023-11-24T10:56:41+00:00","dateModified":"2024-04-09T14:53:33+00:00","breadcrumb":{"@id":"https:\/\/canbebe.com\/fr\/calendrier-de-grossesse\/38-hafta\/#breadcrumb"},"inLanguage":"fr-FR","potentialAction":[{"@type":"ReadAction","target":["https:\/\/canbebe.com\/fr\/calendrier-de-grossesse\/38-hafta\/"]}]},{"@type":"ImageObject","inLanguage":"fr-FR","@id":"https:\/\/canbebe.com\/fr\/calendrier-de-grossesse\/38-hafta\/#primaryimage","url":"https:\/\/canbebe.com\/wp-content\/uploads\/2023\/12\/Fruits-11.svg","contentUrl":"https:\/\/canbebe.com\/wp-content\/uploads\/2023\/12\/Fruits-11.svg","width":"72","height":"72"},{"@type":"BreadcrumbList","@id":"https:\/\/canbebe.com\/fr\/calendrier-de-grossesse\/38-hafta\/#breadcrumb","itemListElement":[{"@type":"ListItem","position":1,"name":"Accueil","item":"https:\/\/canbebe.com\/fr\/"},{"@type":"ListItem","position":2,"name":"Calendrier de Grossesse","item":"https:\/\/canbebe.com\/fr\/calendrier-de-grossesse\/"},{"@type":"ListItem","position":3,"name":"Semaine 38"}]},{"@type":"WebSite","@id":"https:\/\/canbebe.com\/fr\/#website","url":"https:\/\/canbebe.com\/fr\/","name":"Canbebe","description":"Canbebe","publisher":{"@id":"https:\/\/canbebe.com\/fr\/#organization"},"potentialAction":[{"@type":"SearchAction","target":{"@type":"EntryPoint","urlTemplate":"https:\/\/canbebe.com\/fr\/?s={search_term_string}"},"query-input":{"@type":"PropertyValueSpecification","valueRequired":true,"valueName":"search_term_string"}}],"inLanguage":"fr-FR"},{"@type":"Organization","@id":"https:\/\/canbebe.com\/fr\/#organization","name":"Canbebe","url":"https:\/\/canbebe.com\/fr\/","logo":{"@type":"ImageObject","inLanguage":"fr-FR","@id":"https:\/\/canbebe.com\/fr\/#\/schema\/logo\/image\/","url":"https:\/\/canbebe.com\/wp-content\/uploads\/2023\/11\/logo-canbebe.png","contentUrl":"https:\/\/canbebe.com\/wp-content\/uploads\/2023\/11\/logo-canbebe.png","width":398,"height":84,"caption":"Canbebe"},"image":{"@id":"https:\/\/canbebe.com\/fr\/#\/schema\/logo\/image\/"}}]}},"_links":{"self":[{"href":"https:\/\/canbebe.com\/fr\/wp-json\/wp\/v2\/pages\/2461","targetHints":{"allow":["GET"]}}],"collection":[{"href":"https:\/\/canbebe.com\/fr\/wp-json\/wp\/v2\/pages"}],"about":[{"href":"https:\/\/canbebe.com\/fr\/wp-json\/wp\/v2\/types\/page"}],"author":[{"embeddable":true,"href":"https:\/\/canbebe.com\/fr\/wp-json\/wp\/v2\/users\/3"}],"replies":[{"embeddable":true,"href":"https:\/\/canbebe.com\/fr\/wp-json\/wp\/v2\/comments?post=2461"}],"version-history":[{"count":0,"href":"https:\/\/canbebe.com\/fr\/wp-json\/wp\/v2\/pages\/2461\/revisions"}],"up":[{"embeddable":true,"href":"https:\/\/canbebe.com\/fr\/wp-json\/wp\/v2\/pages\/2268"}],"wp:featuredmedia":[{"embeddable":true,"href":"https:\/\/canbebe.com\/fr\/wp-json\/wp\/v2\/media\/1095"}],"wp:attachment":[{"href":"https:\/\/canbebe.com\/fr\/wp-json\/wp\/v2\/media?parent=2461"}],"curies":[{"name":"wp","href":"https:\/\/api.w.org\/{rel}","templated":true}]}}