{"id":2434,"date":"2023-11-24T08:33:22","date_gmt":"2023-11-24T08:33:22","guid":{"rendered":"https:\/\/canbebe.com\/?page_id=2434"},"modified":"2024-04-09T14:51:49","modified_gmt":"2024-04-09T14:51:49","slug":"5-hafta","status":"publish","type":"page","link":"https:\/\/canbebe.com\/fr\/calendrier-de-grossesse\/5-hafta\/","title":{"rendered":"Semaine 5"},"content":{"rendered":"<div class=\"wpb-content-wrapper\"><p>[vc_row row_height_percent=\u00a0\u00bb0&Prime; override_padding=\u00a0\u00bbyes\u00a0\u00bb h_padding=\u00a0\u00bb2&Prime; top_padding=\u00a0\u00bb2&Prime; bottom_padding=\u00a0\u00bb0&Prime; overlay_alpha=\u00a0\u00bb50&Prime; equal_height=\u00a0\u00bbyes\u00a0\u00bb gutter_size=\u00a0\u00bb2&Prime; column_width_percent=\u00a0\u00bb100&Prime; shift_y=\u00a0\u00bb-3&Prime; z_index=\u00a0\u00bb0&Prime; uncode_shortcode_id=\u00a0\u00bb152492&Prime;][vc_column column_width_use_pixel=\u00a0\u00bbyes\u00a0\u00bb position_horizontal=\u00a0\u00bbright\u00a0\u00bb gutter_size=\u00a0\u00bb2&Prime; overlay_alpha=\u00a0\u00bb50&Prime; shift_x=\u00a0\u00bb0&Prime; shift_y=\u00a0\u00bb-5&Prime; shift_y_down=\u00a0\u00bb-5&Prime; z_index=\u00a0\u00bb0&Prime; medium_width=\u00a0\u00bb0&Prime; mobile_width=\u00a0\u00bb0&Prime; width=\u00a0\u00bb7\/12&Prime; uncode_shortcode_id=\u00a0\u00bb133000&Prime; column_width_pixel=\u00a0\u00bb600&Prime; el_id=\u00a0\u00bbhafta-nav\u00a0\u00bb][vc_custom_heading heading_semantic=\u00a0\u00bbh4&Prime; text_size=\u00a0\u00bb\u00a0\u00bb uncode_shortcode_id=\u00a0\u00bb137430&Prime;]Taille et poids du b\u00e9b\u00e9[\/vc_custom_heading][vc_column_text uncode_shortcode_id=\u00a0\u00bb185108&Prime;]Au cours de la cinqui\u00e8me semaine de grossesse, la taille du b\u00e9b\u00e9 est d&rsquo;environ 1,5 \u00e0 2 mm, soit environ la taille d&rsquo;un p\u00e9pin de pomme. Son poids est d&rsquo;environ 1,5 gramme.[\/vc_column_text][vc_row_inner limit_content=\u00a0\u00bb\u00a0\u00bb][vc_column_inner width=\u00a0\u00bb1\/1&Prime;][\/vc_column_inner][\/vc_row_inner][\/vc_column][\/vc_row][vc_row row_height_percent=\u00a0\u00bb0&Prime; override_padding=\u00a0\u00bbyes\u00a0\u00bb h_padding=\u00a0\u00bb2&Prime; top_padding=\u00a0\u00bb1&Prime; bottom_padding=\u00a0\u00bb2&Prime; overlay_alpha=\u00a0\u00bb50&Prime; gutter_size=\u00a0\u00bb3&Prime; column_width_percent=\u00a0\u00bb100&Prime; shift_y=\u00a0\u00bb0&Prime; z_index=\u00a0\u00bb0&Prime; uncode_shortcode_id=\u00a0\u00bb137824&Prime;][vc_column width=\u00a0\u00bb1\/1&Prime;][vc_custom_heading heading_semantic=\u00a0\u00bbh4&Prime; text_size=\u00a0\u00bb\u00a0\u00bb uncode_shortcode_id=\u00a0\u00bb134931&Prime;]Le D\u00e9veloppement du B\u00e9b\u00e9[\/vc_custom_heading][vc_row_inner limit_content=\u00a0\u00bb\u00a0\u00bb][vc_column_inner width=\u00a0\u00bb5\/12&Prime;][vc_single_image media=\u00a0\u00bb1129&Prime; media_width_percent=\u00a0\u00bb100&Prime; uncode_shortcode_id=\u00a0\u00bb185522&Prime;][\/vc_column_inner][vc_column_inner width=\u00a0\u00bb7\/12&Prime;][vc_column_text uncode_shortcode_id=\u00a0\u00bb770602&Prime;]\u00c0 la cinqui\u00e8me semaine de grossesse, votre b\u00e9b\u00e9, encore aussi petit qu&rsquo;un point, est pr\u00eat \u00e0 subir des transformations miraculeuses pour grandir en vous. C&rsquo;est encore un tout nouvel embryon ! Les cellules de l&#8217;embryon se regroupent pour former le tube neural. Pendant cette p\u00e9riode, l&#8217;embryon d\u00e9veloppe les trois couches principales appel\u00e9es l&rsquo;ectoderme, le m\u00e9soderme et l&rsquo;endoderme. L&rsquo;ectoderme forme le syst\u00e8me nerveux du b\u00e9b\u00e9, le syst\u00e8me de la moelle \u00e9pini\u00e8re, les oreilles, les yeux, les tissus conjonctifs, l&rsquo;oreille interne, la peau et les poils. Le m\u00e9soderme forme le c\u0153ur, le syst\u00e8me circulatoire et les organes internes. Ce m\u00eame tissu facilite ult\u00e9rieurement la formation des muscles, des os, des organes reproducteurs et des reins. L&rsquo;endoderme est la couche qui forme les organes internes tels que les poumons, les intestins, la vessie, la thyro\u00efde et le pancr\u00e9as.<\/p>\n<p>Les premi\u00e8res \u00e9tapes de la formation du cerveau, compos\u00e9 de deux structures, ainsi que du coccyx, ont commenc\u00e9 \u00e0 se former. \u00c0 5 semaines, le b\u00e9b\u00e9 prend une apparence de tube s&rsquo;\u00e9tendant de la t\u00eate \u00e0 la queue. Tout au long de ce tube, les bases de la formation de certains organes sont pos\u00e9es. Au cours de la cinqui\u00e8me semaine, l&#8217;embryon continue son d\u00e9veloppement \u00e0 l&rsquo;int\u00e9rieur d&rsquo;une bulle remplie de liquide appel\u00e9e sac amniotique et grandit \u00e0 l&rsquo;int\u00e9rieur de ce sac tout au long de la grossesse. Pendant plusieurs semaines, le b\u00e9b\u00e9 est nourri uniquement par une structure recouverte de membrane appel\u00e9e le sac vitellin. \u00c0 partir de la cinqui\u00e8me semaine de grossesse, le placenta continue de produire des cellules sanguines jusqu&rsquo;\u00e0 ce qu&rsquo;il soit enti\u00e8rement form\u00e9. Alors que le sac vitellin continue de fournir des cellules sanguines au b\u00e9b\u00e9, le placenta et le cordon ombilical commenceront \u00e0 remplir leur r\u00f4le envers la m\u00e8re du b\u00e9b\u00e9, assurant ainsi sa survie.[\/vc_column_text][\/vc_column_inner][\/vc_row_inner][vc_custom_heading heading_semantic=\u00a0\u00bbh4&Prime; text_size=\u00a0\u00bb\u00a0\u00bb uncode_shortcode_id=\u00a0\u00bb108190&Prime;]Image \u00e9chographique[\/vc_custom_heading][vc_row_inner limit_content=\u00a0\u00bb\u00a0\u00bb][vc_column_inner width=\u00a0\u00bb5\/12&Prime;][vc_single_image media=\u00a0\u00bb1127&Prime; media_width_percent=\u00a0\u00bb100&Prime; uncode_shortcode_id=\u00a0\u00bb347459&Prime;][\/vc_column_inner][vc_column_inner width=\u00a0\u00bb7\/12&Prime;][vc_column_text uncode_shortcode_id=\u00a0\u00bb161814&Prime;]\u00c0 la cinqui\u00e8me semaine de grossesse, le d\u00e9veloppement de votre b\u00e9b\u00e9 se poursuit de mani\u00e8re passionnante. En g\u00e9n\u00e9ral, les futures mamans se demandent si le b\u00e9b\u00e9 de 5 semaines est visible lors d&rsquo;une \u00e9chographie. La premi\u00e8re \u00e9chographie est g\u00e9n\u00e9ralement effectu\u00e9e par voie vaginale pour une \u00e9valuation plus pr\u00e9cise de la grossesse. \u00c9tant encore un amas de cellules en d\u00e9veloppement rapide, le b\u00e9b\u00e9 appara\u00eet comme un petit point blanc \u00e0 l&rsquo;\u00e9chographie. \u00c0 l&rsquo;\u00e9chographie, le b\u00e9b\u00e9 de 5 semaines ressemble \u00e0 une minuscule grenouille. Vers la fin de cette semaine, il est compar\u00e9 \u00e0 une crevette en raison de la forme en C qu&rsquo;il commence \u00e0 prendre. Votre m\u00e9decin mesurera la taille de cette image de votre b\u00e9b\u00e9 lors de l&rsquo;\u00e9chographie. Le c\u0153ur commence \u00e0 battre \u00e0 partir de la cinqui\u00e8me semaine de grossesse, mais son son ne sera pas audible \u00e0 l&rsquo;\u00e9chographie. Le c\u0153ur, le premier organe \u00e0 commencer \u00e0 fonctionner, effectue en moyenne 90 \u00e0 100 battements par minute cette semaine. \u00c0 la cinqui\u00e8me semaine de grossesse, dans le sac de grossesse du b\u00e9b\u00e9, la moelle \u00e9pini\u00e8re commencera \u00e0 se former entre le cerveau et la queue.[\/vc_column_text][\/vc_column_inner][\/vc_row_inner][vc_custom_heading heading_semantic=\u00a0\u00bbh4&Prime; text_size=\u00a0\u00bb\u00a0\u00bb uncode_shortcode_id=\u00a0\u00bb201939&Prime;]Changements dans le corps de la m\u00e8re[\/vc_custom_heading][vc_column_text uncode_shortcode_id=\u00a0\u00bb248501&Prime;]Les hormones de la grossesse commencent \u00e0 \u00eatre rapidement s\u00e9cr\u00e9t\u00e9es dans le corps de la future m\u00e8re d\u00e8s qu&rsquo;elle tombe enceinte. Les sympt\u00f4mes de la grossesse commencent \u00e0 appara\u00eetre chez la m\u00e8re \u00e0 la cinqui\u00e8me semaine. Le retard des r\u00e8gles est le sympt\u00f4me de grossesse le plus \u00e9vident parmi les sympt\u00f4mes. Les futures mamans ayant des irr\u00e9gularit\u00e9s menstruelles peuvent ne pas remarquer qu&rsquo;elles sont enceintes. Les futures mamans dont la date de r\u00e8gles est d\u00e9pass\u00e9e effectuent g\u00e9n\u00e9ralement un test de grossesse \u00e0 la maison en premier lieu. Si le test de grossesse effectu\u00e9 avec de l&rsquo;urine est positif, cela signifie une grossesse. Certaines futures mamans peuvent avoir un niveau bas de b\u00eata-hCG (hormone de grossesse) \u00e0 la 5e semaine de grossesse, et dans ce cas, le test d&rsquo;urine peut ne pas donner de r\u00e9sultat positif. Dans une telle situation, la future maman peut demander \u00e0 son m\u00e9decin de faire un test de grossesse par prise de sang. Lors de la premi\u00e8re consultation, le m\u00e9decin demande le groupe sanguin et la d\u00e9termination du facteur Rh, une num\u00e9ration globulaire compl\u00e8te, un test de jaunisse (h\u00e9patite B), une analyse d&rsquo;urine et une culture d&rsquo;urine, ainsi que les valeurs de la rub\u00e9ole, de la toxoplasmose et du CMV.<\/p>\n<p>La sensation de somnolence et de fatigue peut \u00e9galement \u00eatre observ\u00e9e parmi les sympt\u00f4mes de la grossesse \u00e0 5 semaines chez les futures mamans. Certaines futures mamans peuvent commencer \u00e0 ressentir des naus\u00e9es l\u00e9g\u00e8res ou s\u00e9v\u00e8res, ainsi que des vomissements. Certains futures mamans, cependant, ne ressentent pas de naus\u00e9es tout au long de la grossesse. La sensibilit\u00e9 des seins peut commencer \u00e0 se manifester. Situations telles que la fr\u00e9quence accrue des mictions et les envies peuvent se manifester. L&rsquo;exc\u00e8s de salivation peut \u00e9galement \u00eatre un sympt\u00f4me de la cinqui\u00e8me semaine de grossesse. En raison d&rsquo;une sensibilit\u00e9 olfactive accrue, certaines femmes peuvent ressentir du d\u00e9go\u00fbt pour certains aliments. De plus, une sensation de go\u00fbt m\u00e9tallique peut \u00eatre ressentie dans la bouche.<\/p>\n<p>Certaines futures mamans peuvent pr\u00e9senter des saignements \u00e0 la cinqui\u00e8me semaine de grossesse. En cas de saignement \u00e0 la cinqui\u00e8me semaine de grossesse, la future maman doit absolument en informer son m\u00e9decin. M\u00eame si le m\u00e9decin indique que tout va bien avec le b\u00e9b\u00e9 pendant l&rsquo;examen, il peut conseiller \u00e0 la future maman de passer par une grossesse plus attentive. Et il peut recommander de suivre de plus pr\u00e8s la future maman.[\/vc_column_text][\/vc_column][\/vc_row][vc_row][vc_column width=\u00a0\u00bb1\/1&Prime;][vc_custom_heading heading_semantic=\u00a0\u00bbh4&Prime; text_size=\u00a0\u00bbh4&Prime; uncode_shortcode_id=\u00a0\u00bb188313&Prime;]Pens\u00e9es des conjoints ?[\/vc_custom_heading][vc_column_text uncode_shortcode_id=\u00a0\u00bb545354&Prime;]Les futures mamans qui apprennent leur grossesse \u00e0 5 semaines partagent g\u00e9n\u00e9ralement la nouvelle joyeuse avec leurs conjoints en premier. Cette nouvelle peut r\u00e9jouir certains hommes, tandis que pour d&rsquo;autres, elle peut entra\u00eener une r\u00e9action mitig\u00e9e ou m\u00eame neutre. La compr\u00e9hension mutuelle et une communication calme ont une contribution significative pendant cette p\u00e9riode importante en tant que couple, alors qu&rsquo;ils entrent dans une nouvelle phase. Le fait pour les p\u00e8res de se renseigner sur la grossesse et les soins du b\u00e9b\u00e9, d&rsquo;assister aux consultations pr\u00e9natales avec leur partenaire, et de jouer un r\u00f4le actif dans toutes les d\u00e9cisions prises pendant la grossesse et l&rsquo;accouchement renforcera leurs liens avec leur partenaire et leur b\u00e9b\u00e9 tout au long du voyage de la paternit\u00e9.[\/vc_column_text][vc_custom_heading heading_semantic=\u00a0\u00bbh4&Prime; text_size=\u00a0\u00bbh4&Prime; uncode_shortcode_id=\u00a0\u00bb147993&Prime;]Choses \u00e0 prendre en compte[\/vc_custom_heading][vc_column_text uncode_shortcode_id=\u00a0\u00bb181581&Prime;]Si vous avez des naus\u00e9es et des vomissements \u00e0 la cinqui\u00e8me semaine de grossesse, vous devriez consommer des aliments fr\u00e9quents mais en petites quantit\u00e9s, sans \u00e9pices et sans gras. Si possible, \u00e9vitez de cuisiner \u00e0 la maison, car la sensibilit\u00e9 aux odeurs est l&rsquo;une des principales causes des naus\u00e9es pendant ces semaines. Si vous avez des naus\u00e9es, il est suffisant de boire des liquides \u00e0 petites gorg\u00e9es et de terminer un verre d&rsquo;eau en une heure pour maintenir une bonne hydratation. Si la gravit\u00e9 des naus\u00e9es et des vomissements augmente, vous pouvez \u00e9galement commencer \u00e0 prendre des m\u00e9dicaments anti-naus\u00e9eux sur recommandation de votre m\u00e9decin.<\/p>\n<p>\u00c0 partir de la cinqui\u00e8me semaine de grossesse et pendant environ 2 mois, il s&rsquo;agit de semaines critiques pour le d\u00e9veloppement du tube neural du b\u00e9b\u00e9. Par cons\u00e9quent, si vous n&rsquo;avez pas commenc\u00e9 la suppl\u00e9mentation en acide folique avant la grossesse, il est tr\u00e8s important de commencer d\u00e8s que vous apprenez la nouvelle de la grossesse \u00e0 la cinqui\u00e8me semaine, afin de pr\u00e9venir les d\u00e9fauts du tube neural chez votre b\u00e9b\u00e9. Les m\u00e9decins recommandent aux futures mamans de prendre quotidiennement des suppl\u00e9ments d&rsquo;acide folique au cours des premiers 2 \u00e0 3 mois de la grossesse pour assurer le d\u00e9veloppement sain du tube neural, qui comprend le tissu c\u00e9r\u00e9bral et la moelle \u00e9pini\u00e8re.<\/p>\n<p>\u00c0 partir de la cinqui\u00e8me semaine de grossesse, vous devez commencer \u00e0 faire attention \u00e0 votre alimentation. Vous devriez avoir une alimentation riche en prot\u00e9ines et faire attention \u00e0 ne pas consommer trop d&rsquo;aliments sucr\u00e9s. Si vous avez des envies excessives de manger, vous devriez partager cette situation avec votre m\u00e9decin. Votre m\u00e9decin cr\u00e9era un programme nutritionnel sp\u00e9cifique pour vous.[\/vc_column_text][\/vc_column][\/vc_row][vc_row][vc_column width=\u00a0\u00bb1\/1&Prime;][uncode_block id=\u00a0\u00bb989&Prime;][uncode_block id=\u00a0\u00bb601&Prime;][vc_row_inner limit_content=\u00a0\u00bb\u00a0\u00bb][vc_column_inner width=\u00a0\u00bb1\/1&Prime;][\/vc_column_inner][\/vc_row_inner][\/vc_column][\/vc_row]<\/p>\n<\/div>","protected":false},"excerpt":{"rendered":"<p>[vc_row row_height_percent=\u00a0\u00bb0&Prime; override_padding=\u00a0\u00bbyes\u00a0\u00bb h_padding=\u00a0\u00bb2&Prime; top_padding=\u00a0\u00bb2&Prime; bottom_padding=\u00a0\u00bb0&Prime; overlay_alpha=\u00a0\u00bb50&Prime; equal_height=\u00a0\u00bbyes\u00a0\u00bb gutter_size=\u00a0\u00bb2&Prime; column_width_percent=\u00a0\u00bb100&Prime; shift_y=\u00a0\u00bb-3&Prime; z_index=\u00a0\u00bb0&Prime; uncode_shortcode_id=\u00a0\u00bb152492&Prime;][vc_column column_width_use_pixel=\u00a0\u00bbyes\u00a0\u00bb position_horizontal=\u00a0\u00bbright\u00a0\u00bb gutter_size=\u00a0\u00bb2&Prime; overlay_alpha=\u00a0\u00bb50&Prime; shift_x=\u00a0\u00bb0&Prime; shift_y=\u00a0\u00bb-5&Prime; shift_y_down=\u00a0\u00bb-5&Prime; [&hellip;]<\/p>\n","protected":false},"author":3,"featured_media":1974,"parent":2268,"menu_order":0,"comment_status":"closed","ping_status":"closed","template":"","meta":{"_monsterinsights_skip_tracking":false,"_monsterinsights_sitenote_active":false,"_monsterinsights_sitenote_note":"","_monsterinsights_sitenote_category":0,"footnotes":""},"class_list":["post-2434","page","type-page","status-publish","has-post-thumbnail","hentry","page_category-semaine-par-semaine"],"yoast_head":"<!-- This site is optimized with the Yoast SEO plugin v27.4 - https:\/\/yoast.com\/product\/yoast-seo-wordpress\/ -->\n<title>Semaine 5 - Canbebe<\/title>\n<meta name=\"robots\" content=\"index, follow, max-snippet:-1, max-image-preview:large, max-video-preview:-1\" \/>\n<link rel=\"canonical\" href=\"https:\/\/canbebe.com\/fr\/calendrier-de-grossesse\/5-hafta\/\" \/>\n<meta property=\"og:locale\" content=\"fr_FR\" \/>\n<meta property=\"og:type\" content=\"article\" \/>\n<meta property=\"og:title\" content=\"Semaine 5 - Canbebe\" \/>\n<meta property=\"og:description\" content=\"[vc_row row_height_percent=\u00a0\u00bb0&Prime; override_padding=\u00a0\u00bbyes\u00a0\u00bb h_padding=\u00a0\u00bb2&Prime; top_padding=\u00a0\u00bb2&Prime; bottom_padding=\u00a0\u00bb0&Prime; overlay_alpha=\u00a0\u00bb50&Prime; equal_height=\u00a0\u00bbyes\u00a0\u00bb gutter_size=\u00a0\u00bb2&Prime; column_width_percent=\u00a0\u00bb100&Prime; shift_y=\u00a0\u00bb-3&Prime; z_index=\u00a0\u00bb0&Prime; uncode_shortcode_id=\u00a0\u00bb152492&Prime;][vc_column column_width_use_pixel=\u00a0\u00bbyes\u00a0\u00bb position_horizontal=\u00a0\u00bbright\u00a0\u00bb gutter_size=\u00a0\u00bb2&Prime; overlay_alpha=\u00a0\u00bb50&Prime; shift_x=\u00a0\u00bb0&Prime; shift_y=\u00a0\u00bb-5&Prime; shift_y_down=\u00a0\u00bb-5&Prime; [&hellip;]\" \/>\n<meta property=\"og:url\" content=\"https:\/\/canbebe.com\/fr\/calendrier-de-grossesse\/5-hafta\/\" \/>\n<meta property=\"og:site_name\" content=\"Canbebe\" \/>\n<meta property=\"article:modified_time\" content=\"2024-04-09T14:51:49+00:00\" \/>\n<meta name=\"twitter:card\" content=\"summary_large_image\" \/>\n<script type=\"application\/ld+json\" class=\"yoast-schema-graph\">{\"@context\":\"https:\\\/\\\/schema.org\",\"@graph\":[{\"@type\":\"WebPage\",\"@id\":\"https:\\\/\\\/canbebe.com\\\/fr\\\/calendrier-de-grossesse\\\/5-hafta\\\/\",\"url\":\"https:\\\/\\\/canbebe.com\\\/fr\\\/calendrier-de-grossesse\\\/5-hafta\\\/\",\"name\":\"Semaine 5 - Canbebe\",\"isPartOf\":{\"@id\":\"https:\\\/\\\/canbebe.com\\\/fr\\\/#website\"},\"primaryImageOfPage\":{\"@id\":\"https:\\\/\\\/canbebe.com\\\/fr\\\/calendrier-de-grossesse\\\/5-hafta\\\/#primaryimage\"},\"image\":{\"@id\":\"https:\\\/\\\/canbebe.com\\\/fr\\\/calendrier-de-grossesse\\\/5-hafta\\\/#primaryimage\"},\"thumbnailUrl\":\"https:\\\/\\\/canbebe.com\\\/wp-content\\\/uploads\\\/2023\\\/12\\\/Fruits-13.svg\",\"datePublished\":\"2023-11-24T08:33:22+00:00\",\"dateModified\":\"2024-04-09T14:51:49+00:00\",\"breadcrumb\":{\"@id\":\"https:\\\/\\\/canbebe.com\\\/fr\\\/calendrier-de-grossesse\\\/5-hafta\\\/#breadcrumb\"},\"inLanguage\":\"fr-FR\",\"potentialAction\":[{\"@type\":\"ReadAction\",\"target\":[\"https:\\\/\\\/canbebe.com\\\/fr\\\/calendrier-de-grossesse\\\/5-hafta\\\/\"]}]},{\"@type\":\"ImageObject\",\"inLanguage\":\"fr-FR\",\"@id\":\"https:\\\/\\\/canbebe.com\\\/fr\\\/calendrier-de-grossesse\\\/5-hafta\\\/#primaryimage\",\"url\":\"https:\\\/\\\/canbebe.com\\\/wp-content\\\/uploads\\\/2023\\\/12\\\/Fruits-13.svg\",\"contentUrl\":\"https:\\\/\\\/canbebe.com\\\/wp-content\\\/uploads\\\/2023\\\/12\\\/Fruits-13.svg\",\"width\":\"72\",\"height\":\"72\"},{\"@type\":\"BreadcrumbList\",\"@id\":\"https:\\\/\\\/canbebe.com\\\/fr\\\/calendrier-de-grossesse\\\/5-hafta\\\/#breadcrumb\",\"itemListElement\":[{\"@type\":\"ListItem\",\"position\":1,\"name\":\"Accueil\",\"item\":\"https:\\\/\\\/canbebe.com\\\/fr\\\/\"},{\"@type\":\"ListItem\",\"position\":2,\"name\":\"Calendrier de Grossesse\",\"item\":\"https:\\\/\\\/canbebe.com\\\/fr\\\/calendrier-de-grossesse\\\/\"},{\"@type\":\"ListItem\",\"position\":3,\"name\":\"Semaine 5\"}]},{\"@type\":\"WebSite\",\"@id\":\"https:\\\/\\\/canbebe.com\\\/fr\\\/#website\",\"url\":\"https:\\\/\\\/canbebe.com\\\/fr\\\/\",\"name\":\"Canbebe\",\"description\":\"Canbebe\",\"publisher\":{\"@id\":\"https:\\\/\\\/canbebe.com\\\/fr\\\/#organization\"},\"potentialAction\":[{\"@type\":\"SearchAction\",\"target\":{\"@type\":\"EntryPoint\",\"urlTemplate\":\"https:\\\/\\\/canbebe.com\\\/fr\\\/?s={search_term_string}\"},\"query-input\":{\"@type\":\"PropertyValueSpecification\",\"valueRequired\":true,\"valueName\":\"search_term_string\"}}],\"inLanguage\":\"fr-FR\"},{\"@type\":\"Organization\",\"@id\":\"https:\\\/\\\/canbebe.com\\\/fr\\\/#organization\",\"name\":\"Canbebe\",\"url\":\"https:\\\/\\\/canbebe.com\\\/fr\\\/\",\"logo\":{\"@type\":\"ImageObject\",\"inLanguage\":\"fr-FR\",\"@id\":\"https:\\\/\\\/canbebe.com\\\/fr\\\/#\\\/schema\\\/logo\\\/image\\\/\",\"url\":\"https:\\\/\\\/canbebe.com\\\/wp-content\\\/uploads\\\/2023\\\/11\\\/logo-canbebe.png\",\"contentUrl\":\"https:\\\/\\\/canbebe.com\\\/wp-content\\\/uploads\\\/2023\\\/11\\\/logo-canbebe.png\",\"width\":398,\"height\":84,\"caption\":\"Canbebe\"},\"image\":{\"@id\":\"https:\\\/\\\/canbebe.com\\\/fr\\\/#\\\/schema\\\/logo\\\/image\\\/\"}}]}<\/script>\n<!-- \/ Yoast SEO plugin. -->","yoast_head_json":{"title":"Semaine 5 - Canbebe","robots":{"index":"index","follow":"follow","max-snippet":"max-snippet:-1","max-image-preview":"max-image-preview:large","max-video-preview":"max-video-preview:-1"},"canonical":"https:\/\/canbebe.com\/fr\/calendrier-de-grossesse\/5-hafta\/","og_locale":"fr_FR","og_type":"article","og_title":"Semaine 5 - Canbebe","og_description":"[vc_row row_height_percent=\u00a0\u00bb0&Prime; override_padding=\u00a0\u00bbyes\u00a0\u00bb h_padding=\u00a0\u00bb2&Prime; top_padding=\u00a0\u00bb2&Prime; bottom_padding=\u00a0\u00bb0&Prime; overlay_alpha=\u00a0\u00bb50&Prime; equal_height=\u00a0\u00bbyes\u00a0\u00bb gutter_size=\u00a0\u00bb2&Prime; column_width_percent=\u00a0\u00bb100&Prime; shift_y=\u00a0\u00bb-3&Prime; z_index=\u00a0\u00bb0&Prime; uncode_shortcode_id=\u00a0\u00bb152492&Prime;][vc_column column_width_use_pixel=\u00a0\u00bbyes\u00a0\u00bb position_horizontal=\u00a0\u00bbright\u00a0\u00bb gutter_size=\u00a0\u00bb2&Prime; overlay_alpha=\u00a0\u00bb50&Prime; shift_x=\u00a0\u00bb0&Prime; shift_y=\u00a0\u00bb-5&Prime; shift_y_down=\u00a0\u00bb-5&Prime; [&hellip;]","og_url":"https:\/\/canbebe.com\/fr\/calendrier-de-grossesse\/5-hafta\/","og_site_name":"Canbebe","article_modified_time":"2024-04-09T14:51:49+00:00","twitter_card":"summary_large_image","schema":{"@context":"https:\/\/schema.org","@graph":[{"@type":"WebPage","@id":"https:\/\/canbebe.com\/fr\/calendrier-de-grossesse\/5-hafta\/","url":"https:\/\/canbebe.com\/fr\/calendrier-de-grossesse\/5-hafta\/","name":"Semaine 5 - Canbebe","isPartOf":{"@id":"https:\/\/canbebe.com\/fr\/#website"},"primaryImageOfPage":{"@id":"https:\/\/canbebe.com\/fr\/calendrier-de-grossesse\/5-hafta\/#primaryimage"},"image":{"@id":"https:\/\/canbebe.com\/fr\/calendrier-de-grossesse\/5-hafta\/#primaryimage"},"thumbnailUrl":"https:\/\/canbebe.com\/wp-content\/uploads\/2023\/12\/Fruits-13.svg","datePublished":"2023-11-24T08:33:22+00:00","dateModified":"2024-04-09T14:51:49+00:00","breadcrumb":{"@id":"https:\/\/canbebe.com\/fr\/calendrier-de-grossesse\/5-hafta\/#breadcrumb"},"inLanguage":"fr-FR","potentialAction":[{"@type":"ReadAction","target":["https:\/\/canbebe.com\/fr\/calendrier-de-grossesse\/5-hafta\/"]}]},{"@type":"ImageObject","inLanguage":"fr-FR","@id":"https:\/\/canbebe.com\/fr\/calendrier-de-grossesse\/5-hafta\/#primaryimage","url":"https:\/\/canbebe.com\/wp-content\/uploads\/2023\/12\/Fruits-13.svg","contentUrl":"https:\/\/canbebe.com\/wp-content\/uploads\/2023\/12\/Fruits-13.svg","width":"72","height":"72"},{"@type":"BreadcrumbList","@id":"https:\/\/canbebe.com\/fr\/calendrier-de-grossesse\/5-hafta\/#breadcrumb","itemListElement":[{"@type":"ListItem","position":1,"name":"Accueil","item":"https:\/\/canbebe.com\/fr\/"},{"@type":"ListItem","position":2,"name":"Calendrier de Grossesse","item":"https:\/\/canbebe.com\/fr\/calendrier-de-grossesse\/"},{"@type":"ListItem","position":3,"name":"Semaine 5"}]},{"@type":"WebSite","@id":"https:\/\/canbebe.com\/fr\/#website","url":"https:\/\/canbebe.com\/fr\/","name":"Canbebe","description":"Canbebe","publisher":{"@id":"https:\/\/canbebe.com\/fr\/#organization"},"potentialAction":[{"@type":"SearchAction","target":{"@type":"EntryPoint","urlTemplate":"https:\/\/canbebe.com\/fr\/?s={search_term_string}"},"query-input":{"@type":"PropertyValueSpecification","valueRequired":true,"valueName":"search_term_string"}}],"inLanguage":"fr-FR"},{"@type":"Organization","@id":"https:\/\/canbebe.com\/fr\/#organization","name":"Canbebe","url":"https:\/\/canbebe.com\/fr\/","logo":{"@type":"ImageObject","inLanguage":"fr-FR","@id":"https:\/\/canbebe.com\/fr\/#\/schema\/logo\/image\/","url":"https:\/\/canbebe.com\/wp-content\/uploads\/2023\/11\/logo-canbebe.png","contentUrl":"https:\/\/canbebe.com\/wp-content\/uploads\/2023\/11\/logo-canbebe.png","width":398,"height":84,"caption":"Canbebe"},"image":{"@id":"https:\/\/canbebe.com\/fr\/#\/schema\/logo\/image\/"}}]}},"_links":{"self":[{"href":"https:\/\/canbebe.com\/fr\/wp-json\/wp\/v2\/pages\/2434","targetHints":{"allow":["GET"]}}],"collection":[{"href":"https:\/\/canbebe.com\/fr\/wp-json\/wp\/v2\/pages"}],"about":[{"href":"https:\/\/canbebe.com\/fr\/wp-json\/wp\/v2\/types\/page"}],"author":[{"embeddable":true,"href":"https:\/\/canbebe.com\/fr\/wp-json\/wp\/v2\/users\/3"}],"replies":[{"embeddable":true,"href":"https:\/\/canbebe.com\/fr\/wp-json\/wp\/v2\/comments?post=2434"}],"version-history":[{"count":0,"href":"https:\/\/canbebe.com\/fr\/wp-json\/wp\/v2\/pages\/2434\/revisions"}],"up":[{"embeddable":true,"href":"https:\/\/canbebe.com\/fr\/wp-json\/wp\/v2\/pages\/2268"}],"wp:featuredmedia":[{"embeddable":true,"href":"https:\/\/canbebe.com\/fr\/wp-json\/wp\/v2\/media\/1974"}],"wp:attachment":[{"href":"https:\/\/canbebe.com\/fr\/wp-json\/wp\/v2\/media?parent=2434"}],"curies":[{"name":"wp","href":"https:\/\/api.w.org\/{rel}","templated":true}]}}