{"id":2430,"date":"2023-11-24T11:00:01","date_gmt":"2023-11-24T11:00:01","guid":{"rendered":"https:\/\/canbebe.com\/?page_id=2430"},"modified":"2024-04-30T13:24:12","modified_gmt":"2024-04-30T13:24:12","slug":"6-ay","status":"publish","type":"page","link":"https:\/\/canbebe.com\/fr\/calendrier-de-grossesse\/6-ay\/","title":{"rendered":"6\u00e8me mois"},"content":{"rendered":"<div class=\"wpb-content-wrapper\"><p>[vc_row row_height_percent=\u00a0\u00bb0&Prime; override_padding=\u00a0\u00bbyes\u00a0\u00bb h_padding=\u00a0\u00bb2&Prime; top_padding=\u00a0\u00bb2&Prime; bottom_padding=\u00a0\u00bb0&Prime; overlay_alpha=\u00a0\u00bb50&Prime; equal_height=\u00a0\u00bbyes\u00a0\u00bb gutter_size=\u00a0\u00bb2&Prime; column_width_percent=\u00a0\u00bb100&Prime; shift_y=\u00a0\u00bb-3&Prime; z_index=\u00a0\u00bb0&Prime; uncode_shortcode_id=\u00a0\u00bb152492&Prime;][vc_column column_width_percent=\u00a0\u00bb100&Prime; position_vertical=\u00a0\u00bbmiddle\u00a0\u00bb align_horizontal=\u00a0\u00bbalign_center\u00a0\u00bb gutter_size=\u00a0\u00bb3&Prime; overlay_alpha=\u00a0\u00bb50&Prime; shift_x=\u00a0\u00bb0&Prime; shift_y=\u00a0\u00bb0&Prime; shift_y_down=\u00a0\u00bb0&Prime; z_index=\u00a0\u00bb0&Prime; medium_width=\u00a0\u00bb0&Prime; mobile_width=\u00a0\u00bb0&Prime; radius=\u00a0\u00bbsm\u00a0\u00bb width=\u00a0\u00bb5\/12&Prime; uncode_shortcode_id=\u00a0\u00bb100228&Prime; mobile_height=\u00a0\u00bb300&Prime; el_class=\u00a0\u00bbimg-rounded\u00a0\u00bb][\/vc_column][vc_column column_width_use_pixel=\u00a0\u00bbyes\u00a0\u00bb position_horizontal=\u00a0\u00bbright\u00a0\u00bb gutter_size=\u00a0\u00bb2&Prime; overlay_alpha=\u00a0\u00bb50&Prime; shift_x=\u00a0\u00bb0&Prime; shift_y=\u00a0\u00bb-5&Prime; shift_y_down=\u00a0\u00bb-5&Prime; z_index=\u00a0\u00bb0&Prime; medium_width=\u00a0\u00bb0&Prime; mobile_width=\u00a0\u00bb0&Prime; width=\u00a0\u00bb7\/12&Prime; uncode_shortcode_id=\u00a0\u00bb133000&Prime; column_width_pixel=\u00a0\u00bb600&Prime; el_id=\u00a0\u00bbhafta-nav\u00a0\u00bb][vc_custom_heading heading_semantic=\u00a0\u00bbh4&Prime; text_size=\u00a0\u00bb\u00a0\u00bb uncode_shortcode_id=\u00a0\u00bb129423&Prime;]Taille et poids du b\u00e9b\u00e9[\/vc_custom_heading][vc_column_text uncode_shortcode_id=\u00a0\u00bb975001&Prime;]\u00c0 la fin du 6\u00e8me mois de grossesse, la taille du b\u00e9b\u00e9 est d&rsquo;environ 37-38 centim\u00e8tres, un grand chou-fleur. Son poids est d&rsquo;environ 900 grammes.[\/vc_column_text][\/vc_column][\/vc_row][vc_row][vc_column width=\u00a0\u00bb1\/1&Prime;][vc_custom_heading heading_semantic=\u00a0\u00bbh4&Prime; text_size=\u00a0\u00bb\u00a0\u00bb uncode_shortcode_id=\u00a0\u00bb498054&Prime;]Le D\u00e9veloppement du B\u00e9b\u00e9[\/vc_custom_heading][vc_row_inner limit_content=\u00a0\u00bb\u00a0\u00bb][vc_column_inner width=\u00a0\u00bb5\/12&Prime;][vc_single_image media=\u00a0\u00bb1014&Prime; media_width_percent=\u00a0\u00bb100&Prime; uncode_shortcode_id=\u00a0\u00bb102359&Prime;][\/vc_column_inner][vc_column_inner width=\u00a0\u00bb7\/12&Prime;][vc_column_text uncode_shortcode_id=\u00a0\u00bb100569&Prime;]Votre b\u00e9b\u00e9 continue de grandir rapidement. Entre 3 et 6 mois, il a pris environ 1 kg et sa peau est toujours rose. Il peut mettre ses mains sur son visage et attraper tout ce qu&rsquo;il tient.<\/p>\n<p>Au sixi\u00e8me mois de la grossesse, la peau du b\u00e9b\u00e9 n&rsquo;est pas encore suffisamment remplie de graisse, c&rsquo;est pourquoi elle n&rsquo;est pas encore pleine. Le processus pour devenir un b\u00e9b\u00e9 dodu sera achev\u00e9 au cours des 3 derniers mois de la grossesse. D&rsquo;une part, l&rsquo;environnement de ses organes continue d&rsquo;\u00eatre graiss\u00e9. \u00c0 mesure que l&rsquo;accumulation de graisse augmente sur la peau, les fins poils (lanugo) \u00e0 la surface de la peau tomberont, permettant \u00e0 la graisse de prendre en charge la t\u00e2che de maintenir la chaleur corporelle.[\/vc_column_text][\/vc_column_inner][\/vc_row_inner][vc_column_text uncode_shortcode_id=\u00a0\u00bb206722&Prime;]Le d\u00e9veloppement des liens entre le cerveau et les terminaisons nerveuses s&rsquo;intensifie, compl\u00e9tant ainsi le d\u00e9veloppement de ses sens. Il a commenc\u00e9 \u00e0 ouvrir et fermer ses paupi\u00e8res ce mois-ci, ce qui le rend d\u00e9sormais plus sensible \u00e0 la lumi\u00e8re. Si une lumi\u00e8re vive provient de la paroi abdominale, il peut plisser les yeux.<\/p>\n<p>D\u00e9sormais, la sensibilit\u00e9 aux sons augmente au cours du sixi\u00e8me mois de grossesse. Par exemple, il commencera \u00e0 distinguer votre voix de celle de votre partenaire. Ou il continuera \u00e0 r\u00e9agir en sautant \u00e0 un son soudain.<\/p>\n<p>Son cerveau, et donc sa t\u00eate, ne cesse de grandir. \u00c0 mesure que les signaux du cerveau vers les cellules nerveuses augmentent, le b\u00e9b\u00e9 de 6 mois commence \u00e0 faire des mouvements plus conscients dans l&rsquo;ut\u00e9rus. Selon les recherches, il est indiqu\u00e9 qu&rsquo;une m\u00e9moire primitive se forme chez le b\u00e9b\u00e9 au cours de ces semaines. Selon les recherches, \u00e0 partir de cette semaine, les b\u00e9b\u00e9s peuvent stocker la langue qu&rsquo;ils entendent constamment (il peut s&rsquo;agir d&rsquo;une langue autre que la leur) ou des chansons dans leurs souvenirs.<\/p>\n<p>Dans les poumons, tout l&rsquo;\u00e9quipement qui permettra au b\u00e9b\u00e9 de respirer dans le monde ext\u00e9rieur continue de se d\u00e9velopper \u00e0 pleine vitesse sur le chemin de l&rsquo;ach\u00e8vement. Ainsi, dans une situation telle que la naissance pr\u00e9matur\u00e9e au 6\u00e8me mois de grossesse, il y a une chance pour le b\u00e9b\u00e9 de survivre avec une aide m\u00e9dicale. Un b\u00e9b\u00e9 de 6 mois (\u00e0 partir de 24 semaines) est maintenant consid\u00e9r\u00e9 comme un individu car la probabilit\u00e9 de risque pour la vie est r\u00e9duite.<\/p>\n<p>Dans le d\u00e9veloppement d&rsquo;un b\u00e9b\u00e9 de 6 mois dans l&rsquo;ut\u00e9rus, la formation de globules rouges dans les os se poursuit.[\/vc_column_text][vc_custom_heading heading_semantic=\u00a0\u00bbh4&Prime; text_size=\u00a0\u00bb\u00a0\u00bb uncode_shortcode_id=\u00a0\u00bb733264&Prime; text_color_type=\u00a0\u00bbuncode-palette\u00a0\u00bb text_color_solid=\u00a0\u00bb#ff0000&Prime; subheading=\u00a0\u00bbVotre b\u00e9b\u00e9 conna\u00eet les p\u00e9riodes les plus actives de son voyage dans l&rsquo;ut\u00e9rus. La raison pour laquelle les mouvements du b\u00e9b\u00e9 de 6 mois sont si importants est qu&rsquo;il aime explorer ses sens en d\u00e9veloppement et que son espace est encore grand. La quantit\u00e9 de liquide amniotique est \u00e9galement tout \u00e0 fait suffisante pour ses mouvements acrobatiques.<\/p>\n<p>Ce n&rsquo;est pas que le nombre de mouvements sera le m\u00eame tous les jours. Vous devez toujours y \u00eatre sensible et informer votre m\u00e9decin si votre b\u00e9b\u00e9 ne bouge pas du tout dans les 2 jours.<\/p>\n<p>Bien qu&rsquo;il bouge beaucoup, il cr\u00e9e \u00e9galement des habitudes de repos et de sommeil.\u00a0\u00bb]Mouvements du b\u00e9b\u00e9 pendant 6 mois de grossesse[\/vc_custom_heading][vc_custom_heading heading_semantic=\u00a0\u00bbh4&Prime; text_size=\u00a0\u00bb\u00a0\u00bb uncode_shortcode_id=\u00a0\u00bb145263&Prime;]Image \u00e9chographique[\/vc_custom_heading][vc_row_inner limit_content=\u00a0\u00bb\u00a0\u00bb][vc_column_inner width=\u00a0\u00bb5\/12&Prime;][vc_single_image media=\u00a0\u00bb1012&Prime; media_width_percent=\u00a0\u00bb100&Prime; uncode_shortcode_id=\u00a0\u00bb745531&Prime;][\/vc_column_inner][vc_column_inner width=\u00a0\u00bb7\/12&Prime;][vc_column_text uncode_shortcode_id=\u00a0\u00bb634555&Prime;]Sur les images de grossesse de 6 mois, son corps appara\u00eet proportionnel. Il a toujours l&rsquo;air un peu maigre cette semaine. Cependant, malgr\u00e9 cet \u00e9tat maigre, vous \u00eates tr\u00e8s possible de rencontrer un m\u00e9fait actif cette semaine lors de votre examen \u00e9chographique. Parce que votre b\u00e9b\u00e9 a beaucoup d&rsquo;espace et est tr\u00e8s actif parce que ses os et ses muscles se d\u00e9veloppent !<\/p>\n<p>Vous pouvez voir sur l&rsquo;\u00e9chographie qu&rsquo;il tient le cordon ombilical. Vous pouvez \u00e9galement voir votre b\u00e9b\u00e9 sourire, tirer la langue ou saisir son visage avec ses mains.[\/vc_column_text][\/vc_column_inner][\/vc_row_inner][vc_custom_heading heading_semantic=\u00a0\u00bbh4&Prime; text_size=\u00a0\u00bb\u00a0\u00bb uncode_shortcode_id=\u00a0\u00bb582350&Prime;]Changements dans le corps de la m\u00e8re[\/vc_custom_heading][vc_column_text uncode_shortcode_id=\u00a0\u00bb177515&Prime;]Environ 1 kilogramme du poids que vous avez pris jusqu&rsquo;\u00e0 pr\u00e9sent a \u00e9t\u00e9 d\u00e9pens\u00e9 pour le d\u00e9veloppement du b\u00e9b\u00e9. Le poids restant est la quantit\u00e9 de graisse, de sang et de liquide qui augmente dans votre corps.<\/p>\n<p>\u00c0 6 mois de grossesse, les suppl\u00e9ments de vitamines et de min\u00e9raux dont votre corps a besoin peuvent augmenter. Votre m\u00e9decin vous guidera pour prendre les suppl\u00e9ments de vitamines et de min\u00e9raux de soutien n\u00e9cessaires.<\/p>\n<p>Vous pouvez \u00e9galement rencontrer les probl\u00e8mes de grossesse suivants\u00a0:<\/p>\n<p>\u2013 Probl\u00e8mes digestifs,<\/p>\n<p>\u2013 Maux de t\u00eate et lombalgie,<\/p>\n<p>\u2013 Sensation de d\u00e9mangeaisons dans l&rsquo;abdomen dues aux \u00e9tirements et au s\u00e9chage,<\/p>\n<p>\u2013 Varices,<\/p>\n<p>\u2013 Probl\u00e8me h\u00e9morro\u00efdaire d\u00fb \u00e0 la constipation,<\/p>\n<p>\u2013 Parfois, votre tension art\u00e9rielle augmente,<\/p>\n<p>\u2013 Syndrome du canal carpien provoquant des picotements, des engourdissements, des picotements et des sensations de g\u00e9missement dans les bras, les mains et le cou.[\/vc_column_text][vc_custom_heading heading_semantic=\u00a0\u00bbh4&Prime; text_size=\u00a0\u00bb\u00a0\u00bb uncode_shortcode_id=\u00a0\u00bb846693&Prime; subheading=\u00a0\u00bbSi aucun sucre n&rsquo;a \u00e9t\u00e9 d\u00e9tect\u00e9 dans vos urines auparavant et que cela n&rsquo;a donc pas \u00e9t\u00e9 fait auparavant, votre m\u00e9decin peut vous demander un test de charge en sucre que vous pourrez faire dans 24 \u00e0 28 semaines. Aujourd&rsquo;hui, le test de charge en sucre fait partie des tests de routine, mais il est effectu\u00e9 avec l&rsquo;approbation de la future m\u00e8re. La r\u00e9alisation de ce test est d&rsquo;une grande importance pour d\u00e9tecter le diab\u00e8te de grossesse. Un r\u00e9gime dans lequel l&rsquo;apport en sucre est contr\u00f4l\u00e9 est recommand\u00e9 aux femmes enceintes dont le diab\u00e8te de grossesse est d\u00e9tect\u00e9.\u00a0\u00bb]Test de chargement du sucre[\/vc_custom_heading][vc_custom_heading heading_semantic=\u00a0\u00bbh4&Prime; text_size=\u00a0\u00bb\u00a0\u00bb uncode_shortcode_id=\u00a0\u00bb180770&Prime; subheading=\u00a0\u00bbDes contractions de Braxton Hicks peuvent survenir chez certaines femmes enceintes \u00e0 6 mois de grossesse. Vous pourriez ressentir des contractions sous forme de durcissement de votre abdomen. Cependant, si ces contractions sont \u00e0 long terme, il est utile d&rsquo;en informer votre m\u00e9decin car la possibilit\u00e9 d&rsquo;une naissance pr\u00e9matur\u00e9e peut avoir surgi.\u00a0\u00bb]Choses \u00e0 prendre en compte[\/vc_custom_heading][vc_custom_heading heading_semantic=\u00a0\u00bbh4&Prime; text_size=\u00a0\u00bb\u00a0\u00bb uncode_shortcode_id=\u00a0\u00bb188996&Prime; text_color_type=\u00a0\u00bbuncode-palette\u00a0\u00bb text_color_solid=\u00a0\u00bb#ff0000&Prime; subheading=\u00a0\u00bbPendant 6 mois de grossesse, vous pouvez ressentir des crampes suffisamment graves pour vous r\u00e9veiller du sommeil. Afin de faire face au probl\u00e8me de la crampe, vous devez faire attention \u00e0 ce qui suit :<\/p>\n<p>\u2013 Prendre des suppl\u00e9ments de calcium et de magn\u00e9sium avec l&rsquo;approbation et la recommandation de votre m\u00e9decin,<\/p>\n<p>\u2013 \u00c9quilibrez la circulation sanguine dans vos jambes en levant les pieds en l&rsquo;air pendant la journ\u00e9e,<\/p>\n<p>\u2013 Essayez des exercices qui \u00e9tirent vos jambes, en particulier le yoga pendant la grossesse.\u00a0\u00bb]Comment se passe le probl\u00e8me de la crampe\u00a0?[\/vc_custom_heading][vc_custom_heading heading_semantic=\u00a0\u00bbh4&Prime; text_size=\u00a0\u00bb\u00a0\u00bb uncode_shortcode_id=\u00a0\u00bb613843&Prime; subheading=\u00a0\u00bb\u00c0 partir de 6 mois de grossesse, vos pieds peuvent se dilater et gonfler. En raison de l&rsquo;hormone appel\u00e9e relaxine, dont la fonction est de rendre la zone de la hanche flexible pour la naissance, un \u00e9tirement et une expansion se produisent dans vos pieds ainsi que dans toutes les articulations. Apr\u00e8s la naissance, l&rsquo;\u00e9lasticit\u00e9 de vos os reviendra \u00e0 son \u00e9tat d&rsquo;origine. Malgr\u00e9 tout, pr\u00e9parez-vous \u00e0 la possibilit\u00e9 que votre pied puisse augmenter d&rsquo;une pointure apr\u00e8s l&rsquo;accouchement. Il est utile de choisir des chaussures confortables sans talons pendant la grossesse afin de ne pas augmenter l&rsquo;enflure de vos pieds et de ne pas causer de douleur.\u00a0\u00bb]Votre pied deviendra-t-il le num\u00e9ro 1\u00a0?[\/vc_custom_heading][vc_custom_heading heading_semantic=\u00a0\u00bbh4&Prime; text_size=\u00a0\u00bb\u00a0\u00bb uncode_shortcode_id=\u00a0\u00bb105519&Prime; text_color_type=\u00a0\u00bbuncode-palette\u00a0\u00bb text_color_solid=\u00a0\u00bb#ff0000&Prime; subheading=\u00a0\u00bb\u00c0 six mois de grossesse, des probl\u00e8mes avec votre syst\u00e8me digestif peuvent vous rendre encore plus mal \u00e0 l&rsquo;aise. Assurez-vous de suivre nos recommandations ci-dessous :<\/p>\n<p>\u2013 Mangez peu et souvent afin que votre probl\u00e8me d&rsquo;indigestion ne provoque pas de conditions telles que le reflux,<\/p>\n<p>\u2013 Manger du yaourt ou boire du lait vous aidera \u00e0 maintenir l&rsquo;\u00e9quilibre acide dans votre estomac,<\/p>\n<p>\u2013 Ne consommez pas d&rsquo;aliments \u00e9pic\u00e9s et gras,<\/p>\n<p>\u2013 Ne consommez pas trop de liquide pendant les repas. Sinon, vous risquez de gonfler inutilement votre estomac et de d\u00e9clencher le probl\u00e8me de reflux,<\/p>\n<p>\u2013 Ne consommez pas d&rsquo;aliments lourds avant d&rsquo;aller vous coucher le soir,<\/p>\n<p>\u2013 Si vous souffrez d&rsquo;indigestion s\u00e9v\u00e8re, informez votre m\u00e9decin de votre \u00e9tat. Il vous recommandera probablement un m\u00e9dicament qui soulagera votre estomac,<\/p>\n<p>\u2013 N&rsquo;oubliez pas de manger beaucoup de fruits et l\u00e9gumes pour votre probl\u00e8me de constipation,<\/p>\n<p>\u2013 Buvez au moins 8 \u00e0 10 verres d&rsquo;eau par jour entre les repas,<\/p>\n<p>\u2013 Si vous n&rsquo;avez pas de probl\u00e8me de sant\u00e9, faites de l&rsquo;exercice r\u00e9guli\u00e8rement tous les jours. Bouger fait bouger vos tripes.\u00a0\u00bb]Suggestions relaxantes pour les probl\u00e8mes digestifs<\/p>\n<p>&nbsp;[\/vc_custom_heading][vc_custom_heading heading_semantic=\u00a0\u00bbh4&Prime; text_size=\u00a0\u00bb\u00a0\u00bb uncode_shortcode_id=\u00a0\u00bb915795&Prime; subheading=\u00a0\u00bbAu sixi\u00e8me mois de la grossesse, la peau du b\u00e9b\u00e9 n&rsquo;est pas encore suffisamment remplie de graisse, c&rsquo;est pourquoi elle n&rsquo;est pas encore pleine. Voici nos suggestions&#8230;\u00a0\u00bb]Que pouvez-vous faire pour pr\u00e9venir la lombalgie\u00a0?[\/vc_custom_heading][\/vc_column][\/vc_row][vc_row][vc_column width=\u00a0\u00bb1\/1&Prime;][uncode_block id=\u00a0\u00bb989&Prime;][uncode_block id=\u00a0\u00bb601&Prime;][\/vc_column][\/vc_row]<\/p>\n<\/div>","protected":false},"excerpt":{"rendered":"<p>[vc_row row_height_percent=\u00a0\u00bb0&Prime; override_padding=\u00a0\u00bbyes\u00a0\u00bb h_padding=\u00a0\u00bb2&Prime; top_padding=\u00a0\u00bb2&Prime; bottom_padding=\u00a0\u00bb0&Prime; overlay_alpha=\u00a0\u00bb50&Prime; equal_height=\u00a0\u00bbyes\u00a0\u00bb gutter_size=\u00a0\u00bb2&Prime; column_width_percent=\u00a0\u00bb100&Prime; shift_y=\u00a0\u00bb-3&Prime; z_index=\u00a0\u00bb0&Prime; uncode_shortcode_id=\u00a0\u00bb152492&Prime;][vc_column column_width_percent=\u00a0\u00bb100&Prime; position_vertical=\u00a0\u00bbmiddle\u00a0\u00bb align_horizontal=\u00a0\u00bbalign_center\u00a0\u00bb gutter_size=\u00a0\u00bb3&Prime; overlay_alpha=\u00a0\u00bb50&Prime; shift_x=\u00a0\u00bb0&Prime; shift_y=\u00a0\u00bb0&Prime; [&hellip;]<\/p>\n","protected":false},"author":3,"featured_media":1470,"parent":2268,"menu_order":0,"comment_status":"closed","ping_status":"closed","template":"","meta":{"_monsterinsights_skip_tracking":false,"_monsterinsights_sitenote_active":false,"_monsterinsights_sitenote_note":"","_monsterinsights_sitenote_category":0,"footnotes":""},"class_list":["post-2430","page","type-page","status-publish","has-post-thumbnail","hentry","page_category-mois-par-mois"],"yoast_head":"<!-- This site is optimized with the Yoast SEO plugin v27.4 - https:\/\/yoast.com\/product\/yoast-seo-wordpress\/ -->\n<title>6\u00e8me mois - Canbebe<\/title>\n<meta name=\"robots\" content=\"index, follow, max-snippet:-1, max-image-preview:large, max-video-preview:-1\" \/>\n<link rel=\"canonical\" href=\"https:\/\/canbebe.com\/fr\/calendrier-de-grossesse\/6-ay\/\" \/>\n<meta property=\"og:locale\" content=\"fr_FR\" \/>\n<meta property=\"og:type\" content=\"article\" \/>\n<meta property=\"og:title\" content=\"6\u00e8me mois - Canbebe\" \/>\n<meta property=\"og:description\" content=\"[vc_row row_height_percent=\u00a0\u00bb0&Prime; override_padding=\u00a0\u00bbyes\u00a0\u00bb h_padding=\u00a0\u00bb2&Prime; top_padding=\u00a0\u00bb2&Prime; bottom_padding=\u00a0\u00bb0&Prime; overlay_alpha=\u00a0\u00bb50&Prime; equal_height=\u00a0\u00bbyes\u00a0\u00bb gutter_size=\u00a0\u00bb2&Prime; column_width_percent=\u00a0\u00bb100&Prime; shift_y=\u00a0\u00bb-3&Prime; z_index=\u00a0\u00bb0&Prime; uncode_shortcode_id=\u00a0\u00bb152492&Prime;][vc_column column_width_percent=\u00a0\u00bb100&Prime; position_vertical=\u00a0\u00bbmiddle\u00a0\u00bb align_horizontal=\u00a0\u00bbalign_center\u00a0\u00bb gutter_size=\u00a0\u00bb3&Prime; overlay_alpha=\u00a0\u00bb50&Prime; shift_x=\u00a0\u00bb0&Prime; shift_y=\u00a0\u00bb0&Prime; [&hellip;]\" \/>\n<meta property=\"og:url\" content=\"https:\/\/canbebe.com\/fr\/calendrier-de-grossesse\/6-ay\/\" \/>\n<meta property=\"og:site_name\" content=\"Canbebe\" \/>\n<meta property=\"article:modified_time\" content=\"2024-04-30T13:24:12+00:00\" \/>\n<meta name=\"twitter:card\" content=\"summary_large_image\" \/>\n<meta name=\"twitter:label1\" content=\"Dur\u00e9e de lecture estim\u00e9e\" \/>\n\t<meta name=\"twitter:data1\" content=\"6 minutes\" \/>\n<script type=\"application\/ld+json\" class=\"yoast-schema-graph\">{\"@context\":\"https:\\\/\\\/schema.org\",\"@graph\":[{\"@type\":\"WebPage\",\"@id\":\"https:\\\/\\\/canbebe.com\\\/fr\\\/calendrier-de-grossesse\\\/6-ay\\\/\",\"url\":\"https:\\\/\\\/canbebe.com\\\/fr\\\/calendrier-de-grossesse\\\/6-ay\\\/\",\"name\":\"6\u00e8me mois - Canbebe\",\"isPartOf\":{\"@id\":\"https:\\\/\\\/canbebe.com\\\/fr\\\/#website\"},\"primaryImageOfPage\":{\"@id\":\"https:\\\/\\\/canbebe.com\\\/fr\\\/calendrier-de-grossesse\\\/6-ay\\\/#primaryimage\"},\"image\":{\"@id\":\"https:\\\/\\\/canbebe.com\\\/fr\\\/calendrier-de-grossesse\\\/6-ay\\\/#primaryimage\"},\"thumbnailUrl\":\"https:\\\/\\\/canbebe.com\\\/wp-content\\\/uploads\\\/2023\\\/11\\\/Month-by-month-5.svg\",\"datePublished\":\"2023-11-24T11:00:01+00:00\",\"dateModified\":\"2024-04-30T13:24:12+00:00\",\"breadcrumb\":{\"@id\":\"https:\\\/\\\/canbebe.com\\\/fr\\\/calendrier-de-grossesse\\\/6-ay\\\/#breadcrumb\"},\"inLanguage\":\"fr-FR\",\"potentialAction\":[{\"@type\":\"ReadAction\",\"target\":[\"https:\\\/\\\/canbebe.com\\\/fr\\\/calendrier-de-grossesse\\\/6-ay\\\/\"]}]},{\"@type\":\"ImageObject\",\"inLanguage\":\"fr-FR\",\"@id\":\"https:\\\/\\\/canbebe.com\\\/fr\\\/calendrier-de-grossesse\\\/6-ay\\\/#primaryimage\",\"url\":\"https:\\\/\\\/canbebe.com\\\/wp-content\\\/uploads\\\/2023\\\/11\\\/Month-by-month-5.svg\",\"contentUrl\":\"https:\\\/\\\/canbebe.com\\\/wp-content\\\/uploads\\\/2023\\\/11\\\/Month-by-month-5.svg\",\"width\":73,\"height\":72},{\"@type\":\"BreadcrumbList\",\"@id\":\"https:\\\/\\\/canbebe.com\\\/fr\\\/calendrier-de-grossesse\\\/6-ay\\\/#breadcrumb\",\"itemListElement\":[{\"@type\":\"ListItem\",\"position\":1,\"name\":\"Accueil\",\"item\":\"https:\\\/\\\/canbebe.com\\\/fr\\\/\"},{\"@type\":\"ListItem\",\"position\":2,\"name\":\"Calendrier de Grossesse\",\"item\":\"https:\\\/\\\/canbebe.com\\\/fr\\\/calendrier-de-grossesse\\\/\"},{\"@type\":\"ListItem\",\"position\":3,\"name\":\"6\u00e8me mois\"}]},{\"@type\":\"WebSite\",\"@id\":\"https:\\\/\\\/canbebe.com\\\/fr\\\/#website\",\"url\":\"https:\\\/\\\/canbebe.com\\\/fr\\\/\",\"name\":\"Canbebe\",\"description\":\"Canbebe\",\"publisher\":{\"@id\":\"https:\\\/\\\/canbebe.com\\\/fr\\\/#organization\"},\"potentialAction\":[{\"@type\":\"SearchAction\",\"target\":{\"@type\":\"EntryPoint\",\"urlTemplate\":\"https:\\\/\\\/canbebe.com\\\/fr\\\/?s={search_term_string}\"},\"query-input\":{\"@type\":\"PropertyValueSpecification\",\"valueRequired\":true,\"valueName\":\"search_term_string\"}}],\"inLanguage\":\"fr-FR\"},{\"@type\":\"Organization\",\"@id\":\"https:\\\/\\\/canbebe.com\\\/fr\\\/#organization\",\"name\":\"Canbebe\",\"url\":\"https:\\\/\\\/canbebe.com\\\/fr\\\/\",\"logo\":{\"@type\":\"ImageObject\",\"inLanguage\":\"fr-FR\",\"@id\":\"https:\\\/\\\/canbebe.com\\\/fr\\\/#\\\/schema\\\/logo\\\/image\\\/\",\"url\":\"https:\\\/\\\/canbebe.com\\\/wp-content\\\/uploads\\\/2023\\\/11\\\/logo-canbebe.png\",\"contentUrl\":\"https:\\\/\\\/canbebe.com\\\/wp-content\\\/uploads\\\/2023\\\/11\\\/logo-canbebe.png\",\"width\":398,\"height\":84,\"caption\":\"Canbebe\"},\"image\":{\"@id\":\"https:\\\/\\\/canbebe.com\\\/fr\\\/#\\\/schema\\\/logo\\\/image\\\/\"}}]}<\/script>\n<!-- \/ Yoast SEO plugin. -->","yoast_head_json":{"title":"6\u00e8me mois - Canbebe","robots":{"index":"index","follow":"follow","max-snippet":"max-snippet:-1","max-image-preview":"max-image-preview:large","max-video-preview":"max-video-preview:-1"},"canonical":"https:\/\/canbebe.com\/fr\/calendrier-de-grossesse\/6-ay\/","og_locale":"fr_FR","og_type":"article","og_title":"6\u00e8me mois - Canbebe","og_description":"[vc_row row_height_percent=\u00a0\u00bb0&Prime; override_padding=\u00a0\u00bbyes\u00a0\u00bb h_padding=\u00a0\u00bb2&Prime; top_padding=\u00a0\u00bb2&Prime; bottom_padding=\u00a0\u00bb0&Prime; overlay_alpha=\u00a0\u00bb50&Prime; equal_height=\u00a0\u00bbyes\u00a0\u00bb gutter_size=\u00a0\u00bb2&Prime; column_width_percent=\u00a0\u00bb100&Prime; shift_y=\u00a0\u00bb-3&Prime; z_index=\u00a0\u00bb0&Prime; uncode_shortcode_id=\u00a0\u00bb152492&Prime;][vc_column column_width_percent=\u00a0\u00bb100&Prime; position_vertical=\u00a0\u00bbmiddle\u00a0\u00bb align_horizontal=\u00a0\u00bbalign_center\u00a0\u00bb gutter_size=\u00a0\u00bb3&Prime; overlay_alpha=\u00a0\u00bb50&Prime; shift_x=\u00a0\u00bb0&Prime; shift_y=\u00a0\u00bb0&Prime; [&hellip;]","og_url":"https:\/\/canbebe.com\/fr\/calendrier-de-grossesse\/6-ay\/","og_site_name":"Canbebe","article_modified_time":"2024-04-30T13:24:12+00:00","twitter_card":"summary_large_image","twitter_misc":{"Dur\u00e9e de lecture estim\u00e9e":"6 minutes"},"schema":{"@context":"https:\/\/schema.org","@graph":[{"@type":"WebPage","@id":"https:\/\/canbebe.com\/fr\/calendrier-de-grossesse\/6-ay\/","url":"https:\/\/canbebe.com\/fr\/calendrier-de-grossesse\/6-ay\/","name":"6\u00e8me mois - Canbebe","isPartOf":{"@id":"https:\/\/canbebe.com\/fr\/#website"},"primaryImageOfPage":{"@id":"https:\/\/canbebe.com\/fr\/calendrier-de-grossesse\/6-ay\/#primaryimage"},"image":{"@id":"https:\/\/canbebe.com\/fr\/calendrier-de-grossesse\/6-ay\/#primaryimage"},"thumbnailUrl":"https:\/\/canbebe.com\/wp-content\/uploads\/2023\/11\/Month-by-month-5.svg","datePublished":"2023-11-24T11:00:01+00:00","dateModified":"2024-04-30T13:24:12+00:00","breadcrumb":{"@id":"https:\/\/canbebe.com\/fr\/calendrier-de-grossesse\/6-ay\/#breadcrumb"},"inLanguage":"fr-FR","potentialAction":[{"@type":"ReadAction","target":["https:\/\/canbebe.com\/fr\/calendrier-de-grossesse\/6-ay\/"]}]},{"@type":"ImageObject","inLanguage":"fr-FR","@id":"https:\/\/canbebe.com\/fr\/calendrier-de-grossesse\/6-ay\/#primaryimage","url":"https:\/\/canbebe.com\/wp-content\/uploads\/2023\/11\/Month-by-month-5.svg","contentUrl":"https:\/\/canbebe.com\/wp-content\/uploads\/2023\/11\/Month-by-month-5.svg","width":73,"height":72},{"@type":"BreadcrumbList","@id":"https:\/\/canbebe.com\/fr\/calendrier-de-grossesse\/6-ay\/#breadcrumb","itemListElement":[{"@type":"ListItem","position":1,"name":"Accueil","item":"https:\/\/canbebe.com\/fr\/"},{"@type":"ListItem","position":2,"name":"Calendrier de Grossesse","item":"https:\/\/canbebe.com\/fr\/calendrier-de-grossesse\/"},{"@type":"ListItem","position":3,"name":"6\u00e8me mois"}]},{"@type":"WebSite","@id":"https:\/\/canbebe.com\/fr\/#website","url":"https:\/\/canbebe.com\/fr\/","name":"Canbebe","description":"Canbebe","publisher":{"@id":"https:\/\/canbebe.com\/fr\/#organization"},"potentialAction":[{"@type":"SearchAction","target":{"@type":"EntryPoint","urlTemplate":"https:\/\/canbebe.com\/fr\/?s={search_term_string}"},"query-input":{"@type":"PropertyValueSpecification","valueRequired":true,"valueName":"search_term_string"}}],"inLanguage":"fr-FR"},{"@type":"Organization","@id":"https:\/\/canbebe.com\/fr\/#organization","name":"Canbebe","url":"https:\/\/canbebe.com\/fr\/","logo":{"@type":"ImageObject","inLanguage":"fr-FR","@id":"https:\/\/canbebe.com\/fr\/#\/schema\/logo\/image\/","url":"https:\/\/canbebe.com\/wp-content\/uploads\/2023\/11\/logo-canbebe.png","contentUrl":"https:\/\/canbebe.com\/wp-content\/uploads\/2023\/11\/logo-canbebe.png","width":398,"height":84,"caption":"Canbebe"},"image":{"@id":"https:\/\/canbebe.com\/fr\/#\/schema\/logo\/image\/"}}]}},"_links":{"self":[{"href":"https:\/\/canbebe.com\/fr\/wp-json\/wp\/v2\/pages\/2430","targetHints":{"allow":["GET"]}}],"collection":[{"href":"https:\/\/canbebe.com\/fr\/wp-json\/wp\/v2\/pages"}],"about":[{"href":"https:\/\/canbebe.com\/fr\/wp-json\/wp\/v2\/types\/page"}],"author":[{"embeddable":true,"href":"https:\/\/canbebe.com\/fr\/wp-json\/wp\/v2\/users\/3"}],"replies":[{"embeddable":true,"href":"https:\/\/canbebe.com\/fr\/wp-json\/wp\/v2\/comments?post=2430"}],"version-history":[{"count":0,"href":"https:\/\/canbebe.com\/fr\/wp-json\/wp\/v2\/pages\/2430\/revisions"}],"up":[{"embeddable":true,"href":"https:\/\/canbebe.com\/fr\/wp-json\/wp\/v2\/pages\/2268"}],"wp:featuredmedia":[{"embeddable":true,"href":"https:\/\/canbebe.com\/fr\/wp-json\/wp\/v2\/media\/1470"}],"wp:attachment":[{"href":"https:\/\/canbebe.com\/fr\/wp-json\/wp\/v2\/media?parent=2430"}],"curies":[{"name":"wp","href":"https:\/\/api.w.org\/{rel}","templated":true}]}}