{"id":2426,"date":"2023-11-24T09:05:33","date_gmt":"2023-11-24T09:05:33","guid":{"rendered":"https:\/\/canbebe.com\/?page_id=2426"},"modified":"2024-04-09T14:51:45","modified_gmt":"2024-04-09T14:51:45","slug":"6-hafta","status":"publish","type":"page","link":"https:\/\/canbebe.com\/fr\/calendrier-de-grossesse\/6-hafta\/","title":{"rendered":"Semaine 6"},"content":{"rendered":"<div class=\"wpb-content-wrapper\"><p>[vc_row row_height_percent=\u00a0\u00bb0&Prime; override_padding=\u00a0\u00bbyes\u00a0\u00bb h_padding=\u00a0\u00bb2&Prime; top_padding=\u00a0\u00bb2&Prime; bottom_padding=\u00a0\u00bb0&Prime; overlay_alpha=\u00a0\u00bb50&Prime; equal_height=\u00a0\u00bbyes\u00a0\u00bb gutter_size=\u00a0\u00bb2&Prime; column_width_percent=\u00a0\u00bb100&Prime; shift_y=\u00a0\u00bb-3&Prime; z_index=\u00a0\u00bb0&Prime; uncode_shortcode_id=\u00a0\u00bb152492&Prime;][vc_column column_width_use_pixel=\u00a0\u00bbyes\u00a0\u00bb position_horizontal=\u00a0\u00bbright\u00a0\u00bb gutter_size=\u00a0\u00bb2&Prime; overlay_alpha=\u00a0\u00bb50&Prime; shift_x=\u00a0\u00bb0&Prime; shift_y=\u00a0\u00bb-5&Prime; shift_y_down=\u00a0\u00bb-5&Prime; z_index=\u00a0\u00bb0&Prime; medium_width=\u00a0\u00bb0&Prime; mobile_width=\u00a0\u00bb0&Prime; width=\u00a0\u00bb7\/12&Prime; uncode_shortcode_id=\u00a0\u00bb133000&Prime; column_width_pixel=\u00a0\u00bb600&Prime; el_id=\u00a0\u00bbhafta-nav\u00a0\u00bb][vc_custom_heading heading_semantic=\u00a0\u00bbh4&Prime; text_size=\u00a0\u00bb\u00a0\u00bb uncode_shortcode_id=\u00a0\u00bb482658&Prime;]Taille et poids du b\u00e9b\u00e9[\/vc_custom_heading][vc_column_text uncode_shortcode_id=\u00a0\u00bb175396&Prime;]A la sixi\u00e8me semaine de grossesse, la taille du b\u00e9b\u00e9 est d&rsquo;environ 2,5 \u00e0 3,5 mm. Maintenant, il est de la taille d&rsquo;un pois ou d&rsquo;une lentille verte. Son poids est d&rsquo;environ 1,5 \u00e0 2 grammes.[\/vc_column_text][\/vc_column][\/vc_row][vc_row row_height_percent=\u00a0\u00bb0&Prime; override_padding=\u00a0\u00bbyes\u00a0\u00bb h_padding=\u00a0\u00bb2&Prime; top_padding=\u00a0\u00bb1&Prime; bottom_padding=\u00a0\u00bb2&Prime; overlay_alpha=\u00a0\u00bb50&Prime; gutter_size=\u00a0\u00bb3&Prime; column_width_percent=\u00a0\u00bb100&Prime; shift_y=\u00a0\u00bb0&Prime; z_index=\u00a0\u00bb0&Prime; uncode_shortcode_id=\u00a0\u00bb137824&Prime;][vc_column width=\u00a0\u00bb1\/1&Prime;][vc_custom_heading heading_semantic=\u00a0\u00bbh4&Prime; text_size=\u00a0\u00bb\u00a0\u00bb uncode_shortcode_id=\u00a0\u00bb161120&Prime;]Le D\u00e9veloppement du B\u00e9b\u00e9[\/vc_custom_heading][vc_row_inner limit_content=\u00a0\u00bb\u00a0\u00bb][vc_column_inner width=\u00a0\u00bb5\/12&Prime;][vc_single_image media=\u00a0\u00bb1133&Prime; media_width_percent=\u00a0\u00bb100&Prime; uncode_shortcode_id=\u00a0\u00bb185430&Prime;][\/vc_column_inner][vc_column_inner width=\u00a0\u00bb7\/12&Prime;][vc_column_text uncode_shortcode_id=\u00a0\u00bb665334&Prime;]Depuis que vous avez appris la nouvelle de votre grossesse, vous devez \u00eatre excit\u00e9(e) et curieux(se) de savoir comment se porte votre b\u00e9b\u00e9. Le b\u00e9b\u00e9 de 6 semaines continue de se d\u00e9velopper et de grandir rapidement dans le ventre de la maman. Le cerveau du b\u00e9b\u00e9, y compris les h\u00e9misph\u00e8res c\u00e9r\u00e9braux, et les organes commencent \u00e0 se former. Le c\u0153ur du b\u00e9b\u00e9 de 6 semaines bat r\u00e9guli\u00e8rement \u00e0 une fr\u00e9quence de 150 battements par minute. Cela repr\u00e9sente pr\u00e8s de deux fois la fr\u00e9quence cardiaque d&rsquo;un adulte.<\/p>\n<p>Pendant la 6e semaine de grossesse, les yeux du b\u00e9b\u00e9, y compris les paupi\u00e8res, le cristallin et la corn\u00e9e, commencent \u00e0 se former. La structure de la colonne vert\u00e9brale est enti\u00e8rement d\u00e9velopp\u00e9e. Les branches secondaires \u00e0 l&rsquo;int\u00e9rieur de ses poumons commencent \u00e0 se former.<\/p>\n<p>Pendant la sixi\u00e8me semaine de grossesse, le sang de la m\u00e8re est transf\u00e9r\u00e9 au b\u00e9b\u00e9 par le cordon ombilical \u00e0 travers le placenta. Le placenta, qui produit des hormones soutenant le d\u00e9veloppement du b\u00e9b\u00e9, lui envoie des nutriments et de l&rsquo;oxyg\u00e8ne. Le placenta aide \u00e9galement \u00e0 \u00e9liminer les d\u00e9chets du corps du b\u00e9b\u00e9. Gr\u00e2ce au filtre lors du passage du sang entre la m\u00e8re et le b\u00e9b\u00e9, les groupes sanguins du b\u00e9b\u00e9 et de la m\u00e8re peuvent \u00eatre diff\u00e9rents.[\/vc_column_text][\/vc_column_inner][\/vc_row_inner][vc_custom_heading heading_semantic=\u00a0\u00bbh4&Prime; text_size=\u00a0\u00bb\u00a0\u00bb uncode_shortcode_id=\u00a0\u00bb179518&Prime;]Image \u00e9chographique[\/vc_custom_heading][vc_row_inner limit_content=\u00a0\u00bb\u00a0\u00bb][vc_column_inner width=\u00a0\u00bb5\/12&Prime;][vc_single_image media=\u00a0\u00bb1131&Prime; media_width_percent=\u00a0\u00bb100&Prime; uncode_shortcode_id=\u00a0\u00bb173477&Prime;][\/vc_column_inner][vc_column_inner width=\u00a0\u00bb7\/12&Prime;][vc_column_text uncode_shortcode_id=\u00a0\u00bb195875&Prime;]\u00c0 la 6e semaine de grossesse, l&#8217;embryon d\u00e9veloppe des caract\u00e9ristiques plus distinctes, ce qui le rend visible avec des contours plus nets. Dans l&rsquo;image de la poche de grossesse \u00e0 6 semaines de grossesse, la t\u00eate, le bourgeon nasal, le tronc, les bras et les jambes du b\u00e9b\u00e9, ainsi que le d\u00e9but du coccyx, peuvent \u00eatre visibles. La t\u00eate du b\u00e9b\u00e9 est de la m\u00eame taille que le reste de son corps. \u00c0 la fin de la 6e semaine de grossesse, lors d&rsquo;une \u00e9chographie, les battements du c\u0153ur du b\u00e9b\u00e9 commencent \u00e0 \u00eatre audibles. Son c\u0153ur peut \u00eatre visible comme un petit point au centre de son corps, juste au-dessus de son ventre.<\/p>\n<p>\u00c0 l&rsquo;\u00e9chographie de la 6e semaine de grossesse, la position classique du f\u0153tus en forme de C, avec les genoux pr\u00e8s de la poitrine et la t\u00eate vers l&rsquo;abdomen, peut \u00eatre clairement visible. Le b\u00e9b\u00e9 restera dans cette position tout au long de la grossesse dans le ventre de sa m\u00e8re. Le m\u00e9decin mesure \u00e9galement la longueur totale du b\u00e9b\u00e9 de la t\u00eate aux pieds lors de la sixi\u00e8me semaine de grossesse. Cette mesure est appel\u00e9e le CRL. La mesure du CRL est effectu\u00e9e \u00e0 chaque \u00e9chographie, \u00e0 la fois pour \u00e9valuer la semaine de grossesse et pour donner une estimation de la date de naissance pr\u00e9vue du b\u00e9b\u00e9.[\/vc_column_text][\/vc_column_inner][\/vc_row_inner][vc_custom_heading heading_semantic=\u00a0\u00bbh4&Prime; text_size=\u00a0\u00bb\u00a0\u00bb uncode_shortcode_id=\u00a0\u00bb742855&Prime;]Changements dans le corps de la m\u00e8re[\/vc_custom_heading][vc_column_text uncode_shortcode_id=\u00a0\u00bb289503&Prime;]D\u00e8s la formation du b\u00e9b\u00e9, les niveaux d&rsquo;hormones tels que la gonadotrophine chorionique humaine (HCG), l&rsquo;hormone progest\u00e9rone et l&rsquo;hormone \u0153strog\u00e8ne augmentent dans le corps de la future maman. La taille de l&rsquo;ut\u00e9rus, qui est normalement aussi grosse qu&rsquo;une grosse prune avant la grossesse, augmente pendant la grossesse pour devenir 500 \u00e0 1000 fois plus grande que sa taille normale. \u00c0 la fin de la sixi\u00e8me semaine de grossesse, la taille de l&rsquo;ut\u00e9rus augmentera d&rsquo;environ 2 \u00e0 3 fois sa taille initiale pour atteindre environ la taille d&rsquo;une pomme.<\/p>\n<p>D\u00e8s les premi\u00e8res semaines de la grossesse, le m\u00e9tabolisme de la m\u00e8re augmente rapidement, atteignant pr\u00e8s de 20 \u00e0 25 fois son niveau normal pour r\u00e9pondre aux besoins de son b\u00e9b\u00e9. Il y a \u00e9galement une augmentation d&rsquo;environ 40 % du volume sanguin pomp\u00e9 du c\u0153ur vers les organes et la peau. L&rsquo;augmentation du volume sanguin dans le corps atteindra \u00e9galement pr\u00e8s de 50 %.<\/p>\n<p>Au cours de la sixi\u00e8me semaine de grossesse, il y a des changements visibles dans le corps de la m\u00e8re. La sensibilit\u00e9, l&rsquo;augmentation et le foncement des mamelons font partie des sympt\u00f4mes de la grossesse de 6 semaines. La r\u00e9gion lombaire commence \u00e0 prendre du poids.[\/vc_column_text][vc_custom_heading heading_semantic=\u00a0\u00bbh4&Prime; text_size=\u00a0\u00bbh4&Prime; uncode_shortcode_id=\u00a0\u00bb567452&Prime;]Choses \u00e0 prendre en compte[\/vc_custom_heading][vc_column_text uncode_shortcode_id=\u00a0\u00bb184834&Prime;]Si vous avez d\u00e9j\u00e0 rencontr\u00e9 des probl\u00e8mes de grossesse tels que grossesse extra-ut\u00e9rine, fausse couche ou pr\u00e9\u00e9clampsie (hypertension pendant la grossesse), il est important de discuter de tous ces sujets avec votre m\u00e9decin d\u00e8s la 6e semaine de grossesse. Les exp\u00e9riences pass\u00e9es de ce genre ne signifient pas qu&rsquo;elles se reproduiront n\u00e9cessairement au cours de cette grossesse. Par cons\u00e9quent, il est essentiel de rester calme et serein. Les femmes de 35 ans et plus peuvent ressentir du stress en raison des risques potentiels associ\u00e9s \u00e0 leur \u00e2ge. Cependant, ces risques ne sont pas syst\u00e9matiquement pr\u00e9sents chez toutes les femmes enceintes plus \u00e2g\u00e9es. De plus, il est important de noter qu&rsquo;actuellement, le nombre de femmes qui tombent enceintes apr\u00e8s l&rsquo;\u00e2ge de 35 ans a consid\u00e9rablement augment\u00e9, et la plupart d&rsquo;entre elles vivent une grossesse saine. Les m\u00e9decins partageront d\u00e9j\u00e0 avec la future m\u00e8re les risques li\u00e9s \u00e0 l&rsquo;\u00e2ge avanc\u00e9 et recommanderont certains tests au fur et \u00e0 mesure que cela sera n\u00e9cessaire. Les futures mamans qui suivent r\u00e9guli\u00e8rement leurs consultations m\u00e9dicales et examens auront une grossesse plus saine.<\/p>\n<p>La sensation fr\u00e9quente d&rsquo;envie d&rsquo;uriner peut \u00eatre observ\u00e9e chez la future maman \u00e0 partir de la sixi\u00e8me semaine de grossesse. Cette condition peut \u00e9galement entra\u00eener des infections des voies urinaires. Il est essentiel que l&rsquo;infection soit trait\u00e9e rapidement, donc la future m\u00e8re doit absolument informer son m\u00e9decin de la situation. Si vous avez une maladie m\u00e9tabolique comme le diab\u00e8te ou la thyro\u00efde n\u00e9cessitant une prise r\u00e9guli\u00e8re de m\u00e9dicaments, assurez-vous de le mentionner lors de votre premi\u00e8re consultation m\u00e9dicale. Votre m\u00e9decin, au besoin, dirigera votre traitement tout au long de la grossesse en collaboration avec le sp\u00e9cialiste appropri\u00e9 concernant cette question.<\/p>\n<p>Les changements hormonaux \u00e0 la sixi\u00e8me semaine de grossesse peuvent \u00e9galement entra\u00eener des hauts et des bas \u00e9motionnels. D&rsquo;un c\u00f4t\u00e9, le fait de commencer une nouvelle vie et de l&rsquo;autre, le sentiment d&rsquo;assumer une grande responsabilit\u00e9 peuvent entra\u00eener un \u00e9tat d&rsquo;esprit m\u00e9lancolique. Vous pouvez \u00e9galement ressentir des inqui\u00e9tudes telles que \u00ab\u00a0Suis-je capable d&rsquo;\u00eatre une bonne m\u00e8re ? Pourrais-je bien m&rsquo;occuper de mon enfant ?\u00a0\u00bb Si c&rsquo;est une grossesse d\u00e9sir\u00e9e, avec le soutien de votre entourage, il sera plus facile de surmonter cette situation. Si la grossesse est non d\u00e9sir\u00e9e et que vos sentiments ne s&rsquo;am\u00e9liorent pas, il peut \u00eatre utile de consulter un professionnel.<\/p>\n<p>Bien que les naus\u00e9es et l&rsquo;aversion pour certaines odeurs soient des sympt\u00f4mes courants de la grossesse \u00e0 6 semaines, ils peuvent ne pas \u00eatre pr\u00e9sents chez certaines femmes enceintes. Pour ceux qui souffrent de naus\u00e9es matinales s\u00e9v\u00e8res, avoir des collations l\u00e9g\u00e8res comme des craquelins peu sal\u00e9s pr\u00e8s de leur lit et en manger d\u00e8s le r\u00e9veil peut les aider \u00e0 se sentir mieux avant de se lever. Manger des pois chiches non sal\u00e9s pendant la journ\u00e9e peut \u00e9galement aider \u00e0 soulager les naus\u00e9es. En cas de naus\u00e9es et de vomissements persistants malgr\u00e9 toutes les mesures prises, il est conseill\u00e9 aux futures mamans d&rsquo;en informer leur m\u00e9decin.<\/p>\n<p>D\u00e8s les premi\u00e8res semaines, si ce n&rsquo;est pas recommand\u00e9 par un m\u00e9decin, la future maman ne devrait prendre aucun m\u00e9dicament. Les habitudes nocives telles que le tabagisme, le cas \u00e9ch\u00e9ant, doivent \u00eatre compl\u00e8tement abandonn\u00e9es.[\/vc_column_text][\/vc_column][\/vc_row][vc_row][vc_column width=\u00a0\u00bb1\/1&Prime;][uncode_block id=\u00a0\u00bb989&Prime;][\/vc_column][\/vc_row][vc_row][vc_column width=\u00a0\u00bb1\/1&Prime;][uncode_block id=\u00a0\u00bb601&Prime;][\/vc_column][\/vc_row]<\/p>\n<\/div>","protected":false},"excerpt":{"rendered":"<p>[vc_row row_height_percent=\u00a0\u00bb0&Prime; override_padding=\u00a0\u00bbyes\u00a0\u00bb h_padding=\u00a0\u00bb2&Prime; top_padding=\u00a0\u00bb2&Prime; bottom_padding=\u00a0\u00bb0&Prime; overlay_alpha=\u00a0\u00bb50&Prime; equal_height=\u00a0\u00bbyes\u00a0\u00bb gutter_size=\u00a0\u00bb2&Prime; column_width_percent=\u00a0\u00bb100&Prime; shift_y=\u00a0\u00bb-3&Prime; z_index=\u00a0\u00bb0&Prime; uncode_shortcode_id=\u00a0\u00bb152492&Prime;][vc_column column_width_use_pixel=\u00a0\u00bbyes\u00a0\u00bb position_horizontal=\u00a0\u00bbright\u00a0\u00bb gutter_size=\u00a0\u00bb2&Prime; overlay_alpha=\u00a0\u00bb50&Prime; shift_x=\u00a0\u00bb0&Prime; shift_y=\u00a0\u00bb-5&Prime; shift_y_down=\u00a0\u00bb-5&Prime; [&hellip;]<\/p>\n","protected":false},"author":3,"featured_media":1101,"parent":2268,"menu_order":0,"comment_status":"closed","ping_status":"closed","template":"","meta":{"_monsterinsights_skip_tracking":false,"_monsterinsights_sitenote_active":false,"_monsterinsights_sitenote_note":"","_monsterinsights_sitenote_category":0,"footnotes":""},"class_list":["post-2426","page","type-page","status-publish","has-post-thumbnail","hentry","page_category-semaine-par-semaine"],"yoast_head":"<!-- This site is optimized with the Yoast SEO plugin v27.4 - https:\/\/yoast.com\/product\/yoast-seo-wordpress\/ -->\n<title>Semaine 6 - Canbebe<\/title>\n<meta name=\"robots\" content=\"index, follow, max-snippet:-1, max-image-preview:large, max-video-preview:-1\" \/>\n<link rel=\"canonical\" href=\"https:\/\/canbebe.com\/fr\/calendrier-de-grossesse\/6-hafta\/\" \/>\n<meta property=\"og:locale\" content=\"fr_FR\" \/>\n<meta property=\"og:type\" content=\"article\" \/>\n<meta property=\"og:title\" content=\"Semaine 6 - Canbebe\" \/>\n<meta property=\"og:description\" content=\"[vc_row row_height_percent=\u00a0\u00bb0&Prime; override_padding=\u00a0\u00bbyes\u00a0\u00bb h_padding=\u00a0\u00bb2&Prime; top_padding=\u00a0\u00bb2&Prime; bottom_padding=\u00a0\u00bb0&Prime; overlay_alpha=\u00a0\u00bb50&Prime; equal_height=\u00a0\u00bbyes\u00a0\u00bb gutter_size=\u00a0\u00bb2&Prime; column_width_percent=\u00a0\u00bb100&Prime; shift_y=\u00a0\u00bb-3&Prime; z_index=\u00a0\u00bb0&Prime; uncode_shortcode_id=\u00a0\u00bb152492&Prime;][vc_column column_width_use_pixel=\u00a0\u00bbyes\u00a0\u00bb position_horizontal=\u00a0\u00bbright\u00a0\u00bb gutter_size=\u00a0\u00bb2&Prime; overlay_alpha=\u00a0\u00bb50&Prime; shift_x=\u00a0\u00bb0&Prime; shift_y=\u00a0\u00bb-5&Prime; shift_y_down=\u00a0\u00bb-5&Prime; [&hellip;]\" \/>\n<meta property=\"og:url\" content=\"https:\/\/canbebe.com\/fr\/calendrier-de-grossesse\/6-hafta\/\" \/>\n<meta property=\"og:site_name\" content=\"Canbebe\" \/>\n<meta property=\"article:modified_time\" content=\"2024-04-09T14:51:45+00:00\" \/>\n<meta name=\"twitter:card\" content=\"summary_large_image\" \/>\n<script type=\"application\/ld+json\" class=\"yoast-schema-graph\">{\"@context\":\"https:\\\/\\\/schema.org\",\"@graph\":[{\"@type\":\"WebPage\",\"@id\":\"https:\\\/\\\/canbebe.com\\\/fr\\\/calendrier-de-grossesse\\\/6-hafta\\\/\",\"url\":\"https:\\\/\\\/canbebe.com\\\/fr\\\/calendrier-de-grossesse\\\/6-hafta\\\/\",\"name\":\"Semaine 6 - Canbebe\",\"isPartOf\":{\"@id\":\"https:\\\/\\\/canbebe.com\\\/fr\\\/#website\"},\"primaryImageOfPage\":{\"@id\":\"https:\\\/\\\/canbebe.com\\\/fr\\\/calendrier-de-grossesse\\\/6-hafta\\\/#primaryimage\"},\"image\":{\"@id\":\"https:\\\/\\\/canbebe.com\\\/fr\\\/calendrier-de-grossesse\\\/6-hafta\\\/#primaryimage\"},\"thumbnailUrl\":\"https:\\\/\\\/canbebe.com\\\/wp-content\\\/uploads\\\/2023\\\/12\\\/Fruits-1-1.svg\",\"datePublished\":\"2023-11-24T09:05:33+00:00\",\"dateModified\":\"2024-04-09T14:51:45+00:00\",\"breadcrumb\":{\"@id\":\"https:\\\/\\\/canbebe.com\\\/fr\\\/calendrier-de-grossesse\\\/6-hafta\\\/#breadcrumb\"},\"inLanguage\":\"fr-FR\",\"potentialAction\":[{\"@type\":\"ReadAction\",\"target\":[\"https:\\\/\\\/canbebe.com\\\/fr\\\/calendrier-de-grossesse\\\/6-hafta\\\/\"]}]},{\"@type\":\"ImageObject\",\"inLanguage\":\"fr-FR\",\"@id\":\"https:\\\/\\\/canbebe.com\\\/fr\\\/calendrier-de-grossesse\\\/6-hafta\\\/#primaryimage\",\"url\":\"https:\\\/\\\/canbebe.com\\\/wp-content\\\/uploads\\\/2023\\\/12\\\/Fruits-1-1.svg\",\"contentUrl\":\"https:\\\/\\\/canbebe.com\\\/wp-content\\\/uploads\\\/2023\\\/12\\\/Fruits-1-1.svg\",\"width\":\"72\",\"height\":\"72\"},{\"@type\":\"BreadcrumbList\",\"@id\":\"https:\\\/\\\/canbebe.com\\\/fr\\\/calendrier-de-grossesse\\\/6-hafta\\\/#breadcrumb\",\"itemListElement\":[{\"@type\":\"ListItem\",\"position\":1,\"name\":\"Accueil\",\"item\":\"https:\\\/\\\/canbebe.com\\\/fr\\\/\"},{\"@type\":\"ListItem\",\"position\":2,\"name\":\"Calendrier de Grossesse\",\"item\":\"https:\\\/\\\/canbebe.com\\\/fr\\\/calendrier-de-grossesse\\\/\"},{\"@type\":\"ListItem\",\"position\":3,\"name\":\"Semaine 6\"}]},{\"@type\":\"WebSite\",\"@id\":\"https:\\\/\\\/canbebe.com\\\/fr\\\/#website\",\"url\":\"https:\\\/\\\/canbebe.com\\\/fr\\\/\",\"name\":\"Canbebe\",\"description\":\"Canbebe\",\"publisher\":{\"@id\":\"https:\\\/\\\/canbebe.com\\\/fr\\\/#organization\"},\"potentialAction\":[{\"@type\":\"SearchAction\",\"target\":{\"@type\":\"EntryPoint\",\"urlTemplate\":\"https:\\\/\\\/canbebe.com\\\/fr\\\/?s={search_term_string}\"},\"query-input\":{\"@type\":\"PropertyValueSpecification\",\"valueRequired\":true,\"valueName\":\"search_term_string\"}}],\"inLanguage\":\"fr-FR\"},{\"@type\":\"Organization\",\"@id\":\"https:\\\/\\\/canbebe.com\\\/fr\\\/#organization\",\"name\":\"Canbebe\",\"url\":\"https:\\\/\\\/canbebe.com\\\/fr\\\/\",\"logo\":{\"@type\":\"ImageObject\",\"inLanguage\":\"fr-FR\",\"@id\":\"https:\\\/\\\/canbebe.com\\\/fr\\\/#\\\/schema\\\/logo\\\/image\\\/\",\"url\":\"https:\\\/\\\/canbebe.com\\\/wp-content\\\/uploads\\\/2023\\\/11\\\/logo-canbebe.png\",\"contentUrl\":\"https:\\\/\\\/canbebe.com\\\/wp-content\\\/uploads\\\/2023\\\/11\\\/logo-canbebe.png\",\"width\":398,\"height\":84,\"caption\":\"Canbebe\"},\"image\":{\"@id\":\"https:\\\/\\\/canbebe.com\\\/fr\\\/#\\\/schema\\\/logo\\\/image\\\/\"}}]}<\/script>\n<!-- \/ Yoast SEO plugin. -->","yoast_head_json":{"title":"Semaine 6 - Canbebe","robots":{"index":"index","follow":"follow","max-snippet":"max-snippet:-1","max-image-preview":"max-image-preview:large","max-video-preview":"max-video-preview:-1"},"canonical":"https:\/\/canbebe.com\/fr\/calendrier-de-grossesse\/6-hafta\/","og_locale":"fr_FR","og_type":"article","og_title":"Semaine 6 - Canbebe","og_description":"[vc_row row_height_percent=\u00a0\u00bb0&Prime; override_padding=\u00a0\u00bbyes\u00a0\u00bb h_padding=\u00a0\u00bb2&Prime; top_padding=\u00a0\u00bb2&Prime; bottom_padding=\u00a0\u00bb0&Prime; overlay_alpha=\u00a0\u00bb50&Prime; equal_height=\u00a0\u00bbyes\u00a0\u00bb gutter_size=\u00a0\u00bb2&Prime; column_width_percent=\u00a0\u00bb100&Prime; shift_y=\u00a0\u00bb-3&Prime; z_index=\u00a0\u00bb0&Prime; uncode_shortcode_id=\u00a0\u00bb152492&Prime;][vc_column column_width_use_pixel=\u00a0\u00bbyes\u00a0\u00bb position_horizontal=\u00a0\u00bbright\u00a0\u00bb gutter_size=\u00a0\u00bb2&Prime; overlay_alpha=\u00a0\u00bb50&Prime; shift_x=\u00a0\u00bb0&Prime; shift_y=\u00a0\u00bb-5&Prime; shift_y_down=\u00a0\u00bb-5&Prime; [&hellip;]","og_url":"https:\/\/canbebe.com\/fr\/calendrier-de-grossesse\/6-hafta\/","og_site_name":"Canbebe","article_modified_time":"2024-04-09T14:51:45+00:00","twitter_card":"summary_large_image","schema":{"@context":"https:\/\/schema.org","@graph":[{"@type":"WebPage","@id":"https:\/\/canbebe.com\/fr\/calendrier-de-grossesse\/6-hafta\/","url":"https:\/\/canbebe.com\/fr\/calendrier-de-grossesse\/6-hafta\/","name":"Semaine 6 - Canbebe","isPartOf":{"@id":"https:\/\/canbebe.com\/fr\/#website"},"primaryImageOfPage":{"@id":"https:\/\/canbebe.com\/fr\/calendrier-de-grossesse\/6-hafta\/#primaryimage"},"image":{"@id":"https:\/\/canbebe.com\/fr\/calendrier-de-grossesse\/6-hafta\/#primaryimage"},"thumbnailUrl":"https:\/\/canbebe.com\/wp-content\/uploads\/2023\/12\/Fruits-1-1.svg","datePublished":"2023-11-24T09:05:33+00:00","dateModified":"2024-04-09T14:51:45+00:00","breadcrumb":{"@id":"https:\/\/canbebe.com\/fr\/calendrier-de-grossesse\/6-hafta\/#breadcrumb"},"inLanguage":"fr-FR","potentialAction":[{"@type":"ReadAction","target":["https:\/\/canbebe.com\/fr\/calendrier-de-grossesse\/6-hafta\/"]}]},{"@type":"ImageObject","inLanguage":"fr-FR","@id":"https:\/\/canbebe.com\/fr\/calendrier-de-grossesse\/6-hafta\/#primaryimage","url":"https:\/\/canbebe.com\/wp-content\/uploads\/2023\/12\/Fruits-1-1.svg","contentUrl":"https:\/\/canbebe.com\/wp-content\/uploads\/2023\/12\/Fruits-1-1.svg","width":"72","height":"72"},{"@type":"BreadcrumbList","@id":"https:\/\/canbebe.com\/fr\/calendrier-de-grossesse\/6-hafta\/#breadcrumb","itemListElement":[{"@type":"ListItem","position":1,"name":"Accueil","item":"https:\/\/canbebe.com\/fr\/"},{"@type":"ListItem","position":2,"name":"Calendrier de Grossesse","item":"https:\/\/canbebe.com\/fr\/calendrier-de-grossesse\/"},{"@type":"ListItem","position":3,"name":"Semaine 6"}]},{"@type":"WebSite","@id":"https:\/\/canbebe.com\/fr\/#website","url":"https:\/\/canbebe.com\/fr\/","name":"Canbebe","description":"Canbebe","publisher":{"@id":"https:\/\/canbebe.com\/fr\/#organization"},"potentialAction":[{"@type":"SearchAction","target":{"@type":"EntryPoint","urlTemplate":"https:\/\/canbebe.com\/fr\/?s={search_term_string}"},"query-input":{"@type":"PropertyValueSpecification","valueRequired":true,"valueName":"search_term_string"}}],"inLanguage":"fr-FR"},{"@type":"Organization","@id":"https:\/\/canbebe.com\/fr\/#organization","name":"Canbebe","url":"https:\/\/canbebe.com\/fr\/","logo":{"@type":"ImageObject","inLanguage":"fr-FR","@id":"https:\/\/canbebe.com\/fr\/#\/schema\/logo\/image\/","url":"https:\/\/canbebe.com\/wp-content\/uploads\/2023\/11\/logo-canbebe.png","contentUrl":"https:\/\/canbebe.com\/wp-content\/uploads\/2023\/11\/logo-canbebe.png","width":398,"height":84,"caption":"Canbebe"},"image":{"@id":"https:\/\/canbebe.com\/fr\/#\/schema\/logo\/image\/"}}]}},"_links":{"self":[{"href":"https:\/\/canbebe.com\/fr\/wp-json\/wp\/v2\/pages\/2426","targetHints":{"allow":["GET"]}}],"collection":[{"href":"https:\/\/canbebe.com\/fr\/wp-json\/wp\/v2\/pages"}],"about":[{"href":"https:\/\/canbebe.com\/fr\/wp-json\/wp\/v2\/types\/page"}],"author":[{"embeddable":true,"href":"https:\/\/canbebe.com\/fr\/wp-json\/wp\/v2\/users\/3"}],"replies":[{"embeddable":true,"href":"https:\/\/canbebe.com\/fr\/wp-json\/wp\/v2\/comments?post=2426"}],"version-history":[{"count":0,"href":"https:\/\/canbebe.com\/fr\/wp-json\/wp\/v2\/pages\/2426\/revisions"}],"up":[{"embeddable":true,"href":"https:\/\/canbebe.com\/fr\/wp-json\/wp\/v2\/pages\/2268"}],"wp:featuredmedia":[{"embeddable":true,"href":"https:\/\/canbebe.com\/fr\/wp-json\/wp\/v2\/media\/1101"}],"wp:attachment":[{"href":"https:\/\/canbebe.com\/fr\/wp-json\/wp\/v2\/media?parent=2426"}],"curies":[{"name":"wp","href":"https:\/\/api.w.org\/{rel}","templated":true}]}}