{"id":2406,"date":"2023-11-24T09:05:58","date_gmt":"2023-11-24T09:05:58","guid":{"rendered":"https:\/\/canbebe.com\/?page_id=2406"},"modified":"2024-04-09T14:51:34","modified_gmt":"2024-04-09T14:51:34","slug":"8-hafta","status":"publish","type":"page","link":"https:\/\/canbebe.com\/fr\/calendrier-de-grossesse\/8-hafta\/","title":{"rendered":"Semaine 8"},"content":{"rendered":"<div class=\"wpb-content-wrapper\"><p>[vc_row row_height_percent=\u00a0\u00bb0&Prime; override_padding=\u00a0\u00bbyes\u00a0\u00bb h_padding=\u00a0\u00bb2&Prime; top_padding=\u00a0\u00bb2&Prime; bottom_padding=\u00a0\u00bb0&Prime; overlay_alpha=\u00a0\u00bb50&Prime; equal_height=\u00a0\u00bbyes\u00a0\u00bb gutter_size=\u00a0\u00bb2&Prime; column_width_percent=\u00a0\u00bb100&Prime; shift_y=\u00a0\u00bb-3&Prime; z_index=\u00a0\u00bb0&Prime; uncode_shortcode_id=\u00a0\u00bb152492&Prime;][vc_column column_width_percent=\u00a0\u00bb100&Prime; position_vertical=\u00a0\u00bbmiddle\u00a0\u00bb align_horizontal=\u00a0\u00bbalign_center\u00a0\u00bb gutter_size=\u00a0\u00bb3&Prime; overlay_alpha=\u00a0\u00bb50&Prime; shift_x=\u00a0\u00bb0&Prime; shift_y=\u00a0\u00bb0&Prime; shift_y_down=\u00a0\u00bb0&Prime; z_index=\u00a0\u00bb0&Prime; medium_width=\u00a0\u00bb0&Prime; mobile_visibility=\u00a0\u00bbyes\u00a0\u00bb mobile_width=\u00a0\u00bb0&Prime; radius=\u00a0\u00bbsm\u00a0\u00bb width=\u00a0\u00bb5\/12&Prime; uncode_shortcode_id=\u00a0\u00bb931234&Prime; el_class=\u00a0\u00bbimg-rounded\u00a0\u00bb][\/vc_column][vc_column column_width_use_pixel=\u00a0\u00bbyes\u00a0\u00bb position_horizontal=\u00a0\u00bbright\u00a0\u00bb gutter_size=\u00a0\u00bb2&Prime; overlay_alpha=\u00a0\u00bb50&Prime; shift_x=\u00a0\u00bb0&Prime; shift_y=\u00a0\u00bb-5&Prime; shift_y_down=\u00a0\u00bb-5&Prime; z_index=\u00a0\u00bb0&Prime; medium_width=\u00a0\u00bb0&Prime; mobile_width=\u00a0\u00bb0&Prime; width=\u00a0\u00bb7\/12&Prime; uncode_shortcode_id=\u00a0\u00bb133000&Prime; column_width_pixel=\u00a0\u00bb600&Prime; el_id=\u00a0\u00bbhafta-nav\u00a0\u00bb][vc_custom_heading heading_semantic=\u00a0\u00bbh4&Prime; text_size=\u00a0\u00bb\u00a0\u00bb uncode_shortcode_id=\u00a0\u00bb678088&Prime;]Taille et poids du b\u00e9b\u00e9[\/vc_custom_heading][vc_column_text uncode_shortcode_id=\u00a0\u00bb617754&Prime;]<\/p>\n<div class=\"gebelik-content-text gebelik-content-text-1\">\n<article>\u00c0 8 semaines de grossesse, le b\u00e9b\u00e9 mesure environ 15-16 mm, la taille d&rsquo;une framboise ou d&rsquo;une petite fraise. Son poids est d&rsquo;environ 2 grammes.<\/article>\n<\/div>\n<p>[\/vc_column_text][\/vc_column][\/vc_row][vc_row row_height_percent=\u00a0\u00bb0&Prime; override_padding=\u00a0\u00bbyes\u00a0\u00bb h_padding=\u00a0\u00bb2&Prime; top_padding=\u00a0\u00bb1&Prime; bottom_padding=\u00a0\u00bb2&Prime; overlay_alpha=\u00a0\u00bb50&Prime; gutter_size=\u00a0\u00bb3&Prime; column_width_percent=\u00a0\u00bb100&Prime; shift_y=\u00a0\u00bb0&Prime; z_index=\u00a0\u00bb0&Prime; uncode_shortcode_id=\u00a0\u00bb137824&Prime;][vc_column width=\u00a0\u00bb1\/1&Prime;][vc_custom_heading heading_semantic=\u00a0\u00bbh4&Prime; text_size=\u00a0\u00bb\u00a0\u00bb uncode_shortcode_id=\u00a0\u00bb149453&Prime;]Le D\u00e9veloppement du B\u00e9b\u00e9[\/vc_custom_heading][vc_row_inner limit_content=\u00a0\u00bb\u00a0\u00bb][vc_column_inner width=\u00a0\u00bb5\/12&Prime;][vc_single_image media=\u00a0\u00bb1141&Prime; media_width_percent=\u00a0\u00bb100&Prime; uncode_shortcode_id=\u00a0\u00bb173124&Prime;][\/vc_column_inner][vc_column_inner width=\u00a0\u00bb7\/12&Prime;][vc_column_text uncode_shortcode_id=\u00a0\u00bb101408&Prime;]\u00c0 8 semaines de grossesse, votre b\u00e9b\u00e9 est sur le point de terminer sa transition de l&#8217;embryon au f\u0153tus, et son taux de croissance a quadrupl\u00e9 au cours des 2 derni\u00e8res semaines.<\/p>\n<p>La structure osseuse est encore sous forme de tissu cartilagineux. Les doigts et les orteils se sont form\u00e9s, mais ils ne sont toujours pas compl\u00e8tement s\u00e9par\u00e9s les uns des autres, et ils sont \u00e9galement tr\u00e8s courts. Ses articulations du poignet, du coude et du genou sont visibles.<\/p>\n<p>Chez le b\u00e9b\u00e9 de 8 semaines, les d\u00e9tails du visage continuent de se d\u00e9velopper encore plus\u00a0: le nez, les l\u00e8vres et les oreilles deviennent plus pro\u00e9minents. Les paupi\u00e8res prendront presque leur forme finale. Les structures oculaires continuent \u00e9galement de se former. Ses yeux s&rsquo;agrandissent et commencent \u00e0 se colorer.<\/p>\n<p>Les quatre cavit\u00e9s du c\u0153ur ont \u00e9t\u00e9 form\u00e9es chez le b\u00e9b\u00e9 de 8 semaines dans l&rsquo;ut\u00e9rus. Son c\u0153ur se renforce chaque jour.<\/p>\n<p>Le cerveau ant\u00e9rieur, le m\u00e9senc\u00e9phale et le cerveau post\u00e9rieur ont presque termin\u00e9 leur d\u00e9veloppement.<\/p>\n<p>Parall\u00e8lement au syst\u00e8me nerveux central, le d\u00e9veloppement des principaux organes tels que les poumons, le pancr\u00e9as et les intestins se poursuit.<\/p>\n<p>\u00c0 la 8e semaine de grossesse, la peau du b\u00e9b\u00e9, malgr\u00e9 sa formation, est transparente.<\/p>\n<p>La structure dentaire et du palais commence \u00e0 se former \u00e0 la fin de la 8e semaine de grossesse.[\/vc_column_text][\/vc_column_inner][\/vc_row_inner][vc_custom_heading heading_semantic=\u00a0\u00bbh4&Prime; text_size=\u00a0\u00bb\u00a0\u00bb uncode_shortcode_id=\u00a0\u00bb189545&Prime;]Image \u00e9chographique[\/vc_custom_heading][vc_row_inner limit_content=\u00a0\u00bb\u00a0\u00bb][vc_column_inner width=\u00a0\u00bb5\/12&Prime;][vc_single_image media=\u00a0\u00bb1139&Prime; media_width_percent=\u00a0\u00bb100&Prime; uncode_shortcode_id=\u00a0\u00bb151140&Prime;][\/vc_column_inner][vc_column_inner width=\u00a0\u00bb7\/12&Prime;][vc_column_text uncode_shortcode_id=\u00a0\u00bb886341&Prime;]L&rsquo;\u00e9chographie du b\u00e9b\u00e9 de 8 semaines est passionnante car vous pouvez voir votre b\u00e9b\u00e9 bouger cette semaine. Certains b\u00e9b\u00e9s peuvent m\u00eame avoir des mouvements des bras et des jambes. La future maman ne ressentira pas encore ces mouvements.<\/p>\n<p>Le b\u00e9b\u00e9 de 8 semaines est toujours en forme de C invers\u00e9 dans l&rsquo;ut\u00e9rus. Sa t\u00eate, plus dress\u00e9e que la semaine derni\u00e8re, est encore grande pour sa taille et presque de la m\u00eame taille que son corps. Les battements de c\u0153ur du b\u00e9b\u00e9 peuvent \u00eatre vus \u00e0 l&rsquo;\u00e9chographie cette semaine. Les formations des bras et des jambes et la partie de l&rsquo;\u0153il sont plus clairement visibles sur les images \u00e9chographiques de 8 semaines.<\/p>\n<p>Huit semaines apr\u00e8s la conception, les organes g\u00e9nitaux du f\u0153tus dans l&rsquo;ut\u00e9rus maternel commencent \u00e0 se d\u00e9velopper de mani\u00e8re plus prononc\u00e9e. Cependant, il n&rsquo;est g\u00e9n\u00e9ralement pas possible de d\u00e9terminer s&rsquo;il s&rsquo;agit d&rsquo;une fille ou d&rsquo;un gar\u00e7on avant environ 16 semaines, et cela n&rsquo;est pas visible lors d&rsquo;une \u00e9chographie.[\/vc_column_text][\/vc_column_inner][\/vc_row_inner][vc_custom_heading heading_semantic=\u00a0\u00bbh4&Prime; text_size=\u00a0\u00bb\u00a0\u00bb uncode_shortcode_id=\u00a0\u00bb411038&Prime;]Changements dans le corps de la m\u00e8re[\/vc_custom_heading][vc_column_text uncode_shortcode_id=\u00a0\u00bb136496&Prime;]\u00c0 la 8e semaine de grossesse, voici les changements chez la m\u00e8re :<\/p>\n<p>\u2013 Pour assurer le d\u00e9veloppement s\u00fbr du b\u00e9b\u00e9 dans l&rsquo;ut\u00e9rus, le col de l&rsquo;ut\u00e9rus de la m\u00e8re a compl\u00e9t\u00e9 la formation du bouchon. L&rsquo;ut\u00e9rus a atteint presque la taille d&rsquo;une orange. Huit semaines de grossesse, l&rsquo;ut\u00e9rus se trouve au-dessus de la vessie. Cela peut provoquer une sensation de besoin d&rsquo;uriner fr\u00e9quemment, m\u00eame si la quantit\u00e9 d&rsquo;urine est r\u00e9duite. Cette situation va s&rsquo;att\u00e9nuer pendant les mois interm\u00e9diaires de la grossesse, mais au cours des derniers mois de la grossesse, l&rsquo;ut\u00e9rus exercera \u00e0 nouveau une pression sur la vessie,<\/p>\n<p>\u2013 \u00c0 la 8e semaine de grossesse, des changements cutan\u00e9s peuvent survenir en raison de l&rsquo;influence des hormones de la grossesse. L&rsquo;apparition de boutons, la s\u00e9cheresse cutan\u00e9e et les d\u00e9mangeaisons peuvent se produire,<\/p>\n<p>\u2013 Votre m\u00e9decin pourrait vous conseiller d&rsquo;arr\u00eater la suppl\u00e9mentation en acide folique \u00e0 la 8e semaine de grossesse. Parce qu&rsquo;\u00e0 cette semaine de grossesse, le d\u00e9veloppement du canal o\u00f9 le cerveau et la moelle \u00e9pini\u00e8re du f\u0153tus sont \u00e9tablis (le d\u00e9veloppement du tube neural) est compl\u00e9t\u00e9,<\/p>\n<p>\u2013 \u00c0 la 8e semaine de grossesse, l&rsquo;hormone responsable du d\u00e9veloppement de la couche ut\u00e9rine o\u00f9 le b\u00e9b\u00e9 s&rsquo;implante va transf\u00e9rer sa fonction de la structure ovarienne au placenta, qui est responsable de la nutrition du b\u00e9b\u00e9. Pendant cette phase de transition, certaines futures mamans peuvent conna\u00eetre des saignements sous forme de taches,<\/p>\n<p>\u2013 De plus, \u00e0 la 8e semaine, vous pourriez ressentir des douleurs de type crampes semblables \u00e0 celles des r\u00e8gles, parfois m\u00eame accompagn\u00e9es de saignements tachet\u00e9s, correspondant aux dates pr\u00e9vues de vos r\u00e8gles. Bien que cela puisse \u00eatre consid\u00e9r\u00e9 comme normal pour certaines femmes enceintes, si vous rencontrez des saignements \u00e0 la 8e semaine de grossesse, n&rsquo;h\u00e9sitez pas \u00e0 informer imm\u00e9diatement votre m\u00e9decin,<\/p>\n<p>\u2013 Les sympt\u00f4mes de la 8e semaine de grossesse incluent une fatigue persistante, un d\u00e9sir accru de sommeil, une envie fr\u00e9quente d&rsquo;uriner, une enflure, une douleur et une sensibilit\u00e9 dans la r\u00e9gion mammaire, comme observ\u00e9 au cours des semaines pr\u00e9c\u00e9dentes. Votre taille peut commencer \u00e0 s&rsquo;\u00e9paissir,<\/p>\n<p>\u2013 Vous pourriez ressentir des maux de t\u00eate. La raison la plus importante de cela est indiqu\u00e9e comme l&rsquo;augmentation du volume sanguin dans le corps,<\/p>\n<p>\u2013 Les naus\u00e9es peuvent persister \u00e0 la 8e semaine de grossesse, vous pourriez commencer \u00e0 ressentir des br\u00fblures d&rsquo;estomac et des difficult\u00e9s digestives,<\/p>\n<p>\u2013 \u00c0 la 8e semaine de grossesse, certaines futures mamans peuvent ne pr\u00e9senter qu&rsquo;une partie ou aucune de ces sympt\u00f4mes de grossesse. Ces grossesses progressent g\u00e9n\u00e9ralement de mani\u00e8re saine. N\u00e9anmoins, ces futures mamans devraient toujours subir des examens de routine, faire attention \u00e0 leur alimentation et \u00e9viter les mouvements brusques, les exercices excessifs, et le soul\u00e8vement d&rsquo;objets lourds.[\/vc_column_text][vc_custom_heading heading_semantic=\u00a0\u00bbh4&Prime; text_size=\u00a0\u00bbh4&Prime; uncode_shortcode_id=\u00a0\u00bb202594&Prime;]Choses \u00e0 prendre en compte[\/vc_custom_heading][vc_column_text uncode_shortcode_id=\u00a0\u00bb586573&Prime;]\u00c0 la 8e semaine de grossesse, vous pourriez \u00e9prouver certaines inqui\u00e9tudes li\u00e9es \u00e0 des facteurs hormonaux. \u00c0 la base de sentiments n\u00e9gatifs, il peut y avoir la peur de para\u00eetre moins attrayante et de s&rsquo;\u00e9loigner sexuellement de son partenaire \u00e0 mesure que la grossesse progresse chez la future m\u00e8re. Le partage de ces inqui\u00e9tudes avec votre partenaire et la prise de certaines mesures peuvent grandement vous soulager. Par exemple, dans le cas d&rsquo;une grossesse planifi\u00e9e, colorer les cheveux \u00e0 leur couleur naturelle avant la grossesse peut \u00eatre une bonne solution. Bien qu&rsquo;il n&rsquo;y ait pas eu de recherche scientifique sp\u00e9cifique sur ce sujet, il est recommand\u00e9 de suspendre les besoins tels que la coloration des cheveux pendant la grossesse. Ou si la future maman a une peau tr\u00e8s claire et est g\u00ean\u00e9e par cette situation, elle peut simplement appliquer une teinture pour cils sur les m\u00e8ches avant de ses cheveux.<\/p>\n<p>\u00c0 la 8e semaine de grossesse, pour faire face aux \u00e9ventuels probl\u00e8mes cutan\u00e9s, vous devriez prendre les mesures suivantes :<\/p>\n<p>\u2013 Adoptez une alimentation \u00e9quilibr\u00e9e,<\/p>\n<p>\u2013 Buvez beaucoup d&rsquo;eau,<\/p>\n<p>\u2013 Prenez un suppl\u00e9ment de vitamine B6 en consultant votre m\u00e9decin,<\/p>\n<p>\u2013 Nettoyez votre visage plusieurs fois avec un nettoyant naturel ou biologique,<\/p>\n<p>\u2013 Utilisez un hydratant naturel ou biologique.<\/p>\n<p>\u00c0 la 8e semaine de grossesse, pour \u00e9viter les br\u00fblures d&rsquo;estomac et les difficult\u00e9s digestives, vous pouvez faire attention \u00e0 ce qui suit :<\/p>\n<p>\u2013 Essayez de ne pas prendre trop de poids,<\/p>\n<p>\u2013 Mangez lentement et m\u00e2chez bien les aliments,<\/p>\n<p>\u2013 \u00c9vitez de consommer des aliments \u00e9pic\u00e9s et piquants. \u00c9vitez les produits de charcuterie. Faites attention \u00e0 ne pas consommer de chocolat et de caf\u00e9,<\/p>\n<p>\u2013 Ne portez pas de v\u00eatements serr\u00e9s,<\/p>\n<p>\u2013 \u00c9vitez les snacks et les repas fast-food. Pr\u00e9parez des collations saines \u00e0 la maison.<\/p>\n<p>&nbsp;<\/p>\n<p>Pendant la grossesse, veillez \u00e0 vous d\u00e9placer de mani\u00e8re s\u00fbre. \u00c0 la 8e semaine, le b\u00e9b\u00e9 continuera de grandir dans votre ventre, et vous pourriez parfois ressentir une perte d&rsquo;\u00e9quilibre. Pour cette raison, soyez attentif \u00e0 maintenir votre \u00e9quilibre et marchez calmement lorsque vous marchez. Lors de vos d\u00e9placements, veillez toujours \u00e0 attacher votre ceinture de s\u00e9curit\u00e9. Ne faites pas d&rsquo;exploits dans la cuisine ou les t\u00e2ches m\u00e9nag\u00e8res : n&rsquo;allez pas sur l&rsquo;\u00e9chelle ou le tabouret. \u00c9vitez de vous \u00e9tirer pour atteindre des \u00e9tag\u00e8res \u00e9lev\u00e9es et de faire des mouvements qui \u00e9tirent votre abdomen vers le haut. Faites attention aux surfaces mouill\u00e9es \u00e0 l&rsquo;int\u00e9rieur de votre maison, dans votre jardin ou sur le trottoir. Soyez prudente lorsque vous prenez votre bain. Ne pas exag\u00e9rer lors de la pratique d&rsquo;exercices physiques. Essayez de ne pas soulever votre premier enfant ou vos enfants lorsque vous \u00eates debout, si possible.[\/vc_column_text][\/vc_column][\/vc_row][vc_row][vc_column width=\u00a0\u00bb1\/1&Prime;][uncode_block id=\u00a0\u00bb989&Prime;][\/vc_column][\/vc_row][vc_row][vc_column width=\u00a0\u00bb1\/1&Prime;][uncode_block id=\u00a0\u00bb601&Prime;][\/vc_column][\/vc_row]<\/p>\n<\/div>","protected":false},"excerpt":{"rendered":"<p>[vc_row row_height_percent=\u00a0\u00bb0&Prime; override_padding=\u00a0\u00bbyes\u00a0\u00bb h_padding=\u00a0\u00bb2&Prime; top_padding=\u00a0\u00bb2&Prime; bottom_padding=\u00a0\u00bb0&Prime; overlay_alpha=\u00a0\u00bb50&Prime; equal_height=\u00a0\u00bbyes\u00a0\u00bb gutter_size=\u00a0\u00bb2&Prime; column_width_percent=\u00a0\u00bb100&Prime; shift_y=\u00a0\u00bb-3&Prime; z_index=\u00a0\u00bb0&Prime; uncode_shortcode_id=\u00a0\u00bb152492&Prime;][vc_column column_width_percent=\u00a0\u00bb100&Prime; position_vertical=\u00a0\u00bbmiddle\u00a0\u00bb align_horizontal=\u00a0\u00bbalign_center\u00a0\u00bb gutter_size=\u00a0\u00bb3&Prime; overlay_alpha=\u00a0\u00bb50&Prime; shift_x=\u00a0\u00bb0&Prime; shift_y=\u00a0\u00bb0&Prime; [&hellip;]<\/p>\n","protected":false},"author":3,"featured_media":938,"parent":2268,"menu_order":0,"comment_status":"closed","ping_status":"closed","template":"","meta":{"_monsterinsights_skip_tracking":false,"_monsterinsights_sitenote_active":false,"_monsterinsights_sitenote_note":"","_monsterinsights_sitenote_category":0,"footnotes":""},"class_list":["post-2406","page","type-page","status-publish","has-post-thumbnail","hentry","page_category-semaine-par-semaine"],"yoast_head":"<!-- This site is optimized with the Yoast SEO plugin v27.4 - https:\/\/yoast.com\/product\/yoast-seo-wordpress\/ -->\n<title>Semaine 8 - Canbebe<\/title>\n<meta name=\"robots\" content=\"index, follow, max-snippet:-1, max-image-preview:large, max-video-preview:-1\" \/>\n<link rel=\"canonical\" href=\"https:\/\/canbebe.com\/fr\/calendrier-de-grossesse\/8-hafta\/\" \/>\n<meta property=\"og:locale\" content=\"fr_FR\" \/>\n<meta property=\"og:type\" content=\"article\" \/>\n<meta property=\"og:title\" content=\"Semaine 8 - Canbebe\" \/>\n<meta property=\"og:description\" content=\"[vc_row row_height_percent=\u00a0\u00bb0&Prime; override_padding=\u00a0\u00bbyes\u00a0\u00bb h_padding=\u00a0\u00bb2&Prime; top_padding=\u00a0\u00bb2&Prime; bottom_padding=\u00a0\u00bb0&Prime; overlay_alpha=\u00a0\u00bb50&Prime; equal_height=\u00a0\u00bbyes\u00a0\u00bb gutter_size=\u00a0\u00bb2&Prime; column_width_percent=\u00a0\u00bb100&Prime; shift_y=\u00a0\u00bb-3&Prime; z_index=\u00a0\u00bb0&Prime; uncode_shortcode_id=\u00a0\u00bb152492&Prime;][vc_column column_width_percent=\u00a0\u00bb100&Prime; position_vertical=\u00a0\u00bbmiddle\u00a0\u00bb align_horizontal=\u00a0\u00bbalign_center\u00a0\u00bb gutter_size=\u00a0\u00bb3&Prime; overlay_alpha=\u00a0\u00bb50&Prime; shift_x=\u00a0\u00bb0&Prime; shift_y=\u00a0\u00bb0&Prime; [&hellip;]\" \/>\n<meta property=\"og:url\" content=\"https:\/\/canbebe.com\/fr\/calendrier-de-grossesse\/8-hafta\/\" \/>\n<meta property=\"og:site_name\" content=\"Canbebe\" \/>\n<meta property=\"article:modified_time\" content=\"2024-04-09T14:51:34+00:00\" \/>\n<meta property=\"og:image\" content=\"https:\/\/canbebe.com\/wp-content\/uploads\/2023\/12\/Raspberry.png\" \/>\n\t<meta property=\"og:image:width\" content=\"360\" \/>\n\t<meta property=\"og:image:height\" content=\"360\" \/>\n\t<meta property=\"og:image:type\" content=\"image\/png\" \/>\n<meta name=\"twitter:card\" content=\"summary_large_image\" \/>\n<script type=\"application\/ld+json\" class=\"yoast-schema-graph\">{\"@context\":\"https:\\\/\\\/schema.org\",\"@graph\":[{\"@type\":\"WebPage\",\"@id\":\"https:\\\/\\\/canbebe.com\\\/fr\\\/calendrier-de-grossesse\\\/8-hafta\\\/\",\"url\":\"https:\\\/\\\/canbebe.com\\\/fr\\\/calendrier-de-grossesse\\\/8-hafta\\\/\",\"name\":\"Semaine 8 - Canbebe\",\"isPartOf\":{\"@id\":\"https:\\\/\\\/canbebe.com\\\/fr\\\/#website\"},\"primaryImageOfPage\":{\"@id\":\"https:\\\/\\\/canbebe.com\\\/fr\\\/calendrier-de-grossesse\\\/8-hafta\\\/#primaryimage\"},\"image\":{\"@id\":\"https:\\\/\\\/canbebe.com\\\/fr\\\/calendrier-de-grossesse\\\/8-hafta\\\/#primaryimage\"},\"thumbnailUrl\":\"https:\\\/\\\/canbebe.com\\\/wp-content\\\/uploads\\\/2023\\\/12\\\/Raspberry.png\",\"datePublished\":\"2023-11-24T09:05:58+00:00\",\"dateModified\":\"2024-04-09T14:51:34+00:00\",\"breadcrumb\":{\"@id\":\"https:\\\/\\\/canbebe.com\\\/fr\\\/calendrier-de-grossesse\\\/8-hafta\\\/#breadcrumb\"},\"inLanguage\":\"fr-FR\",\"potentialAction\":[{\"@type\":\"ReadAction\",\"target\":[\"https:\\\/\\\/canbebe.com\\\/fr\\\/calendrier-de-grossesse\\\/8-hafta\\\/\"]}]},{\"@type\":\"ImageObject\",\"inLanguage\":\"fr-FR\",\"@id\":\"https:\\\/\\\/canbebe.com\\\/fr\\\/calendrier-de-grossesse\\\/8-hafta\\\/#primaryimage\",\"url\":\"https:\\\/\\\/canbebe.com\\\/wp-content\\\/uploads\\\/2023\\\/12\\\/Raspberry.png\",\"contentUrl\":\"https:\\\/\\\/canbebe.com\\\/wp-content\\\/uploads\\\/2023\\\/12\\\/Raspberry.png\",\"width\":360,\"height\":360},{\"@type\":\"BreadcrumbList\",\"@id\":\"https:\\\/\\\/canbebe.com\\\/fr\\\/calendrier-de-grossesse\\\/8-hafta\\\/#breadcrumb\",\"itemListElement\":[{\"@type\":\"ListItem\",\"position\":1,\"name\":\"Accueil\",\"item\":\"https:\\\/\\\/canbebe.com\\\/fr\\\/\"},{\"@type\":\"ListItem\",\"position\":2,\"name\":\"Calendrier de Grossesse\",\"item\":\"https:\\\/\\\/canbebe.com\\\/fr\\\/calendrier-de-grossesse\\\/\"},{\"@type\":\"ListItem\",\"position\":3,\"name\":\"Semaine 8\"}]},{\"@type\":\"WebSite\",\"@id\":\"https:\\\/\\\/canbebe.com\\\/fr\\\/#website\",\"url\":\"https:\\\/\\\/canbebe.com\\\/fr\\\/\",\"name\":\"Canbebe\",\"description\":\"Canbebe\",\"publisher\":{\"@id\":\"https:\\\/\\\/canbebe.com\\\/fr\\\/#organization\"},\"potentialAction\":[{\"@type\":\"SearchAction\",\"target\":{\"@type\":\"EntryPoint\",\"urlTemplate\":\"https:\\\/\\\/canbebe.com\\\/fr\\\/?s={search_term_string}\"},\"query-input\":{\"@type\":\"PropertyValueSpecification\",\"valueRequired\":true,\"valueName\":\"search_term_string\"}}],\"inLanguage\":\"fr-FR\"},{\"@type\":\"Organization\",\"@id\":\"https:\\\/\\\/canbebe.com\\\/fr\\\/#organization\",\"name\":\"Canbebe\",\"url\":\"https:\\\/\\\/canbebe.com\\\/fr\\\/\",\"logo\":{\"@type\":\"ImageObject\",\"inLanguage\":\"fr-FR\",\"@id\":\"https:\\\/\\\/canbebe.com\\\/fr\\\/#\\\/schema\\\/logo\\\/image\\\/\",\"url\":\"https:\\\/\\\/canbebe.com\\\/wp-content\\\/uploads\\\/2023\\\/11\\\/logo-canbebe.png\",\"contentUrl\":\"https:\\\/\\\/canbebe.com\\\/wp-content\\\/uploads\\\/2023\\\/11\\\/logo-canbebe.png\",\"width\":398,\"height\":84,\"caption\":\"Canbebe\"},\"image\":{\"@id\":\"https:\\\/\\\/canbebe.com\\\/fr\\\/#\\\/schema\\\/logo\\\/image\\\/\"}}]}<\/script>\n<!-- \/ Yoast SEO plugin. -->","yoast_head_json":{"title":"Semaine 8 - Canbebe","robots":{"index":"index","follow":"follow","max-snippet":"max-snippet:-1","max-image-preview":"max-image-preview:large","max-video-preview":"max-video-preview:-1"},"canonical":"https:\/\/canbebe.com\/fr\/calendrier-de-grossesse\/8-hafta\/","og_locale":"fr_FR","og_type":"article","og_title":"Semaine 8 - Canbebe","og_description":"[vc_row row_height_percent=\u00a0\u00bb0&Prime; override_padding=\u00a0\u00bbyes\u00a0\u00bb h_padding=\u00a0\u00bb2&Prime; top_padding=\u00a0\u00bb2&Prime; bottom_padding=\u00a0\u00bb0&Prime; overlay_alpha=\u00a0\u00bb50&Prime; equal_height=\u00a0\u00bbyes\u00a0\u00bb gutter_size=\u00a0\u00bb2&Prime; column_width_percent=\u00a0\u00bb100&Prime; shift_y=\u00a0\u00bb-3&Prime; z_index=\u00a0\u00bb0&Prime; uncode_shortcode_id=\u00a0\u00bb152492&Prime;][vc_column column_width_percent=\u00a0\u00bb100&Prime; position_vertical=\u00a0\u00bbmiddle\u00a0\u00bb align_horizontal=\u00a0\u00bbalign_center\u00a0\u00bb gutter_size=\u00a0\u00bb3&Prime; overlay_alpha=\u00a0\u00bb50&Prime; shift_x=\u00a0\u00bb0&Prime; shift_y=\u00a0\u00bb0&Prime; [&hellip;]","og_url":"https:\/\/canbebe.com\/fr\/calendrier-de-grossesse\/8-hafta\/","og_site_name":"Canbebe","article_modified_time":"2024-04-09T14:51:34+00:00","og_image":[{"width":360,"height":360,"url":"https:\/\/canbebe.com\/wp-content\/uploads\/2023\/12\/Raspberry.png","type":"image\/png"}],"twitter_card":"summary_large_image","schema":{"@context":"https:\/\/schema.org","@graph":[{"@type":"WebPage","@id":"https:\/\/canbebe.com\/fr\/calendrier-de-grossesse\/8-hafta\/","url":"https:\/\/canbebe.com\/fr\/calendrier-de-grossesse\/8-hafta\/","name":"Semaine 8 - Canbebe","isPartOf":{"@id":"https:\/\/canbebe.com\/fr\/#website"},"primaryImageOfPage":{"@id":"https:\/\/canbebe.com\/fr\/calendrier-de-grossesse\/8-hafta\/#primaryimage"},"image":{"@id":"https:\/\/canbebe.com\/fr\/calendrier-de-grossesse\/8-hafta\/#primaryimage"},"thumbnailUrl":"https:\/\/canbebe.com\/wp-content\/uploads\/2023\/12\/Raspberry.png","datePublished":"2023-11-24T09:05:58+00:00","dateModified":"2024-04-09T14:51:34+00:00","breadcrumb":{"@id":"https:\/\/canbebe.com\/fr\/calendrier-de-grossesse\/8-hafta\/#breadcrumb"},"inLanguage":"fr-FR","potentialAction":[{"@type":"ReadAction","target":["https:\/\/canbebe.com\/fr\/calendrier-de-grossesse\/8-hafta\/"]}]},{"@type":"ImageObject","inLanguage":"fr-FR","@id":"https:\/\/canbebe.com\/fr\/calendrier-de-grossesse\/8-hafta\/#primaryimage","url":"https:\/\/canbebe.com\/wp-content\/uploads\/2023\/12\/Raspberry.png","contentUrl":"https:\/\/canbebe.com\/wp-content\/uploads\/2023\/12\/Raspberry.png","width":360,"height":360},{"@type":"BreadcrumbList","@id":"https:\/\/canbebe.com\/fr\/calendrier-de-grossesse\/8-hafta\/#breadcrumb","itemListElement":[{"@type":"ListItem","position":1,"name":"Accueil","item":"https:\/\/canbebe.com\/fr\/"},{"@type":"ListItem","position":2,"name":"Calendrier de Grossesse","item":"https:\/\/canbebe.com\/fr\/calendrier-de-grossesse\/"},{"@type":"ListItem","position":3,"name":"Semaine 8"}]},{"@type":"WebSite","@id":"https:\/\/canbebe.com\/fr\/#website","url":"https:\/\/canbebe.com\/fr\/","name":"Canbebe","description":"Canbebe","publisher":{"@id":"https:\/\/canbebe.com\/fr\/#organization"},"potentialAction":[{"@type":"SearchAction","target":{"@type":"EntryPoint","urlTemplate":"https:\/\/canbebe.com\/fr\/?s={search_term_string}"},"query-input":{"@type":"PropertyValueSpecification","valueRequired":true,"valueName":"search_term_string"}}],"inLanguage":"fr-FR"},{"@type":"Organization","@id":"https:\/\/canbebe.com\/fr\/#organization","name":"Canbebe","url":"https:\/\/canbebe.com\/fr\/","logo":{"@type":"ImageObject","inLanguage":"fr-FR","@id":"https:\/\/canbebe.com\/fr\/#\/schema\/logo\/image\/","url":"https:\/\/canbebe.com\/wp-content\/uploads\/2023\/11\/logo-canbebe.png","contentUrl":"https:\/\/canbebe.com\/wp-content\/uploads\/2023\/11\/logo-canbebe.png","width":398,"height":84,"caption":"Canbebe"},"image":{"@id":"https:\/\/canbebe.com\/fr\/#\/schema\/logo\/image\/"}}]}},"_links":{"self":[{"href":"https:\/\/canbebe.com\/fr\/wp-json\/wp\/v2\/pages\/2406","targetHints":{"allow":["GET"]}}],"collection":[{"href":"https:\/\/canbebe.com\/fr\/wp-json\/wp\/v2\/pages"}],"about":[{"href":"https:\/\/canbebe.com\/fr\/wp-json\/wp\/v2\/types\/page"}],"author":[{"embeddable":true,"href":"https:\/\/canbebe.com\/fr\/wp-json\/wp\/v2\/users\/3"}],"replies":[{"embeddable":true,"href":"https:\/\/canbebe.com\/fr\/wp-json\/wp\/v2\/comments?post=2406"}],"version-history":[{"count":0,"href":"https:\/\/canbebe.com\/fr\/wp-json\/wp\/v2\/pages\/2406\/revisions"}],"up":[{"embeddable":true,"href":"https:\/\/canbebe.com\/fr\/wp-json\/wp\/v2\/pages\/2268"}],"wp:featuredmedia":[{"embeddable":true,"href":"https:\/\/canbebe.com\/fr\/wp-json\/wp\/v2\/media\/938"}],"wp:attachment":[{"href":"https:\/\/canbebe.com\/fr\/wp-json\/wp\/v2\/media?parent=2406"}],"curies":[{"name":"wp","href":"https:\/\/api.w.org\/{rel}","templated":true}]}}