{"id":2576,"date":"2023-11-24T09:07:52","date_gmt":"2023-11-24T09:07:52","guid":{"rendered":"https:\/\/canbebe.com\/?page_id=2576"},"modified":"2024-03-12T09:54:44","modified_gmt":"2024-03-12T09:54:44","slug":"13-hafta","status":"publish","type":"page","link":"https:\/\/canbebe.com\/en\/pregnancy-calendar\/13-hafta\/","title":{"rendered":"Week 13"},"content":{"rendered":"<div class=\"wpb-content-wrapper\"><p>[vc_row row_height_percent=&#8221;0&#8243; override_padding=&#8221;yes&#8221; h_padding=&#8221;2&#8243; top_padding=&#8221;2&#8243; bottom_padding=&#8221;0&#8243; overlay_alpha=&#8221;50&#8243; equal_height=&#8221;yes&#8221; gutter_size=&#8221;2&#8243; column_width_percent=&#8221;100&#8243; shift_y=&#8221;-3&#8243; z_index=&#8221;0&#8243; uncode_shortcode_id=&#8221;152492&#8243;][vc_column column_width_percent=&#8221;100&#8243; position_vertical=&#8221;middle&#8221; align_horizontal=&#8221;align_center&#8221; gutter_size=&#8221;3&#8243; overlay_alpha=&#8221;50&#8243; shift_x=&#8221;0&#8243; shift_y=&#8221;0&#8243; shift_y_down=&#8221;0&#8243; z_index=&#8221;0&#8243; medium_width=&#8221;0&#8243; mobile_visibility=&#8221;yes&#8221; mobile_width=&#8221;0&#8243; radius=&#8221;sm&#8221; width=&#8221;5\/12&#8243; uncode_shortcode_id=&#8221;931234&#8243; el_class=&#8221;img-rounded&#8221;][\/vc_column][vc_column column_width_use_pixel=&#8221;yes&#8221; position_horizontal=&#8221;right&#8221; gutter_size=&#8221;2&#8243; overlay_alpha=&#8221;50&#8243; shift_x=&#8221;0&#8243; shift_y=&#8221;-5&#8243; shift_y_down=&#8221;-5&#8243; z_index=&#8221;0&#8243; medium_width=&#8221;0&#8243; mobile_width=&#8221;0&#8243; width=&#8221;7\/12&#8243; uncode_shortcode_id=&#8221;133000&#8243; column_width_pixel=&#8221;600&#8243; el_id=&#8221;hafta-nav&#8221;][vc_custom_heading heading_semantic=&#8221;h4&#8243; text_size=&#8221;&#8221; uncode_shortcode_id=&#8221;723084&#8243;]Baby&#8217;s Height and Weight[\/vc_custom_heading][vc_column_text uncode_shortcode_id=&#8221;169559&#8243;]At the 13th week of pregnancy, the baby is about 7-8 centimeters tall, the size of a lemon or tangerine. Its weight is about 22-25 grams.[\/vc_column_text][\/vc_column][\/vc_row][vc_row row_height_percent=&#8221;0&#8243; override_padding=&#8221;yes&#8221; h_padding=&#8221;2&#8243; top_padding=&#8221;1&#8243; bottom_padding=&#8221;2&#8243; overlay_alpha=&#8221;50&#8243; gutter_size=&#8221;3&#8243; column_width_percent=&#8221;100&#8243; shift_y=&#8221;0&#8243; z_index=&#8221;0&#8243; uncode_shortcode_id=&#8221;137824&#8243;][vc_column width=&#8221;1\/1&#8243;][vc_custom_heading heading_semantic=&#8221;h4&#8243; text_size=&#8221;&#8221; uncode_shortcode_id=&#8221;189884&#8243;]Development of the Baby[\/vc_custom_heading][vc_row_inner limit_content=&#8221;&#8221;][vc_column_inner width=&#8221;5\/12&#8243;][vc_single_image media=&#8221;1157&#8243; media_width_percent=&#8221;100&#8243; uncode_shortcode_id=&#8221;123199&#8243;][\/vc_column_inner][vc_column_inner width=&#8221;7\/12&#8243;][vc_column_text uncode_shortcode_id=&#8221;996510&#8243;]At 13 weeks of pregnancy, your baby&#8217;s face is proportionally smaller than her body. She continues to look much cuter every day. Facial features have become more pronounced. The forehead area is wide. As their ears grow, they begin to take their normal shape. The inner ear and middle ear are completely formed. The eyes are closer to the front of the face than in previous weeks. Her eyes are colored.<\/p>\n<p>In the 13-week-old baby, the skin is covered with fine hairs.<\/p>\n<p>Your baby can stick his thumb in his mouth.<\/p>\n<p>At 13 weeks of pregnancy, all of your baby&#8217;s organs and body systems are formed. Their organs continue to grow and develop, and their arms and legs continue to grow.<\/p>\n<p>In the 13th week, the baby&#8217;s digestive system works very well. The baby swallows the amniotic fluid and filters it through the kidneys and intestines, releasing it back into the amniotic fluid as urine. All of the waste materials are transferred to the placenta with the umbilical cord and from there to the mother&#8217;s blood.<\/p>\n<p>At 13 weeks of pregnancy, all of your baby&#8217;s tooth buds continue to develop.<\/p>\n<p>So, does the 13-week-old baby move? Yes, the 13-week-old baby moves in the womb and his\/her movements are faster than in the past weeks. He can now stretch his whole body and respond to external stimuli with reflex movements. Babies do not feel any pain in these arousals. It is estimated that babies do not feel any pain until the 24th week.<\/p>\n<p>His heart slows down another click compared to the past weeks, but it still beats fast.<\/p>\n<p>The egg sac (yolk sac) disappears completely by the 13th week.<\/p>\n<p>At the 13th week of pregnancy, the intestines are fully settled in the abdomen.[\/vc_column_text][\/vc_column_inner][\/vc_row_inner][vc_custom_heading heading_semantic=&#8221;h4&#8243; text_size=&#8221;&#8221; uncode_shortcode_id=&#8221;190613&#8243;]Ultrasound Image[\/vc_custom_heading][vc_row_inner limit_content=&#8221;&#8221;][vc_column_inner width=&#8221;5\/12&#8243;][vc_single_image media=&#8221;1155&#8243; media_width_percent=&#8221;100&#8243; uncode_shortcode_id=&#8221;551470&#8243;][\/vc_column_inner][vc_column_inner width=&#8221;7\/12&#8243;][vc_column_text uncode_shortcode_id=&#8221;197970&#8243;]Your baby has begun to make perhaps the first of his facial expressions: he can now smile, albeit occasionally. You are very lucky if your doctor catches your baby smiling on a 4D ultrasound.<\/p>\n<p>Since the skin layer and bones will become thicker with each passing week, they appear in the form of a tiny human on the 13th week gestational ultrasound.<\/p>\n<p>In the first weeks, your baby&#8217;s head was the same size as her body. Now that her head has grown for a few weeks, you can see in the ultrasound images of the 13th week that your baby&#8217;s head has grown to 1\/3 of its size.<\/p>\n<p>You can see in the 13-week baby ultrasound image that your baby is kicking, moving his arms and fingers.<\/p>\n<p>If his hand touches his face, the baby can make reflex movements. In the ultrasound images of the 13-week-old baby, you can see that your baby puts his thumb in his mouth.<\/p>\n<p>Some doctors can tell the gender of the baby by looking at the 13-week gestational ultrasound image. Sometimes the baby does not allow this prediction in terms of position.[\/vc_column_text][\/vc_column_inner][\/vc_row_inner][vc_custom_heading heading_semantic=&#8221;h4&#8243; text_size=&#8221;&#8221; uncode_shortcode_id=&#8221;150423&#8243;]Changes in the Mother&#8217;s Body[\/vc_custom_heading][vc_column_text uncode_shortcode_id=&#8221;207062&#8243;]Congratulations! By the 13th week of pregnancy, you are now in the 4th month of your pregnancy. At the same time, you entered the second trimester called the 2nd trimester in the medical literature. Welcome as long as pregnancy is most comfortable and enjoyable.<\/p>\n<p>Changes in the mother at 13 weeks of pregnancy are as follows:<\/p>\n<p>\u2013 You are now in the second trimester and will soon be able to feel your baby&#8217;s kicks,<\/p>\n<p>\u2013 Sexual intercourse may be more enjoyable in some expectant mothers than before pregnancy, as the increased blood volume during pregnancy will cause an increase in the amount of blood going to the genitals. However, many women experience the opposite. The most important reason for this is that women do not find themselves attractive when they are pregnant. Some men may not find their partners attractive during this period. In addition, the feeling of nausea, weakness, emotional fluctuations of the expectant mother and the feeling of mild pain caused by excessive blood flow to the sexual area may prevent couples from having sex during pregnancy. It is good for couples to talk about this situation and to focus on the excitement of bringing a life together. During this period, it is dangerous for a man to have oral sex with his wife, as it can cause air to enter the vagina. On the contrary, giving oral sex to a man may be good for couples during periods when the woman is unwilling to have sex vaginally,<\/p>\n<p>\u2013 Skin problems may continue during the 13th gestational week. On the face, the Pregnancy Mask (Chloasma) can be seen, causing dark spots on different parts of the body. This condition is usually temporary and improves over time after birth.[\/vc_column_text][vc_custom_heading heading_semantic=&#8221;h4&#8243; text_size=&#8221;h4&#8243; uncode_shortcode_id=&#8221;405312&#8243;]Points need to be considered[\/vc_custom_heading][vc_column_text uncode_shortcode_id=&#8221;161440&#8243;]Hamilelikte 13 haftay\u0131 geride b\u0131rak\u0131rken \u015fu baz\u0131 noktalara da dikkat etmelisiniz:<\/p>\n<p>\u2013 13. hafta gebelikte di\u015f eti kanamalar\u0131n\u0131z devam edebilir. Di\u015flerinizi d\u00fczenli f\u0131r\u00e7alamak sizi rahatlat\u0131r. Hamilelikte mutlaka flor\u00fcr i\u00e7ermeyen organik di\u015f macunu kullan\u0131n (Az miktarda da olsa flor\u00fcr maddesinin sa\u011fl\u0131\u011fa zararl\u0131 etkileri oldu\u011fu baz\u0131 bilimsel \u00e7al\u0131\u015fmalarda ortaya konmu\u015ftur.) Bu al\u0131\u015fkanl\u0131\u011f\u0131n\u0131z\u0131 \u00f6m\u00fcr boyu s\u00fcrd\u00fcrmeniz ve ilerleyen ya\u015flar\u0131nda \u00e7ocu\u011funuza da organik di\u015f macunu kulland\u0131rman\u0131z sa\u011fl\u0131\u011f\u0131n\u0131z i\u00e7in \u00f6nemlidir. Gerekli durumlarda di\u015f doktorunun \u00f6nerece\u011fi tedavileri yapt\u0131rmaktan \u00e7ekinmeyin. G\u00fcn\u00fcm\u00fczde hamilelik d\u00f6neminde di\u015f tedavileri g\u00fcvenli \u015fekilde uygulanmaktad\u0131r,<\/p>\n<p>\u2013 Bol su i\u00e7melisiniz. Demir tabletlerinizi d\u00fczenli kullan\u0131n. Beslenmenize dikkat edin. A\u015f\u0131r\u0131 yememeye \u00f6zen g\u00f6sterin. G\u00fcnde fazladan 300 kalori yeterlidir. \u0130kiz gebeliklerde bu oran g\u00fcnde 500-660 kalori olmal\u0131d\u0131r. Her g\u00fcn dengeli olarak protein ve kalsiyum i\u00e7erikli yiyeceklerden bolca yiyin. Kramplar\u0131 \u00f6nlemek ad\u0131na muz gibi magnezyum i\u00e7erikli g\u0131dalar da t\u00fcketin,<\/p>\n<p>\u2013 Fazla kilo almamaya \u00e7al\u0131\u015f\u0131n. Hamile bir kad\u0131n ilk 3 ayda ortalama 1,2-1,6 kg almal\u0131d\u0131r. Haftada 450 grama denk gelir. \u0130kinci 3 ayda 5,5-6,5 kilo al\u0131r. 8 ve 9. aylarda ise haftada 450 gram olacak \u015fekilde kilo almal\u0131d\u0131r. Son ay i\u00e7inde ise 450-900 gram almal\u0131d\u0131r. Fazla kilo alan annenin bebe\u011fi de iri olur inanc\u0131 yayg\u0131nd\u0131r, oysa annenin hamilelikte ald\u0131\u011f\u0131 kilo ile bebe\u011fin kilosu aras\u0131nda bir ili\u015fki yoktur,<\/p>\n<p>When leaving behind 13 weeks of pregnancy, you should also pay attention to some points:<\/p>\n<p>\u2013 In the 13th week of pregnancy, your gingival bleeding may continue. Brushing your teeth regularly relaxes you. Always use fluoride-free organic toothpaste during pregnancy (It has been shown in some scientific studies that fluoride, albeit in small amounts, has harmful effects on health.) It is important for your health to maintain this habit for life and to make your child use organic toothpaste in later years. If necessary, do not hesitate to have the treatments recommended by the dentist. Today, dental treatments are applied safely during pregnancy,<\/p>\n<p>\u2013 You should drink plenty of water. Use your iron tablets regularly. Mind Your Nutrients Be careful not to overeat. An extra 300 calories a day is enough. In twin pregnancies, this rate should be 500-660 calories per day. Eat plenty of protein and calcium-containing foods in a balanced way every day. Consume magnesium-containing foods such as bananas to prevent cramps,<\/p>\n<p>\u2013 Try not to gain too much weight. A pregnant woman should gain an average of 1.2-1.6 kg in the first 3 months. It amounts to 450 grams per week. He gains 5.5-6.5 kg in the second 3 months. In the 8th and 9th months, he\/she should gain 450 grams of weight per week. In the last month, it should take 450-900 grams. The belief that the baby of the mother who gains excess weight is also large is common, whereas there is no relationship between the weight of the mother during pregnancy and the weight of the baby,<\/p>\n<p>\u2013 You should now start thinking about attending prenatal courses at 13 weeks of pregnancy. If you are going with your spouse, registering early can be advantageous in terms of setting your available dates in advance. The contents of prenatal courses vary. Some courses focus on baby care. Of course, these courses are also useful in terms of preparing for motherhood and fatherhood. However, in order to truly prepare for childbirth, it is useful to turn to birth-oriented courses where information that will be useful to you at birth is transferred. Thanks to these courses, you can overcome your fear of childbirth with your partner. You can have a very healthy and positive birth.[\/vc_column_text][\/vc_column][\/vc_row][vc_row][vc_column width=&#8221;1\/1&#8243;][uncode_block id=&#8221;989&#8243;][\/vc_column][\/vc_row][vc_row][vc_column width=&#8221;1\/1&#8243;][uncode_block id=&#8221;601&#8243;][\/vc_column][\/vc_row]<\/p>\n<\/div>","protected":false},"excerpt":{"rendered":"<p>[vc_row row_height_percent=&#8221;0&#8243; override_padding=&#8221;yes&#8221; h_padding=&#8221;2&#8243; top_padding=&#8221;2&#8243; bottom_padding=&#8221;0&#8243; overlay_alpha=&#8221;50&#8243; equal_height=&#8221;yes&#8221; gutter_size=&#8221;2&#8243; column_width_percent=&#8221;100&#8243; shift_y=&#8221;-3&#8243; z_index=&#8221;0&#8243; uncode_shortcode_id=&#8221;152492&#8243;][vc_column column_width_percent=&#8221;100&#8243; position_vertical=&#8221;middle&#8221; align_horizontal=&#8221;align_center&#8221; gutter_size=&#8221;3&#8243; overlay_alpha=&#8221;50&#8243; shift_x=&#8221;0&#8243; shift_y=&#8221;0&#8243; [&hellip;]<\/p>\n","protected":false},"author":3,"featured_media":964,"parent":2267,"menu_order":0,"comment_status":"closed","ping_status":"closed","template":"","meta":{"_monsterinsights_skip_tracking":false,"_monsterinsights_sitenote_active":false,"_monsterinsights_sitenote_note":"","_monsterinsights_sitenote_category":0,"footnotes":""},"class_list":["post-2576","page","type-page","status-publish","has-post-thumbnail","hentry","page_category-week-by-week"],"yoast_head":"<!-- This site is optimized with the Yoast SEO plugin v27.4 - https:\/\/yoast.com\/product\/yoast-seo-wordpress\/ -->\n<title>Week 13 - Canbebe<\/title>\n<meta name=\"robots\" content=\"index, follow, max-snippet:-1, max-image-preview:large, max-video-preview:-1\" \/>\n<link rel=\"canonical\" href=\"https:\/\/canbebe.com\/en\/pregnancy-calendar\/13-hafta\/\" \/>\n<meta property=\"og:locale\" content=\"en_US\" \/>\n<meta property=\"og:type\" content=\"article\" \/>\n<meta property=\"og:title\" content=\"Week 13 - Canbebe\" \/>\n<meta property=\"og:description\" content=\"[vc_row row_height_percent=&#8221;0&#8243; override_padding=&#8221;yes&#8221; h_padding=&#8221;2&#8243; top_padding=&#8221;2&#8243; bottom_padding=&#8221;0&#8243; overlay_alpha=&#8221;50&#8243; equal_height=&#8221;yes&#8221; gutter_size=&#8221;2&#8243; column_width_percent=&#8221;100&#8243; shift_y=&#8221;-3&#8243; z_index=&#8221;0&#8243; uncode_shortcode_id=&#8221;152492&#8243;][vc_column column_width_percent=&#8221;100&#8243; position_vertical=&#8221;middle&#8221; align_horizontal=&#8221;align_center&#8221; gutter_size=&#8221;3&#8243; overlay_alpha=&#8221;50&#8243; shift_x=&#8221;0&#8243; shift_y=&#8221;0&#8243; [&hellip;]\" \/>\n<meta property=\"og:url\" content=\"https:\/\/canbebe.com\/en\/pregnancy-calendar\/13-hafta\/\" \/>\n<meta property=\"og:site_name\" content=\"Canbebe\" \/>\n<meta property=\"article:modified_time\" content=\"2024-03-12T09:54:44+00:00\" \/>\n<meta name=\"twitter:card\" content=\"summary_large_image\" \/>\n<meta name=\"twitter:label1\" content=\"Est. reading time\" \/>\n\t<meta name=\"twitter:data1\" content=\"8 minutes\" \/>\n<script type=\"application\/ld+json\" class=\"yoast-schema-graph\">{\"@context\":\"https:\\\/\\\/schema.org\",\"@graph\":[{\"@type\":\"WebPage\",\"@id\":\"https:\\\/\\\/canbebe.com\\\/en\\\/pregnancy-calendar\\\/13-hafta\\\/\",\"url\":\"https:\\\/\\\/canbebe.com\\\/en\\\/pregnancy-calendar\\\/13-hafta\\\/\",\"name\":\"Week 13 - Canbebe\",\"isPartOf\":{\"@id\":\"https:\\\/\\\/canbebe.com\\\/en\\\/#website\"},\"primaryImageOfPage\":{\"@id\":\"https:\\\/\\\/canbebe.com\\\/en\\\/pregnancy-calendar\\\/13-hafta\\\/#primaryimage\"},\"image\":{\"@id\":\"https:\\\/\\\/canbebe.com\\\/en\\\/pregnancy-calendar\\\/13-hafta\\\/#primaryimage\"},\"thumbnailUrl\":\"https:\\\/\\\/canbebe.com\\\/wp-content\\\/uploads\\\/2023\\\/12\\\/Lemon.svg\",\"datePublished\":\"2023-11-24T09:07:52+00:00\",\"dateModified\":\"2024-03-12T09:54:44+00:00\",\"breadcrumb\":{\"@id\":\"https:\\\/\\\/canbebe.com\\\/en\\\/pregnancy-calendar\\\/13-hafta\\\/#breadcrumb\"},\"inLanguage\":\"en-US\",\"potentialAction\":[{\"@type\":\"ReadAction\",\"target\":[\"https:\\\/\\\/canbebe.com\\\/en\\\/pregnancy-calendar\\\/13-hafta\\\/\"]}]},{\"@type\":\"ImageObject\",\"inLanguage\":\"en-US\",\"@id\":\"https:\\\/\\\/canbebe.com\\\/en\\\/pregnancy-calendar\\\/13-hafta\\\/#primaryimage\",\"url\":\"https:\\\/\\\/canbebe.com\\\/wp-content\\\/uploads\\\/2023\\\/12\\\/Lemon.svg\",\"contentUrl\":\"https:\\\/\\\/canbebe.com\\\/wp-content\\\/uploads\\\/2023\\\/12\\\/Lemon.svg\",\"width\":72,\"height\":72},{\"@type\":\"BreadcrumbList\",\"@id\":\"https:\\\/\\\/canbebe.com\\\/en\\\/pregnancy-calendar\\\/13-hafta\\\/#breadcrumb\",\"itemListElement\":[{\"@type\":\"ListItem\",\"position\":1,\"name\":\"Home\",\"item\":\"https:\\\/\\\/canbebe.com\\\/en\\\/\"},{\"@type\":\"ListItem\",\"position\":2,\"name\":\"Pregnancy Calendar\",\"item\":\"https:\\\/\\\/canbebe.com\\\/en\\\/pregnancy-calendar\\\/\"},{\"@type\":\"ListItem\",\"position\":3,\"name\":\"Week 13\"}]},{\"@type\":\"WebSite\",\"@id\":\"https:\\\/\\\/canbebe.com\\\/en\\\/#website\",\"url\":\"https:\\\/\\\/canbebe.com\\\/en\\\/\",\"name\":\"Canbebe\",\"description\":\"Canbebe\",\"publisher\":{\"@id\":\"https:\\\/\\\/canbebe.com\\\/en\\\/#organization\"},\"potentialAction\":[{\"@type\":\"SearchAction\",\"target\":{\"@type\":\"EntryPoint\",\"urlTemplate\":\"https:\\\/\\\/canbebe.com\\\/en\\\/?s={search_term_string}\"},\"query-input\":{\"@type\":\"PropertyValueSpecification\",\"valueRequired\":true,\"valueName\":\"search_term_string\"}}],\"inLanguage\":\"en-US\"},{\"@type\":\"Organization\",\"@id\":\"https:\\\/\\\/canbebe.com\\\/en\\\/#organization\",\"name\":\"Canbebe\",\"url\":\"https:\\\/\\\/canbebe.com\\\/en\\\/\",\"logo\":{\"@type\":\"ImageObject\",\"inLanguage\":\"en-US\",\"@id\":\"https:\\\/\\\/canbebe.com\\\/en\\\/#\\\/schema\\\/logo\\\/image\\\/\",\"url\":\"https:\\\/\\\/canbebe.com\\\/wp-content\\\/uploads\\\/2023\\\/11\\\/logo-canbebe.png\",\"contentUrl\":\"https:\\\/\\\/canbebe.com\\\/wp-content\\\/uploads\\\/2023\\\/11\\\/logo-canbebe.png\",\"width\":398,\"height\":84,\"caption\":\"Canbebe\"},\"image\":{\"@id\":\"https:\\\/\\\/canbebe.com\\\/en\\\/#\\\/schema\\\/logo\\\/image\\\/\"}}]}<\/script>\n<!-- \/ Yoast SEO plugin. -->","yoast_head_json":{"title":"Week 13 - Canbebe","robots":{"index":"index","follow":"follow","max-snippet":"max-snippet:-1","max-image-preview":"max-image-preview:large","max-video-preview":"max-video-preview:-1"},"canonical":"https:\/\/canbebe.com\/en\/pregnancy-calendar\/13-hafta\/","og_locale":"en_US","og_type":"article","og_title":"Week 13 - Canbebe","og_description":"[vc_row row_height_percent=&#8221;0&#8243; override_padding=&#8221;yes&#8221; h_padding=&#8221;2&#8243; top_padding=&#8221;2&#8243; bottom_padding=&#8221;0&#8243; overlay_alpha=&#8221;50&#8243; equal_height=&#8221;yes&#8221; gutter_size=&#8221;2&#8243; column_width_percent=&#8221;100&#8243; shift_y=&#8221;-3&#8243; z_index=&#8221;0&#8243; uncode_shortcode_id=&#8221;152492&#8243;][vc_column column_width_percent=&#8221;100&#8243; position_vertical=&#8221;middle&#8221; align_horizontal=&#8221;align_center&#8221; gutter_size=&#8221;3&#8243; overlay_alpha=&#8221;50&#8243; shift_x=&#8221;0&#8243; shift_y=&#8221;0&#8243; [&hellip;]","og_url":"https:\/\/canbebe.com\/en\/pregnancy-calendar\/13-hafta\/","og_site_name":"Canbebe","article_modified_time":"2024-03-12T09:54:44+00:00","twitter_card":"summary_large_image","twitter_misc":{"Est. reading time":"8 minutes"},"schema":{"@context":"https:\/\/schema.org","@graph":[{"@type":"WebPage","@id":"https:\/\/canbebe.com\/en\/pregnancy-calendar\/13-hafta\/","url":"https:\/\/canbebe.com\/en\/pregnancy-calendar\/13-hafta\/","name":"Week 13 - Canbebe","isPartOf":{"@id":"https:\/\/canbebe.com\/en\/#website"},"primaryImageOfPage":{"@id":"https:\/\/canbebe.com\/en\/pregnancy-calendar\/13-hafta\/#primaryimage"},"image":{"@id":"https:\/\/canbebe.com\/en\/pregnancy-calendar\/13-hafta\/#primaryimage"},"thumbnailUrl":"https:\/\/canbebe.com\/wp-content\/uploads\/2023\/12\/Lemon.svg","datePublished":"2023-11-24T09:07:52+00:00","dateModified":"2024-03-12T09:54:44+00:00","breadcrumb":{"@id":"https:\/\/canbebe.com\/en\/pregnancy-calendar\/13-hafta\/#breadcrumb"},"inLanguage":"en-US","potentialAction":[{"@type":"ReadAction","target":["https:\/\/canbebe.com\/en\/pregnancy-calendar\/13-hafta\/"]}]},{"@type":"ImageObject","inLanguage":"en-US","@id":"https:\/\/canbebe.com\/en\/pregnancy-calendar\/13-hafta\/#primaryimage","url":"https:\/\/canbebe.com\/wp-content\/uploads\/2023\/12\/Lemon.svg","contentUrl":"https:\/\/canbebe.com\/wp-content\/uploads\/2023\/12\/Lemon.svg","width":72,"height":72},{"@type":"BreadcrumbList","@id":"https:\/\/canbebe.com\/en\/pregnancy-calendar\/13-hafta\/#breadcrumb","itemListElement":[{"@type":"ListItem","position":1,"name":"Home","item":"https:\/\/canbebe.com\/en\/"},{"@type":"ListItem","position":2,"name":"Pregnancy Calendar","item":"https:\/\/canbebe.com\/en\/pregnancy-calendar\/"},{"@type":"ListItem","position":3,"name":"Week 13"}]},{"@type":"WebSite","@id":"https:\/\/canbebe.com\/en\/#website","url":"https:\/\/canbebe.com\/en\/","name":"Canbebe","description":"Canbebe","publisher":{"@id":"https:\/\/canbebe.com\/en\/#organization"},"potentialAction":[{"@type":"SearchAction","target":{"@type":"EntryPoint","urlTemplate":"https:\/\/canbebe.com\/en\/?s={search_term_string}"},"query-input":{"@type":"PropertyValueSpecification","valueRequired":true,"valueName":"search_term_string"}}],"inLanguage":"en-US"},{"@type":"Organization","@id":"https:\/\/canbebe.com\/en\/#organization","name":"Canbebe","url":"https:\/\/canbebe.com\/en\/","logo":{"@type":"ImageObject","inLanguage":"en-US","@id":"https:\/\/canbebe.com\/en\/#\/schema\/logo\/image\/","url":"https:\/\/canbebe.com\/wp-content\/uploads\/2023\/11\/logo-canbebe.png","contentUrl":"https:\/\/canbebe.com\/wp-content\/uploads\/2023\/11\/logo-canbebe.png","width":398,"height":84,"caption":"Canbebe"},"image":{"@id":"https:\/\/canbebe.com\/en\/#\/schema\/logo\/image\/"}}]}},"_links":{"self":[{"href":"https:\/\/canbebe.com\/en\/wp-json\/wp\/v2\/pages\/2576","targetHints":{"allow":["GET"]}}],"collection":[{"href":"https:\/\/canbebe.com\/en\/wp-json\/wp\/v2\/pages"}],"about":[{"href":"https:\/\/canbebe.com\/en\/wp-json\/wp\/v2\/types\/page"}],"author":[{"embeddable":true,"href":"https:\/\/canbebe.com\/en\/wp-json\/wp\/v2\/users\/3"}],"replies":[{"embeddable":true,"href":"https:\/\/canbebe.com\/en\/wp-json\/wp\/v2\/comments?post=2576"}],"version-history":[{"count":0,"href":"https:\/\/canbebe.com\/en\/wp-json\/wp\/v2\/pages\/2576\/revisions"}],"up":[{"embeddable":true,"href":"https:\/\/canbebe.com\/en\/wp-json\/wp\/v2\/pages\/2267"}],"wp:featuredmedia":[{"embeddable":true,"href":"https:\/\/canbebe.com\/en\/wp-json\/wp\/v2\/media\/964"}],"wp:attachment":[{"href":"https:\/\/canbebe.com\/en\/wp-json\/wp\/v2\/media?parent=2576"}],"curies":[{"name":"wp","href":"https:\/\/api.w.org\/{rel}","templated":true}]}}