{"id":2524,"date":"2023-11-24T10:55:35","date_gmt":"2023-11-24T10:55:35","guid":{"rendered":"https:\/\/canbebe.com\/?page_id=2524"},"modified":"2024-03-12T10:03:22","modified_gmt":"2024-03-12T10:03:22","slug":"24-hafta","status":"publish","type":"page","link":"https:\/\/canbebe.com\/en\/pregnancy-calendar\/24-hafta\/","title":{"rendered":"Week 24"},"content":{"rendered":"<div class=\"wpb-content-wrapper\"><p>[vc_row row_height_percent=&#8221;0&#8243; override_padding=&#8221;yes&#8221; h_padding=&#8221;2&#8243; top_padding=&#8221;2&#8243; bottom_padding=&#8221;0&#8243; overlay_alpha=&#8221;50&#8243; equal_height=&#8221;yes&#8221; gutter_size=&#8221;2&#8243; column_width_percent=&#8221;100&#8243; shift_y=&#8221;-3&#8243; z_index=&#8221;0&#8243; uncode_shortcode_id=&#8221;152492&#8243;][vc_column column_width_percent=&#8221;100&#8243; position_vertical=&#8221;middle&#8221; align_horizontal=&#8221;align_center&#8221; gutter_size=&#8221;3&#8243; overlay_alpha=&#8221;50&#8243; shift_x=&#8221;0&#8243; shift_y=&#8221;0&#8243; shift_y_down=&#8221;0&#8243; z_index=&#8221;0&#8243; medium_width=&#8221;0&#8243; mobile_visibility=&#8221;yes&#8221; mobile_width=&#8221;0&#8243; radius=&#8221;sm&#8221; width=&#8221;5\/12&#8243; uncode_shortcode_id=&#8221;931234&#8243; el_class=&#8221;img-rounded&#8221;][\/vc_column][vc_column column_width_use_pixel=&#8221;yes&#8221; position_horizontal=&#8221;right&#8221; gutter_size=&#8221;2&#8243; overlay_alpha=&#8221;50&#8243; shift_x=&#8221;0&#8243; shift_y=&#8221;-5&#8243; shift_y_down=&#8221;-5&#8243; z_index=&#8221;0&#8243; medium_width=&#8221;0&#8243; mobile_width=&#8221;0&#8243; width=&#8221;7\/12&#8243; uncode_shortcode_id=&#8221;133000&#8243; column_width_pixel=&#8221;600&#8243; el_id=&#8221;hafta-nav&#8221;][vc_custom_heading heading_semantic=&#8221;h4&#8243; text_size=&#8221;&#8221; uncode_shortcode_id=&#8221;131403&#8243;]Baby&#8217;s Height and Weight[\/vc_custom_heading][vc_column_text uncode_shortcode_id=&#8221;188396&#8243;]At the 24th week of pregnancy, the baby is about 30-31 centimeters tall, the size of a tall corn spike. Their weight is about 600 grams.[\/vc_column_text][\/vc_column][\/vc_row][vc_row row_height_percent=&#8221;0&#8243; override_padding=&#8221;yes&#8221; h_padding=&#8221;2&#8243; top_padding=&#8221;1&#8243; bottom_padding=&#8221;2&#8243; overlay_alpha=&#8221;50&#8243; gutter_size=&#8221;3&#8243; column_width_percent=&#8221;100&#8243; shift_y=&#8221;0&#8243; z_index=&#8221;0&#8243; uncode_shortcode_id=&#8221;137824&#8243;][vc_column width=&#8221;1\/1&#8243;][vc_custom_heading heading_semantic=&#8221;h4&#8243; text_size=&#8221;&#8221; uncode_shortcode_id=&#8221;204771&#8243;]Development of the Baby[\/vc_custom_heading][vc_row_inner limit_content=&#8221;&#8221;][vc_column_inner width=&#8221;5\/12&#8243;][vc_single_image media=&#8221;1201&#8243; media_width_percent=&#8221;100&#8243; uncode_shortcode_id=&#8221;725395&#8243;][\/vc_column_inner][vc_column_inner width=&#8221;7\/12&#8243;][vc_column_text uncode_shortcode_id=&#8221;147321&#8243;]Congratulations! Your baby, who was made up of a stack of cells in his first weeks, is now considered an individual at the end of 24 weeks!<\/p>\n<p>Since the development process that allows them to breathe in the outside world in their lungs is largely completed, from this week on, your baby can survive with medical help in a situation such as preterm birth. For this reason, a 24-week-old baby is considered a separate individual in America. In the UK, the age limit is 24 weeks to live legally.<\/p>\n<p>Your baby&#8217;s senses have greatly improved at 24 weeks of pregnancy. As brain cells develop, the baby can now respond more consciously and their perceptions have improved.<\/p>\n<p>At the 24th week of pregnancy, your baby can now hear sounds very well. You can both put on calming music and talk to your baby whenever you can. You can make them feel good if you say affectionate, positive words to them. You can even plan the delivery with them by talking. If you say words that you will have a very healthy and positive birth together, they will feel it too. You will be surprised by the positive reflections of such discourses on birth.<\/p>\n<p>The sense of touch also works well at 24 weeks of pregnancy. For example, if you press softly on your stomach, they may feel it and react to you.<\/p>\n<p>As you inhale the amniotic fluid, both the respiratory and digestive systems continue to develop. Black poop called meconium continues to form in the large intestines.[\/vc_column_text][\/vc_column_inner][\/vc_row_inner][vc_custom_heading heading_semantic=&#8221;h4&#8243; text_size=&#8221;&#8221; uncode_shortcode_id=&#8221;127710&#8243;]Baby Movements at 24 Weeks Pregnancy[\/vc_custom_heading][vc_column_text uncode_shortcode_id=&#8221;164498&#8243;]<\/p>\n<div class=\"gebelik-content-text gebelik-content-text-2\">\n<article>At the 24th week of your pregnancy, your baby&#8217;s movements continue to accelerate. They are still busy testing their developing muscles because their range of motion is wide. You can also feel some of these movements. The development of their senses is also reflected in their movements. For example, you may immediately notice that he\/she makes jumping movements when he\/she hears loud music or that his\/her movements accelerate when you eat something sweet such as chocolate.<\/article>\n<\/div>\n<p>[\/vc_column_text][vc_custom_heading heading_semantic=&#8221;h4&#8243; text_size=&#8221;&#8221; uncode_shortcode_id=&#8221;199866&#8243;]Ultrasound Image[\/vc_custom_heading][vc_row_inner limit_content=&#8221;&#8221;][vc_column_inner width=&#8221;5\/12&#8243;][vc_single_image media=&#8221;1199&#8243; media_width_percent=&#8221;100&#8243; uncode_shortcode_id=&#8221;706699&#8243;][\/vc_column_inner][vc_column_inner width=&#8221;7\/12&#8243;][vc_column_text uncode_shortcode_id=&#8221;192460&#8243;]In 25-week pregnancy ultrasound images, you can see your baby in motion. Or they could be sleeping. Their comprehension is improving. For this reason, you can see that them can easily bring their thin fingers to their face and even hold the umbilical cord.[\/vc_column_text][\/vc_column_inner][\/vc_row_inner][vc_custom_heading heading_semantic=&#8221;h4&#8243; text_size=&#8221;&#8221; uncode_shortcode_id=&#8221;151232&#8243;]Changes in the Mother&#8217;s Body[\/vc_custom_heading][vc_column_text uncode_shortcode_id=&#8221;810452&#8243;]24 hafta ka\u00e7 ay eder? Hamileli\u011fin 6. ay\u0131 i\u00e7indesiniz. Hamileli\u011finizin \u00fc\u00e7te 2\u2019sini geride b\u0131rakman\u0131za az kald\u0131.<\/p>\n<p>Gebelikte 24. haftada rahminiz yukar\u0131 g\u00f6bek deli\u011finiz hizas\u0131na \u00e7\u0131kmaya devam eder. Fundus (rahmin tepe noktas\u0131) y\u00fcksekli\u011fi yakla\u015f\u0131k 24 santim olmu\u015ftur. Rahminiz y\u00fckseldik\u00e7e kaburga a\u00e7\u0131lar\u0131n\u0131z da de\u011fi\u015fece\u011fi i\u00e7in, bu haftalardan itibaren g\u00f6\u011f\u00fcs b\u00f6lgenizde hafif a\u011fr\u0131lar hissedebilirsiniz. Midenizde ve ba\u011f\u0131rsaklar\u0131n\u0131zda olu\u015fan bask\u0131, sindirim sorunlar\u0131 ya\u015faman\u0131za neden olabilir.<\/p>\n<p>Kan hacminiz artt\u0131k\u00e7a cildiniz sa\u011fl\u0131kl\u0131 bir g\u00f6r\u00fcn\u00fcm kazan\u0131r, sa\u00e7lar\u0131n\u0131z d\u00f6k\u00fclmez ve bu sebeple de g\u00fcrle\u015fir. Ancak hamilelik boyunca d\u00f6k\u00fclmeyen sa\u00e7lar\u0131n\u0131z do\u011fumdan sonra d\u00f6k\u00fclecektir.<\/p>\n<div>How many months is 24 weeks? You are in the 6th month of pregnancy. You&#8217;re close to leaving 2\/3 of your pregnancy behind.<\/div>\n<div><\/div>\n<div>In the 24th week of pregnancy, your uterus continues to rise to the level of your upper belly button. The height of the fundus (the top of the uterus) is now about 24 centimeters. Since your rib angles will also change as your uterus rises, you may feel mild pain in your chest area from these weeks. The pressure that builds up in your stomach and intestines can cause you to have digestive problems.<\/div>\n<div><\/div>\n<div>As your blood volume increases, your skin gains a healthy appearance, your hair does not fall out, and therefore it thickens. However, your hair that does not fall out during pregnancy will fall out after birth.<\/div>\n<div><\/div>\n<div>If no sugar has been detected in your urine before, and therefore it has not been done before, your doctor may request a sugar loading test that you can have in 24\u201328 weeks. Today, the sugar loading test is among the routine tests, but it is performed with the approval of the expectant mother. 100 grams of glucose loading test (OGTT) is performed for expectant mothers at high risk for diabetes, and 50 grams of glucose loading test (PPG) is performed for those at low risk. It doesn&#8217;t matter if you&#8217;re hungry or full on PPG. Performing the test is of great importance in terms of detecting gestational diabetes. Because gestational diabetes can cause the baby to be born overweight and cause some risky situations for the health of both the mother and the baby. A diet in which sugar intake is kept under control is recommended to expectant mothers whose gestational diabetes is detected, and restrictions are made on sugar-containing foods.<\/div>\n<p>[\/vc_column_text][vc_custom_heading heading_semantic=&#8221;h4&#8243; text_size=&#8221;h4&#8243; uncode_shortcode_id=&#8221;187464&#8243;]Points need to be considered[\/vc_custom_heading][vc_column_text uncode_shortcode_id=&#8221;130907&#8243;]From the 24th week of pregnancy, problems with your digestive system can make you even more uneasy. Here are a few suggestions to relax your digestive system during pregnancy\u2026<\/p>\n<p>\u2013 Eat little and often so that your indigestion problem does not cause conditions such as reflux,<\/p>\n<p>\u2013 Eating yogurt or drinking milk will help you maintain the acid balance in your stomach,<\/p>\n<p>\u2013 Do not consume spicy and fatty foods,<\/p>\n<p>\u2013 Do not consume too much liquid during meals. Otherwise, you may unnecessarily inflate your stomach and trigger the reflux problem,<\/p>\n<p>\u2013 Do not consume heavy foods before going to bed at night,<\/p>\n<p>\u2013 If you have severe indigestion, tell your doctor about your condition. It will probably recommend you a medicine that will relieve your stomach,<\/p>\n<p>\u2013 Do not forget to eat plenty of fruits and vegetables for your constipation problem,<\/p>\n<p>\u2013 Drink at least 8-10 glasses of water a day between meals,<\/p>\n<p>\u2013 If you do not have a health disability, exercise regularly every day. Moving gets your gut moving.<\/p>\n<p>\u2013 Driving can become a nuisance as your belly grows. Especially wearing a belt. However, never enter traffic without wearing a seat belt. You should wear your seat belt as usual. Don&#8217;t worry if a sudden brake puts pressure on your baby. Remember, it is protected inside the amniotic fluid,<\/p>\n<p>\u2013 At 24 weeks of pregnancy, your feet may expand and swell. Due to the hormone called relaxin, whose function is to make the hip area flexible for birth, a stretch and expansion occur in your feet as well as in all joints. After birth, the elasticity in your bones will return to its original state. But still, prepare yourself for the possibility of your foot growing to number 1 in the postpartum period. It is useful to choose comfortable shoes without heels during pregnancy in order not to increase the swelling in your feet and not to cause pain.[\/vc_column_text][vc_custom_heading heading_semantic=&#8221;h4&#8243; text_size=&#8221;h4&#8243; uncode_shortcode_id=&#8221;160498&#8243;]Nutrition at 24 Weeks Pregnancy[\/vc_custom_heading][vc_column_text uncode_shortcode_id=&#8221;149788&#8243;]<\/p>\n<div class=\"gebelik-takvimi-content\">\n<div class=\"container\">\n<div class=\"row\">\n<div class=\"col-xs-12\">\n<div class=\"gebelik-content-article single-post\">\n<div class=\"gebelik-content-text gebelik-content-text-3\">\n<article>At 24 weeks of pregnancy, as your baby&#8217;s bones become stronger, your need for calcium increases. So make sure you&#8217;re getting enough calcium. It will be sufficient to take 1000-1500 mg of calcium per day (this ratio corresponds to 4-6 bowls of yogurt). Make sure you eat enough yogurt, milk, kefir, and cheese during the day. If you don&#8217;t get enough calcium, your baby will use your calcium stores to develop. For this reason, getting enough calcium is also important for maintaining your own dental and bone health.<\/article>\n<\/div>\n<\/div>\n<\/div>\n<\/div>\n<\/div>\n<\/div>\n<p>[\/vc_column_text][\/vc_column][\/vc_row][vc_row][vc_column width=&#8221;1\/1&#8243;][uncode_block id=&#8221;989&#8243;][\/vc_column][\/vc_row][vc_row][vc_column width=&#8221;1\/1&#8243;][uncode_block id=&#8221;601&#8243;][\/vc_column][\/vc_row]<\/p>\n<\/div>","protected":false},"excerpt":{"rendered":"<p>[vc_row row_height_percent=&#8221;0&#8243; override_padding=&#8221;yes&#8221; h_padding=&#8221;2&#8243; top_padding=&#8221;2&#8243; bottom_padding=&#8221;0&#8243; overlay_alpha=&#8221;50&#8243; equal_height=&#8221;yes&#8221; gutter_size=&#8221;2&#8243; column_width_percent=&#8221;100&#8243; shift_y=&#8221;-3&#8243; z_index=&#8221;0&#8243; uncode_shortcode_id=&#8221;152492&#8243;][vc_column column_width_percent=&#8221;100&#8243; position_vertical=&#8221;middle&#8221; align_horizontal=&#8221;align_center&#8221; gutter_size=&#8221;3&#8243; overlay_alpha=&#8221;50&#8243; shift_x=&#8221;0&#8243; shift_y=&#8221;0&#8243; [&hellip;]<\/p>\n","protected":false},"author":3,"featured_media":960,"parent":2267,"menu_order":0,"comment_status":"closed","ping_status":"closed","template":"","meta":{"_monsterinsights_skip_tracking":false,"_monsterinsights_sitenote_active":false,"_monsterinsights_sitenote_note":"","_monsterinsights_sitenote_category":0,"footnotes":""},"class_list":["post-2524","page","type-page","status-publish","has-post-thumbnail","hentry","page_category-week-by-week"],"yoast_head":"<!-- This site is optimized with the Yoast SEO plugin v27.4 - https:\/\/yoast.com\/product\/yoast-seo-wordpress\/ -->\n<title>Week 24 - Canbebe<\/title>\n<meta name=\"robots\" content=\"index, follow, max-snippet:-1, max-image-preview:large, max-video-preview:-1\" \/>\n<link rel=\"canonical\" href=\"https:\/\/canbebe.com\/en\/pregnancy-calendar\/24-hafta\/\" \/>\n<meta property=\"og:locale\" content=\"en_US\" \/>\n<meta property=\"og:type\" content=\"article\" \/>\n<meta property=\"og:title\" content=\"Week 24 - Canbebe\" \/>\n<meta property=\"og:description\" content=\"[vc_row row_height_percent=&#8221;0&#8243; override_padding=&#8221;yes&#8221; h_padding=&#8221;2&#8243; top_padding=&#8221;2&#8243; bottom_padding=&#8221;0&#8243; overlay_alpha=&#8221;50&#8243; equal_height=&#8221;yes&#8221; gutter_size=&#8221;2&#8243; column_width_percent=&#8221;100&#8243; shift_y=&#8221;-3&#8243; z_index=&#8221;0&#8243; uncode_shortcode_id=&#8221;152492&#8243;][vc_column column_width_percent=&#8221;100&#8243; position_vertical=&#8221;middle&#8221; align_horizontal=&#8221;align_center&#8221; gutter_size=&#8221;3&#8243; overlay_alpha=&#8221;50&#8243; shift_x=&#8221;0&#8243; shift_y=&#8221;0&#8243; [&hellip;]\" \/>\n<meta property=\"og:url\" content=\"https:\/\/canbebe.com\/en\/pregnancy-calendar\/24-hafta\/\" \/>\n<meta property=\"og:site_name\" content=\"Canbebe\" \/>\n<meta property=\"article:modified_time\" content=\"2024-03-12T10:03:22+00:00\" \/>\n<meta name=\"twitter:card\" content=\"summary_large_image\" \/>\n<meta name=\"twitter:label1\" content=\"Est. reading time\" \/>\n\t<meta name=\"twitter:data1\" content=\"7 minutes\" \/>\n<script type=\"application\/ld+json\" class=\"yoast-schema-graph\">{\"@context\":\"https:\\\/\\\/schema.org\",\"@graph\":[{\"@type\":\"WebPage\",\"@id\":\"https:\\\/\\\/canbebe.com\\\/en\\\/pregnancy-calendar\\\/24-hafta\\\/\",\"url\":\"https:\\\/\\\/canbebe.com\\\/en\\\/pregnancy-calendar\\\/24-hafta\\\/\",\"name\":\"Week 24 - Canbebe\",\"isPartOf\":{\"@id\":\"https:\\\/\\\/canbebe.com\\\/en\\\/#website\"},\"primaryImageOfPage\":{\"@id\":\"https:\\\/\\\/canbebe.com\\\/en\\\/pregnancy-calendar\\\/24-hafta\\\/#primaryimage\"},\"image\":{\"@id\":\"https:\\\/\\\/canbebe.com\\\/en\\\/pregnancy-calendar\\\/24-hafta\\\/#primaryimage\"},\"thumbnailUrl\":\"https:\\\/\\\/canbebe.com\\\/wp-content\\\/uploads\\\/2023\\\/12\\\/Corn.svg\",\"datePublished\":\"2023-11-24T10:55:35+00:00\",\"dateModified\":\"2024-03-12T10:03:22+00:00\",\"breadcrumb\":{\"@id\":\"https:\\\/\\\/canbebe.com\\\/en\\\/pregnancy-calendar\\\/24-hafta\\\/#breadcrumb\"},\"inLanguage\":\"en-US\",\"potentialAction\":[{\"@type\":\"ReadAction\",\"target\":[\"https:\\\/\\\/canbebe.com\\\/en\\\/pregnancy-calendar\\\/24-hafta\\\/\"]}]},{\"@type\":\"ImageObject\",\"inLanguage\":\"en-US\",\"@id\":\"https:\\\/\\\/canbebe.com\\\/en\\\/pregnancy-calendar\\\/24-hafta\\\/#primaryimage\",\"url\":\"https:\\\/\\\/canbebe.com\\\/wp-content\\\/uploads\\\/2023\\\/12\\\/Corn.svg\",\"contentUrl\":\"https:\\\/\\\/canbebe.com\\\/wp-content\\\/uploads\\\/2023\\\/12\\\/Corn.svg\",\"width\":72,\"height\":72},{\"@type\":\"BreadcrumbList\",\"@id\":\"https:\\\/\\\/canbebe.com\\\/en\\\/pregnancy-calendar\\\/24-hafta\\\/#breadcrumb\",\"itemListElement\":[{\"@type\":\"ListItem\",\"position\":1,\"name\":\"Home\",\"item\":\"https:\\\/\\\/canbebe.com\\\/en\\\/\"},{\"@type\":\"ListItem\",\"position\":2,\"name\":\"Pregnancy Calendar\",\"item\":\"https:\\\/\\\/canbebe.com\\\/en\\\/pregnancy-calendar\\\/\"},{\"@type\":\"ListItem\",\"position\":3,\"name\":\"Week 24\"}]},{\"@type\":\"WebSite\",\"@id\":\"https:\\\/\\\/canbebe.com\\\/en\\\/#website\",\"url\":\"https:\\\/\\\/canbebe.com\\\/en\\\/\",\"name\":\"Canbebe\",\"description\":\"Canbebe\",\"publisher\":{\"@id\":\"https:\\\/\\\/canbebe.com\\\/en\\\/#organization\"},\"potentialAction\":[{\"@type\":\"SearchAction\",\"target\":{\"@type\":\"EntryPoint\",\"urlTemplate\":\"https:\\\/\\\/canbebe.com\\\/en\\\/?s={search_term_string}\"},\"query-input\":{\"@type\":\"PropertyValueSpecification\",\"valueRequired\":true,\"valueName\":\"search_term_string\"}}],\"inLanguage\":\"en-US\"},{\"@type\":\"Organization\",\"@id\":\"https:\\\/\\\/canbebe.com\\\/en\\\/#organization\",\"name\":\"Canbebe\",\"url\":\"https:\\\/\\\/canbebe.com\\\/en\\\/\",\"logo\":{\"@type\":\"ImageObject\",\"inLanguage\":\"en-US\",\"@id\":\"https:\\\/\\\/canbebe.com\\\/en\\\/#\\\/schema\\\/logo\\\/image\\\/\",\"url\":\"https:\\\/\\\/canbebe.com\\\/wp-content\\\/uploads\\\/2023\\\/11\\\/logo-canbebe.png\",\"contentUrl\":\"https:\\\/\\\/canbebe.com\\\/wp-content\\\/uploads\\\/2023\\\/11\\\/logo-canbebe.png\",\"width\":398,\"height\":84,\"caption\":\"Canbebe\"},\"image\":{\"@id\":\"https:\\\/\\\/canbebe.com\\\/en\\\/#\\\/schema\\\/logo\\\/image\\\/\"}}]}<\/script>\n<!-- \/ Yoast SEO plugin. -->","yoast_head_json":{"title":"Week 24 - Canbebe","robots":{"index":"index","follow":"follow","max-snippet":"max-snippet:-1","max-image-preview":"max-image-preview:large","max-video-preview":"max-video-preview:-1"},"canonical":"https:\/\/canbebe.com\/en\/pregnancy-calendar\/24-hafta\/","og_locale":"en_US","og_type":"article","og_title":"Week 24 - Canbebe","og_description":"[vc_row row_height_percent=&#8221;0&#8243; override_padding=&#8221;yes&#8221; h_padding=&#8221;2&#8243; top_padding=&#8221;2&#8243; bottom_padding=&#8221;0&#8243; overlay_alpha=&#8221;50&#8243; equal_height=&#8221;yes&#8221; gutter_size=&#8221;2&#8243; column_width_percent=&#8221;100&#8243; shift_y=&#8221;-3&#8243; z_index=&#8221;0&#8243; uncode_shortcode_id=&#8221;152492&#8243;][vc_column column_width_percent=&#8221;100&#8243; position_vertical=&#8221;middle&#8221; align_horizontal=&#8221;align_center&#8221; gutter_size=&#8221;3&#8243; overlay_alpha=&#8221;50&#8243; shift_x=&#8221;0&#8243; shift_y=&#8221;0&#8243; [&hellip;]","og_url":"https:\/\/canbebe.com\/en\/pregnancy-calendar\/24-hafta\/","og_site_name":"Canbebe","article_modified_time":"2024-03-12T10:03:22+00:00","twitter_card":"summary_large_image","twitter_misc":{"Est. reading time":"7 minutes"},"schema":{"@context":"https:\/\/schema.org","@graph":[{"@type":"WebPage","@id":"https:\/\/canbebe.com\/en\/pregnancy-calendar\/24-hafta\/","url":"https:\/\/canbebe.com\/en\/pregnancy-calendar\/24-hafta\/","name":"Week 24 - Canbebe","isPartOf":{"@id":"https:\/\/canbebe.com\/en\/#website"},"primaryImageOfPage":{"@id":"https:\/\/canbebe.com\/en\/pregnancy-calendar\/24-hafta\/#primaryimage"},"image":{"@id":"https:\/\/canbebe.com\/en\/pregnancy-calendar\/24-hafta\/#primaryimage"},"thumbnailUrl":"https:\/\/canbebe.com\/wp-content\/uploads\/2023\/12\/Corn.svg","datePublished":"2023-11-24T10:55:35+00:00","dateModified":"2024-03-12T10:03:22+00:00","breadcrumb":{"@id":"https:\/\/canbebe.com\/en\/pregnancy-calendar\/24-hafta\/#breadcrumb"},"inLanguage":"en-US","potentialAction":[{"@type":"ReadAction","target":["https:\/\/canbebe.com\/en\/pregnancy-calendar\/24-hafta\/"]}]},{"@type":"ImageObject","inLanguage":"en-US","@id":"https:\/\/canbebe.com\/en\/pregnancy-calendar\/24-hafta\/#primaryimage","url":"https:\/\/canbebe.com\/wp-content\/uploads\/2023\/12\/Corn.svg","contentUrl":"https:\/\/canbebe.com\/wp-content\/uploads\/2023\/12\/Corn.svg","width":72,"height":72},{"@type":"BreadcrumbList","@id":"https:\/\/canbebe.com\/en\/pregnancy-calendar\/24-hafta\/#breadcrumb","itemListElement":[{"@type":"ListItem","position":1,"name":"Home","item":"https:\/\/canbebe.com\/en\/"},{"@type":"ListItem","position":2,"name":"Pregnancy Calendar","item":"https:\/\/canbebe.com\/en\/pregnancy-calendar\/"},{"@type":"ListItem","position":3,"name":"Week 24"}]},{"@type":"WebSite","@id":"https:\/\/canbebe.com\/en\/#website","url":"https:\/\/canbebe.com\/en\/","name":"Canbebe","description":"Canbebe","publisher":{"@id":"https:\/\/canbebe.com\/en\/#organization"},"potentialAction":[{"@type":"SearchAction","target":{"@type":"EntryPoint","urlTemplate":"https:\/\/canbebe.com\/en\/?s={search_term_string}"},"query-input":{"@type":"PropertyValueSpecification","valueRequired":true,"valueName":"search_term_string"}}],"inLanguage":"en-US"},{"@type":"Organization","@id":"https:\/\/canbebe.com\/en\/#organization","name":"Canbebe","url":"https:\/\/canbebe.com\/en\/","logo":{"@type":"ImageObject","inLanguage":"en-US","@id":"https:\/\/canbebe.com\/en\/#\/schema\/logo\/image\/","url":"https:\/\/canbebe.com\/wp-content\/uploads\/2023\/11\/logo-canbebe.png","contentUrl":"https:\/\/canbebe.com\/wp-content\/uploads\/2023\/11\/logo-canbebe.png","width":398,"height":84,"caption":"Canbebe"},"image":{"@id":"https:\/\/canbebe.com\/en\/#\/schema\/logo\/image\/"}}]}},"_links":{"self":[{"href":"https:\/\/canbebe.com\/en\/wp-json\/wp\/v2\/pages\/2524","targetHints":{"allow":["GET"]}}],"collection":[{"href":"https:\/\/canbebe.com\/en\/wp-json\/wp\/v2\/pages"}],"about":[{"href":"https:\/\/canbebe.com\/en\/wp-json\/wp\/v2\/types\/page"}],"author":[{"embeddable":true,"href":"https:\/\/canbebe.com\/en\/wp-json\/wp\/v2\/users\/3"}],"replies":[{"embeddable":true,"href":"https:\/\/canbebe.com\/en\/wp-json\/wp\/v2\/comments?post=2524"}],"version-history":[{"count":0,"href":"https:\/\/canbebe.com\/en\/wp-json\/wp\/v2\/pages\/2524\/revisions"}],"up":[{"embeddable":true,"href":"https:\/\/canbebe.com\/en\/wp-json\/wp\/v2\/pages\/2267"}],"wp:featuredmedia":[{"embeddable":true,"href":"https:\/\/canbebe.com\/en\/wp-json\/wp\/v2\/media\/960"}],"wp:attachment":[{"href":"https:\/\/canbebe.com\/en\/wp-json\/wp\/v2\/media?parent=2524"}],"curies":[{"name":"wp","href":"https:\/\/api.w.org\/{rel}","templated":true}]}}