{"id":2445,"date":"2023-11-24T10:59:53","date_gmt":"2023-11-24T10:59:53","guid":{"rendered":"https:\/\/canbebe.com\/?page_id=2445"},"modified":"2024-03-15T13:01:22","modified_gmt":"2024-03-15T13:01:22","slug":"4-ay","status":"publish","type":"page","link":"https:\/\/canbebe.com\/en\/pregnancy-calendar\/4-ay\/","title":{"rendered":"4 months"},"content":{"rendered":"<div class=\"wpb-content-wrapper\"><p>[vc_row row_height_percent=&#8221;0&#8243; override_padding=&#8221;yes&#8221; h_padding=&#8221;2&#8243; top_padding=&#8221;2&#8243; bottom_padding=&#8221;0&#8243; overlay_alpha=&#8221;50&#8243; equal_height=&#8221;yes&#8221; gutter_size=&#8221;2&#8243; column_width_percent=&#8221;100&#8243; shift_y=&#8221;-3&#8243; z_index=&#8221;0&#8243; uncode_shortcode_id=&#8221;152492&#8243;][vc_column column_width_percent=&#8221;100&#8243; position_vertical=&#8221;middle&#8221; align_horizontal=&#8221;align_center&#8221; gutter_size=&#8221;3&#8243; overlay_alpha=&#8221;50&#8243; shift_x=&#8221;0&#8243; shift_y=&#8221;0&#8243; shift_y_down=&#8221;0&#8243; z_index=&#8221;0&#8243; medium_width=&#8221;0&#8243; mobile_width=&#8221;0&#8243; radius=&#8221;sm&#8221; width=&#8221;5\/12&#8243; uncode_shortcode_id=&#8221;100228&#8243; mobile_height=&#8221;300&#8243; el_class=&#8221;img-rounded&#8221;][\/vc_column][vc_column column_width_use_pixel=&#8221;yes&#8221; position_horizontal=&#8221;right&#8221; gutter_size=&#8221;2&#8243; overlay_alpha=&#8221;50&#8243; shift_x=&#8221;0&#8243; shift_y=&#8221;-5&#8243; shift_y_down=&#8221;-5&#8243; z_index=&#8221;0&#8243; medium_width=&#8221;0&#8243; mobile_width=&#8221;0&#8243; width=&#8221;7\/12&#8243; uncode_shortcode_id=&#8221;133000&#8243; column_width_pixel=&#8221;600&#8243; el_id=&#8221;hafta-nav&#8221;][vc_custom_heading heading_semantic=&#8221;h4&#8243; text_size=&#8221;&#8221; uncode_shortcode_id=&#8221;615898&#8243;]Baby&#8217;s Height and Weight[\/vc_custom_heading][vc_column_text uncode_shortcode_id=&#8221;120570&#8243;]At the end of the 4th month of pregnancy, your baby is about 13-14 centimetres long, about the size of a quince. The baby weighs about 140 grams.[\/vc_column_text][\/vc_column][\/vc_row][vc_row][vc_column width=&#8221;1\/1&#8243;][vc_custom_heading heading_semantic=&#8221;h4&#8243; text_size=&#8221;&#8221; uncode_shortcode_id=&#8221;798810&#8243; text_color_type=&#8221;uncode-palette&#8221; text_color_solid=&#8221;#ff0000&#8243; subheading=&#8221;You are at the beginning of the &#8220;second trimester&#8220;, which is the most enjoyable period of pregnancy. Your baby now looks like a tiny human being and you may meet his\/her little kicks this month.<br \/>\nAt 4 months of pregnancy, your baby can make various facial expressions such as surprise, sadness, frown and smile. Don&#8217;t think these are his real emotional reactions. You can think of these involuntary expressions as a kind of facial muscle exercise and mimicry exercises.<br \/>\nAt the end of 4 months of pregnancy, the eyes are returning to their place and they are on the move, but they cannot open their eyelids yet.<br \/>\nIn the 4-month-old baby in the womb; arms, legs, head and body are proportional to each other. Your skin continues to change; it starts to get oily and develops sweat glands. These fats protect it. They also generates heat in their body, meaning it keeps them warm. The baby will start to gain fat, which will help the baby to grow into a chubbier shape until birth.&#8221;]Development of the Baby[\/vc_custom_heading][vc_row_inner limit_content=&#8221;&#8221;][vc_column_inner width=&#8221;5\/12&#8243;][vc_single_image media=&#8221;1031&#8243; media_width_percent=&#8221;100&#8243; uncode_shortcode_id=&#8221;671694&#8243;][\/vc_column_inner][vc_column_inner width=&#8221;7\/12&#8243;][vc_column_text uncode_shortcode_id=&#8221;189406&#8243;]In the 4th month of pregnancy, the baby&#8217;s heartbeat began to be regulated by the brain. Therefore, the baby is a bit calmer than in previous weeks.<br \/>\nAt 4 months gestation, the baby can hear sounds and feel bright lights reflecting off its mother&#8217;s tummy.<br \/>\nEverything is fine in their body systems and works just fine. Since the baby swallow the amniotic fluid and urinates, his\/her digestive system is constantly working. Meanwhile, he\/she continues his\/her breathing experiments.[\/vc_column_text][\/vc_column_inner][\/vc_row_inner][vc_column_text uncode_shortcode_id=&#8221;203809&#8243;]The placenta continues to grow with the baby, enabling exchange between the baby and the mother and filtering out carbon dioxide.<\/p>\n<p>In the 4th month of pregnancy, your baby&#8217;s nipples and nipples are formed. Millions of ovaries continue to form in baby girls. By the time she&#8217;s born, that number will have dropped to about one or two million. Prostate development in male babies will be completed in the next month.[\/vc_column_text][vc_custom_heading heading_semantic=&#8221;h4&#8243; text_size=&#8221;&#8221; uncode_shortcode_id=&#8221;683206&#8243; subheading=&#8221;The 4-month-old baby continues its little kicks in the womb. As her\/his muscles got stronger, her\/his movements got stronger this week. Baby movements can be felt at 4 months. Do not worry if you still do not feel your baby&#8217;s movements. In some expectant mothers, especially in the first pregnancies, movements are felt at 5 months (between 22-26 weeks at the latest).&#8221;]4 Month Baby Moves[\/vc_custom_heading][vc_custom_heading heading_semantic=&#8221;h4&#8243; text_size=&#8221;&#8221; uncode_shortcode_id=&#8221;210915&#8243;]Ultrasound Images[\/vc_custom_heading][vc_row_inner limit_content=&#8221;&#8221;][vc_column_inner width=&#8221;5\/12&#8243;][vc_single_image media=&#8221;1029&#8243; media_width_percent=&#8221;100&#8243; uncode_shortcode_id=&#8221;162214&#8243;][\/vc_column_inner][vc_column_inner width=&#8221;7\/12&#8243;][vc_column_text uncode_shortcode_id=&#8221;144478&#8243;]You can watch your baby move in the 4-month pregnancy image. You can see him grasping with his tiny hands and thin fingers or clasping his hands together. You can also observe him touching his own face and sucking his finger.<\/p>\n<p>Since her\/his weight gain also accelerated and her cheeks started to become much fuller, you can notice that she\/he has transitioned to cuter and baby-like forms in her\/his 4-month pregnancy image.<\/p>\n<p>The gender of the 4-month-old baby in the womb can usually be detected on ultrasound. Gender may not be understood only when the baby&#8217;s position is unsuitable.[\/vc_column_text][\/vc_column_inner][\/vc_row_inner][vc_custom_heading heading_semantic=&#8221;h4&#8243; text_size=&#8221;&#8221; uncode_shortcode_id=&#8221;213102&#8243;]Changes in the Mother&#8217;s Body[\/vc_custom_heading][vc_column_text uncode_shortcode_id=&#8221;583373&#8243;]At 4 months of pregnancy, your uterus weighs about 230-250 grams.<br \/>\nYou may feel your baby&#8217;s hiccups for the first time at the end of the 4th month.<br \/>\nChanges in the mother at 4 months of pregnancy are as follows:<br \/>\n\u2013 Difficulty digesting, heartburn, feeling exhausted, constipation, increased appetite, swelling of the intranasal tissue, nosebleeds, gum bleeding, headaches, swelling of the feet and wrists and varicose problems.<br \/>\n\u2013 Similar to the symptoms you experienced before your period, there may be emotional ups and downs, crying easily, sudden anger and irrational thoughts and evaluations.<br \/>\n\u2013 You may have difficulty focusing and forgetfulness.<br \/>\n\u2013 Groin pains. This is due to the stretching of the ligaments and muscles that connect the uterus to the abdomen.<br \/>\n\u2013 You may have vaginal discharge. Don&#8217;t worry if the colour is white. If it is yellowish and smelly, inform your doctor.[\/vc_column_text][vc_custom_heading heading_semantic=&#8221;h4&#8243; text_size=&#8221;&#8221; uncode_shortcode_id=&#8221;502245&#8243; subheading=&#8221;At the end of the 4th month of pregnancy (between the 16th and 20th week of pregnancy), your doctor may recommend a triple test or the newly developed quadruple test. The difference between the Triple Test and the Quadruple Test is that the Quadruple Test includes more extensive screening. If no risk has been identified in your Dual Test, your doctor may not recommend these tests. These tests evaluate the baby&#8217;s risk of having Neural Tube Defects, Down Syndrome or other Chromosomal Defects, along with factors such as your age.<\/p>\n<p>Triple Test and Quadruple Test do not pose a risk.&#8221; text_color_type=&#8221;uncode-palette&#8221; text_color_solid=&#8221;#ff0000&#8243;]Triple or Quadruple Test[\/vc_custom_heading][vc_custom_heading heading_semantic=&#8221;h4&#8243; text_size=&#8221;&#8221; uncode_shortcode_id=&#8221;171097&#8243; subheading=&#8221;In this test, if the risk of a genetic problem is detected, the doctor may recommend additional tests such as amniocentesis to the expectant mother. Although these tests increase risk estimates, they can sometimes give erroneous results and may involve risks for the baby.<br \/>\nAmniocentesis is recommended when:<br \/>\n\u2013 If the age is over 35,<br \/>\n\u2013 If there is a risk of abnormality due to Down Syndrome and other chromosomes,<br \/>\n\u2013 If there is a high risk in the Dual Test and blood tests.<\/p>\n<p>Amniocentesis is performed by taking a sample of amniotic fluid from the womb by inserting a thin long needle into the uterine cavity. This fluid is sent to a laboratory for analysis. The results obtained from amniocentesis have an accuracy of 99.4 percent.<br \/>\nAmniocentesis is a risky procedure for the baby. Today, a blood test application has been developed that can be an alternative to this procedure. The test decision belongs to the parents.<br \/>\nDoctors may recommend a fetal DNA test at seventeen weeks&#8217; gestation for some expectant mothers, especially those at risk of giving birth to a baby with a chromosomal disorder.&#8221; text_color_type=&#8221;uncode-palette&#8221; text_color_solid=&#8221;#ff0000&#8243;]Amniocentesis[\/vc_custom_heading][vc_custom_heading heading_semantic=&#8221;h4&#8243; text_size=&#8221;&#8221; uncode_shortcode_id=&#8221;723724&#8243; subheading=&#8221;Here are the things to consider for 4 months of pregnancy&#8230;&#8221;]Points need to be considered[\/vc_custom_heading][vc_custom_heading heading_semantic=&#8221;h4&#8243; text_size=&#8221;&#8221; uncode_shortcode_id=&#8221;926853&#8243; subheading=&#8221;Now that you have left the first 3 months, which can be risky, you can start exercising. First of all, do not forget to consult your doctor. The Benefits of Physical Exercise During Pregnancy<br \/>\n&#8211; It allows you to increase blood circulation in your body and thus increase the amount of oxygen to the baby,<br \/>\n&#8211; It is good for reducing the pain felt in various parts of the body,<br \/>\n&#8211; It provides edema removal. Thus, it also reduces the feeling of bloating.<br \/>\n\u2013 It allows you to have a comfortable pregnancy, childbirth and postpartum period.<\/p>\n<p>You can do light-paced exercises at least 3-4 days a week, 30-45 minutes a day. The most ideal exercises during pregnancy are walking, swimming, pregnancy exercises and yoga. If you have not done yoga before, you can practice yoga first with an expert and then with a DVD at home.&#8221; text_color_type=&#8221;uncode-palette&#8221; text_color_solid=&#8221;#ff0000&#8243;]Exercise During Pregnancy[\/vc_custom_heading][vc_column_text uncode_shortcode_id=&#8221;169728&#8243;]\u2013 Bedeninizde kan dola\u015f\u0131m\u0131n\u0131 art\u0131rman\u0131z\u0131 ve b\u00f6ylece bebe\u011fe giden oksijen miktar\u0131n\u0131n artmas\u0131n\u0131 sa\u011flar,<\/p>\n<p>\u2013 Bedendeki \u00e7e\u015fitli b\u00f6lgelerde hissedilen a\u011fr\u0131lar\u0131n azalmas\u0131na iyi gelir,<\/p>\n<p>\u2013 \u00d6dem atmay\u0131 sa\u011flar. B\u00f6ylece \u015fi\u015fkinlik hissini azalt\u0131r,<\/p>\n<p>\u2013 Rahat bir hamilelik, do\u011fum ve do\u011fum sonras\u0131 d\u00f6nem ge\u00e7irmenizi sa\u011flar.<\/p>\n<p>Haftada en az 3-4 g\u00fcn, g\u00fcnde 30-45 dakika hafif tempolu egzersizler yapabilirsiniz. Hamilelikte en ideal egzersizler; y\u00fcr\u00fcy\u00fc\u015f, y\u00fczme, hamilelik egzersizleri ve yogad\u0131r. Daha \u00f6nce yoga yapmad\u0131ysan\u0131z, yogay\u0131 \u00f6nce bir uzman e\u015fli\u011finde \u00f6\u011frendikten sonra evde DVD e\u015fli\u011finde uygulayabilirsiniz.[\/vc_column_text][vc_custom_heading heading_semantic=&#8221;h4&#8243; text_size=&#8221;h4&#8243; uncode_shortcode_id=&#8221;105910&#8243; text_color_type=&#8221;uncode-palette&#8221; text_color_solid=&#8221;#ff0000&#8243; subheading=&#8221;Be sure to consume balanced amounts of each food group in your diet. During pregnancy, you should eat 2-3 meals a day from protein-containing foods. The amount of one meal is suitable between 85-100 grams of red meat or chicken, 150 grams of fish, 30-60 grams of cheese and 125 grams of dried legumes.<br \/>\nAt the end of the 4th month of pregnancy, your baby will start to store calcium. Therefore, it is beneficial to continue to eat a calcium-containing diet.<br \/>\nSince the baby&#8217;s thyroid gland develops during these weeks, do not forget to eat iodine-rich foods during pregnancy. Drink plenty of water, at least 8 glasses a day.<br \/>\nIf you eat 3 main meals and 3 snacks every day, your blood sugar will not decrease. This will make you feel much more alive and energetic. Your diet, which is rich in protein, calcium, vitamins, zinc, iron, magnesium and all other minerals, is very important for your baby&#8217;s healthy development and your health. You should definitely not diet during pregnancy. However, restricting white sugar and white flour foods will be beneficial in terms of not gaining too much weight.<br \/>\nIt is useful to be careful about herbal medicines; if possible, do not consume them or consult your doctor.&#8221;]Nutrition During 4 Months Pregnancy[\/vc_custom_heading][vc_custom_heading heading_semantic=&#8221;h4&#8243; text_size=&#8221;h4&#8243; uncode_shortcode_id=&#8221;147557&#8243; subheading=&#8221;Prospective mothers who are expecting twins should stop worrying because their responsibilities will double. It will be comforting to talk to mums who have experience with twins.<br \/>\nIn addition, you can have a comfortable pregnancy if you pay attention to the following: Compared to singleton pregnancies; you should have more frequent doctor follow-ups, you may need to gain more weight, you may need to rest more, you should eat more, you should take more minerals and vitamins, and you should be much more careful about everything.&#8221; text_color_type=&#8221;uncode-palette&#8221; text_color_solid=&#8221;#ff0000&#8243;]Twin Pregnancy[\/vc_custom_heading][\/vc_column][\/vc_row][vc_row][vc_column width=&#8221;1\/1&#8243;][uncode_block id=&#8221;2856&#8243;][\/vc_column][\/vc_row][vc_row][vc_column width=&#8221;1\/1&#8243;][uncode_block id=&#8221;2640&#8243;][\/vc_column][\/vc_row]<\/p>\n<\/div>","protected":false},"excerpt":{"rendered":"<p>[vc_row row_height_percent=&#8221;0&#8243; override_padding=&#8221;yes&#8221; h_padding=&#8221;2&#8243; top_padding=&#8221;2&#8243; bottom_padding=&#8221;0&#8243; overlay_alpha=&#8221;50&#8243; equal_height=&#8221;yes&#8221; gutter_size=&#8221;2&#8243; column_width_percent=&#8221;100&#8243; shift_y=&#8221;-3&#8243; z_index=&#8221;0&#8243; uncode_shortcode_id=&#8221;152492&#8243;][vc_column column_width_percent=&#8221;100&#8243; position_vertical=&#8221;middle&#8221; align_horizontal=&#8221;align_center&#8221; gutter_size=&#8221;3&#8243; overlay_alpha=&#8221;50&#8243; shift_x=&#8221;0&#8243; shift_y=&#8221;0&#8243; [&hellip;]<\/p>\n","protected":false},"author":3,"featured_media":778,"parent":2267,"menu_order":0,"comment_status":"closed","ping_status":"closed","template":"","meta":{"_monsterinsights_skip_tracking":false,"_monsterinsights_sitenote_active":false,"_monsterinsights_sitenote_note":"","_monsterinsights_sitenote_category":0,"footnotes":""},"class_list":["post-2445","page","type-page","status-publish","has-post-thumbnail","hentry","page_category-month-by-month"],"yoast_head":"<!-- This site is optimized with the Yoast SEO plugin v27.4 - https:\/\/yoast.com\/product\/yoast-seo-wordpress\/ -->\n<title>4 months - Canbebe<\/title>\n<meta name=\"robots\" content=\"index, follow, max-snippet:-1, max-image-preview:large, max-video-preview:-1\" \/>\n<link rel=\"canonical\" href=\"https:\/\/canbebe.com\/en\/pregnancy-calendar\/4-ay\/\" \/>\n<meta property=\"og:locale\" content=\"en_US\" \/>\n<meta property=\"og:type\" content=\"article\" \/>\n<meta property=\"og:title\" content=\"4 months - Canbebe\" \/>\n<meta property=\"og:description\" content=\"[vc_row row_height_percent=&#8221;0&#8243; override_padding=&#8221;yes&#8221; h_padding=&#8221;2&#8243; top_padding=&#8221;2&#8243; bottom_padding=&#8221;0&#8243; overlay_alpha=&#8221;50&#8243; equal_height=&#8221;yes&#8221; gutter_size=&#8221;2&#8243; column_width_percent=&#8221;100&#8243; shift_y=&#8221;-3&#8243; z_index=&#8221;0&#8243; uncode_shortcode_id=&#8221;152492&#8243;][vc_column column_width_percent=&#8221;100&#8243; position_vertical=&#8221;middle&#8221; align_horizontal=&#8221;align_center&#8221; gutter_size=&#8221;3&#8243; overlay_alpha=&#8221;50&#8243; shift_x=&#8221;0&#8243; shift_y=&#8221;0&#8243; [&hellip;]\" \/>\n<meta property=\"og:url\" content=\"https:\/\/canbebe.com\/en\/pregnancy-calendar\/4-ay\/\" \/>\n<meta property=\"og:site_name\" content=\"Canbebe\" \/>\n<meta property=\"article:modified_time\" content=\"2024-03-15T13:01:22+00:00\" \/>\n<meta name=\"twitter:card\" content=\"summary_large_image\" \/>\n<meta name=\"twitter:label1\" content=\"Est. reading time\" \/>\n\t<meta name=\"twitter:data1\" content=\"9 minutes\" \/>\n<script type=\"application\/ld+json\" class=\"yoast-schema-graph\">{\"@context\":\"https:\\\/\\\/schema.org\",\"@graph\":[{\"@type\":\"WebPage\",\"@id\":\"https:\\\/\\\/canbebe.com\\\/en\\\/pregnancy-calendar\\\/4-ay\\\/\",\"url\":\"https:\\\/\\\/canbebe.com\\\/en\\\/pregnancy-calendar\\\/4-ay\\\/\",\"name\":\"4 months - Canbebe\",\"isPartOf\":{\"@id\":\"https:\\\/\\\/canbebe.com\\\/en\\\/#website\"},\"primaryImageOfPage\":{\"@id\":\"https:\\\/\\\/canbebe.com\\\/en\\\/pregnancy-calendar\\\/4-ay\\\/#primaryimage\"},\"image\":{\"@id\":\"https:\\\/\\\/canbebe.com\\\/en\\\/pregnancy-calendar\\\/4-ay\\\/#primaryimage\"},\"thumbnailUrl\":\"https:\\\/\\\/canbebe.com\\\/wp-content\\\/uploads\\\/2023\\\/11\\\/Month-by-month-5.svg\",\"datePublished\":\"2023-11-24T10:59:53+00:00\",\"dateModified\":\"2024-03-15T13:01:22+00:00\",\"breadcrumb\":{\"@id\":\"https:\\\/\\\/canbebe.com\\\/en\\\/pregnancy-calendar\\\/4-ay\\\/#breadcrumb\"},\"inLanguage\":\"en-US\",\"potentialAction\":[{\"@type\":\"ReadAction\",\"target\":[\"https:\\\/\\\/canbebe.com\\\/en\\\/pregnancy-calendar\\\/4-ay\\\/\"]}]},{\"@type\":\"ImageObject\",\"inLanguage\":\"en-US\",\"@id\":\"https:\\\/\\\/canbebe.com\\\/en\\\/pregnancy-calendar\\\/4-ay\\\/#primaryimage\",\"url\":\"https:\\\/\\\/canbebe.com\\\/wp-content\\\/uploads\\\/2023\\\/11\\\/Month-by-month-5.svg\",\"contentUrl\":\"https:\\\/\\\/canbebe.com\\\/wp-content\\\/uploads\\\/2023\\\/11\\\/Month-by-month-5.svg\",\"width\":73,\"height\":72},{\"@type\":\"BreadcrumbList\",\"@id\":\"https:\\\/\\\/canbebe.com\\\/en\\\/pregnancy-calendar\\\/4-ay\\\/#breadcrumb\",\"itemListElement\":[{\"@type\":\"ListItem\",\"position\":1,\"name\":\"Home\",\"item\":\"https:\\\/\\\/canbebe.com\\\/en\\\/\"},{\"@type\":\"ListItem\",\"position\":2,\"name\":\"Pregnancy Calendar\",\"item\":\"https:\\\/\\\/canbebe.com\\\/en\\\/pregnancy-calendar\\\/\"},{\"@type\":\"ListItem\",\"position\":3,\"name\":\"4 months\"}]},{\"@type\":\"WebSite\",\"@id\":\"https:\\\/\\\/canbebe.com\\\/en\\\/#website\",\"url\":\"https:\\\/\\\/canbebe.com\\\/en\\\/\",\"name\":\"Canbebe\",\"description\":\"Canbebe\",\"publisher\":{\"@id\":\"https:\\\/\\\/canbebe.com\\\/en\\\/#organization\"},\"potentialAction\":[{\"@type\":\"SearchAction\",\"target\":{\"@type\":\"EntryPoint\",\"urlTemplate\":\"https:\\\/\\\/canbebe.com\\\/en\\\/?s={search_term_string}\"},\"query-input\":{\"@type\":\"PropertyValueSpecification\",\"valueRequired\":true,\"valueName\":\"search_term_string\"}}],\"inLanguage\":\"en-US\"},{\"@type\":\"Organization\",\"@id\":\"https:\\\/\\\/canbebe.com\\\/en\\\/#organization\",\"name\":\"Canbebe\",\"url\":\"https:\\\/\\\/canbebe.com\\\/en\\\/\",\"logo\":{\"@type\":\"ImageObject\",\"inLanguage\":\"en-US\",\"@id\":\"https:\\\/\\\/canbebe.com\\\/en\\\/#\\\/schema\\\/logo\\\/image\\\/\",\"url\":\"https:\\\/\\\/canbebe.com\\\/wp-content\\\/uploads\\\/2023\\\/11\\\/logo-canbebe.png\",\"contentUrl\":\"https:\\\/\\\/canbebe.com\\\/wp-content\\\/uploads\\\/2023\\\/11\\\/logo-canbebe.png\",\"width\":398,\"height\":84,\"caption\":\"Canbebe\"},\"image\":{\"@id\":\"https:\\\/\\\/canbebe.com\\\/en\\\/#\\\/schema\\\/logo\\\/image\\\/\"}}]}<\/script>\n<!-- \/ Yoast SEO plugin. -->","yoast_head_json":{"title":"4 months - Canbebe","robots":{"index":"index","follow":"follow","max-snippet":"max-snippet:-1","max-image-preview":"max-image-preview:large","max-video-preview":"max-video-preview:-1"},"canonical":"https:\/\/canbebe.com\/en\/pregnancy-calendar\/4-ay\/","og_locale":"en_US","og_type":"article","og_title":"4 months - Canbebe","og_description":"[vc_row row_height_percent=&#8221;0&#8243; override_padding=&#8221;yes&#8221; h_padding=&#8221;2&#8243; top_padding=&#8221;2&#8243; bottom_padding=&#8221;0&#8243; overlay_alpha=&#8221;50&#8243; equal_height=&#8221;yes&#8221; gutter_size=&#8221;2&#8243; column_width_percent=&#8221;100&#8243; shift_y=&#8221;-3&#8243; z_index=&#8221;0&#8243; uncode_shortcode_id=&#8221;152492&#8243;][vc_column column_width_percent=&#8221;100&#8243; position_vertical=&#8221;middle&#8221; align_horizontal=&#8221;align_center&#8221; gutter_size=&#8221;3&#8243; overlay_alpha=&#8221;50&#8243; shift_x=&#8221;0&#8243; shift_y=&#8221;0&#8243; [&hellip;]","og_url":"https:\/\/canbebe.com\/en\/pregnancy-calendar\/4-ay\/","og_site_name":"Canbebe","article_modified_time":"2024-03-15T13:01:22+00:00","twitter_card":"summary_large_image","twitter_misc":{"Est. reading time":"9 minutes"},"schema":{"@context":"https:\/\/schema.org","@graph":[{"@type":"WebPage","@id":"https:\/\/canbebe.com\/en\/pregnancy-calendar\/4-ay\/","url":"https:\/\/canbebe.com\/en\/pregnancy-calendar\/4-ay\/","name":"4 months - Canbebe","isPartOf":{"@id":"https:\/\/canbebe.com\/en\/#website"},"primaryImageOfPage":{"@id":"https:\/\/canbebe.com\/en\/pregnancy-calendar\/4-ay\/#primaryimage"},"image":{"@id":"https:\/\/canbebe.com\/en\/pregnancy-calendar\/4-ay\/#primaryimage"},"thumbnailUrl":"https:\/\/canbebe.com\/wp-content\/uploads\/2023\/11\/Month-by-month-5.svg","datePublished":"2023-11-24T10:59:53+00:00","dateModified":"2024-03-15T13:01:22+00:00","breadcrumb":{"@id":"https:\/\/canbebe.com\/en\/pregnancy-calendar\/4-ay\/#breadcrumb"},"inLanguage":"en-US","potentialAction":[{"@type":"ReadAction","target":["https:\/\/canbebe.com\/en\/pregnancy-calendar\/4-ay\/"]}]},{"@type":"ImageObject","inLanguage":"en-US","@id":"https:\/\/canbebe.com\/en\/pregnancy-calendar\/4-ay\/#primaryimage","url":"https:\/\/canbebe.com\/wp-content\/uploads\/2023\/11\/Month-by-month-5.svg","contentUrl":"https:\/\/canbebe.com\/wp-content\/uploads\/2023\/11\/Month-by-month-5.svg","width":73,"height":72},{"@type":"BreadcrumbList","@id":"https:\/\/canbebe.com\/en\/pregnancy-calendar\/4-ay\/#breadcrumb","itemListElement":[{"@type":"ListItem","position":1,"name":"Home","item":"https:\/\/canbebe.com\/en\/"},{"@type":"ListItem","position":2,"name":"Pregnancy Calendar","item":"https:\/\/canbebe.com\/en\/pregnancy-calendar\/"},{"@type":"ListItem","position":3,"name":"4 months"}]},{"@type":"WebSite","@id":"https:\/\/canbebe.com\/en\/#website","url":"https:\/\/canbebe.com\/en\/","name":"Canbebe","description":"Canbebe","publisher":{"@id":"https:\/\/canbebe.com\/en\/#organization"},"potentialAction":[{"@type":"SearchAction","target":{"@type":"EntryPoint","urlTemplate":"https:\/\/canbebe.com\/en\/?s={search_term_string}"},"query-input":{"@type":"PropertyValueSpecification","valueRequired":true,"valueName":"search_term_string"}}],"inLanguage":"en-US"},{"@type":"Organization","@id":"https:\/\/canbebe.com\/en\/#organization","name":"Canbebe","url":"https:\/\/canbebe.com\/en\/","logo":{"@type":"ImageObject","inLanguage":"en-US","@id":"https:\/\/canbebe.com\/en\/#\/schema\/logo\/image\/","url":"https:\/\/canbebe.com\/wp-content\/uploads\/2023\/11\/logo-canbebe.png","contentUrl":"https:\/\/canbebe.com\/wp-content\/uploads\/2023\/11\/logo-canbebe.png","width":398,"height":84,"caption":"Canbebe"},"image":{"@id":"https:\/\/canbebe.com\/en\/#\/schema\/logo\/image\/"}}]}},"_links":{"self":[{"href":"https:\/\/canbebe.com\/en\/wp-json\/wp\/v2\/pages\/2445","targetHints":{"allow":["GET"]}}],"collection":[{"href":"https:\/\/canbebe.com\/en\/wp-json\/wp\/v2\/pages"}],"about":[{"href":"https:\/\/canbebe.com\/en\/wp-json\/wp\/v2\/types\/page"}],"author":[{"embeddable":true,"href":"https:\/\/canbebe.com\/en\/wp-json\/wp\/v2\/users\/3"}],"replies":[{"embeddable":true,"href":"https:\/\/canbebe.com\/en\/wp-json\/wp\/v2\/comments?post=2445"}],"version-history":[{"count":0,"href":"https:\/\/canbebe.com\/en\/wp-json\/wp\/v2\/pages\/2445\/revisions"}],"up":[{"embeddable":true,"href":"https:\/\/canbebe.com\/en\/wp-json\/wp\/v2\/pages\/2267"}],"wp:featuredmedia":[{"embeddable":true,"href":"https:\/\/canbebe.com\/en\/wp-json\/wp\/v2\/media\/778"}],"wp:attachment":[{"href":"https:\/\/canbebe.com\/en\/wp-json\/wp\/v2\/media?parent=2445"}],"curies":[{"name":"wp","href":"https:\/\/api.w.org\/{rel}","templated":true}]}}