{"id":2417,"date":"2023-11-24T11:00:05","date_gmt":"2023-11-24T11:00:05","guid":{"rendered":"https:\/\/canbebe.com\/?page_id=2417"},"modified":"2024-03-15T13:01:37","modified_gmt":"2024-03-15T13:01:37","slug":"7-ay","status":"publish","type":"page","link":"https:\/\/canbebe.com\/en\/pregnancy-calendar\/7-ay\/","title":{"rendered":"7 months"},"content":{"rendered":"<div class=\"wpb-content-wrapper\"><p>[vc_row row_height_percent=&#8221;0&#8243; override_padding=&#8221;yes&#8221; h_padding=&#8221;2&#8243; top_padding=&#8221;2&#8243; bottom_padding=&#8221;0&#8243; overlay_alpha=&#8221;50&#8243; equal_height=&#8221;yes&#8221; gutter_size=&#8221;2&#8243; column_width_percent=&#8221;100&#8243; shift_y=&#8221;-3&#8243; z_index=&#8221;0&#8243; uncode_shortcode_id=&#8221;152492&#8243;][vc_column column_width_percent=&#8221;100&#8243; position_vertical=&#8221;middle&#8221; align_horizontal=&#8221;align_center&#8221; gutter_size=&#8221;3&#8243; overlay_alpha=&#8221;50&#8243; shift_x=&#8221;0&#8243; shift_y=&#8221;0&#8243; shift_y_down=&#8221;0&#8243; z_index=&#8221;0&#8243; medium_width=&#8221;0&#8243; mobile_width=&#8221;0&#8243; radius=&#8221;sm&#8221; width=&#8221;5\/12&#8243; uncode_shortcode_id=&#8221;100228&#8243; mobile_height=&#8221;300&#8243; el_class=&#8221;img-rounded&#8221;][\/vc_column][vc_column column_width_use_pixel=&#8221;yes&#8221; position_horizontal=&#8221;right&#8221; gutter_size=&#8221;2&#8243; overlay_alpha=&#8221;50&#8243; shift_x=&#8221;0&#8243; shift_y=&#8221;-5&#8243; shift_y_down=&#8221;-5&#8243; z_index=&#8221;0&#8243; medium_width=&#8221;0&#8243; mobile_width=&#8221;0&#8243; width=&#8221;7\/12&#8243; uncode_shortcode_id=&#8221;133000&#8243; column_width_pixel=&#8221;600&#8243; el_id=&#8221;hafta-nav&#8221;][vc_custom_heading heading_semantic=&#8221;h4&#8243; text_size=&#8221;&#8221; uncode_shortcode_id=&#8221;174068&#8243; subheading=&#8221;At the end of the 7th month of pregnancy, the baby&#8217;s height is approximately 41-42 centimeters, up to leek. His\/her weight is about 1400 grams.&#8221;]Baby&#8217;s Height and Weight[\/vc_custom_heading][vc_column_text uncode_shortcode_id=&#8221;133704&#8243;]Hamilelikte 7. ay\u0131n sonunda bebe\u011fin boyu yakla\u015f\u0131k 41-42 santim, p\u0131rasa kadard\u0131r. A\u011f\u0131rl\u0131\u011f\u0131 yakla\u015f\u0131k 1400 gramd\u0131r.[\/vc_column_text][\/vc_column][\/vc_row][vc_row][vc_column width=&#8221;1\/1&#8243;][vc_custom_heading heading_semantic=&#8221;h4&#8243; text_size=&#8221;&#8221; uncode_shortcode_id=&#8221;128514&#8243;]Development of the Baby[\/vc_custom_heading][vc_row_inner limit_content=&#8221;&#8221;][vc_column_inner width=&#8221;5\/12&#8243;][vc_single_image media=&#8221;1040&#8243; media_width_percent=&#8221;100&#8243; uncode_shortcode_id=&#8221;779781&#8243;][\/vc_column_inner][vc_column_inner width=&#8221;7\/12&#8243;][vc_column_text uncode_shortcode_id=&#8221;140345&#8243;]Your belly has grown a lot now. Although this may cause some of your troubles to increase, try to enjoy the pregnancy.<br \/>\nIn the 7-month-old baby, organs and body systems were almost completely formed. Now, the biggest improvements will be in height and weight gain. Weekly weight gain after this month is an average of 500 grams.<br \/>\nAt 7 moths of pregnancy, the fine hairs on your baby&#8217;s skin, called Lanugo, continue to disappear rapidly. The Vernix Caseosa layer, which has the task of keeping the body warm and strengthening the immune system, has also become quite thick on the skin surface.[\/vc_column_text][\/vc_column_inner][\/vc_row_inner][vc_column_text uncode_shortcode_id=&#8221;120654&#8243;]The fingernails are fully extended, the toenails have yet to grow.<br \/>\nThe brain and nervous system are fully developed. For this reason, they make more conscious movements every day.<br \/>\nAt 7 months of pregnancy, the baby can now close and open his\/her eyelids much better. The vision and focus function of his\/her eyes has also been completed.<br \/>\nHer\/his sucking reflex improved greatly as he\/she sucked their thumb or other fingers.<br \/>\nIt will take until the end of the 8th month to fully develop. For this reason, if he\/she is born prematurely, it may have difficulties when sucking the breast.<br \/>\nSurfactant production continues in the baby&#8217;s lungs in the 7th month of pregnancy and this production is provided by adrenal glands. Their lungs continue to develop fully enough to allow them to breathe comfortably in the outside world every week. Babies born at the 7th month have a very high chance of survival, but they will need to breathe with help in the incubator until the 36th week.<br \/>\nThe 7-month-old baby urinates about half a liter a day. Urination is very important for the regeneration of amniotic fluid.<br \/>\n&#8220;In male babies, the testicles begin to produce testosterone. His testicles are moving from his groin to his bags.<\/p>\n<p>The development of the clitoris in female babies is largely complete.&#8221;[\/vc_column_text][vc_custom_heading heading_semantic=&#8221;h4&#8243; text_size=&#8221;&#8221; uncode_shortcode_id=&#8221;165762&#8243; text_color_type=&#8221;uncode-palette&#8221; text_color_solid=&#8221;#ff0000&#8243; subheading=&#8221;This week, your baby&#8217;s movements have slowed down as his\/her space has narrowed. But that doesn&#8217;t mean he\/she moves at all. For this reason, if he\/she does not move for a while, inform your doctor.<br \/>\nAt 7 months of pregnancy, your baby can now sleep longer. Therefore, he\/she may take a break from moving for a few hours.<br \/>\nSince his\/her muscles are getting stronger, tiny blows and stretching movements during 7-month-old baby movements can sometimes hurt you.&#8221;]Baby Movements During 7 Months Pregnancy[\/vc_custom_heading][vc_custom_heading heading_semantic=&#8221;h4&#8243; text_size=&#8221;&#8221; uncode_shortcode_id=&#8221;387507&#8243;]Ultrasound Image[\/vc_custom_heading][vc_row_inner limit_content=&#8221;&#8221;][vc_column_inner width=&#8221;5\/12&#8243;][vc_single_image media=&#8221;1042&#8243; media_width_percent=&#8221;100&#8243; uncode_shortcode_id=&#8221;885511&#8243;][\/vc_column_inner][vc_column_inner width=&#8221;7\/12&#8243;][vc_column_text uncode_shortcode_id=&#8221;563067&#8243;]You may be surprised to see how tall your baby is on the ultrasound. You will also see that her\/his space is narrowing in the image of a 7-month-old baby.<br \/>\n&#8220;You can also see that his\/her face is fully developed.<\/p>\n<p>You can see him\/her yawning, kicking, sucking his\/her finger, or hiccuping.&#8221;<br \/>\nYour baby is expected to be upside down at seven months of pregnancy. But don&#8217;t worry right away if he\/she hasn&#8217;t turned his\/her head yet. At 7 months, 25-30 percent of babies are still the opposite. By the 9th month (up to the 38th week), there is a chance that your baby will turn upside down. 4 percent of babies are born breech.[\/vc_column_text][\/vc_column_inner][\/vc_row_inner][vc_custom_heading heading_semantic=&#8221;h4&#8243; text_size=&#8221;&#8221; uncode_shortcode_id=&#8221;177012&#8243;]Changes in the Mother&#8217;s Body[\/vc_custom_heading][vc_column_text uncode_shortcode_id=&#8221;203024&#8243;]In the 7th month of pregnancy, the mother may have the following symptoms:<br \/>\n\u2013 Nasal congestion and sometimes bleeding,<br \/>\n&#8211; Increasingly thick vaginal discharge of whitish colour,<br \/>\n\u2013 Indigestion, reflux, constipation and hemorrhoids in the stomach,<br \/>\n\u2013 Leg cramps,<br \/>\n\u2013 Varicose veins headache,<br \/>\n&#8211; Shortness of breath<br \/>\n\u2013 Braxton Hicks Contractions (False contractions),<br \/>\n\u2013 Absent-mindedness or forgetfulness,<br \/>\n\u2013 Concerns about the baby and birth,<br \/>\n\u2013 Nightmares<br \/>\n\u2013 Sleep disturbances and difficulty falling asleep,<br \/>\n\u2013 Hip and\u00a0low back pain,<br \/>\n\u2013 Sciatic pains felt from hip to legs.<\/p>\n<p>At the end of the 7th month, the formation of dark yellowish milk called colostrum and the baby&#8217;s upside down position is a usual preparation made by the expectant mother&#8217;s body in case of premature birth.[\/vc_column_text][vc_custom_heading heading_semantic=&#8221;h4&#8243; text_size=&#8221;&#8221; uncode_shortcode_id=&#8221;614880&#8243; subheading=&#8221;During these weeks, you may feel false contractions (Braxton Hicks Contractions). Don&#8217;t worry if these contractions start early. Because these contractions are a kind of birth rehearsal of the body. If the contractions become frequent and regular, inform your doctor immediately in case of premature birth.&#8221;]Points need to be considered[\/vc_custom_heading][vc_custom_heading heading_semantic=&#8221;h4&#8243; text_size=&#8221;&#8221; uncode_shortcode_id=&#8221;105833&#8243; text_color_type=&#8221;uncode-palette&#8221; text_color_solid=&#8221;#ff0000&#8243; subheading=&#8221;Between 24-36 weeks of birth is called preterm birth. Symptoms of premature birth include:<br \/>\n\u2013 Frequent contractions in your abdomen,<br \/>\n\u2013 Feeling pain similar to menstrual pain,<br \/>\n\u2013 Feeling pressure or a different low back pain in your pelvis area,<\/p>\n<p>If you feel these symptoms, you should definitely call your doctor.<br \/>\nYou can read details about the causes of preterm labour in our 31st week article.&#8221;]Symptoms and Causes of Premature Birth[\/vc_custom_heading][vc_custom_heading heading_semantic=&#8221;h4&#8243; text_size=&#8221;&#8221; uncode_shortcode_id=&#8221;288977&#8243; text_color_type=&#8221;uncode-palette&#8221; text_color_solid=&#8221;#ff0000&#8243; subheading=&#8221;There is no harm in having sexual intercourse for expectant mothers who have had a healthy pregnancy in the last 3 months. Nevertheless, it is much safer for expectant mothers to consult their doctors whether there is a problem with sexual intercourse.<br \/>\nIt is useful to pay attention to the following about sexuality during pregnancy:<br \/>\n\u2013 If your belly is large and the baby moves occasionally, it may prevent you from focusing during sexual intercourse. Be comfortable because the baby&#8217;s movement can be an indication that he\/she feels happy inside,<br \/>\n\u2013 Breasts should not be overstimulated during sexual intercourse. Because overstimulation in the breasts causes contractions in the uterus,<br \/>\n\u2013 A contraction of the uterus in a situation such as an orgasm of the mother is not a problem if it is not a risky pregnancy, but it is still preferable that the expectant mother does not have an orgasm in the last 3 months,<br \/>\n\u2013 Moving slowly during sex during pregnancy also eliminates the feeling that your baby will be harmed,<br \/>\n\u2013 The side lying position where the man is behind, called spooning, is the most ideal position. In the meantime, don&#8217;t forget to lie on your left side,<br \/>\n\u2013 Your partner should not ejaculate inside you, as the prostaglandin hormone in male semen can cause labor to be triggered. If you have sex with a condom in the last 3 months, you will eliminate this risk.<\/p>\n<p>If you pay attention to all these points, sexual intercourse will not cause premature birth in a healthy pregnancy.&#8221;]Sexuality in 7 Months Pregnancy[\/vc_custom_heading][vc_custom_heading heading_semantic=&#8221;h4&#8243; text_size=&#8221;&#8221; uncode_shortcode_id=&#8221;991407&#8243; text_color_type=&#8221;uncode-palette&#8221; text_color_solid=&#8221;#ff0000&#8243; subheading=&#8221;In the last 3 months, your concerns about childbirth may increase. C-section surgery, which should be performed in case of a medical necessity, is considered as a delivery option for some mothers and some doctors, especially in developing countries like ours. Turkey has become the second in the world and the first in Europe among the countries with high cesarean rates. The reasons for this situation are explained in the 28th week article.<br \/>\nThe first thing that expectant mothers who desire a normal birth should do is to receive birth preparation training. Another important point is that expectant mothers should choose either a doctor who knows natural birth practices and has a high normal birth rate or a doctor who can easily demand and apply all their preferences in childbirth.<br \/>\nStarting this week, you can start discussing your birth preferences with your doctor. (For detailed information about birth preferences, in 33 and 34. weeks You can read about it in our weekly articles.)<br \/>\nTo learn what to pay attention to when choosing a childbirth preparation course 28. You can check out our article of 33rd week.)&#8221;]What will the birth be like?[\/vc_custom_heading][vc_custom_heading heading_semantic=&#8221;h4&#8243; text_size=&#8221;&#8221; uncode_shortcode_id=&#8221;122671&#8243; subheading=&#8221;Up until birth, expectant mothers mostly wonder whether their body structures are suitable for birth. Let us reassure you: Even if the father is very tall and large and the mother is short, babies are generally born proportional to the size of their mothers. If your doctor suspects your baby&#8217;s head size during your pregnancy, they will follow you to birth and guide you. Also, some women with gestational diabetes may have very large babies weighing over 5 kilograms. This can make it difficult for the baby to be born. The doctor will refer the expectant mother in such a case.&#8221;]Is Your Body Structure Suitable for Childbirth?[\/vc_custom_heading][\/vc_column][\/vc_row][vc_row][vc_column width=&#8221;1\/1&#8243;][uncode_block id=&#8221;2856&#8243;][\/vc_column][\/vc_row][vc_row][vc_column width=&#8221;1\/1&#8243;][uncode_block id=&#8221;2640&#8243;][\/vc_column][\/vc_row]<\/p>\n<\/div>","protected":false},"excerpt":{"rendered":"<p>[vc_row row_height_percent=&#8221;0&#8243; override_padding=&#8221;yes&#8221; h_padding=&#8221;2&#8243; top_padding=&#8221;2&#8243; bottom_padding=&#8221;0&#8243; overlay_alpha=&#8221;50&#8243; equal_height=&#8221;yes&#8221; gutter_size=&#8221;2&#8243; column_width_percent=&#8221;100&#8243; shift_y=&#8221;-3&#8243; z_index=&#8221;0&#8243; uncode_shortcode_id=&#8221;152492&#8243;][vc_column column_width_percent=&#8221;100&#8243; position_vertical=&#8221;middle&#8221; align_horizontal=&#8221;align_center&#8221; gutter_size=&#8221;3&#8243; overlay_alpha=&#8221;50&#8243; shift_x=&#8221;0&#8243; shift_y=&#8221;0&#8243; [&hellip;]<\/p>\n","protected":false},"author":3,"featured_media":778,"parent":2267,"menu_order":0,"comment_status":"closed","ping_status":"closed","template":"","meta":{"_monsterinsights_skip_tracking":false,"_monsterinsights_sitenote_active":false,"_monsterinsights_sitenote_note":"","_monsterinsights_sitenote_category":0,"footnotes":""},"class_list":["post-2417","page","type-page","status-publish","has-post-thumbnail","hentry","page_category-month-by-month"],"yoast_head":"<!-- This site is optimized with the Yoast SEO plugin v27.4 - https:\/\/yoast.com\/product\/yoast-seo-wordpress\/ -->\n<title>7 months - Canbebe<\/title>\n<meta name=\"robots\" content=\"index, follow, max-snippet:-1, max-image-preview:large, max-video-preview:-1\" \/>\n<link rel=\"canonical\" href=\"https:\/\/canbebe.com\/en\/pregnancy-calendar\/7-ay\/\" \/>\n<meta property=\"og:locale\" content=\"en_US\" \/>\n<meta property=\"og:type\" content=\"article\" \/>\n<meta property=\"og:title\" content=\"7 months - Canbebe\" \/>\n<meta property=\"og:description\" content=\"[vc_row row_height_percent=&#8221;0&#8243; override_padding=&#8221;yes&#8221; h_padding=&#8221;2&#8243; top_padding=&#8221;2&#8243; bottom_padding=&#8221;0&#8243; overlay_alpha=&#8221;50&#8243; equal_height=&#8221;yes&#8221; gutter_size=&#8221;2&#8243; column_width_percent=&#8221;100&#8243; shift_y=&#8221;-3&#8243; z_index=&#8221;0&#8243; uncode_shortcode_id=&#8221;152492&#8243;][vc_column column_width_percent=&#8221;100&#8243; position_vertical=&#8221;middle&#8221; align_horizontal=&#8221;align_center&#8221; gutter_size=&#8221;3&#8243; overlay_alpha=&#8221;50&#8243; shift_x=&#8221;0&#8243; shift_y=&#8221;0&#8243; [&hellip;]\" \/>\n<meta property=\"og:url\" content=\"https:\/\/canbebe.com\/en\/pregnancy-calendar\/7-ay\/\" \/>\n<meta property=\"og:site_name\" content=\"Canbebe\" \/>\n<meta property=\"article:modified_time\" content=\"2024-03-15T13:01:37+00:00\" \/>\n<meta name=\"twitter:card\" content=\"summary_large_image\" \/>\n<meta name=\"twitter:label1\" content=\"Est. reading time\" \/>\n\t<meta name=\"twitter:data1\" content=\"8 minutes\" \/>\n<script type=\"application\/ld+json\" class=\"yoast-schema-graph\">{\"@context\":\"https:\\\/\\\/schema.org\",\"@graph\":[{\"@type\":\"WebPage\",\"@id\":\"https:\\\/\\\/canbebe.com\\\/en\\\/pregnancy-calendar\\\/7-ay\\\/\",\"url\":\"https:\\\/\\\/canbebe.com\\\/en\\\/pregnancy-calendar\\\/7-ay\\\/\",\"name\":\"7 months - Canbebe\",\"isPartOf\":{\"@id\":\"https:\\\/\\\/canbebe.com\\\/en\\\/#website\"},\"primaryImageOfPage\":{\"@id\":\"https:\\\/\\\/canbebe.com\\\/en\\\/pregnancy-calendar\\\/7-ay\\\/#primaryimage\"},\"image\":{\"@id\":\"https:\\\/\\\/canbebe.com\\\/en\\\/pregnancy-calendar\\\/7-ay\\\/#primaryimage\"},\"thumbnailUrl\":\"https:\\\/\\\/canbebe.com\\\/wp-content\\\/uploads\\\/2023\\\/11\\\/Month-by-month-5.svg\",\"datePublished\":\"2023-11-24T11:00:05+00:00\",\"dateModified\":\"2024-03-15T13:01:37+00:00\",\"breadcrumb\":{\"@id\":\"https:\\\/\\\/canbebe.com\\\/en\\\/pregnancy-calendar\\\/7-ay\\\/#breadcrumb\"},\"inLanguage\":\"en-US\",\"potentialAction\":[{\"@type\":\"ReadAction\",\"target\":[\"https:\\\/\\\/canbebe.com\\\/en\\\/pregnancy-calendar\\\/7-ay\\\/\"]}]},{\"@type\":\"ImageObject\",\"inLanguage\":\"en-US\",\"@id\":\"https:\\\/\\\/canbebe.com\\\/en\\\/pregnancy-calendar\\\/7-ay\\\/#primaryimage\",\"url\":\"https:\\\/\\\/canbebe.com\\\/wp-content\\\/uploads\\\/2023\\\/11\\\/Month-by-month-5.svg\",\"contentUrl\":\"https:\\\/\\\/canbebe.com\\\/wp-content\\\/uploads\\\/2023\\\/11\\\/Month-by-month-5.svg\",\"width\":73,\"height\":72},{\"@type\":\"BreadcrumbList\",\"@id\":\"https:\\\/\\\/canbebe.com\\\/en\\\/pregnancy-calendar\\\/7-ay\\\/#breadcrumb\",\"itemListElement\":[{\"@type\":\"ListItem\",\"position\":1,\"name\":\"Home\",\"item\":\"https:\\\/\\\/canbebe.com\\\/en\\\/\"},{\"@type\":\"ListItem\",\"position\":2,\"name\":\"Pregnancy Calendar\",\"item\":\"https:\\\/\\\/canbebe.com\\\/en\\\/pregnancy-calendar\\\/\"},{\"@type\":\"ListItem\",\"position\":3,\"name\":\"7 months\"}]},{\"@type\":\"WebSite\",\"@id\":\"https:\\\/\\\/canbebe.com\\\/en\\\/#website\",\"url\":\"https:\\\/\\\/canbebe.com\\\/en\\\/\",\"name\":\"Canbebe\",\"description\":\"Canbebe\",\"publisher\":{\"@id\":\"https:\\\/\\\/canbebe.com\\\/en\\\/#organization\"},\"potentialAction\":[{\"@type\":\"SearchAction\",\"target\":{\"@type\":\"EntryPoint\",\"urlTemplate\":\"https:\\\/\\\/canbebe.com\\\/en\\\/?s={search_term_string}\"},\"query-input\":{\"@type\":\"PropertyValueSpecification\",\"valueRequired\":true,\"valueName\":\"search_term_string\"}}],\"inLanguage\":\"en-US\"},{\"@type\":\"Organization\",\"@id\":\"https:\\\/\\\/canbebe.com\\\/en\\\/#organization\",\"name\":\"Canbebe\",\"url\":\"https:\\\/\\\/canbebe.com\\\/en\\\/\",\"logo\":{\"@type\":\"ImageObject\",\"inLanguage\":\"en-US\",\"@id\":\"https:\\\/\\\/canbebe.com\\\/en\\\/#\\\/schema\\\/logo\\\/image\\\/\",\"url\":\"https:\\\/\\\/canbebe.com\\\/wp-content\\\/uploads\\\/2023\\\/11\\\/logo-canbebe.png\",\"contentUrl\":\"https:\\\/\\\/canbebe.com\\\/wp-content\\\/uploads\\\/2023\\\/11\\\/logo-canbebe.png\",\"width\":398,\"height\":84,\"caption\":\"Canbebe\"},\"image\":{\"@id\":\"https:\\\/\\\/canbebe.com\\\/en\\\/#\\\/schema\\\/logo\\\/image\\\/\"}}]}<\/script>\n<!-- \/ Yoast SEO plugin. -->","yoast_head_json":{"title":"7 months - Canbebe","robots":{"index":"index","follow":"follow","max-snippet":"max-snippet:-1","max-image-preview":"max-image-preview:large","max-video-preview":"max-video-preview:-1"},"canonical":"https:\/\/canbebe.com\/en\/pregnancy-calendar\/7-ay\/","og_locale":"en_US","og_type":"article","og_title":"7 months - Canbebe","og_description":"[vc_row row_height_percent=&#8221;0&#8243; override_padding=&#8221;yes&#8221; h_padding=&#8221;2&#8243; top_padding=&#8221;2&#8243; bottom_padding=&#8221;0&#8243; overlay_alpha=&#8221;50&#8243; equal_height=&#8221;yes&#8221; gutter_size=&#8221;2&#8243; column_width_percent=&#8221;100&#8243; shift_y=&#8221;-3&#8243; z_index=&#8221;0&#8243; uncode_shortcode_id=&#8221;152492&#8243;][vc_column column_width_percent=&#8221;100&#8243; position_vertical=&#8221;middle&#8221; align_horizontal=&#8221;align_center&#8221; gutter_size=&#8221;3&#8243; overlay_alpha=&#8221;50&#8243; shift_x=&#8221;0&#8243; shift_y=&#8221;0&#8243; [&hellip;]","og_url":"https:\/\/canbebe.com\/en\/pregnancy-calendar\/7-ay\/","og_site_name":"Canbebe","article_modified_time":"2024-03-15T13:01:37+00:00","twitter_card":"summary_large_image","twitter_misc":{"Est. reading time":"8 minutes"},"schema":{"@context":"https:\/\/schema.org","@graph":[{"@type":"WebPage","@id":"https:\/\/canbebe.com\/en\/pregnancy-calendar\/7-ay\/","url":"https:\/\/canbebe.com\/en\/pregnancy-calendar\/7-ay\/","name":"7 months - Canbebe","isPartOf":{"@id":"https:\/\/canbebe.com\/en\/#website"},"primaryImageOfPage":{"@id":"https:\/\/canbebe.com\/en\/pregnancy-calendar\/7-ay\/#primaryimage"},"image":{"@id":"https:\/\/canbebe.com\/en\/pregnancy-calendar\/7-ay\/#primaryimage"},"thumbnailUrl":"https:\/\/canbebe.com\/wp-content\/uploads\/2023\/11\/Month-by-month-5.svg","datePublished":"2023-11-24T11:00:05+00:00","dateModified":"2024-03-15T13:01:37+00:00","breadcrumb":{"@id":"https:\/\/canbebe.com\/en\/pregnancy-calendar\/7-ay\/#breadcrumb"},"inLanguage":"en-US","potentialAction":[{"@type":"ReadAction","target":["https:\/\/canbebe.com\/en\/pregnancy-calendar\/7-ay\/"]}]},{"@type":"ImageObject","inLanguage":"en-US","@id":"https:\/\/canbebe.com\/en\/pregnancy-calendar\/7-ay\/#primaryimage","url":"https:\/\/canbebe.com\/wp-content\/uploads\/2023\/11\/Month-by-month-5.svg","contentUrl":"https:\/\/canbebe.com\/wp-content\/uploads\/2023\/11\/Month-by-month-5.svg","width":73,"height":72},{"@type":"BreadcrumbList","@id":"https:\/\/canbebe.com\/en\/pregnancy-calendar\/7-ay\/#breadcrumb","itemListElement":[{"@type":"ListItem","position":1,"name":"Home","item":"https:\/\/canbebe.com\/en\/"},{"@type":"ListItem","position":2,"name":"Pregnancy Calendar","item":"https:\/\/canbebe.com\/en\/pregnancy-calendar\/"},{"@type":"ListItem","position":3,"name":"7 months"}]},{"@type":"WebSite","@id":"https:\/\/canbebe.com\/en\/#website","url":"https:\/\/canbebe.com\/en\/","name":"Canbebe","description":"Canbebe","publisher":{"@id":"https:\/\/canbebe.com\/en\/#organization"},"potentialAction":[{"@type":"SearchAction","target":{"@type":"EntryPoint","urlTemplate":"https:\/\/canbebe.com\/en\/?s={search_term_string}"},"query-input":{"@type":"PropertyValueSpecification","valueRequired":true,"valueName":"search_term_string"}}],"inLanguage":"en-US"},{"@type":"Organization","@id":"https:\/\/canbebe.com\/en\/#organization","name":"Canbebe","url":"https:\/\/canbebe.com\/en\/","logo":{"@type":"ImageObject","inLanguage":"en-US","@id":"https:\/\/canbebe.com\/en\/#\/schema\/logo\/image\/","url":"https:\/\/canbebe.com\/wp-content\/uploads\/2023\/11\/logo-canbebe.png","contentUrl":"https:\/\/canbebe.com\/wp-content\/uploads\/2023\/11\/logo-canbebe.png","width":398,"height":84,"caption":"Canbebe"},"image":{"@id":"https:\/\/canbebe.com\/en\/#\/schema\/logo\/image\/"}}]}},"_links":{"self":[{"href":"https:\/\/canbebe.com\/en\/wp-json\/wp\/v2\/pages\/2417","targetHints":{"allow":["GET"]}}],"collection":[{"href":"https:\/\/canbebe.com\/en\/wp-json\/wp\/v2\/pages"}],"about":[{"href":"https:\/\/canbebe.com\/en\/wp-json\/wp\/v2\/types\/page"}],"author":[{"embeddable":true,"href":"https:\/\/canbebe.com\/en\/wp-json\/wp\/v2\/users\/3"}],"replies":[{"embeddable":true,"href":"https:\/\/canbebe.com\/en\/wp-json\/wp\/v2\/comments?post=2417"}],"version-history":[{"count":0,"href":"https:\/\/canbebe.com\/en\/wp-json\/wp\/v2\/pages\/2417\/revisions"}],"up":[{"embeddable":true,"href":"https:\/\/canbebe.com\/en\/wp-json\/wp\/v2\/pages\/2267"}],"wp:featuredmedia":[{"embeddable":true,"href":"https:\/\/canbebe.com\/en\/wp-json\/wp\/v2\/media\/778"}],"wp:attachment":[{"href":"https:\/\/canbebe.com\/en\/wp-json\/wp\/v2\/media?parent=2417"}],"curies":[{"name":"wp","href":"https:\/\/api.w.org\/{rel}","templated":true}]}}