{"id":2256,"date":"2023-11-15T08:38:20","date_gmt":"2023-11-15T08:38:20","guid":{"rendered":"https:\/\/canbebe.com\/home\/"},"modified":"2024-03-12T10:25:59","modified_gmt":"2024-03-12T10:25:59","slug":"home","status":"publish","type":"page","link":"https:\/\/canbebe.com\/en\/","title":{"rendered":"Home page"},"content":{"rendered":"<div class=\"wpb-content-wrapper\"><p>[vc_row row_height_percent=&#8221;0&#8243; back_image=&#8221;1298&#8243; overlay_alpha=&#8221;50&#8243; gutter_size=&#8221;3&#8243; column_width_percent=&#8221;100&#8243; shift_y=&#8221;0&#8243; z_index=&#8221;0&#8243; auto_height_device=&#8221;yes&#8221; uncode_shortcode_id=&#8221;123714&#8243; row_height_pixel=&#8221;600&#8243; el_class=&#8221;header-home header-white-mobile&#8221;][vc_column column_width_use_pixel=&#8221;yes&#8221; position_horizontal=&#8221;left&#8221; position_vertical=&#8221;middle&#8221; gutter_size=&#8221;2&#8243; overlay_alpha=&#8221;50&#8243; shift_x=&#8221;0&#8243; shift_y=&#8221;0&#8243; shift_y_down=&#8221;0&#8243; z_index=&#8221;0&#8243; medium_width=&#8221;0&#8243; mobile_width=&#8221;0&#8243; width=&#8221;1\/1&#8243; uncode_shortcode_id=&#8221;838722&#8243; column_width_pixel=&#8221;680&#8243; mobile_height=&#8221;500&#8243;][vc_custom_heading heading_semantic=&#8221;h1&#8243; text_size=&#8221;&#8221; uncode_shortcode_id=&#8221;118988&#8243; subheading=&#8221;Babies using Canbebe are in a good mood! Canbebe is friendly to your baby&#8217;s skin with its BPA, Paraben and Perfume-free formula!&#8221; el_class=&#8221;no-mobile-scale&#8221;]In every situation, <strong>Canbebe<\/strong> is with you![\/vc_custom_heading][vc_button border_width=&#8221;0&#8243; scale_mobile=&#8221;no&#8221; link=&#8221;url:https%3A%2F%2Fcanbebe.com%2Fen%2Furunler%2F|title:%C3%BCr%C3%BCnleri|&#8221; uncode_shortcode_id=&#8221;186380&#8243;]View all our products[\/vc_button][\/vc_column][\/vc_row][vc_row row_height_percent=&#8221;0&#8243; override_padding=&#8221;yes&#8221; h_padding=&#8221;2&#8243; top_padding=&#8221;3&#8243; bottom_padding=&#8221;1&#8243; overlay_alpha=&#8221;50&#8243; gutter_size=&#8221;3&#8243; column_width_percent=&#8221;100&#8243; shift_y=&#8221;0&#8243; z_index=&#8221;0&#8243; uncode_shortcode_id=&#8221;910775&#8243;][vc_column column_width_use_pixel=&#8221;yes&#8221; align_horizontal=&#8221;align_center&#8221; gutter_size=&#8221;3&#8243; overlay_alpha=&#8221;50&#8243; shift_x=&#8221;0&#8243; shift_y=&#8221;0&#8243; shift_y_down=&#8221;0&#8243; z_index=&#8221;0&#8243; medium_width=&#8221;0&#8243; mobile_width=&#8221;0&#8243; width=&#8221;1\/1&#8243; uncode_shortcode_id=&#8221;403323&#8243; column_width_pixel=&#8221;900&#8243;][vc_custom_heading uncode_shortcode_id=&#8221;149021&#8243; subheading=&#8221;Canbebe so that your baby&#8217;s sleep is not disturbed! The feeling of comfort and dryness all day long is at Canbebe!&#8221;]Discover <em>our products<\/em>[\/vc_custom_heading][\/vc_column][\/vc_row][vc_row row_height_percent=&#8221;0&#8243; override_padding=&#8221;yes&#8221; h_padding=&#8221;2&#8243; top_padding=&#8221;2&#8243; bottom_padding=&#8221;4&#8243; overlay_alpha=&#8221;50&#8243; equal_height=&#8221;yes&#8221; gutter_size=&#8221;4&#8243; column_width_percent=&#8221;100&#8243; shift_y=&#8221;0&#8243; z_index=&#8221;0&#8243; uncode_shortcode_id=&#8221;123826&#8243;][vc_column column_width_percent=&#8221;100&#8243; align_horizontal=&#8221;align_center&#8221; gutter_size=&#8221;2&#8243; overlay_alpha=&#8221;50&#8243; shift_x=&#8221;0&#8243; shift_y=&#8221;0&#8243; shift_y_down=&#8221;0&#8243; z_index=&#8221;0&#8243; medium_width=&#8221;0&#8243; mobile_width=&#8221;0&#8243; radius=&#8221;lg&#8221; width=&#8221;1\/2&#8243; uncode_shortcode_id=&#8221;130783&#8243; back_color_type=&#8221;uncode-solid&#8221; back_color_solid=&#8221;#f5f0f8&#8243;][vc_single_image media=&#8221;594&#8243; media_width_percent=&#8221;100&#8243; alignment=&#8221;center&#8221; uncode_shortcode_id=&#8221;514216&#8243;][vc_custom_heading heading_semantic=&#8221;h3&#8243; text_size=&#8221;&#8221; sub_reduced=&#8221;yes&#8221; uncode_shortcode_id=&#8221;153484&#8243; subheading=&#8221;Sensitive care for your baby is at Canbebe!&#8221;]Baby Diaper[\/vc_custom_heading][vc_button border_width=&#8221;0&#8243; scale_mobile=&#8221;no&#8221; link=&#8221;url:https%3A%2F%2Fcanbebe.com%2Fen%2Fproducts%2Fcanbebe-newborn%2F|title:Yeti%C5%9Fkin%20%C3%9Cr%C3%BCnleri&#8221; uncode_shortcode_id=&#8221;206232&#8243;]View all baby diapers[\/vc_button][\/vc_column][vc_column column_width_percent=&#8221;100&#8243; align_horizontal=&#8221;align_center&#8221; gutter_size=&#8221;2&#8243; back_color=&#8221;color-133398&#8243; overlay_alpha=&#8221;50&#8243; shift_x=&#8221;0&#8243; shift_y=&#8221;0&#8243; shift_y_down=&#8221;0&#8243; z_index=&#8221;0&#8243; medium_width=&#8221;0&#8243; mobile_width=&#8221;0&#8243; radius=&#8221;lg&#8221; width=&#8221;1\/2&#8243; uncode_shortcode_id=&#8221;175763&#8243; back_color_type=&#8221;uncode-palette&#8221;][vc_single_image media=&#8221;595&#8243; media_width_percent=&#8221;100&#8243; alignment=&#8221;center&#8221; uncode_shortcode_id=&#8221;489397&#8243;][vc_custom_heading heading_semantic=&#8221;h3&#8243; text_size=&#8221;&#8221; sub_reduced=&#8221;yes&#8221; uncode_shortcode_id=&#8221;878855&#8243; subheading=&#8221;Create a safe space for your baby wherever you are with the Canbebe Baby Diaper Changing Mat.&#8221;]Baby Diaper Changing Mat[\/vc_custom_heading][vc_button border_width=&#8221;0&#8243; scale_mobile=&#8221;no&#8221; link=&#8221;url:https%3A%2F%2Fcanbebe.com%2Fen%2Fproducts%2Fbaby-diaper-changing-mat%2F|title:Yeti%C5%9Fkin%20%C3%9Cr%C3%BCnleri&#8221; uncode_shortcode_id=&#8221;833085&#8243;]View all our care products[\/vc_button][\/vc_column][\/vc_row][vc_row row_height_percent=&#8221;0&#8243; override_padding=&#8221;yes&#8221; h_padding=&#8221;2&#8243; top_padding=&#8221;3&#8243; bottom_padding=&#8221;3&#8243; back_color=&#8221;color-180545&#8243; overlay_alpha=&#8221;50&#8243; gutter_size=&#8221;3&#8243; column_width_percent=&#8221;100&#8243; shift_y=&#8221;0&#8243; z_index=&#8221;0&#8243; uncode_shortcode_id=&#8221;683365&#8243; back_color_type=&#8221;uncode-palette&#8221;][vc_column column_width_percent=&#8221;100&#8243; align_horizontal=&#8221;align_center&#8221; gutter_size=&#8221;4&#8243; overlay_alpha=&#8221;50&#8243; shift_x=&#8221;0&#8243; shift_y=&#8221;0&#8243; shift_y_down=&#8221;0&#8243; z_index=&#8221;0&#8243; medium_width=&#8221;0&#8243; mobile_width=&#8221;0&#8243; width=&#8221;1\/1&#8243; uncode_shortcode_id=&#8221;727126&#8243;][vc_custom_heading uncode_shortcode_id=&#8221;142844&#8243;]<em>Baby<\/em> care[\/vc_custom_heading][uncode_index el_id=&#8221;index-104671&#8243; index_type=&#8221;css_grid&#8221; loop=&#8221;size:2|order_by:date|post_type:post|taxonomy_count:10&#8243; grid_items=&#8221;2&#8243; screen_lg_items=&#8221;2&#8243; screen_lg_breakpoint=&#8221;1000&#8243; screen_md_items=&#8221;1&#8243; screen_md_breakpoint=&#8221;650&#8243; screen_sm_items=&#8221;1&#8243; screen_sm_breakpoint=&#8221;360&#8243; gutter_size=&#8221;3&#8243; post_items=&#8221;media|featured|onpost|original,title,category|nobg|relative|display-icon,extra,text|full|180&#8243; css_grid_images_size=&#8221;twentyone-nine&#8221; single_back_color=&#8221;color-xsdn&#8221; single_shape=&#8221;round&#8221; single_overlay_opacity=&#8221;50&#8243; single_padding=&#8221;2&#8243; single_title_dimension=&#8221;h3&#8243; single_title_weight=&#8221;800&#8243; single_shadow=&#8221;yes&#8221; shadow_weight=&#8221;sm&#8221; uncode_shortcode_id=&#8221;361152&#8243;][vc_button button_color=&#8221;color-210407&#8243; hover_fx=&#8221;full-colored&#8221; outline=&#8221;yes&#8221; border_width=&#8221;0&#8243; scale_mobile=&#8221;no&#8221; link=&#8221;url:https%3A%2F%2Fcanbebe.com%2Fen%2Fblog%2F|title:Blog|&#8221; uncode_shortcode_id=&#8221;673865&#8243; button_color_type=&#8221;uncode-palette&#8221; el_class=&#8221;cta-bg-white&#8221;]Read all our articles[\/vc_button][\/vc_column][\/vc_row][vc_row][vc_column width=&#8221;1\/1&#8243;][uncode_block id=&#8221;597&#8243;][\/vc_column][\/vc_row][vc_row][vc_column width=&#8221;1\/1&#8243;][uncode_block id=&#8221;1306&#8243;][\/vc_column][\/vc_row][vc_row][vc_column width=&#8221;1\/1&#8243;][uncode_block id=&#8221;601&#8243;][\/vc_column][\/vc_row]<\/p>\n<\/div>","protected":false},"excerpt":{"rendered":"<p>[vc_row row_height_percent=&#8221;0&#8243; back_image=&#8221;1298&#8243; overlay_alpha=&#8221;50&#8243; gutter_size=&#8221;3&#8243; column_width_percent=&#8221;100&#8243; shift_y=&#8221;0&#8243; z_index=&#8221;0&#8243; auto_height_device=&#8221;yes&#8221; uncode_shortcode_id=&#8221;123714&#8243; row_height_pixel=&#8221;600&#8243; el_class=&#8221;header-home header-white-mobile&#8221;][vc_column column_width_use_pixel=&#8221;yes&#8221; position_horizontal=&#8221;left&#8221; position_vertical=&#8221;middle&#8221; gutter_size=&#8221;2&#8243; overlay_alpha=&#8221;50&#8243; shift_x=&#8221;0&#8243; shift_y=&#8221;0&#8243; [&hellip;]<\/p>\n","protected":false},"author":2,"featured_media":750,"parent":0,"menu_order":0,"comment_status":"closed","ping_status":"closed","template":"","meta":{"_monsterinsights_skip_tracking":false,"_monsterinsights_sitenote_active":false,"_monsterinsights_sitenote_note":"","_monsterinsights_sitenote_category":0,"footnotes":""},"class_list":["post-2256","page","type-page","status-publish","has-post-thumbnail","hentry"],"yoast_head":"<!-- This site is optimized with the Yoast SEO plugin v27.4 - https:\/\/yoast.com\/product\/yoast-seo-wordpress\/ -->\n<title>Her durumda Canbebe Yan\u0131n\u0131zda! - Canbebe<\/title>\n<meta name=\"description\" content=\"Canbebe kullanan bebeklerin keyfi yerinde! Canbebe, BPA, Paraben ve Parf\u00fcm i\u00e7ermeyen form\u00fcl\u00fc ile bebe\u011finizin cildine dost!\" \/>\n<meta name=\"robots\" content=\"index, follow, max-snippet:-1, max-image-preview:large, max-video-preview:-1\" \/>\n<link rel=\"canonical\" href=\"https:\/\/canbebe.com\/en\/\" \/>\n<meta property=\"og:locale\" content=\"en_US\" \/>\n<meta property=\"og:type\" content=\"article\" \/>\n<meta property=\"og:title\" content=\"Her durumda Canbebe Yan\u0131n\u0131zda! - Canbebe\" \/>\n<meta property=\"og:description\" content=\"Canbebe kullanan bebeklerin keyfi yerinde! Canbebe, BPA, Paraben ve Parf\u00fcm i\u00e7ermeyen form\u00fcl\u00fc ile bebe\u011finizin cildine dost!\" \/>\n<meta property=\"og:url\" content=\"https:\/\/canbebe.com\/en\/\" \/>\n<meta property=\"og:site_name\" content=\"Canbebe\" \/>\n<meta property=\"article:modified_time\" content=\"2024-03-12T10:25:59+00:00\" \/>\n<meta property=\"og:image\" content=\"https:\/\/canbebe.com\/wp-content\/uploads\/2023\/11\/HERO-scaled.jpg\" \/>\n\t<meta property=\"og:image:width\" content=\"2560\" \/>\n\t<meta property=\"og:image:height\" content=\"1067\" \/>\n\t<meta property=\"og:image:type\" content=\"image\/jpeg\" \/>\n<meta name=\"twitter:card\" content=\"summary_large_image\" \/>\n<meta name=\"twitter:label1\" content=\"Est. reading time\" \/>\n\t<meta name=\"twitter:data1\" content=\"2 minutes\" \/>\n<script type=\"application\/ld+json\" class=\"yoast-schema-graph\">{\"@context\":\"https:\\\/\\\/schema.org\",\"@graph\":[{\"@type\":\"WebPage\",\"@id\":\"https:\\\/\\\/canbebe.com\\\/en\\\/\",\"url\":\"https:\\\/\\\/canbebe.com\\\/en\\\/\",\"name\":\"Her durumda Canbebe Yan\u0131n\u0131zda! - Canbebe\",\"isPartOf\":{\"@id\":\"https:\\\/\\\/canbebe.com\\\/en\\\/#website\"},\"primaryImageOfPage\":{\"@id\":\"https:\\\/\\\/canbebe.com\\\/en\\\/#primaryimage\"},\"image\":{\"@id\":\"https:\\\/\\\/canbebe.com\\\/en\\\/#primaryimage\"},\"thumbnailUrl\":\"https:\\\/\\\/canbebe.com\\\/wp-content\\\/uploads\\\/2023\\\/11\\\/HERO-scaled.jpg\",\"datePublished\":\"2023-11-15T08:38:20+00:00\",\"dateModified\":\"2024-03-12T10:25:59+00:00\",\"description\":\"Canbebe kullanan bebeklerin keyfi yerinde! Canbebe, BPA, Paraben ve Parf\u00fcm i\u00e7ermeyen form\u00fcl\u00fc ile bebe\u011finizin cildine dost!\",\"breadcrumb\":{\"@id\":\"https:\\\/\\\/canbebe.com\\\/en\\\/#breadcrumb\"},\"inLanguage\":\"en-US\",\"potentialAction\":[{\"@type\":\"ReadAction\",\"target\":[\"https:\\\/\\\/canbebe.com\\\/en\\\/\"]}]},{\"@type\":\"ImageObject\",\"inLanguage\":\"en-US\",\"@id\":\"https:\\\/\\\/canbebe.com\\\/en\\\/#primaryimage\",\"url\":\"https:\\\/\\\/canbebe.com\\\/wp-content\\\/uploads\\\/2023\\\/11\\\/HERO-scaled.jpg\",\"contentUrl\":\"https:\\\/\\\/canbebe.com\\\/wp-content\\\/uploads\\\/2023\\\/11\\\/HERO-scaled.jpg\",\"width\":2560,\"height\":1067},{\"@type\":\"BreadcrumbList\",\"@id\":\"https:\\\/\\\/canbebe.com\\\/en\\\/#breadcrumb\",\"itemListElement\":[{\"@type\":\"ListItem\",\"position\":1,\"name\":\"Home\",\"item\":\"https:\\\/\\\/canbebe.com\\\/en\\\/\"},{\"@type\":\"ListItem\",\"position\":2,\"name\":\"Home page\"}]},{\"@type\":\"WebSite\",\"@id\":\"https:\\\/\\\/canbebe.com\\\/en\\\/#website\",\"url\":\"https:\\\/\\\/canbebe.com\\\/en\\\/\",\"name\":\"Canbebe\",\"description\":\"Canbebe\",\"publisher\":{\"@id\":\"https:\\\/\\\/canbebe.com\\\/en\\\/#organization\"},\"potentialAction\":[{\"@type\":\"SearchAction\",\"target\":{\"@type\":\"EntryPoint\",\"urlTemplate\":\"https:\\\/\\\/canbebe.com\\\/en\\\/?s={search_term_string}\"},\"query-input\":{\"@type\":\"PropertyValueSpecification\",\"valueRequired\":true,\"valueName\":\"search_term_string\"}}],\"inLanguage\":\"en-US\"},{\"@type\":\"Organization\",\"@id\":\"https:\\\/\\\/canbebe.com\\\/en\\\/#organization\",\"name\":\"Canbebe\",\"url\":\"https:\\\/\\\/canbebe.com\\\/en\\\/\",\"logo\":{\"@type\":\"ImageObject\",\"inLanguage\":\"en-US\",\"@id\":\"https:\\\/\\\/canbebe.com\\\/en\\\/#\\\/schema\\\/logo\\\/image\\\/\",\"url\":\"https:\\\/\\\/canbebe.com\\\/wp-content\\\/uploads\\\/2023\\\/11\\\/logo-canbebe.png\",\"contentUrl\":\"https:\\\/\\\/canbebe.com\\\/wp-content\\\/uploads\\\/2023\\\/11\\\/logo-canbebe.png\",\"width\":398,\"height\":84,\"caption\":\"Canbebe\"},\"image\":{\"@id\":\"https:\\\/\\\/canbebe.com\\\/en\\\/#\\\/schema\\\/logo\\\/image\\\/\"}}]}<\/script>\n<!-- \/ Yoast SEO plugin. -->","yoast_head_json":{"title":"Her durumda Canbebe Yan\u0131n\u0131zda! - Canbebe","description":"Canbebe kullanan bebeklerin keyfi yerinde! Canbebe, BPA, Paraben ve Parf\u00fcm i\u00e7ermeyen form\u00fcl\u00fc ile bebe\u011finizin cildine dost!","robots":{"index":"index","follow":"follow","max-snippet":"max-snippet:-1","max-image-preview":"max-image-preview:large","max-video-preview":"max-video-preview:-1"},"canonical":"https:\/\/canbebe.com\/en\/","og_locale":"en_US","og_type":"article","og_title":"Her durumda Canbebe Yan\u0131n\u0131zda! - Canbebe","og_description":"Canbebe kullanan bebeklerin keyfi yerinde! Canbebe, BPA, Paraben ve Parf\u00fcm i\u00e7ermeyen form\u00fcl\u00fc ile bebe\u011finizin cildine dost!","og_url":"https:\/\/canbebe.com\/en\/","og_site_name":"Canbebe","article_modified_time":"2024-03-12T10:25:59+00:00","og_image":[{"width":2560,"height":1067,"url":"https:\/\/canbebe.com\/wp-content\/uploads\/2023\/11\/HERO-scaled.jpg","type":"image\/jpeg"}],"twitter_card":"summary_large_image","twitter_misc":{"Est. reading time":"2 minutes"},"schema":{"@context":"https:\/\/schema.org","@graph":[{"@type":"WebPage","@id":"https:\/\/canbebe.com\/en\/","url":"https:\/\/canbebe.com\/en\/","name":"Her durumda Canbebe Yan\u0131n\u0131zda! - Canbebe","isPartOf":{"@id":"https:\/\/canbebe.com\/en\/#website"},"primaryImageOfPage":{"@id":"https:\/\/canbebe.com\/en\/#primaryimage"},"image":{"@id":"https:\/\/canbebe.com\/en\/#primaryimage"},"thumbnailUrl":"https:\/\/canbebe.com\/wp-content\/uploads\/2023\/11\/HERO-scaled.jpg","datePublished":"2023-11-15T08:38:20+00:00","dateModified":"2024-03-12T10:25:59+00:00","description":"Canbebe kullanan bebeklerin keyfi yerinde! Canbebe, BPA, Paraben ve Parf\u00fcm i\u00e7ermeyen form\u00fcl\u00fc ile bebe\u011finizin cildine dost!","breadcrumb":{"@id":"https:\/\/canbebe.com\/en\/#breadcrumb"},"inLanguage":"en-US","potentialAction":[{"@type":"ReadAction","target":["https:\/\/canbebe.com\/en\/"]}]},{"@type":"ImageObject","inLanguage":"en-US","@id":"https:\/\/canbebe.com\/en\/#primaryimage","url":"https:\/\/canbebe.com\/wp-content\/uploads\/2023\/11\/HERO-scaled.jpg","contentUrl":"https:\/\/canbebe.com\/wp-content\/uploads\/2023\/11\/HERO-scaled.jpg","width":2560,"height":1067},{"@type":"BreadcrumbList","@id":"https:\/\/canbebe.com\/en\/#breadcrumb","itemListElement":[{"@type":"ListItem","position":1,"name":"Home","item":"https:\/\/canbebe.com\/en\/"},{"@type":"ListItem","position":2,"name":"Home page"}]},{"@type":"WebSite","@id":"https:\/\/canbebe.com\/en\/#website","url":"https:\/\/canbebe.com\/en\/","name":"Canbebe","description":"Canbebe","publisher":{"@id":"https:\/\/canbebe.com\/en\/#organization"},"potentialAction":[{"@type":"SearchAction","target":{"@type":"EntryPoint","urlTemplate":"https:\/\/canbebe.com\/en\/?s={search_term_string}"},"query-input":{"@type":"PropertyValueSpecification","valueRequired":true,"valueName":"search_term_string"}}],"inLanguage":"en-US"},{"@type":"Organization","@id":"https:\/\/canbebe.com\/en\/#organization","name":"Canbebe","url":"https:\/\/canbebe.com\/en\/","logo":{"@type":"ImageObject","inLanguage":"en-US","@id":"https:\/\/canbebe.com\/en\/#\/schema\/logo\/image\/","url":"https:\/\/canbebe.com\/wp-content\/uploads\/2023\/11\/logo-canbebe.png","contentUrl":"https:\/\/canbebe.com\/wp-content\/uploads\/2023\/11\/logo-canbebe.png","width":398,"height":84,"caption":"Canbebe"},"image":{"@id":"https:\/\/canbebe.com\/en\/#\/schema\/logo\/image\/"}}]}},"_links":{"self":[{"href":"https:\/\/canbebe.com\/en\/wp-json\/wp\/v2\/pages\/2256","targetHints":{"allow":["GET"]}}],"collection":[{"href":"https:\/\/canbebe.com\/en\/wp-json\/wp\/v2\/pages"}],"about":[{"href":"https:\/\/canbebe.com\/en\/wp-json\/wp\/v2\/types\/page"}],"author":[{"embeddable":true,"href":"https:\/\/canbebe.com\/en\/wp-json\/wp\/v2\/users\/2"}],"replies":[{"embeddable":true,"href":"https:\/\/canbebe.com\/en\/wp-json\/wp\/v2\/comments?post=2256"}],"version-history":[{"count":0,"href":"https:\/\/canbebe.com\/en\/wp-json\/wp\/v2\/pages\/2256\/revisions"}],"wp:featuredmedia":[{"embeddable":true,"href":"https:\/\/canbebe.com\/en\/wp-json\/wp\/v2\/media\/750"}],"wp:attachment":[{"href":"https:\/\/canbebe.com\/en\/wp-json\/wp\/v2\/media?parent=2256"}],"curies":[{"name":"wp","href":"https:\/\/api.w.org\/{rel}","templated":true}]}}